{"id":8345,"date":"2020-10-21T15:19:26","date_gmt":"2020-10-21T15:19:26","guid":{"rendered":"http:\/\/dev.codekraft.it\/rotary\/?page_id=8345"},"modified":"2024-05-29T12:41:06","modified_gmt":"2024-05-29T12:41:06","slug":"pravovoe-uvedomlenie","status":"publish","type":"page","link":"https:\/\/dev.codekraft.it\/rotary-2024\/ru\/pravovoe-uvedomlenie\/","title":{"rendered":"\u041f\u0440\u0430\u0432\u043e\u0432\u043e\u0435 \u0443\u0432\u0435\u0434\u043e\u043c\u043b\u0435\u043d\u0438\u0435"},"content":{"rendered":"<div class=\"wp-block-cover\" style=\"min-height:60vh;aspect-ratio:unset;\"><span aria-hidden=\"true\" class=\"wp-block-cover__background has-background-dim-10 has-background-dim\"><\/span><img loading=\"lazy\" decoding=\"async\" width=\"1920\" height=\"853\" src=\"https:\/\/dev.codekraft.it\/rotary-2024\/wp-content\/uploads\/2022\/08\/Rotary-hero-default-2022.jpeg\" class=\"wp-block-cover__image-background wp-post-image\" alt=\"\" data-object-fit=\"cover\" data-object-position=\"50% 60%\" style=\"object-position:50% 60%;\" srcset=\"https:\/\/dev.codekraft.it\/rotary-2024\/wp-content\/uploads\/2022\/08\/Rotary-hero-default-2022.jpeg 1920w, https:\/\/dev.codekraft.it\/rotary-2024\/wp-content\/uploads\/2022\/08\/Rotary-hero-default-2022-570x253.jpeg 570w, https:\/\/dev.codekraft.it\/rotary-2024\/wp-content\/uploads\/2022\/08\/Rotary-hero-default-2022-722x321.jpeg 722w\" sizes=\"auto, (max-width: 1920px) 100vw, 1920px\" \/><div class=\"wp-block-cover__inner-container has-global-padding is-layout-constrained wp-block-cover-is-layout-constrained\"><h2 style=\"font-style:normal;font-weight:700;\" class=\"has-text-align-center has-link-color alignwide wp-elements-d0c32d95ca02bbb2e7309397a916df3e wp-block-post-title has-text-color has-background-color has-xxx-large-font-size\">\u041f\u0440\u0430\u0432\u043e\u0432\u043e\u0435 \u0443\u0432\u0435\u0434\u043e\u043c\u043b\u0435\u043d\u0438\u0435<\/h2><\/div><\/div><div class=\"wp-block-group has-global-padding is-layout-constrained wp-container-core-group-is-layout-420e93e0 wp-block-group-is-layout-constrained\" style=\"padding-top:var(--wp--preset--spacing--80);padding-right:var(--wp--preset--spacing--60);padding-bottom:var(--wp--preset--spacing--80);padding-left:var(--wp--preset--spacing--60)\"><div class=\"wp-block-group region-show-default is-layout-flow wp-block-group-is-layout-flow\"><h2 class=\"wp-block-heading has-foreground-color has-text-color has-link-color has-large-font-size wp-elements-7966e4bab30f991252758f8ec59a8e3b\" style=\"padding-bottom:var(--wp--preset--spacing--50);font-style:normal;font-weight:500\"><strong>Vehicle Service Group<\/strong><\/h2>\n\n<p>BlitzRotary GmbH<br>H\u00fcfinger Stra\u00dfe 55<br>78199 Br\u00e4unlingen<br>Germany<\/p>\n\n<p>Tel. <a href=\"tel:+49.771.9233.0\">+49.771.9233.0<\/a><br>Fax. +49.771.9233.99<br><a href=\"mailto:info.emea@rotarylift.com\">info.emea@rotarylift.com<\/a><\/p>\n\n<p>Managing Director: Simone Ferrari, Dieter D\u00fcllick<br>Register Court: District Council Freiburg<br>Registered Number: HRB 611811<br>Sales tax identification number according to \u00a7 27 a sales tax law: DE811220953<\/p>\n\n<div style=\"height:50px\" aria-hidden=\"true\" class=\"wp-block-spacer\"><\/div><\/div>\n\n<div class=\"wp-block-group region-show-uk is-layout-flow wp-block-group-is-layout-flow\"><p class=\"has-foreground-color has-text-color has-link-color has-large-font-size wp-elements-bd620971b70aed53680fd4fddd0cfea6\" style=\"padding-bottom:var(--wp--preset--spacing--50);font-style:normal;font-weight:500\"><strong>Vehicle Service Group UK LTD<\/strong><\/p>\n\n<p>3 Fourth Avenue<br>Bluebridge Industrial Estate<br>Halstead, Essex CO9 2SY<\/p>\n\n<p>Tel. <a href=\"tel:+44.1787.477711\">+44.1787.477711<\/a><br>Fax. +44.1787.477720<br><a href=\"mailto:info.emea@vsgdover.com\">info.emea@vsgdover.com<\/a><br><a href=\"https:\/\/rotarylift.eu\/\">rotarylift.eu<\/a><\/p>\n\n<p>Managing Director: Gary Shepherd<br>Register Court: England and Wales<br>Registered Number: 03854256<br>VAT Number: GB 752 207 452<br>EORI No.: GB 752 207 452 000<\/p>\n\n<div style=\"height:50px\" aria-hidden=\"true\" class=\"wp-block-spacer\"><\/div><\/div>\n\n<div class=\"wp-block-group region-show-fr has-global-padding is-layout-constrained wp-block-group-is-layout-constrained\"><p class=\"has-foreground-color has-text-color has-link-color has-large-font-size wp-elements-3fdb25ab956d98d206e8663bea013b03\" style=\"padding-bottom:var(--wp--preset--spacing--50);font-style:normal;font-weight:500\"><strong>Distributeur France<\/strong><\/p>\n\n<p>RAV FRANCE SARL<br>4, Rue De La Longue Raie<br>Zac De La Tremblaie<br>91220 La Plessis P\u00e2t\u00e9<br>France<\/p>\n\n<p>Tel. <a href=\"tel:+33.1.60 86 88 16\">+33.1.60 86 88 16<\/a><br>Fax. +33.1.60 86 82 04<br><a href=\"mailto:rav@ravfrance.fr\">rav@ravfrance.fr<\/a><\/p>\n\n<p>SIRET 393 607 825 00030<br>T.V.A. FR 01393607825<\/p><\/div><\/div>","protected":false},"excerpt":{"rendered":"<p>Vehicle Service Group BlitzRotary GmbHH\u00fcfinger Stra\u00dfe 5578199 Br\u00e4unlingenGermany Tel. +49.771.9233.0Fax. +49.771.9233.99info.emea@rotarylift.com Managing Director: Simone Ferrari, Dieter D\u00fcllickRegister Court: District Council FreiburgRegistered Number: HRB 611811Sales tax identification number according to \u00a7 27 a sales tax law: DE811220953 Vehicle Service Group UK LTD 3 Fourth AvenueBluebridge Industrial EstateHalstead, Essex CO9 2SY Tel. +44.1787.477711Fax. +44.1787.477720info.emea@vsgdover.comrotarylift.eu Managing Director: Gary [&hellip;]<\/p>\n","protected":false},"author":1,"featured_media":202496,"parent":0,"menu_order":0,"comment_status":"closed","ping_status":"closed","template":"","meta":{"footnotes":""},"class_list":["post-8345","page","type-page","status-publish","has-post-thumbnail","hentry"],"lang":"ru","translations":{"ru":8345,"de":8337,"en":8334,"it":8339,"fr":8341,"es":8343},"pll_sync_post":[],"_links":{"self":[{"href":"https:\/\/dev.codekraft.it\/rotary-2024\/wp-json\/wp\/v2\/pages\/8345","targetHints":{"allow":["GET"]}}],"collection":[{"href":"https:\/\/dev.codekraft.it\/rotary-2024\/wp-json\/wp\/v2\/pages"}],"about":[{"href":"https:\/\/dev.codekraft.it\/rotary-2024\/wp-json\/wp\/v2\/types\/page"}],"author":[{"embeddable":true,"href":"https:\/\/dev.codekraft.it\/rotary-2024\/wp-json\/wp\/v2\/users\/1"}],"replies":[{"embeddable":true,"href":"https:\/\/dev.codekraft.it\/rotary-2024\/wp-json\/wp\/v2\/comments?post=8345"}],"version-history":[{"count":8,"href":"https:\/\/dev.codekraft.it\/rotary-2024\/wp-json\/wp\/v2\/pages\/8345\/revisions"}],"predecessor-version":[{"id":315905,"href":"https:\/\/dev.codekraft.it\/rotary-2024\/wp-json\/wp\/v2\/pages\/8345\/revisions\/315905"}],"wp:featuredmedia":[{"embeddable":true,"href":"https:\/\/dev.codekraft.it\/rotary-2024\/wp-json\/wp\/v2\/media\/202496"}],"wp:attachment":[{"href":"https:\/\/dev.codekraft.it\/rotary-2024\/wp-json\/wp\/v2\/media?parent=8345"}],"curies":[{"name":"wp","href":"https:\/\/api.w.org\/{rel}","templated":true}]}}