{"id":4696,"date":"2020-02-29T11:32:42","date_gmt":"2020-02-29T11:32:42","guid":{"rendered":"https:\/\/dev.codekraft.it\/rotary\/?page_id=4696"},"modified":"2024-07-11T18:32:21","modified_gmt":"2024-07-11T18:32:21","slug":"la-historia","status":"publish","type":"page","link":"https:\/\/dev.codekraft.it\/rotary-2024\/es\/la-historia\/","title":{"rendered":"La historia"},"content":{"rendered":"<div class=\"wp-block-cover\" style=\"min-height:60vh;aspect-ratio:unset;\"><span aria-hidden=\"true\" class=\"wp-block-cover__background has-background-dim\" style=\"background-color:#363636\"><\/span><img loading=\"lazy\" decoding=\"async\" width=\"1920\" height=\"853\" src=\"https:\/\/dev.codekraft.it\/rotary-2024\/wp-content\/uploads\/2024\/05\/company-hero-2024.jpg\" class=\"wp-block-cover__image-background wp-post-image\" alt=\"\" data-object-fit=\"cover\" srcset=\"https:\/\/dev.codekraft.it\/rotary-2024\/wp-content\/uploads\/2024\/05\/company-hero-2024.jpg 1920w, https:\/\/dev.codekraft.it\/rotary-2024\/wp-content\/uploads\/2024\/05\/company-hero-2024-570x253.jpg 570w, https:\/\/dev.codekraft.it\/rotary-2024\/wp-content\/uploads\/2024\/05\/company-hero-2024-722x321.jpg 722w\" sizes=\"auto, (max-width: 1920px) 100vw, 1920px\" \/><div class=\"wp-block-cover__inner-container has-global-padding is-layout-constrained wp-block-cover-is-layout-constrained\"><div class=\"wp-block-group animate__animated animate__fadeInUp animate__delay__600 animate__duration__1500 has-global-padding is-layout-constrained wp-block-group-is-layout-constrained\" style=\"padding-bottom:var(--wp--preset--spacing--70)\"><h2 style=\"font-style:normal;font-weight:700;\" class=\"has-text-align-center has-link-color wp-elements-81e3fc1db69ec29d7d8d355c2c6bd02e wp-block-post-title has-text-color has-primary-color has-xxxx-large-font-size\">La historia<\/h2>\n\n<p class=\"has-text-align-center has-extra-large-font-size\">de Rotary<\/p><\/div><\/div><\/div><div class=\"wp-block-group has-global-padding is-layout-constrained wp-container-core-group-is-layout-3fdbf40e wp-block-group-is-layout-constrained\" style=\"padding-top:var(--wp--preset--spacing--80);padding-bottom:var(--wp--preset--spacing--80)\"><p class=\"has-text-align-center page-header\">Con nuestros productos de altas prestaciones estamos cubriendo los requisitos de la ardua tarea diaria de taller.<\/p><\/div><div class=\"wp-block-media-text alignfull is-stacked-on-mobile is-style-checker-style has-gray-light-background-color has-background\"><figure class=\"wp-block-media-text__media\"><img loading=\"lazy\" decoding=\"async\" width=\"570\" height=\"570\" src=\"https:\/\/dev.codekraft.it\/rotary-2024\/wp-content\/uploads\/2022\/10\/rotary-logo-2024-1.png\" alt=\"\" class=\"wp-image-237952 size-full\" srcset=\"https:\/\/dev.codekraft.it\/rotary-2024\/wp-content\/uploads\/2022\/10\/rotary-logo-2024-1.png 570w, https:\/\/dev.codekraft.it\/rotary-2024\/wp-content\/uploads\/2022\/10\/rotary-logo-2024-1-square-crop-150.png 150w, https:\/\/dev.codekraft.it\/rotary-2024\/wp-content\/uploads\/2022\/10\/rotary-logo-2024-1-square-crop-75.png 75w, https:\/\/dev.codekraft.it\/rotary-2024\/wp-content\/uploads\/2022\/10\/rotary-logo-2024-1-square-crop-385.png 385w, https:\/\/dev.codekraft.it\/rotary-2024\/wp-content\/uploads\/2022\/10\/rotary-logo-2024-1-square-crop-680.png 680w, https:\/\/dev.codekraft.it\/rotary-2024\/wp-content\/uploads\/2022\/10\/rotary-logo-2024-1-square-crop-1200.png 1200w\" sizes=\"auto, (max-width: 570px) 100vw, 570px\" \/><\/figure><div class=\"wp-block-media-text__content\"><div class=\"wp-block-group has-global-padding is-content-justification-center is-layout-constrained wp-container-core-group-is-layout-5eac0670 wp-block-group-is-layout-constrained\" style=\"padding-top:var(--wp--preset--spacing--70);padding-bottom:var(--wp--preset--spacing--70)\"><h2 class=\"wp-block-heading has-foreground-color has-text-color has-link-color has-xx-large-font-size wp-elements-2c9f851187ea84e2c5002d73e677947c\" style=\"padding-bottom:var(--wp--preset--spacing--50);font-style:normal;font-weight:500\">Sobre Rotary<\/h2>\n\n<p>La historia de \u00e9xitos de Rotary comenz\u00f3 en el a\u00f1o 1924, cuando Peter Lunati, el fundador de la empresa, inspirado en un sill\u00f3n de peluquer\u00eda, desarrollaba el primer elevador hidr\u00e1ulico para veh\u00edculos del mundo. El elevador se fabric\u00f3 en versi\u00f3n giratoria. Esto permit\u00eda que los veh\u00edculos no s\u00f3lo subieran hacia delante sobre el elevador. El elevador pod\u00eda abandonarse de nuevo en la misma direcci\u00f3n \u2013 un argumento importante para el problema que por entonces era demasiado com\u00fan, la conducci\u00f3n marcha atr\u00e1s. El 1 de septiembre de 1925 se conced\u00eda la patente para el elevador y se fundaba Rotary.<\/p>\n\n<p>En m\u00e1s de 75 a\u00f1os, Rotary se ha convertido en el segundo mayor fabricante de elevadores de veh\u00edculos. Junto a su sede principal en Madison, IN, EE.UU. y en la central europea ubicada en Br\u00e4unlingen, Alemania, hoy numerosas sucursales de venta se ocupan en todo el mundo de cumplir los deseos de nuestros clientes. Rotary, con esta red \u00fanica, tiene la posibilidad de detectar a tiempo las tendencias locales de los mercados y de generar a partir de ellas est\u00e1ndares globales. Esto lo confi rma la homologaci\u00f3n de nuestros productos por parte de numerosos fabricantes de veh\u00edculos.<\/p><\/div><\/div><\/div><div class=\"wp-block-cover is-light has-parallax lazy-background\" style=\"min-height:95vh;aspect-ratio:unset;\"><span aria-hidden=\"true\" class=\"wp-block-cover__background has-foreground-background-color has-background-dim\"><\/span><div class=\"wp-block-cover__image-background wp-image-296822 has-parallax\" style=\"background-position:50% 50%;background-image:url(data:image\/png;base64,iVBORw0KGgoAAAANSUhEUgAAAAUAAAAFCAYAAACNbyblAAAAHElEQVQI12P4\/\/8\/w38GIAXDIBKE0DHxgljNBAAO9TXL0Y4OHwAAAABJRU5ErkJggg==);\"\" data-background=\"https:\/\/rotarylift.eu\/wp-content\/uploads\/2023\/03\/Rotary-Matteport-hero-02-2023.jpg\"><\/div><div class=\"wp-block-cover__inner-container has-global-padding is-layout-constrained wp-container-core-cover-is-layout-00f579c5 wp-block-cover-is-layout-constrained\"><div class=\"wp-block-media-text alignwide is-stacked-on-mobile is-vertically-aligned-center\"><figure class=\"wp-block-media-text__media\"><a href=\"https:\/\/my.matterport.com\/show\/?m=6T5vKWEXKon\" target=\"_blank\" rel=\"noreferrer noopener\"><img decoding=\"async\" src=\"https:\/\/rotarylift.eu\/wp-content\/uploads\/2023\/03\/Rotary-matterport-tour.png\" alt=\"\" class=\"animate__animated animate__fadeInUp animate__repeat wp-image-296821 size-full\"\/><\/a><\/figure><div class=\"wp-block-media-text__content\"><div class=\"wp-block-group has-global-padding is-content-justification-center is-layout-constrained wp-container-core-group-is-layout-619c232d wp-block-group-is-layout-constrained\"><h2 class=\"wp-block-heading has-white-color has-text-color has-xxx-large-font-size\" style=\"font-style:normal;font-weight:500\">Descubra nuestra Training Room Rotary<\/h2>\n\n<h4 class=\"wp-block-heading has-white-color has-text-color has-large-font-size\">VISITA 360<\/h4>\n\n<p class=\"has-white-color has-text-color\">Venga a visitar virtualmente nuestra training room en Ohlsbach y explore nuestra gama de productos<\/p>\n\n<div class=\"wp-block-buttons is-layout-flex wp-block-buttons-is-layout-flex\"><div class=\"wp-block-button is-style-outline is-style-outline--1\"><a class=\"wp-block-button__link has-white-color has-text-color has-border-color has-background-border-color wp-element-button\" href=\"https:\/\/my.matterport.com\/show\/?m=6T5vKWEXKon\">INICIAR LA VISITA<\/a><\/div><\/div><\/div>\n\n<div style=\"height:50px\" aria-hidden=\"true\" class=\"wp-block-spacer\"><\/div><\/div><\/div><\/div><\/div><div class=\"wp-block-media-text alignfull has-media-on-the-right is-stacked-on-mobile is-vertically-aligned-center is-style-checker-style has-gray-light-background-color has-background\"><div class=\"wp-block-media-text__content\"><div class=\"wp-block-group has-global-padding is-content-justification-center is-layout-constrained wp-container-core-group-is-layout-5eac0670 wp-block-group-is-layout-constrained\" style=\"padding-top:var(--wp--preset--spacing--70);padding-bottom:var(--wp--preset--spacing--70)\"><h2 class=\"wp-block-heading has-foreground-color has-text-color has-link-color has-xx-large-font-size wp-elements-fe73d7c6239a3e2a47320072c8968333\" style=\"padding-bottom:var(--wp--preset--spacing--50);font-style:normal;font-weight:500\">Sobre VSG<\/h2>\n\n<p>Parte de la secci\u00f3n Engineered Systems de Dover Corporation, Vehicle Service Group (VSG) es un potente, diverso y din\u00e1mico l\u00edder mundial en la industria del servicio de veh\u00edculos. VSG se compone de 13 grandes marcas de elevaci\u00f3n de veh\u00edculos, Servicio de neum\u00e1ticos y reparaci\u00f3n de colisiones: Rotary, Ravaglioli, Space, Chief, Forward, Direct-Lift, Revolution y Hanmecson. Con su central en Downers Grove, Illinois, EE.UU., VSG tiene operaciones en todo el mundo, incluyendo centros de producci\u00f3n con certificaci\u00f3n ISO9001 en Norteam\u00e9rica, Europa y Asia. Dispone de informaci\u00f3n adicional en www.vsgdover.com<\/p>\n\n<div class=\"wp-block-button is-style-outline is-style-outline--2\"><a class=\"wp-block-button__link has-border-color has-foreground-border-color has-text-align-left wp-element-button\" href=\"https:\/\/vsgdover.com\/\">DESCUBRA M\u00c1S<\/a><\/div><\/div><\/div><figure class=\"wp-block-media-text__media\"><img loading=\"lazy\" decoding=\"async\" width=\"571\" height=\"570\" src=\"https:\/\/dev.codekraft.it\/rotary-2024\/wp-content\/uploads\/2022\/08\/vsg-logo-2024-1.png\" alt=\"\" class=\"wp-image-199465 size-full\" srcset=\"https:\/\/dev.codekraft.it\/rotary-2024\/wp-content\/uploads\/2022\/08\/vsg-logo-2024-1.png 571w, https:\/\/dev.codekraft.it\/rotary-2024\/wp-content\/uploads\/2022\/08\/vsg-logo-2024-1-square-crop-150.png 150w, https:\/\/dev.codekraft.it\/rotary-2024\/wp-content\/uploads\/2022\/08\/vsg-logo-2024-1-square-crop-75.png 75w, https:\/\/dev.codekraft.it\/rotary-2024\/wp-content\/uploads\/2022\/08\/vsg-logo-2024-1-square-crop-385.png 385w, https:\/\/dev.codekraft.it\/rotary-2024\/wp-content\/uploads\/2022\/08\/vsg-logo-2024-1-square-crop-680.png 680w, https:\/\/dev.codekraft.it\/rotary-2024\/wp-content\/uploads\/2022\/08\/vsg-logo-2024-1-square-crop-1200.png 1200w\" sizes=\"auto, (max-width: 571px) 100vw, 571px\" \/><\/figure><\/div><div class=\"wp-block-media-text alignfull is-stacked-on-mobile is-vertically-aligned-center is-style-checker-style has-gray-light-background-color has-background\"><figure class=\"wp-block-media-text__media\"><img loading=\"lazy\" decoding=\"async\" width=\"571\" height=\"570\" src=\"https:\/\/dev.codekraft.it\/rotary-2024\/wp-content\/uploads\/2020\/03\/dover-logo-2024.png\" alt=\"\" class=\"wp-image-2026 size-full\" srcset=\"https:\/\/dev.codekraft.it\/rotary-2024\/wp-content\/uploads\/2020\/03\/dover-logo-2024.png 571w, https:\/\/dev.codekraft.it\/rotary-2024\/wp-content\/uploads\/2020\/03\/dover-logo-2024-square-crop-150.png 150w, https:\/\/dev.codekraft.it\/rotary-2024\/wp-content\/uploads\/2020\/03\/dover-logo-2024-square-crop-75.png 75w, https:\/\/dev.codekraft.it\/rotary-2024\/wp-content\/uploads\/2020\/03\/dover-logo-2024-square-crop-385.png 385w, https:\/\/dev.codekraft.it\/rotary-2024\/wp-content\/uploads\/2020\/03\/dover-logo-2024-square-crop-680.png 680w, https:\/\/dev.codekraft.it\/rotary-2024\/wp-content\/uploads\/2020\/03\/dover-logo-2024-square-crop-1200.png 1200w\" sizes=\"auto, (max-width: 571px) 100vw, 571px\" \/><\/figure><div class=\"wp-block-media-text__content\"><div class=\"wp-block-group has-global-padding is-content-justification-center is-layout-constrained wp-container-core-group-is-layout-5eac0670 wp-block-group-is-layout-constrained\" style=\"padding-top:var(--wp--preset--spacing--70);padding-bottom:var(--wp--preset--spacing--70)\"><h2 class=\"wp-block-heading has-foreground-color has-text-color has-link-color has-xx-large-font-size wp-elements-41e288010b7b87f42e46f088c5403e0e\" style=\"padding-bottom:var(--wp--preset--spacing--50);font-style:normal;font-weight:500\">Sobre Dover<\/h2>\n\n<p>Dover es un fabricante global diversificado y proveedor de soluciones con ingresos anuales de aproximadamente 8,000 millones de USD. Ofrecemos equipos y componentes, consumibles, piezas de repuesto, software y soluciones digitales, y servicios de soporte innovadores a trav\u00e9s de cinco segmentos operativos: Productos de Ingenier\u00eda, Energ\u00eda Limpia y Abastecimiento de Combustible, Im\u00e1genes e Identificaci\u00f3n, Soluciones de Bombas y de Procesos, y Tecnolog\u00edas de Climatizaci\u00f3n y Sostenibilidad. Dover combina la escala global con la agilidad operativa para liderar los mercados en los que prestamos servicios. Nuestro equipo de m\u00e1s de 25,000 empleados, que ha sido reconocido por su enfoque empresarial durante m\u00e1s de 65 a\u00f1os, trabaja con una mentalidad de liderazgo, colaborando con los clientes para redefinir lo que es posible. Con sede en Downers Grove, Illinois, Dover cotiza en la Bolsa de Nueva York con la denominaci\u00f3n \u201cDOV\u201d. Para obtener m\u00e1s informaci\u00f3n visite dovercorporation.com.\u202f<\/p>\n\n<div class=\"wp-block-button is-style-outline is-style-outline--3\"><a class=\"wp-block-button__link has-border-color has-foreground-border-color has-text-align-left wp-element-button\" href=\"https:\/\/www.dovercorporation.com\/\" target=\"_blank\" rel=\"noreferrer noopener\">DESCUBRA M\u00c1S<\/a><\/div><\/div><\/div><\/div><div class=\"wp-block-cover\" style=\"min-height:100vh;aspect-ratio:unset;\"><span aria-hidden=\"true\" class=\"wp-block-cover__background has-foreground-background-color has-background-dim-40 has-background-dim\"><\/span><img loading=\"lazy\" decoding=\"async\" width=\"1920\" height=\"1080\" class=\"wp-block-cover__image-background wp-image-314859\" alt=\"\" src=\"https:\/\/dev.codekraft.it\/rotary-2024\/wp-content\/uploads\/2024\/05\/rotary-certificate-hero.jpg\" data-object-fit=\"cover\" srcset=\"https:\/\/dev.codekraft.it\/rotary-2024\/wp-content\/uploads\/2024\/05\/rotary-certificate-hero.jpg 1920w, https:\/\/dev.codekraft.it\/rotary-2024\/wp-content\/uploads\/2024\/05\/rotary-certificate-hero-570x321.jpg 570w, https:\/\/dev.codekraft.it\/rotary-2024\/wp-content\/uploads\/2024\/05\/rotary-certificate-hero-722x406.jpg 722w\" sizes=\"auto, (max-width: 1920px) 100vw, 1920px\" \/><div class=\"wp-block-cover__inner-container is-layout-flow wp-block-cover-is-layout-flow\"><div class=\"wp-block-group has-global-padding is-layout-constrained wp-container-core-group-is-layout-1e85fed4 wp-block-group-is-layout-constrained\" style=\"padding-top:var(--wp--preset--spacing--80);padding-right:var(--wp--preset--spacing--70);padding-bottom:var(--wp--preset--spacing--80);padding-left:var(--wp--preset--spacing--70)\"><h3 class=\"wp-block-heading has-text-align-center has-background-color has-text-color has-link-color has-extra-large-font-size wp-elements-79bef847534bdd424fcae453d98f8c03\"><strong>Certificaciones<\/strong><\/h3>\n\n<div style=\"height:var(--wp--preset--spacing--70)\" aria-hidden=\"true\" class=\"wp-block-spacer\"><\/div>\n\n<div class=\"wp-block-columns alignwide is-layout-flex wp-container-core-columns-is-layout-28f84493 wp-block-columns-is-layout-flex\"><div class=\"wp-block-column is-layout-flow wp-block-column-is-layout-flow\" style=\"padding-right:var(--wp--preset--spacing--50);padding-bottom:var(--wp--preset--spacing--50);padding-left:var(--wp--preset--spacing--50)\"><figure class=\"wp-block-image size-full\"><a href=\"https:\/\/dev.codekraft.it\/rotary-2024\/wp-content\/uploads\/2024\/05\/tuv-certificate-9001_2015-en-04-2024.pdf\" target=\"_blank\" rel=\"noreferrer noopener\"><img loading=\"lazy\" decoding=\"async\" width=\"600\" height=\"600\" src=\"https:\/\/dev.codekraft.it\/rotary-2024\/wp-content\/uploads\/2024\/05\/iso-9001-logo-tuv-mi.jpg\" alt=\"\" class=\"wp-image-314854\" srcset=\"https:\/\/dev.codekraft.it\/rotary-2024\/wp-content\/uploads\/2024\/05\/iso-9001-logo-tuv-mi.jpg 600w, https:\/\/dev.codekraft.it\/rotary-2024\/wp-content\/uploads\/2024\/05\/iso-9001-logo-tuv-mi-570x570.jpg 570w, https:\/\/dev.codekraft.it\/rotary-2024\/wp-content\/uploads\/2024\/05\/iso-9001-logo-tuv-mi-square-crop-150.jpg 150w, https:\/\/dev.codekraft.it\/rotary-2024\/wp-content\/uploads\/2024\/05\/iso-9001-logo-tuv-mi-square-crop-75.jpg 75w, https:\/\/dev.codekraft.it\/rotary-2024\/wp-content\/uploads\/2024\/05\/iso-9001-logo-tuv-mi-square-crop-385.jpg 385w, https:\/\/dev.codekraft.it\/rotary-2024\/wp-content\/uploads\/2024\/05\/iso-9001-logo-tuv-mi-square-crop-680.jpg 680w, https:\/\/dev.codekraft.it\/rotary-2024\/wp-content\/uploads\/2024\/05\/iso-9001-logo-tuv-mi-square-crop-1200.jpg 1200w\" sizes=\"auto, (max-width: 600px) 100vw, 600px\" \/><\/a><\/figure>\n\n<p style=\"padding-top:var(--wp--preset--spacing--30)\"><a href=\"https:\/\/dev.codekraft.it\/rotary-2024\/wp-content\/uploads\/2024\/05\/tuv-certificate-9001_2015-en-04-2024.pdf\" target=\"_blank\" rel=\"noreferrer noopener\">Quality Management System ISO 9001:2015<\/a><\/p><\/div>\n\n<div class=\"wp-block-column is-layout-flow wp-block-column-is-layout-flow\" style=\"padding-right:var(--wp--preset--spacing--50);padding-bottom:var(--wp--preset--spacing--50);padding-left:var(--wp--preset--spacing--50)\"><figure class=\"wp-block-image size-full\"><a href=\"https:\/\/dev.codekraft.it\/rotary-2024\/wp-content\/uploads\/2024\/05\/iso-14001-certificate-vsge-bra-br-en-2024-05.pdf\" target=\"_blank\" rel=\"noreferrer noopener\"><img loading=\"lazy\" decoding=\"async\" width=\"600\" height=\"600\" src=\"https:\/\/dev.codekraft.it\/rotary-2024\/wp-content\/uploads\/2024\/05\/iso-14001-certificate-en-2024-05.jpg\" alt=\"\" class=\"wp-image-314855\" srcset=\"https:\/\/dev.codekraft.it\/rotary-2024\/wp-content\/uploads\/2024\/05\/iso-14001-certificate-en-2024-05.jpg 600w, https:\/\/dev.codekraft.it\/rotary-2024\/wp-content\/uploads\/2024\/05\/iso-14001-certificate-en-2024-05-570x570.jpg 570w, https:\/\/dev.codekraft.it\/rotary-2024\/wp-content\/uploads\/2024\/05\/iso-14001-certificate-en-2024-05-square-crop-150.jpg 150w, https:\/\/dev.codekraft.it\/rotary-2024\/wp-content\/uploads\/2024\/05\/iso-14001-certificate-en-2024-05-square-crop-75.jpg 75w, https:\/\/dev.codekraft.it\/rotary-2024\/wp-content\/uploads\/2024\/05\/iso-14001-certificate-en-2024-05-square-crop-385.jpg 385w, https:\/\/dev.codekraft.it\/rotary-2024\/wp-content\/uploads\/2024\/05\/iso-14001-certificate-en-2024-05-square-crop-680.jpg 680w, https:\/\/dev.codekraft.it\/rotary-2024\/wp-content\/uploads\/2024\/05\/iso-14001-certificate-en-2024-05-square-crop-1200.jpg 1200w\" sizes=\"auto, (max-width: 600px) 100vw, 600px\" \/><\/a><\/figure>\n\n<p style=\"padding-top:var(--wp--preset--spacing--30)\"><a href=\"https:\/\/dev.codekraft.it\/rotary-2024\/wp-content\/uploads\/2024\/05\/iso-14001-certificate-vsge-bra-br-en-2024-05.pdf\" target=\"_blank\" rel=\"noreferrer noopener\">Environmental Management System ISO 14001:2015<\/a><\/p><\/div>\n\n<div class=\"wp-block-column is-layout-flow wp-block-column-is-layout-flow\" style=\"padding-right:var(--wp--preset--spacing--50);padding-bottom:var(--wp--preset--spacing--50);padding-left:var(--wp--preset--spacing--50)\"><figure class=\"wp-block-image size-full\"><img loading=\"lazy\" decoding=\"async\" width=\"600\" height=\"600\" src=\"https:\/\/dev.codekraft.it\/rotary-2024\/wp-content\/uploads\/2024\/05\/gost-certificate-2019-05.jpg\" alt=\"\" class=\"wp-image-314856\" srcset=\"https:\/\/dev.codekraft.it\/rotary-2024\/wp-content\/uploads\/2024\/05\/gost-certificate-2019-05.jpg 600w, https:\/\/dev.codekraft.it\/rotary-2024\/wp-content\/uploads\/2024\/05\/gost-certificate-2019-05-570x570.jpg 570w, https:\/\/dev.codekraft.it\/rotary-2024\/wp-content\/uploads\/2024\/05\/gost-certificate-2019-05-square-crop-150.jpg 150w, https:\/\/dev.codekraft.it\/rotary-2024\/wp-content\/uploads\/2024\/05\/gost-certificate-2019-05-square-crop-75.jpg 75w, https:\/\/dev.codekraft.it\/rotary-2024\/wp-content\/uploads\/2024\/05\/gost-certificate-2019-05-square-crop-385.jpg 385w, https:\/\/dev.codekraft.it\/rotary-2024\/wp-content\/uploads\/2024\/05\/gost-certificate-2019-05-square-crop-680.jpg 680w, https:\/\/dev.codekraft.it\/rotary-2024\/wp-content\/uploads\/2024\/05\/gost-certificate-2019-05-square-crop-1200.jpg 1200w\" sizes=\"auto, (max-width: 600px) 100vw, 600px\" \/><\/figure>\n\n<p style=\"padding-top:var(--wp--preset--spacing--30);padding-bottom:0\"><a href=\"https:\/\/dev.codekraft.it\/rotary-2024\/wp-content\/uploads\/2024\/05\/gost-certificate-vsg-part-1-2019-05.pdf\" target=\"_blank\" rel=\"noreferrer noopener\">GOST Certificate part-1<\/a><\/p>\n\n<p><a href=\"https:\/\/dev.codekraft.it\/rotary-2024\/wp-content\/uploads\/2024\/05\/gost-certificate-vsg-part-2-2019-05.pdf\" target=\"_blank\" rel=\"noreferrer noopener\">GOST Certificate part-2<\/a><\/p><\/div><\/div><\/div><\/div><\/div>","protected":false},"excerpt":{"rendered":"<p>Con nuestros productos de altas prestaciones estamos cubriendo los requisitos de la ardua tarea diaria de taller.<\/p>\n","protected":false},"author":1,"featured_media":314795,"parent":0,"menu_order":0,"comment_status":"closed","ping_status":"closed","template":"","meta":{"footnotes":""},"class_list":["post-4696","page","type-page","status-publish","has-post-thumbnail","hentry"],"lang":"es","translations":{"es":4696,"it":4690,"en":1936,"de":4692,"fr":4694,"ru":4698},"pll_sync_post":[],"_links":{"self":[{"href":"https:\/\/dev.codekraft.it\/rotary-2024\/wp-json\/wp\/v2\/pages\/4696","targetHints":{"allow":["GET"]}}],"collection":[{"href":"https:\/\/dev.codekraft.it\/rotary-2024\/wp-json\/wp\/v2\/pages"}],"about":[{"href":"https:\/\/dev.codekraft.it\/rotary-2024\/wp-json\/wp\/v2\/types\/page"}],"author":[{"embeddable":true,"href":"https:\/\/dev.codekraft.it\/rotary-2024\/wp-json\/wp\/v2\/users\/1"}],"replies":[{"embeddable":true,"href":"https:\/\/dev.codekraft.it\/rotary-2024\/wp-json\/wp\/v2\/comments?post=4696"}],"version-history":[{"count":10,"href":"https:\/\/dev.codekraft.it\/rotary-2024\/wp-json\/wp\/v2\/pages\/4696\/revisions"}],"predecessor-version":[{"id":373097,"href":"https:\/\/dev.codekraft.it\/rotary-2024\/wp-json\/wp\/v2\/pages\/4696\/revisions\/373097"}],"wp:featuredmedia":[{"embeddable":true,"href":"https:\/\/dev.codekraft.it\/rotary-2024\/wp-json\/wp\/v2\/media\/314795"}],"wp:attachment":[{"href":"https:\/\/dev.codekraft.it\/rotary-2024\/wp-json\/wp\/v2\/media?parent=4696"}],"curies":[{"name":"wp","href":"https:\/\/api.w.org\/{rel}","templated":true}]}}