{"id":4692,"date":"2020-02-29T11:32:42","date_gmt":"2020-02-29T11:32:42","guid":{"rendered":"https:\/\/dev.codekraft.it\/rotary\/?page_id=4692"},"modified":"2024-07-11T18:30:03","modified_gmt":"2024-07-11T18:30:03","slug":"die-geschichte","status":"publish","type":"page","link":"https:\/\/dev.codekraft.it\/rotary-2024\/die-geschichte\/","title":{"rendered":"Die Geschichte"},"content":{"rendered":"<div class=\"wp-block-cover\" style=\"min-height:60vh;aspect-ratio:unset;\"><span aria-hidden=\"true\" class=\"wp-block-cover__background has-background-dim\" style=\"background-color:#363636\"><\/span><img loading=\"lazy\" decoding=\"async\" width=\"1920\" height=\"853\" src=\"https:\/\/dev.codekraft.it\/rotary-2024\/wp-content\/uploads\/2024\/05\/company-hero-2024.jpg\" class=\"wp-block-cover__image-background wp-post-image\" alt=\"\" data-object-fit=\"cover\" srcset=\"https:\/\/dev.codekraft.it\/rotary-2024\/wp-content\/uploads\/2024\/05\/company-hero-2024.jpg 1920w, https:\/\/dev.codekraft.it\/rotary-2024\/wp-content\/uploads\/2024\/05\/company-hero-2024-570x253.jpg 570w, https:\/\/dev.codekraft.it\/rotary-2024\/wp-content\/uploads\/2024\/05\/company-hero-2024-722x321.jpg 722w\" sizes=\"auto, (max-width: 1920px) 100vw, 1920px\" \/><div class=\"wp-block-cover__inner-container has-global-padding is-layout-constrained wp-block-cover-is-layout-constrained\"><div class=\"wp-block-group animate__animated animate__fadeInUp animate__delay__600 animate__duration__1500 has-global-padding is-layout-constrained wp-block-group-is-layout-constrained\" style=\"padding-bottom:var(--wp--preset--spacing--70)\"><h2 class=\"has-text-align-center has-link-color wp-elements-2d356a72f686f80404fea1561a49cdf0 wp-block-post-title has-text-color has-primary-color has-xxxx-large-font-size\">Die Geschichte<\/h2>\n\n<p class=\"has-text-align-center has-extra-large-font-size\">von Rotary<\/p><\/div><\/div><\/div><div class=\"wp-block-group has-global-padding is-layout-constrained wp-container-core-group-is-layout-3fdbf40e wp-block-group-is-layout-constrained\" style=\"padding-top:var(--wp--preset--spacing--80);padding-bottom:var(--wp--preset--spacing--80)\"><p class=\"has-text-align-center page-header\">Mit unseren Hochleistungs-Produkten decken wir die Anforderungen des harten Werkstatt-Alltags ab.<\/p><\/div><div class=\"wp-block-media-text alignfull is-stacked-on-mobile is-style-checker-style has-gray-light-background-color has-background\"><figure class=\"wp-block-media-text__media\"><img loading=\"lazy\" decoding=\"async\" width=\"570\" height=\"570\" src=\"https:\/\/dev.codekraft.it\/rotary-2024\/wp-content\/uploads\/2022\/10\/rotary-logo-2024-1.png\" alt=\"\" class=\"wp-image-237952 size-full\" srcset=\"https:\/\/dev.codekraft.it\/rotary-2024\/wp-content\/uploads\/2022\/10\/rotary-logo-2024-1.png 570w, https:\/\/dev.codekraft.it\/rotary-2024\/wp-content\/uploads\/2022\/10\/rotary-logo-2024-1-square-crop-150.png 150w, https:\/\/dev.codekraft.it\/rotary-2024\/wp-content\/uploads\/2022\/10\/rotary-logo-2024-1-square-crop-75.png 75w, https:\/\/dev.codekraft.it\/rotary-2024\/wp-content\/uploads\/2022\/10\/rotary-logo-2024-1-square-crop-385.png 385w, https:\/\/dev.codekraft.it\/rotary-2024\/wp-content\/uploads\/2022\/10\/rotary-logo-2024-1-square-crop-680.png 680w, https:\/\/dev.codekraft.it\/rotary-2024\/wp-content\/uploads\/2022\/10\/rotary-logo-2024-1-square-crop-1200.png 1200w\" sizes=\"auto, (max-width: 570px) 100vw, 570px\" \/><\/figure><div class=\"wp-block-media-text__content\"><div class=\"wp-block-group has-global-padding is-content-justification-center is-layout-constrained wp-container-core-group-is-layout-5eac0670 wp-block-group-is-layout-constrained\" style=\"padding-top:var(--wp--preset--spacing--70);padding-bottom:var(--wp--preset--spacing--70)\"><h2 class=\"wp-block-heading has-foreground-color has-text-color has-link-color has-xx-large-font-size wp-elements-bb3d1de8e654a2c760db50a1bebdddf7\" style=\"padding-bottom:var(--wp--preset--spacing--50);font-style:normal;font-weight:500\">\u00dcber Rotary<\/h2>\n\n<p>Die Erfolgsgeschichte Rotary Lift begann im Jahre 1924. Von einem Friseurstuhl inspiriert entwickelte der Firmengr\u00fcnder Peter Lunati die erste hydraulische Fahrzeug-Hebeb\u00fchne der Welt. Die Hebeb\u00fchne wurde drehbar ausgef\u00fchrt. Dies erm\u00f6glichte Fahrzeugen nicht nur vorw\u00e4rts auf die Hebeb\u00fchne aufzufahren. In der gleichen Richtung konnte die Hebeb\u00fchne auch wieder verlassen werden \u2013 ein wichtiges Argument bei dem damals h\u00e4ufig anzutreffenden Problem des R\u00fcckw\u00e4rtsfahrens. Das Patent f\u00fcr die Hebeb\u00fchne wurde am 1. September 1925 erteilt und Rotary gegr\u00fcndet.<\/p>\n\n<p>In mehr als 75 Jahren ist Rotary zum weltweit gr\u00f6\u00dften Hersteller von Fahrzeug-Hebeb\u00fchnen gewachsen. Neben dem Hauptsitz in Madison, IN USA und der in Deutschland ans\u00e4ssigen Europa-Zentrale in Br\u00e4unlingen, k\u00fcmmern sich zahlreiche Verkaufsniederlassungen rund um den Globus um die W\u00fcnsche unserer Kunden. Rotary besitzt mit diesem einzigartigen Netzwerk die M\u00f6glichkeit lokale Markttrends fr\u00fchzeitig zu erkennen und daraus globale Standards zu generieren. Weltweite Produktfreigaben zahlreicher Fahrzeughersteller unterstreichen diesen Ansatz.<\/p><\/div><\/div><\/div><div class=\"wp-block-cover is-light has-parallax lazy-background\" style=\"min-height:95vh;aspect-ratio:unset;\"><span aria-hidden=\"true\" class=\"wp-block-cover__background has-foreground-background-color has-background-dim\"><\/span><div class=\"wp-block-cover__image-background wp-image-296822 has-parallax\" style=\"background-position:50% 50%;background-image:url(data:image\/png;base64,iVBORw0KGgoAAAANSUhEUgAAAAUAAAAFCAYAAACNbyblAAAAHElEQVQI12P4\/\/8\/w38GIAXDIBKE0DHxgljNBAAO9TXL0Y4OHwAAAABJRU5ErkJggg==);\"\" data-background=\"https:\/\/rotarylift.eu\/wp-content\/uploads\/2023\/03\/Rotary-Matteport-hero-02-2023.jpg\"><\/div><div class=\"wp-block-cover__inner-container has-global-padding is-layout-constrained wp-container-core-cover-is-layout-00f579c5 wp-block-cover-is-layout-constrained\"><div class=\"wp-block-media-text alignwide is-stacked-on-mobile is-vertically-aligned-center\"><figure class=\"wp-block-media-text__media\"><a href=\"https:\/\/my.matterport.com\/show\/?m=6T5vKWEXKon\" target=\"_blank\" rel=\"noreferrer noopener\"><img decoding=\"async\" src=\"https:\/\/rotarylift.eu\/wp-content\/uploads\/2023\/03\/Rotary-matterport-tour.png\" alt=\"\" class=\"animate__animated animate__fadeInUp animate__repeat wp-image-296821 size-full\"\/><\/a><\/figure><div class=\"wp-block-media-text__content\"><div class=\"wp-block-group has-global-padding is-content-justification-center is-layout-constrained wp-container-core-group-is-layout-619c232d wp-block-group-is-layout-constrained\"><h2 class=\"wp-block-heading has-white-color has-text-color has-xxx-large-font-size\" style=\"font-style:normal;font-weight:500\">Erleben Sie unseren Rotary Training Room<\/h2>\n\n<h4 class=\"wp-block-heading has-white-color has-text-color has-large-font-size\">360\u00b0-RUNDGANG<\/h4>\n\n<p class=\"has-white-color has-text-color\">Besuchen Sie virtuell unseren Training Room in Ohlsbach und erkunden Sie unsere Produktpalette<\/p>\n\n<div class=\"wp-block-buttons is-layout-flex wp-block-buttons-is-layout-flex\"><div class=\"wp-block-button is-style-outline is-style-outline--1\"><a class=\"wp-block-button__link has-white-color has-text-color has-border-color has-background-border-color wp-element-button\" href=\"https:\/\/my.matterport.com\/show\/?m=6T5vKWEXKon\">DEN BESUCH BEGINNEN<\/a><\/div><\/div><\/div>\n\n<div style=\"height:50px\" aria-hidden=\"true\" class=\"wp-block-spacer\"><\/div><\/div><\/div><\/div><\/div><div class=\"wp-block-media-text alignfull has-media-on-the-right is-stacked-on-mobile is-style-checker-style has-gray-light-background-color has-background\" id=\"Red-Oval\"><div class=\"wp-block-media-text__content\"><div class=\"wp-block-group has-global-padding is-layout-constrained wp-container-core-group-is-layout-6f621a9a wp-block-group-is-layout-constrained\" style=\"padding-top:var(--wp--preset--spacing--70);padding-bottom:var(--wp--preset--spacing--70)\"><h2 class=\"wp-block-heading has-foreground-color has-text-color has-link-color has-xx-large-font-size wp-elements-0efb53d248b6cf24df3bce5c648cc0e6\" style=\"padding-bottom:var(--wp--preset--spacing--50);font-style:normal;font-weight:500\">\u00dcber Red Oval<\/h2>\n\n<h4 class=\"wp-block-heading has-foreground-color has-text-color has-link-color has-medium-font-size wp-elements-1b0fbd1f831926106bfea93280252626\" style=\"padding-top:var(--wp--preset--spacing--40);padding-bottom:var(--wp--preset--spacing--40);text-transform:uppercase\">Alles f\u00fcr die Werkstatt. Alles aus einer Hand.<\/h4>\n\n<p>Hinter Red Oval stehen starke Marken, perfekter Service und ein leistungsf\u00e4higes Partner-Netzwerk. Mit unseren Hochleistungs-Produkten decken wir die Anforderungen des harten Werkstatt-Alltags ab. Immer im Fokus: perfekte Ergonomie und geringe Gesamt-Betriebskosten.<\/p><\/div><\/div><figure class=\"wp-block-media-text__media\"><img loading=\"lazy\" decoding=\"async\" width=\"570\" height=\"570\" src=\"https:\/\/dev.codekraft.it\/rotary-2024\/wp-content\/uploads\/2024\/05\/rotary-red-oval-partner-logo.png\" alt=\"\" class=\"wp-image-315752 size-full\" srcset=\"https:\/\/dev.codekraft.it\/rotary-2024\/wp-content\/uploads\/2024\/05\/rotary-red-oval-partner-logo.png 570w, https:\/\/dev.codekraft.it\/rotary-2024\/wp-content\/uploads\/2024\/05\/rotary-red-oval-partner-logo-square-crop-150.png 150w, https:\/\/dev.codekraft.it\/rotary-2024\/wp-content\/uploads\/2024\/05\/rotary-red-oval-partner-logo-square-crop-75.png 75w, https:\/\/dev.codekraft.it\/rotary-2024\/wp-content\/uploads\/2024\/05\/rotary-red-oval-partner-logo-square-crop-385.png 385w, https:\/\/dev.codekraft.it\/rotary-2024\/wp-content\/uploads\/2024\/05\/rotary-red-oval-partner-logo-square-crop-680.png 680w, https:\/\/dev.codekraft.it\/rotary-2024\/wp-content\/uploads\/2024\/05\/rotary-red-oval-partner-logo-square-crop-1200.png 1200w\" sizes=\"auto, (max-width: 570px) 100vw, 570px\" \/><\/figure><\/div><div class=\"wp-block-media-text alignfull is-stacked-on-mobile is-vertically-aligned-center is-style-checker-style has-gray-light-background-color has-background\"><figure class=\"wp-block-media-text__media\"><img loading=\"lazy\" decoding=\"async\" width=\"571\" height=\"570\" src=\"https:\/\/dev.codekraft.it\/rotary-2024\/wp-content\/uploads\/2022\/08\/vsg-logo-2024-1.png\" alt=\"\" class=\"wp-image-199465 size-full\" srcset=\"https:\/\/dev.codekraft.it\/rotary-2024\/wp-content\/uploads\/2022\/08\/vsg-logo-2024-1.png 571w, https:\/\/dev.codekraft.it\/rotary-2024\/wp-content\/uploads\/2022\/08\/vsg-logo-2024-1-square-crop-150.png 150w, https:\/\/dev.codekraft.it\/rotary-2024\/wp-content\/uploads\/2022\/08\/vsg-logo-2024-1-square-crop-75.png 75w, https:\/\/dev.codekraft.it\/rotary-2024\/wp-content\/uploads\/2022\/08\/vsg-logo-2024-1-square-crop-385.png 385w, https:\/\/dev.codekraft.it\/rotary-2024\/wp-content\/uploads\/2022\/08\/vsg-logo-2024-1-square-crop-680.png 680w, https:\/\/dev.codekraft.it\/rotary-2024\/wp-content\/uploads\/2022\/08\/vsg-logo-2024-1-square-crop-1200.png 1200w\" sizes=\"auto, (max-width: 571px) 100vw, 571px\" \/><\/figure><div class=\"wp-block-media-text__content\"><div class=\"wp-block-group has-global-padding is-content-justification-center is-layout-constrained wp-container-core-group-is-layout-5eac0670 wp-block-group-is-layout-constrained\" style=\"padding-top:var(--wp--preset--spacing--70);padding-bottom:var(--wp--preset--spacing--70)\"><h2 class=\"wp-block-heading has-foreground-color has-text-color has-link-color has-xx-large-font-size wp-elements-4b83d96e5c73d213d189d665fe6e721d\" style=\"padding-bottom:var(--wp--preset--spacing--50);font-style:normal;font-weight:500\">\u00dcber VSG<\/h2>\n\n<p>Als Teil des Dover-Segments Engineered Systems, ist die Vehicle Service Group (VSG) ein starker, vielseitiger und weltweit f\u00fchrender Anbieter in der Fahrzeug-Servicebranche. VSG besitzt 13 Hebeb\u00fchnen-, Reifenservice- und Unfallinstandsetzungsmarken: Rotary, Ravaglioli, Space, Chief, Forward, Direct-Lift, Revolution und Hanmecson. VSG hat seinen Hauptsitz in Downers Grove, Illinois, USA und verf\u00fcgt \u00fcber ISO 9001-zertifizierte Fertigungsstandorte in Nordamerika, Europa und Asien. Weitere Informationen finden Sie unter www.vsgdover.com<\/p>\n\n<div class=\"wp-block-button is-style-outline is-style-outline--2\"><a class=\"wp-block-button__link has-border-color has-foreground-border-color has-text-align-left wp-element-button\" href=\"https:\/\/vsgdover.com\/\">ERFAHREN SIE MEHR<\/a><\/div><\/div><\/div><\/div><div class=\"wp-block-media-text alignfull has-media-on-the-right is-stacked-on-mobile is-vertically-aligned-center is-style-checker-style has-gray-light-background-color has-background\"><div class=\"wp-block-media-text__content\"><div class=\"wp-block-group has-global-padding is-content-justification-center is-layout-constrained wp-container-core-group-is-layout-5eac0670 wp-block-group-is-layout-constrained\" style=\"padding-top:var(--wp--preset--spacing--70);padding-bottom:var(--wp--preset--spacing--70)\"><h2 class=\"wp-block-heading has-foreground-color has-text-color has-link-color has-xx-large-font-size wp-elements-ce5239a9a0ab62b6e9683a91e7af952e\" style=\"padding-bottom:var(--wp--preset--spacing--50);font-style:normal;font-weight:500\">\u00dcber Dover<\/h2>\n\n<p>Dover ist ein diversifizierter globaler Hersteller und L\u00f6sungsanbieter mit einem Jahresumsatz von rund 8 Milliarden USD. Wir bieten innovative Ger\u00e4te und Komponenten, Verbrauchsmaterialien, Nachbau-Ersatzteile, Software- und digitale L\u00f6sungen sowie Supportleistungen in f\u00fcnf Gesch\u00e4ftsbereichen an: technische Produkte, saubere Energie und Betankung, Bildgebung und Identifizierung, Pumpen und Prozessl\u00f6sungen sowie Klima- und Nachhaltigkeitstechnologien. Dover verbindet globalen Ma\u00dfstab mit operativer Agilit\u00e4t, was das Unternehmen zum Marktf\u00fchrer in den genannten Bereichen macht. Unser Team von \u00fcber 25.000 Mitarbeitenden, das seit \u00fcber 65 Jahren f\u00fcr seinen unternehmerischen Ansatz bekannt ist, arbeitet mit seinen Kunden zusammen, um das Machbare neu zu definieren. Dover hat seinen Hauptsitz in Downers Grove, Illinois, USA, und wird an der New York Stock Exchange unter \u201eDOV\u201c gehandelt. Weitere Informationen finden Sie unter dovercorporation.com.<\/p>\n\n<div class=\"wp-block-button is-style-outline is-style-outline--3\"><a class=\"wp-block-button__link has-border-color has-foreground-border-color has-text-align-left wp-element-button\" href=\"https:\/\/www.dovercorporation.com\/\" target=\"_blank\" rel=\"noreferrer noopener\">ERFAHREN SIE MEHR<\/a><\/div><\/div><\/div><figure class=\"wp-block-media-text__media\"><img loading=\"lazy\" decoding=\"async\" width=\"571\" height=\"570\" src=\"https:\/\/dev.codekraft.it\/rotary-2024\/wp-content\/uploads\/2020\/03\/dover-logo-2024.png\" alt=\"\" class=\"wp-image-2026 size-full\" srcset=\"https:\/\/dev.codekraft.it\/rotary-2024\/wp-content\/uploads\/2020\/03\/dover-logo-2024.png 571w, https:\/\/dev.codekraft.it\/rotary-2024\/wp-content\/uploads\/2020\/03\/dover-logo-2024-square-crop-150.png 150w, https:\/\/dev.codekraft.it\/rotary-2024\/wp-content\/uploads\/2020\/03\/dover-logo-2024-square-crop-75.png 75w, https:\/\/dev.codekraft.it\/rotary-2024\/wp-content\/uploads\/2020\/03\/dover-logo-2024-square-crop-385.png 385w, https:\/\/dev.codekraft.it\/rotary-2024\/wp-content\/uploads\/2020\/03\/dover-logo-2024-square-crop-680.png 680w, https:\/\/dev.codekraft.it\/rotary-2024\/wp-content\/uploads\/2020\/03\/dover-logo-2024-square-crop-1200.png 1200w\" sizes=\"auto, (max-width: 571px) 100vw, 571px\" \/><\/figure><\/div><div class=\"wp-block-cover\" style=\"min-height:100vh;aspect-ratio:unset;\"><span aria-hidden=\"true\" class=\"wp-block-cover__background has-foreground-background-color has-background-dim-40 has-background-dim\"><\/span><img loading=\"lazy\" decoding=\"async\" width=\"1920\" height=\"1080\" class=\"wp-block-cover__image-background wp-image-314859\" alt=\"\" src=\"https:\/\/dev.codekraft.it\/rotary-2024\/wp-content\/uploads\/2024\/05\/rotary-certificate-hero.jpg\" data-object-fit=\"cover\" srcset=\"https:\/\/dev.codekraft.it\/rotary-2024\/wp-content\/uploads\/2024\/05\/rotary-certificate-hero.jpg 1920w, https:\/\/dev.codekraft.it\/rotary-2024\/wp-content\/uploads\/2024\/05\/rotary-certificate-hero-570x321.jpg 570w, https:\/\/dev.codekraft.it\/rotary-2024\/wp-content\/uploads\/2024\/05\/rotary-certificate-hero-722x406.jpg 722w\" sizes=\"auto, (max-width: 1920px) 100vw, 1920px\" \/><div class=\"wp-block-cover__inner-container is-layout-flow wp-block-cover-is-layout-flow\"><div class=\"wp-block-group has-global-padding is-layout-constrained wp-container-core-group-is-layout-1e85fed4 wp-block-group-is-layout-constrained\" style=\"padding-top:var(--wp--preset--spacing--80);padding-right:var(--wp--preset--spacing--70);padding-bottom:var(--wp--preset--spacing--80);padding-left:var(--wp--preset--spacing--70)\"><h3 class=\"wp-block-heading has-text-align-center has-background-color has-text-color has-link-color has-extra-large-font-size wp-elements-df353a710fd7ff80b5d0f274c6f83675\"><strong>Zertifizierungen<\/strong><\/h3>\n\n<div style=\"height:var(--wp--preset--spacing--70)\" aria-hidden=\"true\" class=\"wp-block-spacer\"><\/div>\n\n<div class=\"wp-block-columns alignwide is-layout-flex wp-container-core-columns-is-layout-28f84493 wp-block-columns-is-layout-flex\"><div class=\"wp-block-column is-layout-flow wp-block-column-is-layout-flow\" style=\"padding-right:var(--wp--preset--spacing--50);padding-bottom:var(--wp--preset--spacing--50);padding-left:var(--wp--preset--spacing--50)\"><figure class=\"wp-block-image size-full\"><a href=\"https:\/\/dev.codekraft.it\/rotary-2024\/wp-content\/uploads\/2024\/05\/tuv-certificate-9001_2015-de-04-2024.pdf\" target=\"_blank\" rel=\"noreferrer noopener\"><img loading=\"lazy\" decoding=\"async\" width=\"600\" height=\"600\" src=\"https:\/\/dev.codekraft.it\/rotary-2024\/wp-content\/uploads\/2024\/05\/iso-9001-logo-tuv-mi.jpg\" alt=\"\" class=\"wp-image-314854\" srcset=\"https:\/\/dev.codekraft.it\/rotary-2024\/wp-content\/uploads\/2024\/05\/iso-9001-logo-tuv-mi.jpg 600w, https:\/\/dev.codekraft.it\/rotary-2024\/wp-content\/uploads\/2024\/05\/iso-9001-logo-tuv-mi-570x570.jpg 570w, https:\/\/dev.codekraft.it\/rotary-2024\/wp-content\/uploads\/2024\/05\/iso-9001-logo-tuv-mi-square-crop-150.jpg 150w, https:\/\/dev.codekraft.it\/rotary-2024\/wp-content\/uploads\/2024\/05\/iso-9001-logo-tuv-mi-square-crop-75.jpg 75w, https:\/\/dev.codekraft.it\/rotary-2024\/wp-content\/uploads\/2024\/05\/iso-9001-logo-tuv-mi-square-crop-385.jpg 385w, https:\/\/dev.codekraft.it\/rotary-2024\/wp-content\/uploads\/2024\/05\/iso-9001-logo-tuv-mi-square-crop-680.jpg 680w, https:\/\/dev.codekraft.it\/rotary-2024\/wp-content\/uploads\/2024\/05\/iso-9001-logo-tuv-mi-square-crop-1200.jpg 1200w\" sizes=\"auto, (max-width: 600px) 100vw, 600px\" \/><\/a><\/figure>\n\n<p style=\"padding-top:var(--wp--preset--spacing--30)\"><a href=\"https:\/\/dev.codekraft.it\/rotary-2024\/wp-content\/uploads\/2024\/05\/tuv-certificate-9001_2015-de-04-2024.pdf\" target=\"_blank\" rel=\"noreferrer noopener\">Quality Management System ISO 9001:2015<\/a><\/p><\/div>\n\n<div class=\"wp-block-column is-layout-flow wp-block-column-is-layout-flow\" style=\"padding-right:var(--wp--preset--spacing--50);padding-bottom:var(--wp--preset--spacing--50);padding-left:var(--wp--preset--spacing--50)\"><figure class=\"wp-block-image size-full\"><a href=\"https:\/\/dev.codekraft.it\/rotary-2024\/wp-content\/uploads\/2024\/05\/iso-14001-certificate-vsge-bra-br-de-2024-05.pdf\" target=\"_blank\" rel=\"noreferrer noopener\"><img loading=\"lazy\" decoding=\"async\" width=\"600\" height=\"600\" src=\"https:\/\/dev.codekraft.it\/rotary-2024\/wp-content\/uploads\/2024\/05\/iso-14001-certificate-en-2024-05.jpg\" alt=\"\" class=\"wp-image-314855\" srcset=\"https:\/\/dev.codekraft.it\/rotary-2024\/wp-content\/uploads\/2024\/05\/iso-14001-certificate-en-2024-05.jpg 600w, https:\/\/dev.codekraft.it\/rotary-2024\/wp-content\/uploads\/2024\/05\/iso-14001-certificate-en-2024-05-570x570.jpg 570w, https:\/\/dev.codekraft.it\/rotary-2024\/wp-content\/uploads\/2024\/05\/iso-14001-certificate-en-2024-05-square-crop-150.jpg 150w, https:\/\/dev.codekraft.it\/rotary-2024\/wp-content\/uploads\/2024\/05\/iso-14001-certificate-en-2024-05-square-crop-75.jpg 75w, https:\/\/dev.codekraft.it\/rotary-2024\/wp-content\/uploads\/2024\/05\/iso-14001-certificate-en-2024-05-square-crop-385.jpg 385w, https:\/\/dev.codekraft.it\/rotary-2024\/wp-content\/uploads\/2024\/05\/iso-14001-certificate-en-2024-05-square-crop-680.jpg 680w, https:\/\/dev.codekraft.it\/rotary-2024\/wp-content\/uploads\/2024\/05\/iso-14001-certificate-en-2024-05-square-crop-1200.jpg 1200w\" sizes=\"auto, (max-width: 600px) 100vw, 600px\" \/><\/a><\/figure>\n\n<p style=\"padding-top:var(--wp--preset--spacing--30)\"><a href=\"https:\/\/dev.codekraft.it\/rotary-2024\/wp-content\/uploads\/2024\/05\/iso-14001-certificate-vsge-bra-br-de-2024-05.pdf\" target=\"_blank\" rel=\"noreferrer noopener\">Environmental Management System ISO 14001:2015<\/a><\/p><\/div>\n\n<div class=\"wp-block-column is-layout-flow wp-block-column-is-layout-flow\" style=\"padding-right:var(--wp--preset--spacing--50);padding-bottom:var(--wp--preset--spacing--50);padding-left:var(--wp--preset--spacing--50)\"><figure class=\"wp-block-image size-full\"><img loading=\"lazy\" decoding=\"async\" width=\"600\" height=\"600\" src=\"https:\/\/dev.codekraft.it\/rotary-2024\/wp-content\/uploads\/2024\/05\/gost-certificate-2019-05.jpg\" alt=\"\" class=\"wp-image-314856\" srcset=\"https:\/\/dev.codekraft.it\/rotary-2024\/wp-content\/uploads\/2024\/05\/gost-certificate-2019-05.jpg 600w, https:\/\/dev.codekraft.it\/rotary-2024\/wp-content\/uploads\/2024\/05\/gost-certificate-2019-05-570x570.jpg 570w, https:\/\/dev.codekraft.it\/rotary-2024\/wp-content\/uploads\/2024\/05\/gost-certificate-2019-05-square-crop-150.jpg 150w, https:\/\/dev.codekraft.it\/rotary-2024\/wp-content\/uploads\/2024\/05\/gost-certificate-2019-05-square-crop-75.jpg 75w, https:\/\/dev.codekraft.it\/rotary-2024\/wp-content\/uploads\/2024\/05\/gost-certificate-2019-05-square-crop-385.jpg 385w, https:\/\/dev.codekraft.it\/rotary-2024\/wp-content\/uploads\/2024\/05\/gost-certificate-2019-05-square-crop-680.jpg 680w, https:\/\/dev.codekraft.it\/rotary-2024\/wp-content\/uploads\/2024\/05\/gost-certificate-2019-05-square-crop-1200.jpg 1200w\" sizes=\"auto, (max-width: 600px) 100vw, 600px\" \/><\/figure>\n\n<p style=\"padding-top:var(--wp--preset--spacing--30);padding-bottom:0\"><a href=\"https:\/\/dev.codekraft.it\/rotary-2024\/wp-content\/uploads\/2024\/05\/gost-certificate-vsg-part-1-2019-05.pdf\" target=\"_blank\" rel=\"noreferrer noopener\">GOST Certificate part-1<\/a><\/p>\n\n<p><a href=\"https:\/\/dev.codekraft.it\/rotary-2024\/wp-content\/uploads\/2024\/05\/gost-certificate-vsg-part-2-2019-05.pdf\" target=\"_blank\" rel=\"noreferrer noopener\">GOST Certificate part-2<\/a><\/p><\/div><\/div><\/div><\/div><\/div>","protected":false},"excerpt":{"rendered":"<p>Mit unseren Hochleistungs-Produkten decken wir die Anforderungen des harten Werkstatt-Alltags ab.<\/p>\n","protected":false},"author":1,"featured_media":314795,"parent":0,"menu_order":0,"comment_status":"closed","ping_status":"closed","template":"","meta":{"footnotes":""},"class_list":["post-4692","page","type-page","status-publish","has-post-thumbnail","hentry"],"lang":"de","translations":{"de":4692,"it":4690,"en":1936,"fr":4694,"es":4696,"ru":4698},"pll_sync_post":[],"_links":{"self":[{"href":"https:\/\/dev.codekraft.it\/rotary-2024\/wp-json\/wp\/v2\/pages\/4692","targetHints":{"allow":["GET"]}}],"collection":[{"href":"https:\/\/dev.codekraft.it\/rotary-2024\/wp-json\/wp\/v2\/pages"}],"about":[{"href":"https:\/\/dev.codekraft.it\/rotary-2024\/wp-json\/wp\/v2\/types\/page"}],"author":[{"embeddable":true,"href":"https:\/\/dev.codekraft.it\/rotary-2024\/wp-json\/wp\/v2\/users\/1"}],"replies":[{"embeddable":true,"href":"https:\/\/dev.codekraft.it\/rotary-2024\/wp-json\/wp\/v2\/comments?post=4692"}],"version-history":[{"count":9,"href":"https:\/\/dev.codekraft.it\/rotary-2024\/wp-json\/wp\/v2\/pages\/4692\/revisions"}],"predecessor-version":[{"id":373094,"href":"https:\/\/dev.codekraft.it\/rotary-2024\/wp-json\/wp\/v2\/pages\/4692\/revisions\/373094"}],"wp:featuredmedia":[{"embeddable":true,"href":"https:\/\/dev.codekraft.it\/rotary-2024\/wp-json\/wp\/v2\/media\/314795"}],"wp:attachment":[{"href":"https:\/\/dev.codekraft.it\/rotary-2024\/wp-json\/wp\/v2\/media?parent=4692"}],"curies":[{"name":"wp","href":"https:\/\/api.w.org\/{rel}","templated":true}]}}