{"id":30741,"date":"2020-12-02T15:39:39","date_gmt":"2020-12-02T15:39:39","guid":{"rendered":"http:\/\/dev.codekraft.it\/rotary\/?page_id=30741"},"modified":"2024-05-28T14:20:27","modified_gmt":"2024-05-28T14:20:27","slug":"connexion","status":"publish","type":"page","link":"https:\/\/dev.codekraft.it\/rotary-2024\/fr\/connexion\/","title":{"rendered":"Connexion"},"content":{"rendered":"<div class=\"wp-block-cover\" style=\"min-height:60vh;aspect-ratio:unset;\"><span aria-hidden=\"true\" class=\"wp-block-cover__background has-background-dim-10 has-background-dim\"><\/span><img loading=\"lazy\" decoding=\"async\" width=\"1920\" height=\"853\" src=\"https:\/\/dev.codekraft.it\/rotary-2024\/wp-content\/uploads\/2022\/08\/Rotary-hero-default-2022.jpeg\" class=\"wp-block-cover__image-background wp-post-image\" alt=\"\" data-object-fit=\"cover\" data-object-position=\"50% 60%\" style=\"object-position:50% 60%;\" srcset=\"https:\/\/dev.codekraft.it\/rotary-2024\/wp-content\/uploads\/2022\/08\/Rotary-hero-default-2022.jpeg 1920w, https:\/\/dev.codekraft.it\/rotary-2024\/wp-content\/uploads\/2022\/08\/Rotary-hero-default-2022-570x253.jpeg 570w, https:\/\/dev.codekraft.it\/rotary-2024\/wp-content\/uploads\/2022\/08\/Rotary-hero-default-2022-722x321.jpeg 722w\" sizes=\"auto, (max-width: 1920px) 100vw, 1920px\" \/><div class=\"wp-block-cover__inner-container has-global-padding is-layout-constrained wp-block-cover-is-layout-constrained\"><h2 style=\"font-style:normal;font-weight:700;\" class=\"has-text-align-center has-link-color alignwide wp-elements-d0c32d95ca02bbb2e7309397a916df3e wp-block-post-title has-text-color has-background-color has-xxx-large-font-size\">Connexion<\/h2><\/div><\/div><div class=\"wp-block-group alignclose has-global-padding is-layout-constrained wp-container-core-group-is-layout-a2ef9980 wp-block-group-is-layout-constrained\" style=\"padding-top:var(--wp--preset--spacing--80);padding-right:var(--wp--preset--spacing--60);padding-bottom:var(--wp--preset--spacing--80);padding-left:var(--wp--preset--spacing--60)\"><p>La Connexion Marketing, qui permet d\u2019acc\u00e9der \u00e0 nos portails d\u00e9di\u00e9s aux marques, offre des contenus et de pr\u00e9cieuses informations qui vous sont exclusivement r\u00e9serv\u00e9s en tant que partenaire commercial.<\/p>\n\n<p>Pour pouvoir y acc\u00e9der, il est n\u00e9cessaire de disposer des identifiants de connexion. Nous serons heureux de vous les fournir \u00e0 votre demande.<\/p><\/div><div class=\"wp-block-group alignclose has-global-padding is-layout-constrained wp-container-core-group-is-layout-8c9c06ee wp-block-group-is-layout-constrained\" style=\"padding-right:var(--wp--preset--spacing--60);padding-bottom:var(--wp--preset--spacing--80);padding-left:var(--wp--preset--spacing--60)\"><h3 class=\"wp-block-heading has-text-align-center has-foreground-color has-text-color has-link-color has-large-font-size wp-elements-7e38d821a19ffb886cfdb8fd8bbea9b7\" style=\"padding-bottom:var(--wp--preset--spacing--50);font-style:normal;font-weight:500\">Coordonn\u00e9es du contact<\/h3>\n\n<div style=\"height:var(--wp--preset--spacing--50)\" aria-hidden=\"true\" class=\"wp-block-spacer\"><\/div>\n\n<div class=\"wp-block-contact-form-7-contact-form-selector\">\n<div class=\"wpcf7 no-js\" id=\"wpcf7-f31264-o1\" lang=\"en-US\" dir=\"ltr\" data-wpcf7-id=\"31264\">\n<div class=\"screen-reader-response\"><p role=\"status\" aria-live=\"polite\" aria-atomic=\"true\"><\/p> <ul><\/ul><\/div>\n<form action=\"\/rotary-2024\/wp-json\/wp\/v2\/pages\/30741#wpcf7-f31264-o1\" method=\"post\" class=\"wpcf7-form init\" aria-label=\"Contact form\" novalidate=\"novalidate\" data-status=\"init\">\n<fieldset class=\"hidden-fields-container\"><input type=\"hidden\" name=\"_wpcf7\" value=\"31264\" \/><input type=\"hidden\" name=\"_wpcf7_version\" value=\"6.1.4\" \/><input type=\"hidden\" name=\"_wpcf7_locale\" value=\"en_US\" \/><input type=\"hidden\" name=\"_wpcf7_unit_tag\" value=\"wpcf7-f31264-o1\" \/><input type=\"hidden\" name=\"_wpcf7_container_post\" value=\"0\" \/><input type=\"hidden\" name=\"_wpcf7_posted_data_hash\" value=\"\" \/><input type=\"hidden\" name=\"_cf7a__timestamp\" value=\"5S16QwDGc2RtEOCNhVdwSg==\" \/><input type=\"hidden\" name=\"_cf7a_version\" value=\"1.0\" \/><input type=\"hidden\" name=\"_cf7a_address\" value=\"\" \/><input type=\"hidden\" name=\"_cf7a_referer\" value=\"\" \/><input type=\"hidden\" name=\"_cf7a_protocol\" value=\"\" \/><input type=\"hidden\" name=\"_cf7a_bot_fingerprint\" value=\"5S16QwDGc2RtEOCNhVdwSg==\" \/><input type=\"hidden\" name=\"_cf7a_bot_fingerprint_extras\" \/><input type=\"hidden\" name=\"_cf7a_append_on_submit\" \/>\n<\/fieldset>\n<div class=\"two-columns\">\n\t<p><label> <span class=\"wpcf7-form-control-wrap\" data-name=\"fname\"><input size=\"40\" maxlength=\"400\" class=\"wpcf7-form-control wpcf7-text wpcf7-validates-as-required\" aria-required=\"true\" aria-invalid=\"false\" placeholder=\"Pr\u00e9nom*\" value=\"\" type=\"text\" name=\"fname\" \/><input type=\"text\" name=\"name\" value=\"\" autocomplete=\"fill\" class=\"fit-the-fullspace\" aria-hidden=\"true\" tabindex=\"-1\" \/><\/span> <\/label><br \/>\n<label> <span class=\"wpcf7-form-control-wrap\" data-name=\"lname\"><input size=\"40\" maxlength=\"400\" class=\"wpcf7-form-control wpcf7-text wpcf7-validates-as-required\" aria-required=\"true\" aria-invalid=\"false\" placeholder=\"Nom*\" value=\"\" type=\"text\" name=\"lname\" \/><input type=\"text\" name=\"email\" value=\"\" autocomplete=\"fill\" class=\"fit-the-fullspace\" aria-hidden=\"true\" tabindex=\"-1\" \/><\/span> <\/label><br \/>\n<label> <span class=\"wpcf7-form-control-wrap\" data-name=\"company\"><input type=\"text\" name=\"address\" value=\"\" autocomplete=\"fill\" class=\"fit-the-fullspace\" aria-hidden=\"true\" tabindex=\"-1\" \/><input size=\"40\" maxlength=\"400\" class=\"wpcf7-form-control wpcf7-text wpcf7-validates-as-required\" aria-required=\"true\" aria-invalid=\"false\" placeholder=\"Entreprise*\" value=\"\" type=\"text\" name=\"company\" \/><\/span> <\/label><br \/>\n<label> <span class=\"wpcf7-form-control-wrap\" data-name=\"country\"><select class=\"wpcf7-form-control wpcf7-select vsge_country_select\" aria-invalid=\"false\" name=\"country\"><option value=\"Pays*\">Pays*<\/option><\/select><\/span> <\/label><br \/>\n<label> <span class=\"wpcf7-form-control-wrap\" data-name=\"region\"><select class=\"wpcf7-form-control wpcf7-select vsge_region_select\" aria-invalid=\"false\" name=\"region\"><option value=\"R\u00e9gion*\">R\u00e9gion*<\/option><\/select><\/span> <\/label><br \/>\n<label> <span class=\"wpcf7-form-control-wrap\" data-name=\"street\"><input type=\"text\" name=\"zip\" value=\"\" autocomplete=\"fill\" class=\"fit-the-fullspace\" aria-hidden=\"true\" tabindex=\"-1\" \/><input size=\"40\" maxlength=\"400\" class=\"wpcf7-form-control wpcf7-text wpcf7-validates-as-required\" aria-required=\"true\" aria-invalid=\"false\" placeholder=\"Rue*\" value=\"\" type=\"text\" name=\"street\" \/><\/span> <\/label><br \/>\n<label> <span class=\"wpcf7-form-control-wrap\" data-name=\"zip\"><input size=\"40\" maxlength=\"400\" class=\"wpcf7-form-control wpcf7-text wpcf7-validates-as-required\" aria-required=\"true\" aria-invalid=\"false\" placeholder=\"Code postal*\" value=\"\" type=\"text\" name=\"zip\" \/><input type=\"text\" name=\"town\" value=\"\" autocomplete=\"fill\" class=\"fit-the-fullspace\" aria-hidden=\"true\" tabindex=\"-1\" \/><\/span> <\/label><br \/>\n<label> <span class=\"wpcf7-form-control-wrap\" data-name=\"town\"><input size=\"40\" maxlength=\"400\" class=\"wpcf7-form-control wpcf7-text wpcf7-validates-as-required\" aria-required=\"true\" aria-invalid=\"false\" placeholder=\"Ville*\" value=\"\" type=\"text\" name=\"town\" \/><input type=\"text\" name=\"phone\" value=\"\" autocomplete=\"fill\" class=\"fit-the-fullspace\" aria-hidden=\"true\" tabindex=\"-1\" \/><\/span> <\/label><br \/>\n<label> <span class=\"wpcf7-form-control-wrap\" data-name=\"email\"><input size=\"40\" maxlength=\"400\" class=\"wpcf7-form-control wpcf7-email wpcf7-validates-as-required wpcf7-text wpcf7-validates-as-email\" aria-required=\"true\" aria-invalid=\"false\" placeholder=\"Courriel*\" value=\"\" type=\"email\" name=\"email\" \/><\/span> <\/label><br \/>\n<label> <span class=\"wpcf7-form-control-wrap\" data-name=\"telephone\"><input size=\"40\" maxlength=\"400\" class=\"wpcf7-form-control wpcf7-tel wpcf7-validates-as-required wpcf7-text wpcf7-validates-as-tel\" aria-required=\"true\" aria-invalid=\"false\" placeholder=\"T\u00e9l\u00e9phone*\" value=\"\" type=\"tel\" name=\"telephone\" \/><\/span> <\/label>\n\t<\/p>\n\t<p><span class=\"wpcf7-form-control-wrap\" data-name=\"customer-type\"><select class=\"wpcf7-form-control wpcf7-select wpcf7-validates-as-required\" aria-required=\"true\" aria-invalid=\"false\" name=\"customer-type\"><option value=\"\">Tipo di cliente*<\/option><option value=\"Utilisateur final\">Utilisateur final<\/option><option value=\"Distributeur\">Distributeur<\/option><\/select><\/span>\n\t<\/p>\n<\/div>\n<h3>D'acc\u00e8s souhait\u00e9\n<\/h3>\n<p><span class=\"wpcf7-form-control-wrap\" data-name=\"desired-access\"><span class=\"wpcf7-form-control wpcf7-checkbox wpcf7-validates-as-required\"><span class=\"wpcf7-list-item first\"><label><input type=\"checkbox\" name=\"desired-access[]\" value=\"Rotary\" \/><span class=\"wpcf7-list-item-label\">Rotary<\/span><\/label><\/span><span class=\"wpcf7-list-item last\"><label><input type=\"checkbox\" name=\"desired-access[]\" value=\"VSG\" \/><span class=\"wpcf7-list-item-label\">VSG<\/span><\/label><\/span><\/span><\/span>\n<\/p>\n<h3>Consentement \u00e0 l\u2019\u00e9tude de march\u00e9\n<\/h3>\n<p>Puisque nous d\u00e9veloppons sans cesse nos produits et services, nous aimerions que vous preniez part \u00e0 ce processus en tant que partenaire commercial et aimerions donc avoir votre soutien en ce sens.\n<\/p>\n<p><span class=\"wpcf7-form-control-wrap\" data-name=\"market-research\"><span class=\"wpcf7-form-control wpcf7-checkbox\"><span class=\"wpcf7-list-item first last\"><label><input type=\"checkbox\" name=\"market-research[]\" value=\"Consentement \u00e0 l\u2019\u00e9tude de march\u00e9\" \/><span class=\"wpcf7-list-item-label\">Consentement \u00e0 l\u2019\u00e9tude de march\u00e9<\/span><\/label><\/span><\/span><\/span>\n<\/p>\n<p>Vos donn\u00e9es seront utilis\u00e9es dans le plus strict respect de la confidentialit\u00e9 et ne seront pas transmises \u00e0 des tiers.\n<\/p>\n<p><label> <span class=\"wpcf7-form-control-wrap\" data-name=\"accepted\"><span class=\"wpcf7-form-control wpcf7-acceptance\"><span class=\"wpcf7-list-item\"><input type=\"checkbox\" name=\"accepted\" value=\"1\" aria-invalid=\"false\" \/><\/span><\/span><\/span>J'ai lu la <a href=\"politique-de-confidentialite\/\"><b>politique de confidentialit\u00e9<\/b><\/a>*<\/label><br \/>\n<input class=\"wpcf7-form-control wpcf7-submit has-spinner\" type=\"submit\" value=\"Soumettre\" \/>\n<\/p><div class=\"wpcf7-response-output\" aria-hidden=\"true\"><\/div>\n<\/form>\n<\/div>\n<\/div><\/div>","protected":false},"excerpt":{"rendered":"<p>La Connexion Marketing, qui permet d\u2019acc\u00e9der \u00e0 nos portails d\u00e9di\u00e9s aux marques, offre des contenus et de pr\u00e9cieuses informations qui vous sont exclusivement r\u00e9serv\u00e9s en tant que partenaire commercial. Pour pouvoir y acc\u00e9der, il est n\u00e9cessaire de disposer des identifiants de connexion. Nous serons heureux de vous les fournir \u00e0 votre demande. Coordonn\u00e9es du contact<\/p>\n","protected":false},"author":1,"featured_media":202496,"parent":0,"menu_order":0,"comment_status":"closed","ping_status":"closed","template":"","meta":{"footnotes":""},"class_list":["post-30741","page","type-page","status-publish","has-post-thumbnail","hentry"],"lang":"fr","translations":{"fr":30741,"de":30731,"en":30109,"it":30755,"es":30758,"ru":30766},"pll_sync_post":[],"_links":{"self":[{"href":"https:\/\/dev.codekraft.it\/rotary-2024\/wp-json\/wp\/v2\/pages\/30741","targetHints":{"allow":["GET"]}}],"collection":[{"href":"https:\/\/dev.codekraft.it\/rotary-2024\/wp-json\/wp\/v2\/pages"}],"about":[{"href":"https:\/\/dev.codekraft.it\/rotary-2024\/wp-json\/wp\/v2\/types\/page"}],"author":[{"embeddable":true,"href":"https:\/\/dev.codekraft.it\/rotary-2024\/wp-json\/wp\/v2\/users\/1"}],"replies":[{"embeddable":true,"href":"https:\/\/dev.codekraft.it\/rotary-2024\/wp-json\/wp\/v2\/comments?post=30741"}],"version-history":[{"count":7,"href":"https:\/\/dev.codekraft.it\/rotary-2024\/wp-json\/wp\/v2\/pages\/30741\/revisions"}],"predecessor-version":[{"id":315849,"href":"https:\/\/dev.codekraft.it\/rotary-2024\/wp-json\/wp\/v2\/pages\/30741\/revisions\/315849"}],"wp:featuredmedia":[{"embeddable":true,"href":"https:\/\/dev.codekraft.it\/rotary-2024\/wp-json\/wp\/v2\/media\/202496"}],"wp:attachment":[{"href":"https:\/\/dev.codekraft.it\/rotary-2024\/wp-json\/wp\/v2\/media?parent=30741"}],"curies":[{"name":"wp","href":"https:\/\/api.w.org\/{rel}","templated":true}]}}