{"id":30731,"date":"2020-12-02T15:39:39","date_gmt":"2020-12-02T15:39:39","guid":{"rendered":"http:\/\/dev.codekraft.it\/rotary\/?page_id=30731"},"modified":"2024-05-28T14:19:18","modified_gmt":"2024-05-28T14:19:18","slug":"login-antrag","status":"publish","type":"page","link":"https:\/\/dev.codekraft.it\/rotary-2024\/login-antrag\/","title":{"rendered":"Login-Antrag"},"content":{"rendered":"<div class=\"wp-block-cover\" style=\"min-height:60vh;aspect-ratio:unset;\"><span aria-hidden=\"true\" class=\"wp-block-cover__background has-background-dim-10 has-background-dim\"><\/span><img loading=\"lazy\" decoding=\"async\" width=\"1920\" height=\"853\" src=\"https:\/\/dev.codekraft.it\/rotary-2024\/wp-content\/uploads\/2022\/08\/Rotary-hero-default-2022.jpeg\" class=\"wp-block-cover__image-background wp-post-image\" alt=\"\" data-object-fit=\"cover\" data-object-position=\"50% 60%\" style=\"object-position:50% 60%;\" srcset=\"https:\/\/dev.codekraft.it\/rotary-2024\/wp-content\/uploads\/2022\/08\/Rotary-hero-default-2022.jpeg 1920w, https:\/\/dev.codekraft.it\/rotary-2024\/wp-content\/uploads\/2022\/08\/Rotary-hero-default-2022-570x253.jpeg 570w, https:\/\/dev.codekraft.it\/rotary-2024\/wp-content\/uploads\/2022\/08\/Rotary-hero-default-2022-722x321.jpeg 722w\" sizes=\"auto, (max-width: 1920px) 100vw, 1920px\" \/><div class=\"wp-block-cover__inner-container has-global-padding is-layout-constrained wp-block-cover-is-layout-constrained\"><h2 style=\"font-style:normal;font-weight:700;\" class=\"has-text-align-center has-link-color alignwide wp-elements-d0c32d95ca02bbb2e7309397a916df3e wp-block-post-title has-text-color has-background-color has-xxx-large-font-size\">Login-Antrag<\/h2><\/div><\/div><div class=\"wp-block-group alignclose has-global-padding is-layout-constrained wp-container-core-group-is-layout-a2ef9980 wp-block-group-is-layout-constrained\" style=\"padding-top:var(--wp--preset--spacing--80);padding-right:var(--wp--preset--spacing--60);padding-bottom:var(--wp--preset--spacing--80);padding-left:var(--wp--preset--spacing--60)\"><p>Der Marketing Login-Bereich bietet Zugang zu unseren Marken-Portalen, die umfangreiches Material und wertvolle Informationen enthalten, die wir Ihnen als unserem Gesch\u00e4ftspartner exklusiv anbieten.<\/p>\n\n<p>F\u00fcr den Zugang ben\u00f6tigen Sie spezielle Login-Informationen, die wir Ihnen auf Anfrage gerne zur Verf\u00fcgung stellen.<\/p><\/div><div class=\"wp-block-group alignclose has-global-padding is-layout-constrained wp-container-core-group-is-layout-8c9c06ee wp-block-group-is-layout-constrained\" style=\"padding-right:var(--wp--preset--spacing--60);padding-bottom:var(--wp--preset--spacing--80);padding-left:var(--wp--preset--spacing--60)\"><h3 class=\"wp-block-heading has-text-align-center has-foreground-color has-text-color has-link-color has-large-font-size wp-elements-367b4ad19482f004cd9caa760acca8a9\" style=\"padding-bottom:var(--wp--preset--spacing--50);font-style:normal;font-weight:500\">Kontakt-Information<\/h3>\n\n<div style=\"height:var(--wp--preset--spacing--50)\" aria-hidden=\"true\" class=\"wp-block-spacer\"><\/div>\n\n<div class=\"wp-block-contact-form-7-contact-form-selector\">\n<div class=\"wpcf7 no-js\" id=\"wpcf7-f31057-o1\" lang=\"en-US\" dir=\"ltr\" data-wpcf7-id=\"31057\">\n<div class=\"screen-reader-response\"><p role=\"status\" aria-live=\"polite\" aria-atomic=\"true\"><\/p> <ul><\/ul><\/div>\n<form action=\"\/rotary-2024\/wp-json\/wp\/v2\/pages\/30731#wpcf7-f31057-o1\" method=\"post\" class=\"wpcf7-form init\" aria-label=\"Contact form\" novalidate=\"novalidate\" data-status=\"init\">\n<fieldset class=\"hidden-fields-container\"><input type=\"hidden\" name=\"_wpcf7\" value=\"31057\" \/><input type=\"hidden\" name=\"_wpcf7_version\" value=\"6.1.4\" \/><input type=\"hidden\" name=\"_wpcf7_locale\" value=\"en_US\" \/><input type=\"hidden\" name=\"_wpcf7_unit_tag\" value=\"wpcf7-f31057-o1\" \/><input type=\"hidden\" name=\"_wpcf7_container_post\" value=\"0\" \/><input type=\"hidden\" name=\"_wpcf7_posted_data_hash\" value=\"\" \/><input type=\"hidden\" name=\"_cf7a__timestamp\" value=\"Km18taJeNqUN4EFzYcHj3Q==\" \/><input type=\"hidden\" name=\"_cf7a_version\" value=\"1.0\" \/><input type=\"hidden\" name=\"_cf7a_address\" value=\"\" \/><input type=\"hidden\" name=\"_cf7a_referer\" value=\"\" \/><input type=\"hidden\" name=\"_cf7a_protocol\" value=\"\" \/><input type=\"hidden\" name=\"_cf7a_bot_fingerprint\" value=\"Km18taJeNqUN4EFzYcHj3Q==\" \/><input type=\"hidden\" name=\"_cf7a_bot_fingerprint_extras\" \/><input type=\"hidden\" name=\"_cf7a_append_on_submit\" \/>\n<\/fieldset>\n<div class=\"two-columns\">\n\t<p><label> <span class=\"wpcf7-form-control-wrap\" data-name=\"fname\"><input type=\"text\" name=\"name\" value=\"\" autocomplete=\"fill\" class=\"fit-the-fullspace\" aria-hidden=\"true\" tabindex=\"-1\" \/><input size=\"40\" maxlength=\"400\" class=\"wpcf7-form-control wpcf7-text wpcf7-validates-as-required\" aria-required=\"true\" aria-invalid=\"false\" placeholder=\"Vorname*\" value=\"\" type=\"text\" name=\"fname\" \/><\/span> <\/label><br \/>\n<label> <span class=\"wpcf7-form-control-wrap\" data-name=\"lname\"><input type=\"text\" name=\"email\" value=\"\" autocomplete=\"fill\" class=\"fit-the-fullspace\" aria-hidden=\"true\" tabindex=\"-1\" \/><input size=\"40\" maxlength=\"400\" class=\"wpcf7-form-control wpcf7-text wpcf7-validates-as-required\" aria-required=\"true\" aria-invalid=\"false\" placeholder=\"Nachname*\" value=\"\" type=\"text\" name=\"lname\" \/><\/span> <\/label><br \/>\n<label> <span class=\"wpcf7-form-control-wrap\" data-name=\"company\"><input size=\"40\" maxlength=\"400\" class=\"wpcf7-form-control wpcf7-text wpcf7-validates-as-required\" aria-required=\"true\" aria-invalid=\"false\" placeholder=\"Firma*\" value=\"\" type=\"text\" name=\"company\" \/><input type=\"text\" name=\"address\" value=\"\" autocomplete=\"fill\" class=\"fit-the-fullspace\" aria-hidden=\"true\" tabindex=\"-1\" \/><\/span> <\/label><br \/>\n<label> <span class=\"wpcf7-form-control-wrap\" data-name=\"country\"><select class=\"wpcf7-form-control wpcf7-select vsge_country_select\" aria-invalid=\"false\" name=\"country\"><option value=\"Land*\">Land*<\/option><\/select><\/span> <\/label><br \/>\n<label> <span class=\"wpcf7-form-control-wrap\" data-name=\"region\"><select class=\"wpcf7-form-control wpcf7-select vsge_region_select\" aria-invalid=\"false\" name=\"region\"><option value=\"Region*\">Region*<\/option><\/select><\/span> <\/label><br \/>\n<label> <span class=\"wpcf7-form-control-wrap\" data-name=\"street\"><input type=\"text\" name=\"zip\" value=\"\" autocomplete=\"fill\" class=\"fit-the-fullspace\" aria-hidden=\"true\" tabindex=\"-1\" \/><input size=\"40\" maxlength=\"400\" class=\"wpcf7-form-control wpcf7-text wpcf7-validates-as-required\" aria-required=\"true\" aria-invalid=\"false\" placeholder=\"Stra\u00dfe*\" value=\"\" type=\"text\" name=\"street\" \/><\/span> <\/label><br \/>\n<label> <span class=\"wpcf7-form-control-wrap\" data-name=\"zip\"><input size=\"40\" maxlength=\"400\" class=\"wpcf7-form-control wpcf7-text wpcf7-validates-as-required\" aria-required=\"true\" aria-invalid=\"false\" placeholder=\"PLZ*\" value=\"\" type=\"text\" name=\"zip\" \/><input type=\"text\" name=\"town\" value=\"\" autocomplete=\"fill\" class=\"fit-the-fullspace\" aria-hidden=\"true\" tabindex=\"-1\" \/><\/span> <\/label><br \/>\n<label> <span class=\"wpcf7-form-control-wrap\" data-name=\"town\"><input type=\"text\" name=\"phone\" value=\"\" autocomplete=\"fill\" class=\"fit-the-fullspace\" aria-hidden=\"true\" tabindex=\"-1\" \/><input size=\"40\" maxlength=\"400\" class=\"wpcf7-form-control wpcf7-text wpcf7-validates-as-required\" aria-required=\"true\" aria-invalid=\"false\" placeholder=\"Ort*\" value=\"\" type=\"text\" name=\"town\" \/><\/span> <\/label><br \/>\n<label> <span class=\"wpcf7-form-control-wrap\" data-name=\"email\"><input size=\"40\" maxlength=\"400\" class=\"wpcf7-form-control wpcf7-email wpcf7-validates-as-required wpcf7-text wpcf7-validates-as-email\" aria-required=\"true\" aria-invalid=\"false\" placeholder=\"E-Mail*\" value=\"\" type=\"email\" name=\"email\" \/><\/span> <\/label><br \/>\n<label> <span class=\"wpcf7-form-control-wrap\" data-name=\"telephone\"><input size=\"40\" maxlength=\"400\" class=\"wpcf7-form-control wpcf7-tel wpcf7-validates-as-required wpcf7-text wpcf7-validates-as-tel\" aria-required=\"true\" aria-invalid=\"false\" placeholder=\"Telefon*\" value=\"\" type=\"tel\" name=\"telephone\" \/><\/span> <\/label>\n\t<\/p>\n\t<p><span class=\"wpcf7-form-control-wrap\" data-name=\"customer-type\"><select class=\"wpcf7-form-control wpcf7-select wpcf7-validates-as-required\" aria-required=\"true\" aria-invalid=\"false\" name=\"customer-type\"><option value=\"\">Kundentyp*<\/option><option value=\"Endanwender\">Endanwender<\/option><option value=\"Vertriebspartner\">Vertriebspartner<\/option><\/select><\/span>\n\t<\/p>\n<\/div>\n<h3>Gew\u00fcnschter Zugang\n<\/h3>\n<p><span class=\"wpcf7-form-control-wrap\" data-name=\"desired-access\"><span class=\"wpcf7-form-control wpcf7-checkbox wpcf7-validates-as-required\"><span class=\"wpcf7-list-item first\"><label><input type=\"checkbox\" name=\"desired-access[]\" value=\"Rotary\" \/><span class=\"wpcf7-list-item-label\">Rotary<\/span><\/label><\/span><span class=\"wpcf7-list-item last\"><label><input type=\"checkbox\" name=\"desired-access[]\" value=\"VSG\" \/><span class=\"wpcf7-list-item-label\">VSG<\/span><\/label><\/span><\/span><\/span>\n<\/p>\n<h3>Einwilligung Marktforschung\n<\/h3>\n<p>Noch eine Bitte: Da wir unsere Produkte und Dienstleistungen st\u00e4ndig weiterentwickeln, und Sie als unseren Gesch\u00e4ftspartner in diesen Prozess gerne mit einbeziehen m\u00f6chten, freuen wir uns \u00fcber Ihre Bereitschaft, uns dabei zu unterst\u00fctzen.\n<\/p>\n<p><span class=\"wpcf7-form-control-wrap\" data-name=\"market-research\"><span class=\"wpcf7-form-control wpcf7-checkbox\"><span class=\"wpcf7-list-item first last\"><label><input type=\"checkbox\" name=\"market-research[]\" value=\"Einwilligung Marktforschung\" \/><span class=\"wpcf7-list-item-label\">Einwilligung Marktforschung<\/span><\/label><\/span><\/span><\/span>\n<\/p>\n<p>Ihre Daten werden streng vertraulich behandelt und nicht an Dritte \u00fcbermittelt.\n<\/p>\n<p><label> <span class=\"wpcf7-form-control-wrap\" data-name=\"accepted\"><span class=\"wpcf7-form-control wpcf7-acceptance\"><span class=\"wpcf7-list-item\"><input type=\"checkbox\" name=\"accepted\" value=\"1\" aria-invalid=\"false\" \/><\/span><\/span><\/span> Ich habe die <a href=\"datenschutzerklarung\/\"><b>Datenschutzbestimmungen<\/b><\/a> gelesen*<\/label><br \/>\n<input class=\"wpcf7-form-control wpcf7-submit has-spinner\" type=\"submit\" value=\"Absenden\" \/>\n<\/p><div class=\"wpcf7-response-output\" aria-hidden=\"true\"><\/div>\n<\/form>\n<\/div>\n<\/div><\/div>","protected":false},"excerpt":{"rendered":"<p>Der Marketing Login-Bereich bietet Zugang zu unseren Marken-Portalen, die umfangreiches Material und wertvolle Informationen enthalten, die wir Ihnen als unserem Gesch\u00e4ftspartner exklusiv anbieten. F\u00fcr den Zugang ben\u00f6tigen Sie spezielle Login-Informationen, die wir Ihnen auf Anfrage gerne zur Verf\u00fcgung stellen. Kontakt-Information<\/p>\n","protected":false},"author":1,"featured_media":202496,"parent":0,"menu_order":0,"comment_status":"closed","ping_status":"closed","template":"","meta":{"footnotes":""},"class_list":["post-30731","page","type-page","status-publish","has-post-thumbnail","hentry"],"lang":"de","translations":{"de":30731,"en":30109,"fr":30741,"it":30755,"es":30758,"ru":30766},"pll_sync_post":[],"_links":{"self":[{"href":"https:\/\/dev.codekraft.it\/rotary-2024\/wp-json\/wp\/v2\/pages\/30731","targetHints":{"allow":["GET"]}}],"collection":[{"href":"https:\/\/dev.codekraft.it\/rotary-2024\/wp-json\/wp\/v2\/pages"}],"about":[{"href":"https:\/\/dev.codekraft.it\/rotary-2024\/wp-json\/wp\/v2\/types\/page"}],"author":[{"embeddable":true,"href":"https:\/\/dev.codekraft.it\/rotary-2024\/wp-json\/wp\/v2\/users\/1"}],"replies":[{"embeddable":true,"href":"https:\/\/dev.codekraft.it\/rotary-2024\/wp-json\/wp\/v2\/comments?post=30731"}],"version-history":[{"count":5,"href":"https:\/\/dev.codekraft.it\/rotary-2024\/wp-json\/wp\/v2\/pages\/30731\/revisions"}],"predecessor-version":[{"id":315847,"href":"https:\/\/dev.codekraft.it\/rotary-2024\/wp-json\/wp\/v2\/pages\/30731\/revisions\/315847"}],"wp:featuredmedia":[{"embeddable":true,"href":"https:\/\/dev.codekraft.it\/rotary-2024\/wp-json\/wp\/v2\/media\/202496"}],"wp:attachment":[{"href":"https:\/\/dev.codekraft.it\/rotary-2024\/wp-json\/wp\/v2\/media?parent=30731"}],"curies":[{"name":"wp","href":"https:\/\/api.w.org\/{rel}","templated":true}]}}