{"id":157894,"date":"2026-01-12T11:32:20","date_gmt":"2026-01-12T11:32:20","guid":{"rendered":"https:\/\/dev.codekraft.it\/ravaglioli.it\/product\/pont-a-doubles-ciseaux-rav518nl-230-400-v-50-hz-2\/"},"modified":"2026-01-15T00:11:37","modified_gmt":"2026-01-15T00:11:37","slug":"pont-a-doubles-ciseaux-rav518nl-230-400-v-50-hz-2","status":"publish","type":"product","link":"https:\/\/dev.codekraft.it\/ravaglioli.it\/fr\/product\/pont-a-doubles-ciseaux-rav518nl-230-400-v-50-hz-2\/","title":{"rendered":"Pont \u00e0 doubles ciseaux RAV518NL 230-400 V &#8211; 50 Hz"},"content":{"rendered":"<ul>\n<li>La synchronisation hydraulique des mouvements des plateformes est ind\u00e9pendante de la r\u00e9partition de la charge, gr\u00e2ce \u00e0 un dispositif de r\u00e9gulation brevet\u00e9.<\/li>\n<li>Absence de liaisons m\u00e9caniques entre les plateformes (encombrement optimal dans la zone de travail).<\/li>\n<li>Vitesse de mouvement des plateformes ralentie lors des phases de d\u00e9collage et de retour au sol.<\/li>\n<li>Pivots d\u2019articulation avec douilles autolubrifiantes ne n\u00e9cessitant aucun entretien.<\/li>\n<li>Dispositif de s\u00e9curit\u00e9 m\u00e9canique \u00e0 insertion automatique et d\u00e9sinsertion pneumatique, qui emp\u00eache la descente accidentelle de la charge, garantissant une s\u00e9curit\u00e9 maximale pendant le stationnement.<\/li>\n<li>Signal acoustique \u00e0 la fin du mouvement de descente.<\/li>\n<li>Bielles en acier haute r\u00e9sistance.<\/li>\n<li>Fin de course m\u00e9caniques r\u00e9glables.<\/li>\n<\/ul>\n<p><strong>Version encastr\u00e9e.<\/strong><\/p>\n<ul>\n<li>La faible \u00e9paisseur du pont permet d\u00e9sinstallations encastr\u00e9es m\u00eame l\u00e0 o\u00f9 il serait impossible de cr\u00e9er des fosses de profondeur habituelle pour ce type de pont.\n<p>\u00a0<\/p>\n<\/li>\n<\/ul>\n","protected":false},"excerpt":{"rendered":"<p>3,0 t, \u00e1 profil bas (110 mm), \u00e9lectrohydraulique, au-dessus du sol<\/p>\n","protected":false},"featured_media":157650,"template":"","meta":[],"product_brand":[],"product_cat":[58110],"product_tag":[63157,58326,58290],"product_approvals":[],"product_application":[],"class_list":{"0":"post-157894","1":"product","2":"type-product","3":"status-publish","4":"has-post-thumbnail","6":"product_cat-ponts-a-doubles-ciseaux-fr","7":"product_tag-quickship-fr","8":"product_tag-light-commercial-fr","9":"product_tag-passenger-cars-fr","11":"first","12":"instock","13":"shipping-taxable","14":"product-type-simple"},"approvals":[],"application":[],"brb_media_brochure":[{"id":157651,"url":"https:\/\/dev.codekraft.it\/ravaglioli.it\/wp-content\/uploads\/brb_media\/00550392_double-scissor-lifts-rav518-rav535-br-de-2025-10-screen.pdf","title":"Double Scissor Lifts RAV518 RAV535 BR DE 2025 10 screen","mpn":"","thumbnail":"https:\/\/dev.codekraft.it\/ravaglioli.it\/wp-content\/uploads\/brb_media\/00550392_double-scissor-lifts-rav518-rav535-br-de-2025-10-screen-pdf-106x150.png","description":""},{"id":157652,"url":"https:\/\/dev.codekraft.it\/ravaglioli.it\/wp-content\/uploads\/brb_media\/00550393_double-scissor-lifts-rav518-rav535-br-en-2025-10-screen.pdf","title":"Double Scissor Lifts RAV518 RAV535 BR EN 2025 10 screen","mpn":"","thumbnail":"https:\/\/dev.codekraft.it\/ravaglioli.it\/wp-content\/uploads\/brb_media\/00550393_double-scissor-lifts-rav518-rav535-br-en-2025-10-screen-pdf-107x150.png","description":""},{"id":157653,"url":"https:\/\/dev.codekraft.it\/ravaglioli.it\/wp-content\/uploads\/brb_media\/00550395_double-scissor-lifts-rav518-rav535-br-fr-2025-10-screen.pdf","title":"Double Scissor Lifts RAV518 RAV535 BR FR 2025 10 screen","mpn":"","thumbnail":"https:\/\/dev.codekraft.it\/ravaglioli.it\/wp-content\/uploads\/brb_media\/00550395_double-scissor-lifts-rav518-rav535-br-fr-2025-10-screen-pdf-106x150.png","description":""},{"id":157655,"url":"https:\/\/dev.codekraft.it\/ravaglioli.it\/wp-content\/uploads\/brb_media\/00550394_double-scissor-lifts-rav518-rav535-br-es-2025-10-screen.pdf","title":"Double Scissor Lifts RAV518 RAV535 BR ES 2025 10 screen","mpn":"","thumbnail":"https:\/\/dev.codekraft.it\/ravaglioli.it\/wp-content\/uploads\/brb_media\/00550394_double-scissor-lifts-rav518-rav535-br-es-2025-10-screen-pdf-106x150.png","description":""},{"id":157654,"url":"https:\/\/dev.codekraft.it\/ravaglioli.it\/wp-content\/uploads\/brb_media\/00550396_double-scissor-lifts-rav518-rav535-br-it-2025-10-screen.pdf","title":"Double Scissor Lifts RAV518 RAV535 BR IT 2025 10 screen","mpn":"","thumbnail":"https:\/\/dev.codekraft.it\/ravaglioli.it\/wp-content\/uploads\/brb_media\/00550396_double-scissor-lifts-rav518-rav535-br-it-2025-10-screen-pdf-106x150.png","description":""},{"id":157656,"url":"https:\/\/dev.codekraft.it\/ravaglioli.it\/wp-content\/uploads\/brb_media\/00550397_double-scissor-lifts-rav518-rav535-br-ru-2025-10-screen.pdf","title":"Double Scissor Lifts RAV518 RAV535 BR RU 2025 10 screen","mpn":"","thumbnail":"https:\/\/dev.codekraft.it\/ravaglioli.it\/wp-content\/uploads\/brb_media\/00550397_double-scissor-lifts-rav518-rav535-br-ru-2025-10-screen-pdf-106x150.png","description":""}],"brb_media_drawing":[{"id":157689,"url":"https:\/\/dev.codekraft.it\/ravaglioli.it\/wp-content\/uploads\/brb_media\/00550400_double-scissor-lifts-rav518nl_vave-td-057908130-2005-09.pdf","title":"Double Scissor Lifts RAV518NL VAVE TD 057908130 2005 09","mpn":"","thumbnail":"https:\/\/dev.codekraft.it\/ravaglioli.it\/wp-content\/uploads\/brb_media\/00550400_double-scissor-lifts-rav518nl_vave-td-057908130-2005-09-pdf-107x150.png","description":""}],"brb_media_manuals":[{"id":157657,"url":"https:\/\/dev.codekraft.it\/ravaglioli.it\/wp-content\/uploads\/brb_media\/00550399_double-scissor-lifts-rav518nl-rav535_vave-im-0579-m2300-0_vsg_rev00-multi-2025-09.pdf","title":"Double Scissor Lifts RAV518NL RAV535 VAVE IM 0579 M2300 0 VSG Rev00 multi 2025 09","mpn":"","thumbnail":"https:\/\/dev.codekraft.it\/ravaglioli.it\/wp-content\/uploads\/brb_media\/00550399_double-scissor-lifts-rav518nl-rav535_vave-im-0579-m2300-0_vsg_rev00-multi-2025-09-pdf-106x150.png","description":""}],"brb_media_safety_datasheets":"","brb_media_spare_parts":[],"_cdmm_p_id":"506973","_company":"Ravaglioli","_gtin":"5063084196026","accessories":[{"id":152191,"mpn":"S505A2","name":"Traverses pour XS30-CAT","description":"Pour v\u00e9hicules tout-terrain | 1 jeu \/ 2 pi\u00e8ces","thumbnail":"https:\/\/dev.codekraft.it\/ravaglioli.it\/wp-content\/uploads\/brb_media\/00509455_scissor-lift-s505a2-mi-150x150.png","url":"https:\/\/dev.codekraft.it\/ravaglioli.it\/fr\/product\/traverses-pour-xs30-cat\/"},{"id":152204,"mpn":"S518A20","name":"Couverture de tuyau 1 m | pour installation au sol","description":"1 m | pour installation au sol","thumbnail":"https:\/\/dev.codekraft.it\/ravaglioli.it\/wp-content\/uploads\/brb_media\/00550550_double-scissor-lifts-s518a20-mi-150x150.png","url":"https:\/\/dev.codekraft.it\/ravaglioli.it\/fr\/product\/couverture-de-tuyau-1-m-pour-installation-au-sol\/"},{"id":152679,"mpn":"S540A1","name":"Kit de rampes d&#039;acc\u00e8s","description":"Longues suppl\u00e9mentaires rampes pour v\u00e9hicules surbaiss\u00e9s","thumbnail":"https:\/\/dev.codekraft.it\/ravaglioli.it\/wp-content\/uploads\/brb_media\/00509456_scissor-lift-s540a1-mi-150x150.png","url":"https:\/\/dev.codekraft.it\/ravaglioli.it\/fr\/product\/kit-de-rampes-dacces\/"},{"id":153625,"mpn":"S518A21","name":"Kit transformation pour \u00e9ncatrement pont","description":"","thumbnail":"https:\/\/dev.codekraft.it\/ravaglioli.it\/wp-content\/uploads\/brb_media\/00550549_double-scissor-lifts-s535a1-recess-mounted-kit-mi-150x115.png","url":"https:\/\/dev.codekraft.it\/ravaglioli.it\/fr\/product\/kit-transformation-pour-encatrement-pont\/"},{"id":153631,"mpn":"S535A1","name":"Kit transformation pour \u00e9ncatrement pont","description":"","thumbnail":"https:\/\/dev.codekraft.it\/ravaglioli.it\/wp-content\/uploads\/brb_media\/00550549_double-scissor-lifts-s535a1-recess-mounted-kit-mi-150x115.png","url":"https:\/\/dev.codekraft.it\/ravaglioli.it\/fr\/product\/kit-transformation-pour-encatrement-pont-2\/"},{"id":153643,"mpn":"S540A2","name":"Kit transformation pour \u00e9ncatrement pont","description":"","thumbnail":"https:\/\/dev.codekraft.it\/ravaglioli.it\/wp-content\/uploads\/brb_media\/00550549_double-scissor-lifts-s535a1-recess-mounted-kit-mi-150x115.png","url":"https:\/\/dev.codekraft.it\/ravaglioli.it\/fr\/product\/kit-transformation-pour-encatrement-pont-4\/"}],"components":[],"delivery":[],"package":[],"related":[],"similar":[],"page_logo_src":"https:\/\/dev.codekraft.it\/ravaglioli.it\/wp-content\/uploads\/2026\/04\/rav-negative-logo-1.png","lang":"fr","translations":{"fr":157894,"en":157892,"de":157893,"it":157895,"es":157896,"ru":157897},"pll_sync_post":[],"_links":{"self":[{"href":"https:\/\/dev.codekraft.it\/ravaglioli.it\/wp-json\/wp\/v2\/product\/157894","targetHints":{"allow":["GET"]}}],"collection":[{"href":"https:\/\/dev.codekraft.it\/ravaglioli.it\/wp-json\/wp\/v2\/product"}],"about":[{"href":"https:\/\/dev.codekraft.it\/ravaglioli.it\/wp-json\/wp\/v2\/types\/product"}],"wp:featuredmedia":[{"embeddable":true,"href":"https:\/\/dev.codekraft.it\/ravaglioli.it\/wp-json\/wp\/v2\/media\/157650"}],"wp:attachment":[{"href":"https:\/\/dev.codekraft.it\/ravaglioli.it\/wp-json\/wp\/v2\/media?parent=157894"}],"wp:term":[{"taxonomy":"product_brand","embeddable":true,"href":"https:\/\/dev.codekraft.it\/ravaglioli.it\/wp-json\/wp\/v2\/product_brand?post=157894"},{"taxonomy":"product_cat","embeddable":true,"href":"https:\/\/dev.codekraft.it\/ravaglioli.it\/wp-json\/wp\/v2\/product_cat?post=157894"},{"taxonomy":"product_tag","embeddable":true,"href":"https:\/\/dev.codekraft.it\/ravaglioli.it\/wp-json\/wp\/v2\/product_tag?post=157894"},{"taxonomy":"product_approvals","embeddable":true,"href":"https:\/\/dev.codekraft.it\/ravaglioli.it\/wp-json\/wp\/v2\/product_approvals?post=157894"},{"taxonomy":"product_application","embeddable":true,"href":"https:\/\/dev.codekraft.it\/ravaglioli.it\/wp-json\/wp\/v2\/product_application?post=157894"}],"curies":[{"name":"wp","href":"https:\/\/api.w.org\/{rel}","templated":true}]}}