{"id":157874,"date":"2026-01-07T15:55:24","date_gmt":"2026-01-07T15:55:24","guid":{"rendered":"https:\/\/dev.codekraft.it\/ravaglioli.it\/product\/pont-elevateur-a-2-colonnes-kph370-42llk-2\/"},"modified":"2026-01-14T22:27:16","modified_gmt":"2026-01-14T22:27:16","slug":"pont-elevateur-a-2-colonnes-kph370-42llk-2","status":"publish","type":"product","link":"https:\/\/dev.codekraft.it\/ravaglioli.it\/fr\/product\/pont-elevateur-a-2-colonnes-kph370-42llk-2\/","title":{"rendered":"Pont \u00e9l\u00e9vateur \u00e0 2 colonnes KPH370.42LLK"},"content":{"rendered":"<p>Pont \u00e9l\u00e9vateur pour voiture de sport<\/p>\n<ul>\n<li>\u00c9quipe avec 4 bras longs \u00e0 double \u00e9tage et profil surbaiss\u00e9 pour un simple positionnement au-dessous des voitures avec ch\u00e2ssis tr\u00e8s bas<\/li>\n<li>Hauteur minimum des tampons 73 mm<\/li>\n<li>Bras construis en acier sp\u00e9ciale, avec une hauteur au deuxi\u00e8me \u00e9tage de seulement 51 mm, parall\u00e8les au sol &#8211; con\u00e7us pour les v\u00e9hicules de sport<\/li>\n<\/ul>\n<ul>\n<li>Bras longs<\/li>\n<li>Bras avec profile surbaiss\u00e9<\/li>\n<li>Quick fit system<\/li>\n<\/ul>\n","protected":false},"excerpt":{"rendered":"<p>3,5 t, \u00e9lectrohydraulique, sym\u00e9trique, bras de support 2 x 2-pi\u00e8ces<\/p>\n","protected":false},"featured_media":43129,"template":"","meta":[],"product_brand":[],"product_cat":[57874],"product_tag":[58290],"product_approvals":[],"product_application":[],"class_list":{"0":"post-157874","1":"product","2":"type-product","3":"status-publish","4":"has-post-thumbnail","6":"product_cat-ponts-elevateurs-a-2-colonnes-fr","7":"product_tag-passenger-cars-fr","9":"first","10":"instock","11":"shipping-taxable","12":"product-type-simple"},"approvals":[],"application":[],"brb_media_brochure":[{"id":43130,"url":"https:\/\/dev.codekraft.it\/ravaglioli.it\/wp-content\/uploads\/brb_media\/00508707_2-post-lift-kph37042llk-br-multi-2023-03-screen.pdf","title":"2 post lift KPH37042LLK BR multi 2023 03 screen","mpn":"","thumbnail":"https:\/\/dev.codekraft.it\/ravaglioli.it\/wp-content\/uploads\/brb_media\/00508707_2-post-lift-kph37042llk-br-multi-2023-03-screen-pdf-106x150.png","description":""}],"brb_media_drawing":[{"id":49370,"url":"https:\/\/dev.codekraft.it\/ravaglioli.it\/wp-content\/uploads\/brb_media\/00509892_2-post-lift-kph37042llk-sp-0484-r0150-0-rev0-multi-2016-08.pdf","title":"2 post lift KPH37042LLK SP 0484 R0150 0 rev0 multi 2016 08","mpn":"","thumbnail":"https:\/\/dev.codekraft.it\/ravaglioli.it\/wp-content\/uploads\/brb_media\/00509892_2-post-lift-kph37042llk-sp-0484-r0150-0-rev0-multi-2016-08-pdf-106x150.png","description":""}],"brb_media_manuals":[{"id":49369,"url":"https:\/\/dev.codekraft.it\/ravaglioli.it\/wp-content\/uploads\/brb_media\/00509893_2-post-lifts-kph37042llk_llklb-im-0484-m015-2-rev2-multi-2020-05.pdf","title":"2 post lifts KPH37042LLK LLKLB IM 0484 M015 2 rev2 multi 2020 05","mpn":"","thumbnail":"https:\/\/dev.codekraft.it\/ravaglioli.it\/wp-content\/uploads\/brb_media\/00509893_2-post-lifts-kph37042llk_llklb-im-0484-m015-2-rev2-multi-2020-05-pdf-106x150.png","description":""}],"brb_media_safety_datasheets":"","brb_media_spare_parts":[],"_cdmm_p_id":"507477","_company":"Ravaglioli","_gtin":"5063084198112","accessories":[{"id":152510,"mpn":"S224A3","name":"Rallonges 80 mm","description":"Rehausses pour Fiat Ducato, Peugeot Boxer, Citro\u00ebn Jumper | pour tampons standard en version de bras K, \u00d8 45 mm | 1 jeu \/ 4 pi\u00e8ces","thumbnail":"https:\/\/dev.codekraft.it\/ravaglioli.it\/wp-content\/uploads\/brb_media\/00508724_2-post-lift-s224a3-mi-150x150.png","url":"https:\/\/dev.codekraft.it\/ravaglioli.it\/fr\/product\/rallonges-80-mm\/"},{"id":152516,"mpn":"S224A4","name":"Rallonges 140 mm","description":"Rehausses pour Fiat Ducato, Peugeot Boxer, Citro\u00ebn Jumper | pour tampons standard en version de bras K, \u00d8 45 mm | 1 jeu \/ 4 pi\u00e8ces","thumbnail":"https:\/\/dev.codekraft.it\/ravaglioli.it\/wp-content\/uploads\/brb_media\/00508725_2-post-lift-s224a4-mi-150x150.png","url":"https:\/\/dev.codekraft.it\/ravaglioli.it\/fr\/product\/rallonges-140-mm\/"},{"id":153336,"mpn":"S370A5","name":"Protection portes pour el\u00e9vateurs \u00e0 2 colonnes","description":"1 jeu \/ 2 pi\u00e8ces","thumbnail":"https:\/\/dev.codekraft.it\/ravaglioli.it\/wp-content\/uploads\/brb_media\/00506773_s370a5-150x150.png","url":"https:\/\/dev.codekraft.it\/ravaglioli.it\/fr\/product\/protection-portes-pour-elevateurs-a-2-colonnes\/"},{"id":152612,"mpn":"S374A2","name":"Kit d\u2019\u00e9nergie pour KPH370.xx","description":"Connexion d'air comprim\u00e9 et prise 230 V | 1 pi\u00e8ce","thumbnail":"https:\/\/dev.codekraft.it\/ravaglioli.it\/wp-content\/uploads\/brb_media\/00506774_s374a2-150x150.png","url":"https:\/\/dev.codekraft.it\/ravaglioli.it\/fr\/product\/kit-denergie-pour-kph370-xx\/"},{"id":153168,"mpn":"S370A18","name":"Rallonges 200 mm","description":"Rehausses pour Fiat Ducato, Peugeot Boxer, Citro\u00ebn Jumper | queue \u00d8 45 mm | 1 jeu \/ 4 pi\u00e8ces","thumbnail":"https:\/\/dev.codekraft.it\/ravaglioli.it\/wp-content\/uploads\/brb_media\/00508733_2-post-lift-s370a18-mi-150x150.png","url":"https:\/\/dev.codekraft.it\/ravaglioli.it\/fr\/product\/rallonges-200-mm\/"},{"id":153540,"mpn":"S370A20","name":"Fin de course | actionnement par une barre | pour alimentation triphase | fourni non install\u00e9","description":"Interrupteur pour tous les \u00e9l\u00e9vateurs avec alimentation triphas\u00e9e","thumbnail":"https:\/\/dev.codekraft.it\/ravaglioli.it\/wp-content\/uploads\/brb_media\/00535986_2-post-lift-s370a20-mi-150x150.png","url":"https:\/\/dev.codekraft.it\/ravaglioli.it\/fr\/product\/fin-de-course-actionnement-par-une-barre-pour-alimentation-triphase-fourni-non-installe\/"},{"id":153787,"mpn":"S370A4","name":"Estensione larghezza 200 mm","description":"200 mm","thumbnail":"https:\/\/dev.codekraft.it\/ravaglioli.it\/wp-content\/uploads\/brb_media\/00535985_2-post-lift-s370a4-mi-150x150.png","url":"https:\/\/dev.codekraft.it\/ravaglioli.it\/fr\/product\/estensione-larghezza-200-mm-2\/"},{"id":153739,"mpn":"S370A27","name":"Bac pour les outils | aimant\u00e9es | 1 jeu \/ 4 pi\u00e8ces","description":"","thumbnail":"https:\/\/dev.codekraft.it\/ravaglioli.it\/wp-content\/uploads\/brb_media\/00509504_2-post-lift-vsg2call902641-mi-150x150.png","url":"https:\/\/dev.codekraft.it\/ravaglioli.it\/fr\/product\/bac-pour-les-outils-aimantees-1-jeu-4-pieces\/"},{"id":152522,"mpn":"S224RA4","name":"Rallonges 140 mm | pour tampons standard en version de bras R","description":"Jeu de rehausses pour el\u00e9vateurs \u00e0 2 colonnes | 1 jeu \/ 4 pi\u00e8ces","thumbnail":"https:\/\/dev.codekraft.it\/ravaglioli.it\/wp-content\/uploads\/brb_media\/00506750_s224a4-150x150.png","url":"https:\/\/dev.codekraft.it\/ravaglioli.it\/fr\/product\/rallonges-140-mm-pour-tampons-standard-en-version-de-bras-r\/"}],"components":[],"delivery":[],"package":[],"related":[],"similar":[],"page_logo_src":"https:\/\/dev.codekraft.it\/ravaglioli.it\/wp-content\/uploads\/2026\/04\/rav-negative-logo-1.png","lang":"fr","translations":{"fr":157874,"en":157872,"de":157873,"it":157875,"es":157876,"ru":157877},"pll_sync_post":[],"_links":{"self":[{"href":"https:\/\/dev.codekraft.it\/ravaglioli.it\/wp-json\/wp\/v2\/product\/157874","targetHints":{"allow":["GET"]}}],"collection":[{"href":"https:\/\/dev.codekraft.it\/ravaglioli.it\/wp-json\/wp\/v2\/product"}],"about":[{"href":"https:\/\/dev.codekraft.it\/ravaglioli.it\/wp-json\/wp\/v2\/types\/product"}],"wp:featuredmedia":[{"embeddable":true,"href":"https:\/\/dev.codekraft.it\/ravaglioli.it\/wp-json\/wp\/v2\/media\/43129"}],"wp:attachment":[{"href":"https:\/\/dev.codekraft.it\/ravaglioli.it\/wp-json\/wp\/v2\/media?parent=157874"}],"wp:term":[{"taxonomy":"product_brand","embeddable":true,"href":"https:\/\/dev.codekraft.it\/ravaglioli.it\/wp-json\/wp\/v2\/product_brand?post=157874"},{"taxonomy":"product_cat","embeddable":true,"href":"https:\/\/dev.codekraft.it\/ravaglioli.it\/wp-json\/wp\/v2\/product_cat?post=157874"},{"taxonomy":"product_tag","embeddable":true,"href":"https:\/\/dev.codekraft.it\/ravaglioli.it\/wp-json\/wp\/v2\/product_tag?post=157874"},{"taxonomy":"product_approvals","embeddable":true,"href":"https:\/\/dev.codekraft.it\/ravaglioli.it\/wp-json\/wp\/v2\/product_approvals?post=157874"},{"taxonomy":"product_application","embeddable":true,"href":"https:\/\/dev.codekraft.it\/ravaglioli.it\/wp-json\/wp\/v2\/product_application?post=157874"}],"curies":[{"name":"wp","href":"https:\/\/api.w.org\/{rel}","templated":true}]}}