{"id":157855,"date":"2025-12-04T12:40:15","date_gmt":"2025-12-04T12:40:15","guid":{"rendered":"https:\/\/dev.codekraft.it\/ravaglioli.it\/product\/ponte-sollevatore-a-2-colonne-kpe32-400-v-3-ph-50-hz-2\/"},"modified":"2025-12-04T12:40:15","modified_gmt":"2025-12-04T12:40:15","slug":"ponte-sollevatore-a-2-colonne-kpe32-400-v-3-ph-50-hz-2","status":"publish","type":"product","link":"https:\/\/dev.codekraft.it\/ravaglioli.it\/it\/product\/ponte-sollevatore-a-2-colonne-kpe32-400-v-3-ph-50-hz-2\/","title":{"rendered":"Ponte sollevatore a 2 colonne KPE32 400 V &#8211; 3 Ph &#8211; 50 Hz"},"content":{"rendered":"<p>Legend Series &#8211; From History to the Future<\/p>\n<ul>\n<li>Design moderno: profilo delle colonne pulito e lineare con carrello interno<\/li>\n<li>DNA innovativo: componenti di alta qualit\u00e0 e a lunga durata, testati per 20000 cicli<\/li>\n<li>Ottimizzazione spazi: massima ergonomia grazie ai salva piedi elettronici<\/li>\n<\/ul>\n<p>La Legend Serie, erede dei ponti sollevatori a 2 colonne leader di mercato, consolida le competenze ingegneristiche di Ravaglioli in una forma innovativa.Con lo sguardo rivolto al futuro, ma sempre nel rispetto della tradizione, Ravaglioli si \u00e8 posta un obiettivo importante: coniugare prestazioni e design.<\/p>\n<ul>\n<li>La geometria dei bracci \u00e8 stata progettata per sollevare dalle city car alla berlina a passo lungo.<\/li>\n<li>Funzionamento rapido e semplice: L\u2019area di lavoro \u00e8 priva di ostacoli, e tutte le operazioni possono essere eseguite in condizioni di sicurezza e comfort. Disponibile su richiesta coppia contro piastre per pavimenti non conformi ai requisiti di installazione.<\/li>\n<li>Manutenzione di routine ridotta al minimo: I componenti sono progettati per una manutenzione o una sostituzione agevoli, riducendo il costo di esercizio e il rischio di errori sui componenti critici per la sicurezza.<\/li>\n<li>Sicurezza e qualit\u00e0 garantite nel tempo: Il ponte \u00e8 dotato di componenti di alta qualit\u00e0, che garantiscono lunga durata e massima sicurezza per l\u2019operatore.<\/li>\n<li>Installazione rapida &#8211; Riduzione del tempo di installazione fino al 20%: La sincronizzazione elettronica evita l\u2019installazione e la regolazione del cavo di riallineo.\u00a0Possibilit\u00e0 di installare il ponte senza arco superiore, in quanto i cavi possono essere interrati.<\/li>\n<\/ul>\n<ul>\n<li>Sincronizzazione elettronica.<\/li>\n<li>Passaggio cavi aereo.<\/li>\n<li>Sostituzione rapida delle chiocciole &#8211; La nuova piastra del motore consente di rimuovere la vite dal lato anteriore della colonna, con la stessa in posizione verticale.<\/li>\n<li>Controllo del sollevamento tramite invertitore rotativo.<\/li>\n<li>I carrelli interni scorrono su apposite guide lubrificate e sono protette dall\u2019ambiente esterno, a garanzia di una maggiore durata degli elementi scorrevoli.<\/li>\n<li>Ampia protezione in gomma.<\/li>\n<li>Sistema acustico per la protezione dei piedi &#8211; Nessun salva piedi meccanico.<\/li>\n<li>Bracci corti a 3 stadi e bracci lunghi a 2 stadi con tampone in gomma telescopico a montaggio rapido.<\/li>\n<li>Qualit\u00e0 elevata dei componenti:\n<ul>\n<li>Puleggia in alluminio con funzione di raffreddamento.<\/li>\n<li>Cuscinetti a lunga durata.<\/li>\n<li>Chiocciola portante in bronzo pi\u00f9 lungo del 50%.<\/li>\n<li>Motori con carcassa dissipante rinforzata.<\/li>\n<li>Solido sistema di arresto bracci automatico.<\/li>\n<\/ul>\n<\/li>\n<\/ul>\n","protected":false},"excerpt":{"rendered":"<p>3,2 t, elettromeccanico, asimmetrico, bracci lunghi a 2 stadi, bracci corti a 3 stadi (monocolore)<\/p>\n","protected":false},"featured_media":39525,"template":"","meta":[],"product_brand":[],"product_cat":[57888],"product_tag":[58293,58329,63160],"product_approvals":[],"product_application":[],"class_list":{"0":"post-157855","1":"product","2":"type-product","3":"status-publish","4":"has-post-thumbnail","6":"product_cat-ponti-sollevatori-a-2-colonne-it","7":"product_tag-passenger-cars-it","8":"product_tag-light-commercial-it","9":"product_tag-quickship-it","11":"first","12":"instock","13":"shipping-taxable","14":"product-type-simple"},"approvals":[],"application":[],"brb_media_brochure":[{"id":147239,"url":"https:\/\/dev.codekraft.it\/ravaglioli.it\/wp-content\/uploads\/brb_media\/00512728_2-post-lift-kpe32-br-de-2023-11-screen.pdf","title":"2 post lift KPE32 BR de 2023 11 screen","mpn":"","thumbnail":"https:\/\/dev.codekraft.it\/ravaglioli.it\/wp-content\/uploads\/brb_media\/00512728_2-post-lift-kpe32-br-de-2023-11-screen-pdf-106x150.png","description":""},{"id":147240,"url":"https:\/\/dev.codekraft.it\/ravaglioli.it\/wp-content\/uploads\/brb_media\/00512729_2-post-lift-kpe32-br-en-2023-11-screen.pdf","title":"2 post lift KPE32 BR en 2023 11 screen","mpn":"","thumbnail":"https:\/\/dev.codekraft.it\/ravaglioli.it\/wp-content\/uploads\/brb_media\/00512729_2-post-lift-kpe32-br-en-2023-11-screen-pdf-106x150.png","description":""},{"id":147241,"url":"https:\/\/dev.codekraft.it\/ravaglioli.it\/wp-content\/uploads\/brb_media\/00512730_2-post-lift-kpe32-br-fr-2023-11-screen.pdf","title":"2 post lift KPE32 BR fr 2023 11 screen","mpn":"","thumbnail":"https:\/\/dev.codekraft.it\/ravaglioli.it\/wp-content\/uploads\/brb_media\/00512730_2-post-lift-kpe32-br-fr-2023-11-screen-pdf-106x150.png","description":""},{"id":147242,"url":"https:\/\/dev.codekraft.it\/ravaglioli.it\/wp-content\/uploads\/brb_media\/00512731_2-post-lift-kpe32-br-it-2023-11-screen.pdf","title":"2 post lift KPE32 BR it 2023 11 screen","mpn":"","thumbnail":"https:\/\/dev.codekraft.it\/ravaglioli.it\/wp-content\/uploads\/brb_media\/00512731_2-post-lift-kpe32-br-it-2023-11-screen-pdf-106x150.png","description":""},{"id":147243,"url":"https:\/\/dev.codekraft.it\/ravaglioli.it\/wp-content\/uploads\/brb_media\/00512732_2-post-lift-kpe32-br-es-2023-11-screen.pdf","title":"2 post lift KPE32 BR es 2023 11 screen","mpn":"","thumbnail":"https:\/\/dev.codekraft.it\/ravaglioli.it\/wp-content\/uploads\/brb_media\/00512732_2-post-lift-kpe32-br-es-2023-11-screen-pdf-106x150.png","description":""},{"id":147244,"url":"https:\/\/dev.codekraft.it\/ravaglioli.it\/wp-content\/uploads\/brb_media\/00512733_2-post-lift-kpe32-br-ru-2023-11-screen.pdf","title":"2 post lift KPE32 BR ru 2023 11 screen","mpn":"","thumbnail":"https:\/\/dev.codekraft.it\/ravaglioli.it\/wp-content\/uploads\/brb_media\/00512733_2-post-lift-kpe32-br-ru-2023-11-screen-pdf-106x150.png","description":""},{"id":76135,"url":"https:\/\/dev.codekraft.it\/ravaglioli.it\/wp-content\/uploads\/brb_media\/00510147_legend-series-end-user-flyer-de-2023-07-screen.pdf","title":"Legend series end user flyer de 2023 07 screen","mpn":"","thumbnail":"https:\/\/dev.codekraft.it\/ravaglioli.it\/wp-content\/uploads\/brb_media\/00510147_legend-series-end-user-flyer-de-2023-07-screen-pdf-106x150.png","description":""},{"id":76136,"url":"https:\/\/dev.codekraft.it\/ravaglioli.it\/wp-content\/uploads\/brb_media\/00510148_legend-series-end-user-flyer-en-2023-07-screen.pdf","title":"Legend series end user flyer en 2023 07 screen","mpn":"","thumbnail":"https:\/\/dev.codekraft.it\/ravaglioli.it\/wp-content\/uploads\/brb_media\/00510148_legend-series-end-user-flyer-en-2023-07-screen-pdf-106x150.png","description":""},{"id":76137,"url":"https:\/\/dev.codekraft.it\/ravaglioli.it\/wp-content\/uploads\/brb_media\/00510149_legend-series-end-user-flyer-fr-2023-07-screen.pdf","title":"Legend series end user flyer fr 2023 07 screen","mpn":"","thumbnail":"https:\/\/dev.codekraft.it\/ravaglioli.it\/wp-content\/uploads\/brb_media\/00510149_legend-series-end-user-flyer-fr-2023-07-screen-pdf-106x150.png","description":""},{"id":76138,"url":"https:\/\/dev.codekraft.it\/ravaglioli.it\/wp-content\/uploads\/brb_media\/00510150_legend-series-end-user-flyer-it-2023-07-screen.pdf","title":"Legend series end user flyer it 2023 07 screen","mpn":"","thumbnail":"https:\/\/dev.codekraft.it\/ravaglioli.it\/wp-content\/uploads\/brb_media\/00510150_legend-series-end-user-flyer-it-2023-07-screen-pdf-106x150.png","description":""},{"id":76139,"url":"https:\/\/dev.codekraft.it\/ravaglioli.it\/wp-content\/uploads\/brb_media\/00510151_legend-series-end-user-flyer-es-2023-07-screen.pdf","title":"Legend series end user flyer es 2023 07 screen","mpn":"","thumbnail":"https:\/\/dev.codekraft.it\/ravaglioli.it\/wp-content\/uploads\/brb_media\/00510151_legend-series-end-user-flyer-es-2023-07-screen-pdf-106x150.png","description":""},{"id":119210,"url":"https:\/\/dev.codekraft.it\/ravaglioli.it\/wp-content\/uploads\/brb_media\/00510153_legend-series-end-user-flyer-ru-2023-07-screen.pdf","title":"Legend series end user flyer ru 2023 07 screen","mpn":"","thumbnail":"https:\/\/dev.codekraft.it\/ravaglioli.it\/wp-content\/uploads\/brb_media\/00510153_legend-series-end-user-flyer-ru-2023-07-screen-pdf-106x150.png","description":""}],"brb_media_drawing":[{"id":151908,"url":"https:\/\/dev.codekraft.it\/ravaglioli.it\/wp-content\/uploads\/brb_media\/00550030_2-post-lifts-kpe32-td-047407022-2022-04.pdf","title":"2 Post Lifts KPE32 TD 047407022 2022 04","mpn":"","thumbnail":"https:\/\/dev.codekraft.it\/ravaglioli.it\/wp-content\/uploads\/brb_media\/00550030_2-post-lifts-kpe32-td-047407022-2022-04-pdf-150x107.png","description":""},{"id":151909,"url":"https:\/\/dev.codekraft.it\/ravaglioli.it\/wp-content\/uploads\/brb_media\/00550031_2-post-lifts-kpe32-td-load-diagram-047407020-2023-04.pdf","title":"2 Post Lifts KPE32 TD load diagram 047407020 2023 04","mpn":"","thumbnail":"https:\/\/dev.codekraft.it\/ravaglioli.it\/wp-content\/uploads\/brb_media\/00550031_2-post-lifts-kpe32-td-load-diagram-047407020-2023-04-pdf-150x106.png","description":""}],"brb_media_manuals":[{"id":149933,"url":"https:\/\/dev.codekraft.it\/ravaglioli.it\/wp-content\/uploads\/brb_media\/00535682_2-post-lifts-symmetrical_lifts-p-united_im-0473m0120-rev2-zuffa-multi-2024-12.pdf","title":"2 post lifts symmetrical lifts p united im 0473m0120 rev2 zuffa multi 2024 12","mpn":"","thumbnail":"https:\/\/dev.codekraft.it\/ravaglioli.it\/wp-content\/uploads\/brb_media\/00535682_2-post-lifts-symmetrical_lifts-p-united_im-0473m0120-rev2-zuffa-multi-2024-12-pdf-106x150.png","description":""}],"brb_media_safety_datasheets":"","brb_media_spare_parts":[],"_cdmm_p_id":"507206","_company":"Ravaglioli","_gtin":"5063084198679","accessories":[{"id":154701,"mpn":"VSG.2CALL.902641","name":"Vaschette portautensili","description":"Magnetiche | 1 set \/ 2 pezzi","thumbnail":"https:\/\/dev.codekraft.it\/ravaglioli.it\/wp-content\/uploads\/brb_media\/00509504_2-post-lift-vsg2call902641-mi-150x150.png","url":"https:\/\/dev.codekraft.it\/ravaglioli.it\/it\/product\/vaschette-portautensili\/"},{"id":155970,"mpn":"VSG.2CALL.901071","name":"Distanziali per tamponi per sollevatori elettromeccanico","description":"4 x 89 mm, 4 x 127 mm, incl. 2 staffe per il montaggio sui pilastri | 1 set \/ 8 pezzi","thumbnail":"https:\/\/dev.codekraft.it\/ravaglioli.it\/wp-content\/uploads\/brb_media\/00508736_2-post-lift-vsg2call901071-mi-150x150.png","url":"https:\/\/dev.codekraft.it\/ravaglioli.it\/it\/product\/distanziali-per-tamponi-per-sollevatori-elettromeccanico\/"},{"id":155976,"mpn":"VSG.2CALL.901248","name":"Distanziali per tamponi","description":"4 x 200 mm, incl. staffa per il montaggio sui pilastri | 1 set \/ 4 pezzi","thumbnail":"https:\/\/dev.codekraft.it\/ravaglioli.it\/wp-content\/uploads\/brb_media\/00505099_2-post-lift-vsg2call901248-mi-150x150.png","url":"https:\/\/dev.codekraft.it\/ravaglioli.it\/it\/product\/distanziali-per-tamponi\/"},{"id":157044,"mpn":"VSG.2CALL.902276","name":"Kit tamponi","description":"Piastra di supporto, tampone in gomma, regolabile - per posizionamento rapido in 4 altezze | a 4 stadi | 1 set \/ 4 pezzi","thumbnail":"https:\/\/dev.codekraft.it\/ravaglioli.it\/wp-content\/uploads\/brb_media\/00533780_2-post-lift-VSG-2CALL-902276-MI-01-150x150.png","url":"https:\/\/dev.codekraft.it\/ravaglioli.it\/it\/product\/kit-tamponi\/"},{"id":156000,"mpn":"VSG.2CELM.901927","name":"Golfare per movimentazione colonne","description":"3,5 t - 4,2 t | Agevola installazione del ponte sollevatore, riutilizzabile per altre installazioni | 1 set","thumbnail":"https:\/\/dev.codekraft.it\/ravaglioli.it\/wp-content\/uploads\/brb_media\/00512726_2-post-lift-vsg2celm901927-mi-01-150x150.png","url":"https:\/\/dev.codekraft.it\/ravaglioli.it\/it\/product\/golfare-per-movimentazione-colonne-2\/"},{"id":155982,"mpn":"VSG.2CALL.901163","name":"Kit adattatori","description":"Kit adattatori per tamponi per presa telaio \u00d8 120 mm (1 set, 2 pz), per piattaforma girevole","thumbnail":"https:\/\/dev.codekraft.it\/ravaglioli.it\/wp-content\/uploads\/brb_media\/00524050_2-post-lift-fj6353-1-mi-150x150.png","url":"https:\/\/dev.codekraft.it\/ravaglioli.it\/it\/product\/kit-adattatori\/"},{"id":155994,"mpn":"VSG.2CELM.902344","name":"Regolazione altezza traversa","description":"Kit per aumentare del passaggio cavi aereo a +1,5 m | per sollevatori a fuso | 1 set","thumbnail":"https:\/\/dev.codekraft.it\/ravaglioli.it\/wp-content\/uploads\/brb_media\/00509506_2-post-lift-vsg2celm902344-mi-150x150.png","url":"https:\/\/dev.codekraft.it\/ravaglioli.it\/it\/product\/regolazione-altezza-traversa\/"},{"id":156600,"mpn":"VSG.2CALL.901361","name":"Stabilizzatori","description":"3,2 t | permette l\u2019installazione dei ponti sollevatori anche su qualit\u00e0 di calcestruzzo inferiori a quelli richiesti | 1 set \/ 2 pezzi","thumbnail":"https:\/\/dev.codekraft.it\/ravaglioli.it\/wp-content\/uploads\/brb_media\/00533777_2-post-lift-vsg-2call-901361-mi-150x150.png","url":"https:\/\/dev.codekraft.it\/ravaglioli.it\/it\/product\/stabilizzatori-2\/"},{"id":152180,"mpn":"VSG.2CELM.902498","name":"Passaggio cavi a pavimento","description":"Permette di interrare i cavi di connessione | 1 pezzo","thumbnail":"https:\/\/dev.codekraft.it\/ravaglioli.it\/wp-content\/uploads\/brb_media\/00507202_2-post-lift-vsg2celm902498-mi-150x150.png","url":"https:\/\/dev.codekraft.it\/ravaglioli.it\/it\/product\/passaggio-cavi-a-pavimento\/"},{"id":154689,"mpn":"VSG.2CALL.902818","name":"Kit rampe innalzamento veicolo","description":"Altezza rampa 60 mm, per veicoli estremamente bassi | 1 set \/ 2 pezzi","thumbnail":"https:\/\/dev.codekraft.it\/ravaglioli.it\/wp-content\/uploads\/brb_media\/00509501_2-post-lift-vsg2call902818-mi-150x150.png","url":"https:\/\/dev.codekraft.it\/ravaglioli.it\/it\/product\/kit-rampe-innalzamento-veicolo\/"},{"id":154695,"mpn":"VSG.2CALL.902085","name":"Kit cavalletti per assetto","description":"1 set \/ 4 pezzi","thumbnail":"https:\/\/dev.codekraft.it\/ravaglioli.it\/wp-content\/uploads\/brb_media\/00509503_2-post-lift-vsg2call902085-mi-150x150.png","url":"https:\/\/dev.codekraft.it\/ravaglioli.it\/it\/product\/kit-cavalletti-per-assetto\/"}],"components":[],"delivery":[],"package":[],"related":[],"similar":[{"id":156120,"mpn":"RAV.KPE32.198747","name":"Ponte sollevatore a 2 colonne KPE32 400 V &#8211; 3 Ph &#8211; 60 Hz","description":"3,2 t, elettromeccanico, asimmetrico, bracci lunghi a 2 stadi, bracci corti a 3 stadi | 3 x 400 V \/ 60 Hz","thumbnail":"https:\/\/dev.codekraft.it\/ravaglioli.it\/wp-content\/uploads\/brb_media\/00509826_2-post-lift-kpe32-mi-150x150.png","url":"https:\/\/dev.codekraft.it\/ravaglioli.it\/it\/product\/ponte-sollevatore-a-2-colonne-kpe32-400-v-3-ph-60-hz\/"}],"page_logo_src":"https:\/\/dev.codekraft.it\/ravaglioli.it\/wp-content\/uploads\/2026\/04\/rav-negative-logo-1.png","lang":"it","translations":{"it":157855,"en":157852,"de":157853,"fr":157854,"es":157856,"ru":157857},"pll_sync_post":[],"_links":{"self":[{"href":"https:\/\/dev.codekraft.it\/ravaglioli.it\/wp-json\/wp\/v2\/product\/157855","targetHints":{"allow":["GET"]}}],"collection":[{"href":"https:\/\/dev.codekraft.it\/ravaglioli.it\/wp-json\/wp\/v2\/product"}],"about":[{"href":"https:\/\/dev.codekraft.it\/ravaglioli.it\/wp-json\/wp\/v2\/types\/product"}],"wp:featuredmedia":[{"embeddable":true,"href":"https:\/\/dev.codekraft.it\/ravaglioli.it\/wp-json\/wp\/v2\/media\/39525"}],"wp:attachment":[{"href":"https:\/\/dev.codekraft.it\/ravaglioli.it\/wp-json\/wp\/v2\/media?parent=157855"}],"wp:term":[{"taxonomy":"product_brand","embeddable":true,"href":"https:\/\/dev.codekraft.it\/ravaglioli.it\/wp-json\/wp\/v2\/product_brand?post=157855"},{"taxonomy":"product_cat","embeddable":true,"href":"https:\/\/dev.codekraft.it\/ravaglioli.it\/wp-json\/wp\/v2\/product_cat?post=157855"},{"taxonomy":"product_tag","embeddable":true,"href":"https:\/\/dev.codekraft.it\/ravaglioli.it\/wp-json\/wp\/v2\/product_tag?post=157855"},{"taxonomy":"product_approvals","embeddable":true,"href":"https:\/\/dev.codekraft.it\/ravaglioli.it\/wp-json\/wp\/v2\/product_approvals?post=157855"},{"taxonomy":"product_application","embeddable":true,"href":"https:\/\/dev.codekraft.it\/ravaglioli.it\/wp-json\/wp\/v2\/product_application?post=157855"}],"curies":[{"name":"wp","href":"https:\/\/api.w.org\/{rel}","templated":true}]}}