{"id":157832,"date":"2025-12-01T15:48:49","date_gmt":"2025-12-01T15:48:49","guid":{"rendered":"https:\/\/dev.codekraft.it\/ravaglioli.it\/product\/desmontadora-de-neumaticos-sg-45-26d-plus\/"},"modified":"2025-12-01T15:48:49","modified_gmt":"2025-12-01T15:48:49","slug":"desmontadora-de-neumaticos-sg-45-26d-plus","status":"publish","type":"product","link":"https:\/\/dev.codekraft.it\/ravaglioli.it\/es\/product\/desmontadora-de-neumaticos-sg-45-26d-plus\/","title":{"rendered":"Desmontadora de neum\u00e1ticos SG 45.26D Plus"},"content":{"rendered":"<p><strong>DESMONTADORAS AUTOM\u00c1TICAS CON COLUMNA INCLINABLE<\/strong><\/p>\n<ul>\n<li>Espacio de almacenamiento en modelos seleccionados.<\/li>\n<li>\u00datil de montaje con posicionamiento neum\u00e1tico y movimiento vertical ascendente\/descendente.(Solo en los modelos DP).<\/li>\n<li>Plato con di\u00e1metro de hasta 26\u201d con mordazas ajustables.<\/li>\n<li>Brazo de ayuda neum\u00e1tico profesional para modelos seleccionados.<\/li>\n<li>Todos los pedales son f\u00e1cilmente accesibles sin necesidad de realizar movimientos antinaturales.<\/li>\n<li>Destalonador neum\u00e1tico con pala ajustable. (Solo en el modelo DPW Plus).<\/li>\n<\/ul>\n<p>El bastidor y la columna abatible son extremadamente robustos y permiten trabajar con todo tipo de ruedas de turismos y furgonetas, garantizando la m\u00e1xima seguridad para el neum\u00e1tico y la llanta.<\/p>\n<ul>\n<ul>\n<li>Barra portaherramientas de \u00d8 40 mm<\/li>\n<li>Brazo horizontal de 60 x 60 mm\n<\/li>\n<\/ul>\n<li>Motor con inversor.<br \/>Permite al operario variar la velocidad de rotaci\u00f3n de la rueda (0 &#8211; 15 rpm).Al aumentar la presi\u00f3n sobre el tal\u00f3n, la rotaci\u00f3n se ralentiza autom\u00e1ticamente para evitar da\u00f1os en el neum\u00e1tico.<\/li>\n<\/ul>\n<p>El dise\u00f1o optimizado permite un acceso sencillo a los componentes internos y ajustes f\u00e1ciles.<\/p>\n","protected":false},"excerpt":{"rendered":"<p>Desmontadora con columna inclinable, plato autocentrante de 26\u201d con garras reposicionables, brazo de ayuda de prensado del tal\u00f3n, anchura m\u00e1xima de llanta: 16\u2033, di\u00e1metro m\u00e1ximo de rueda: 45\u2033<\/p>\n","protected":false},"featured_media":157796,"template":"","meta":[],"product_brand":[],"product_cat":[57904],"product_tag":[58349,58296,63163,58332],"product_approvals":[],"product_application":[],"class_list":{"0":"post-157832","1":"product","2":"type-product","3":"status-publish","4":"has-post-thumbnail","6":"product_cat-desmontadoras-es","7":"product_tag-motor-homes-es","8":"product_tag-passenger-cars-es","9":"product_tag-quickship-es","10":"product_tag-light-commercial-es","12":"first","13":"instock","14":"shipping-taxable","15":"product-type-simple"},"approvals":[],"application":[],"brb_media_brochure":[{"id":157797,"url":"https:\/\/dev.codekraft.it\/ravaglioli.it\/wp-content\/uploads\/brb_media\/00551368_tyre-changers-sg4526-series-br-de-2025-12.pdf","title":"Tyre Changers SG4526 Series BR DE 2025 12","mpn":"","thumbnail":"https:\/\/dev.codekraft.it\/ravaglioli.it\/wp-content\/uploads\/brb_media\/00551368_tyre-changers-sg4526-series-br-de-2025-12-pdf-106x150.png","description":""},{"id":157798,"url":"https:\/\/dev.codekraft.it\/ravaglioli.it\/wp-content\/uploads\/brb_media\/00551369_tyre-changers-sg4526-series-br-en-2025-12.pdf","title":"Tyre Changers SG4526 Series BR EN 2025 12","mpn":"","thumbnail":"https:\/\/dev.codekraft.it\/ravaglioli.it\/wp-content\/uploads\/brb_media\/00551369_tyre-changers-sg4526-series-br-en-2025-12-pdf-106x150.png","description":""},{"id":157799,"url":"https:\/\/dev.codekraft.it\/ravaglioli.it\/wp-content\/uploads\/brb_media\/00551371_tyre-changers-sg4526-series-br-fr-2025-12.pdf","title":"Tyre Changers SG4526 Series BR FR 2025 12","mpn":"","thumbnail":"https:\/\/dev.codekraft.it\/ravaglioli.it\/wp-content\/uploads\/brb_media\/00551371_tyre-changers-sg4526-series-br-fr-2025-12-pdf-106x150.png","description":""},{"id":157800,"url":"https:\/\/dev.codekraft.it\/ravaglioli.it\/wp-content\/uploads\/brb_media\/00551372_tyre-changers-sg4526-series-br-it-2025-12.pdf","title":"Tyre Changers SG4526 Series BR IT 2025 12","mpn":"","thumbnail":"https:\/\/dev.codekraft.it\/ravaglioli.it\/wp-content\/uploads\/brb_media\/00551372_tyre-changers-sg4526-series-br-it-2025-12-pdf-106x150.png","description":""},{"id":157801,"url":"https:\/\/dev.codekraft.it\/ravaglioli.it\/wp-content\/uploads\/brb_media\/00551370_tyre-changers-sg4526-series-br-es-2025-12.pdf","title":"Tyre Changers SG4526 Series BR ES 2025 12","mpn":"","thumbnail":"https:\/\/dev.codekraft.it\/ravaglioli.it\/wp-content\/uploads\/brb_media\/00551370_tyre-changers-sg4526-series-br-es-2025-12-pdf-106x150.png","description":""},{"id":157802,"url":"https:\/\/dev.codekraft.it\/ravaglioli.it\/wp-content\/uploads\/brb_media\/00551373_tyre-changers-sg4526-series-br-ru-2025-12.pdf","title":"Tyre Changers SG4526 Series BR RU 2025 12","mpn":"","thumbnail":"https:\/\/dev.codekraft.it\/ravaglioli.it\/wp-content\/uploads\/brb_media\/00551373_tyre-changers-sg4526-series-br-ru-2025-12-pdf-106x150.png","description":""}],"brb_media_drawing":[{"id":157804,"url":"https:\/\/dev.codekraft.it\/ravaglioli.it\/wp-content\/uploads\/brb_media\/00551328_tyre-changers-ts45-sg45-series-td.pdf","title":"Tyre changers TS45 SG45 Series TD","mpn":"","thumbnail":"https:\/\/dev.codekraft.it\/ravaglioli.it\/wp-content\/uploads\/brb_media\/00551328_tyre-changers-ts45-sg45-series-td-pdf-150x134.png","description":""}],"brb_media_manuals":[{"id":157803,"url":"https:\/\/dev.codekraft.it\/ravaglioli.it\/wp-content\/uploads\/brb_media\/00551314_tyre-changers-rotts45-ravsg45-im-7301-m002-00_vsg_rev00-multi-2025-10.pdf","title":"Tyre Changers ROTTS45 RAVSG45 IM 7301 M002 00 VSG rev00 MULTI 2025 10","mpn":"","thumbnail":"https:\/\/dev.codekraft.it\/ravaglioli.it\/wp-content\/uploads\/brb_media\/00551314_tyre-changers-rotts45-ravsg45-im-7301-m002-00_vsg_rev00-multi-2025-10-pdf-106x150.png","description":""}],"brb_media_safety_datasheets":"","brb_media_spare_parts":[],"_cdmm_p_id":"507195","_company":"Ravaglioli","_gtin":"5063084202161","accessories":[{"id":155464,"mpn":"G800A11","name":"Protecci\u00f3n de pl\u00e1stico para pala destalonadora","description":"1 pieza","thumbnail":"https:\/\/dev.codekraft.it\/ravaglioli.it\/wp-content\/uploads\/brb_media\/00506714_g800a11-01-150x150.png","url":"https:\/\/dev.codekraft.it\/ravaglioli.it\/es\/product\/proteccion-de-plastico-para-pala-destalonadora\/"},{"id":153278,"mpn":"G800A117","name":"Protecci\u00f3n de pl\u00e1stico para cabezal de montaje | Quick insert","description":"Protecciones para u\u00f1a de tipo encastre, para llantas de aleaci\u00f3n | 1 juego","thumbnail":"https:\/\/dev.codekraft.it\/ravaglioli.it\/wp-content\/uploads\/brb_media\/00506624_g800a117-150x150.png","url":"https:\/\/dev.codekraft.it\/ravaglioli.it\/es\/product\/proteccion-de-plastico-para-cabezal-de-montaje-quick-insert\/"},{"id":157752,"mpn":"VSG.8A137.902160","name":"Dispositivo de inflado tubeless G800A137","description":"Kit de inflado tubeless para desmontadora con plato","thumbnail":"https:\/\/dev.codekraft.it\/ravaglioli.it\/wp-content\/uploads\/brb_media\/00551288_tyre-changers-vsg8a137902160-mi-150x150.png","url":"https:\/\/dev.codekraft.it\/ravaglioli.it\/es\/product\/dispositivo-de-inflado-tubeless-g800a137\/"},{"id":157759,"mpn":"VSG.8A138.902184","name":"Elevador de rueda frontal G800A138","description":"","thumbnail":"https:\/\/dev.codekraft.it\/ravaglioli.it\/wp-content\/uploads\/brb_media\/00551289_tyre-changers-vsg8a138902184-mi-150x150.png","url":"https:\/\/dev.codekraft.it\/ravaglioli.it\/es\/product\/elevador-de-rueda-frontal-g800a138\/"},{"id":157766,"mpn":"VSG.8A139.902207","name":"Rodillo rompe talones con brazo prensa-tal\u00f3n G800A140","description":"Equipamiento necesario PL100","thumbnail":"https:\/\/dev.codekraft.it\/ravaglioli.it\/wp-content\/uploads\/brb_media\/00551290_tyre-changers-vsg8a139902207-mi-150x150.png","url":"https:\/\/dev.codekraft.it\/ravaglioli.it\/es\/product\/rodillo-rompe-talones-con-brazo-prensa-talon-g800a140\/"},{"id":157773,"mpn":"VSG.8A140.902221","name":"Protecci\u00f3n de pl\u00e1stico para mordazas de sujeci\u00f3n | G800A140","description":"1 juego \/ 4 piezas","thumbnail":"https:\/\/dev.codekraft.it\/ravaglioli.it\/wp-content\/uploads\/brb_media\/00551291_tyre-changers-vsg8a140902221-mi-150x150.png","url":"https:\/\/dev.codekraft.it\/ravaglioli.it\/es\/product\/proteccion-de-plastico-para-mordazas-de-sujecion-g800a140\/"},{"id":157779,"mpn":"VSG.8A140.902245","name":"Protecci\u00f3n de pl\u00e1stico para mordazas de sujeci\u00f3n | G800A140K","description":"10 juegos \/ 40 piezas","thumbnail":"https:\/\/dev.codekraft.it\/ravaglioli.it\/wp-content\/uploads\/brb_media\/00551291_tyre-changers-vsg8a140902221-mi-150x150.png","url":"https:\/\/dev.codekraft.it\/ravaglioli.it\/es\/product\/proteccion-de-plastico-para-mordazas-de-sujecion-g800a140k\/"},{"id":157786,"mpn":"VSG.8A141.902269","name":"Soporte portaobjetos en columna lateral G800A141","description":"Columna de almacenamiento con man\u00f3metro integrado","thumbnail":"https:\/\/dev.codekraft.it\/ravaglioli.it\/wp-content\/uploads\/brb_media\/00551292_tyre-changers-vsg8a141902269-mi-150x150.png","url":"https:\/\/dev.codekraft.it\/ravaglioli.it\/es\/product\/soporte-portaobjetos-en-columna-lateral-g800a141\/"},{"id":157793,"mpn":"VSG.PL100.900401","name":"Brazo de ayuda PL100","description":"Dispositivo de prensado de tal\u00f3n para desmontadora con columna de montaje inclinable | montaje en el lado derecho","thumbnail":"https:\/\/dev.codekraft.it\/ravaglioli.it\/wp-content\/uploads\/brb_media\/00551293_tyre-changers-vsgpl100900401-mi-150x150.png","url":"https:\/\/dev.codekraft.it\/ravaglioli.it\/es\/product\/brazo-de-ayuda-pl100\/"}],"components":[],"delivery":[],"package":[],"related":[],"similar":[{"id":157820,"mpn":"RAV. SG45X.202192","name":"Desmontadora de neum\u00e1ticos SG 45.26D","description":"Desmontadora con columna inclinable, plato autocentrante de 26\u201d con garras reposicionables, brazo de ayuda de prensado del tal\u00f3n, anchura m\u00e1xima de llanta: 16\u2033, di\u00e1metro m\u00e1ximo de rueda: 45\u2033","thumbnail":"https:\/\/dev.codekraft.it\/ravaglioli.it\/wp-content\/uploads\/brb_media\/00551335_tyre-changer-sg4526d-mi-150x150.png","url":"https:\/\/dev.codekraft.it\/ravaglioli.it\/es\/product\/desmontadora-de-neumaticos-sg-45-26d\/"},{"id":157826,"mpn":"RAV.SG45X.202185","name":"Desmontadora de neum\u00e1ticos SG 45.26DP","description":"Desmontadora con columna inclinable, plato autocentrante de 26\u201d con garras reposicionables, brazo de ayuda de prensado del tal\u00f3n, anchura m\u00e1xima de llanta: 16\u2033, di\u00e1metro m\u00e1ximo de rueda: 45\u2033","thumbnail":"https:\/\/dev.codekraft.it\/ravaglioli.it\/wp-content\/uploads\/brb_media\/00551335_tyre-changer-sg4526d-mi-150x150.png","url":"https:\/\/dev.codekraft.it\/ravaglioli.it\/es\/product\/desmontadora-de-neumaticos-sg-45-26dp\/"},{"id":157838,"mpn":"RAV.SG45X.202178","name":"Desmontadora de neum\u00e1ticos SG 45.26DW Plus","description":"Desmontadora con columna inclinable, plato autocentrante de 26\u201d con mordazas reposicionables, incluye \u00fatil de montaje en pl\u00e1stico, dispositivo de prensado del tal\u00f3n, anchura m\u00e1xima de llanta: 16\u2033, di\u00e1metro m\u00e1ximo de rueda: 45\u2033","thumbnail":"https:\/\/dev.codekraft.it\/ravaglioli.it\/wp-content\/uploads\/brb_media\/00551335_tyre-changer-sg4526d-mi-150x150.png","url":"https:\/\/dev.codekraft.it\/ravaglioli.it\/es\/product\/desmontadora-de-neumaticos-sg-45-26dw-plus\/"},{"id":157844,"mpn":"RAV.SG45X.202048","name":"Desmontadora de neum\u00e1ticos SG 45.26DPW Plus","description":"Desmontadora con columna inclinable, plato autocentrante de 26\u201d con mordazas reposicionables, incluye \u00fatil de montaje en pl\u00e1stico, dispositivo de prensado del tal\u00f3n, anchura m\u00e1xima de llanta: 16\u2033, di\u00e1metro m\u00e1ximo de rueda: 45\u2033","thumbnail":"https:\/\/dev.codekraft.it\/ravaglioli.it\/wp-content\/uploads\/brb_media\/00551335_tyre-changer-sg4526d-mi-150x150.png","url":"https:\/\/dev.codekraft.it\/ravaglioli.it\/es\/product\/desmontadora-de-neumaticos-sg-45-26dpw-plus\/"}],"page_logo_src":"https:\/\/dev.codekraft.it\/ravaglioli.it\/wp-content\/uploads\/2026\/04\/rav-negative-logo-1.png","lang":"es","translations":{"es":157832,"en":157828,"de":157829,"fr":157830,"it":157831,"ru":157833},"pll_sync_post":[],"_links":{"self":[{"href":"https:\/\/dev.codekraft.it\/ravaglioli.it\/wp-json\/wp\/v2\/product\/157832","targetHints":{"allow":["GET"]}}],"collection":[{"href":"https:\/\/dev.codekraft.it\/ravaglioli.it\/wp-json\/wp\/v2\/product"}],"about":[{"href":"https:\/\/dev.codekraft.it\/ravaglioli.it\/wp-json\/wp\/v2\/types\/product"}],"wp:featuredmedia":[{"embeddable":true,"href":"https:\/\/dev.codekraft.it\/ravaglioli.it\/wp-json\/wp\/v2\/media\/157796"}],"wp:attachment":[{"href":"https:\/\/dev.codekraft.it\/ravaglioli.it\/wp-json\/wp\/v2\/media?parent=157832"}],"wp:term":[{"taxonomy":"product_brand","embeddable":true,"href":"https:\/\/dev.codekraft.it\/ravaglioli.it\/wp-json\/wp\/v2\/product_brand?post=157832"},{"taxonomy":"product_cat","embeddable":true,"href":"https:\/\/dev.codekraft.it\/ravaglioli.it\/wp-json\/wp\/v2\/product_cat?post=157832"},{"taxonomy":"product_tag","embeddable":true,"href":"https:\/\/dev.codekraft.it\/ravaglioli.it\/wp-json\/wp\/v2\/product_tag?post=157832"},{"taxonomy":"product_approvals","embeddable":true,"href":"https:\/\/dev.codekraft.it\/ravaglioli.it\/wp-json\/wp\/v2\/product_approvals?post=157832"},{"taxonomy":"product_application","embeddable":true,"href":"https:\/\/dev.codekraft.it\/ravaglioli.it\/wp-json\/wp\/v2\/product_application?post=157832"}],"curies":[{"name":"wp","href":"https:\/\/api.w.org\/{rel}","templated":true}]}}