{"id":157745,"date":"2025-11-20T10:26:31","date_gmt":"2025-11-20T10:26:31","guid":{"rendered":"https:\/\/dev.codekraft.it\/ravaglioli.it\/product\/desmontadora-de-neumaticos-g1190-30plus\/"},"modified":"2025-11-20T10:26:31","modified_gmt":"2025-11-20T10:26:31","slug":"desmontadora-de-neumaticos-g1190-30plus","status":"publish","type":"product","link":"https:\/\/dev.codekraft.it\/ravaglioli.it\/es\/product\/desmontadora-de-neumaticos-g1190-30plus\/","title":{"rendered":"Desmontadora de neum\u00e1ticos G1190.30PLUS"},"content":{"rendered":"<p>The Easisest Way to Work Tyres<\/p>\n<p>Desmontadora de neum\u00e1ticos con una innovadora herramienta sin palanca (patentada) que permite trabajar de forma r\u00e1pida y sin esfuerzo incluso en neum\u00e1ticos de nuevo concepto y de perfil ultrabajo y Run-Flat. El dise\u00f1o compacto lo hace apto tambi\u00e9n para talleres con espacio limitado.<\/p>\n<ul>\n<li>Ahorro de espacio: dise\u00f1o compacto sin cables en la parte posterior de la columna<\/li>\n<li>Ahorro de esfuerzos: brazos con funcionamiento asistido y un ajuste horizontal ligero y preciso<\/li>\n<li>Ahorro de tiempo: tres cilindros para un movimiento independiente y r\u00e1pido de los brazos<\/li>\n<\/ul>\n<ul>\n<li>El operario puede controlar la rotaci\u00f3n de la rueda como desee mediante el motor inverter con limitador de velocidad para proteger el neum\u00e1tico de fuerzas excesivas (0\u00a0&#8211; 15 r\/min).<\/li>\n<li>Sistema de empuje del destalonador de doble rodillo. El neum\u00e1tico se destalona de forma r\u00e1pida y segura mediante dos discos opuestos y sincronizados.<\/li>\n<li>Alta capacidad: El bloqueo central con plato flotante (patentado), apto tambi\u00e9n para llantas invertidas, ofrece un mecanismo de autobloqueo que reduce el esfuerzo del operario.<\/li>\n<li>El proceso de aprendizaje del operario se simplifica gracias al uso de una intuitiva consola para manejar rodillos y herramientas.<\/li>\n<li>Los botones de la parte posterior permiten que el operario no aparte la mirada del neum\u00e1tico.<\/li>\n<li>Herramienta de montaje superior de material sint\u00e9tico antirrayado para un trabajo sin da\u00f1os del borde pr\u00f3ximo de las llantas (efecto sin tensi\u00f3n).<\/li>\n<li>Bot\u00f3n de avance de disco para un destalonado correcto y seguro sin da\u00f1ar la pared lateral del neum\u00e1tico ni el sensor de presi\u00f3n.<\/li>\n<li>El posicionamiento de los tres brazos se sincroniza con un sistema de cadena y rodillos sin lubricaci\u00f3n.<\/li>\n<\/ul>\n<ul>\n<li>Equipada de un empujador neum\u00e1tico del tal\u00f3n<\/li>\n<li>Bloqueo de fijaci\u00f3n r\u00e1pida de las llantas<\/li>\n<li>Inflado accionado mediante pedal r\u00e1pido con calibre y v\u00e1lvula de inflado r\u00e1pido<\/li>\n<li>Ajuste de los brazos horizontal servoasistido<\/li>\n<\/ul>\n","protected":false},"excerpt":{"rendered":"<p>Sin palanca, incluye brazo de ayuda neum\u00e1tico, turismo, di\u00e1metro de llanta 10 &#8211; 30\u2033, anchura llanta m\u00e1x. 15\u2033 | Certificado wdk<\/p>\n","protected":false},"featured_media":37661,"template":"","meta":[],"product_brand":[],"product_cat":[57904],"product_tag":[58296,63163],"product_approvals":[],"product_application":[],"class_list":{"0":"post-157745","1":"product","2":"type-product","3":"status-publish","4":"has-post-thumbnail","6":"product_cat-desmontadoras-es","7":"product_tag-passenger-cars-es","8":"product_tag-quickship-es","10":"first","11":"instock","12":"shipping-taxable","13":"product-type-simple"},"approvals":[],"application":[],"brb_media_brochure":[{"id":148996,"url":"https:\/\/dev.codekraft.it\/ravaglioli.it\/wp-content\/uploads\/brb_media\/00521427_tyre-changer-g119030-br-de-09-2023.pdf","title":"Tyre changer G119030 BR de 09 2023","mpn":"","thumbnail":"https:\/\/dev.codekraft.it\/ravaglioli.it\/wp-content\/uploads\/brb_media\/00521427_tyre-changer-g119030-br-de-09-2023-pdf-106x150.png","description":""},{"id":148997,"url":"https:\/\/dev.codekraft.it\/ravaglioli.it\/wp-content\/uploads\/brb_media\/00521428_tyre-changer-g119030-br-en-09-2023.pdf","title":"Tyre changer G119030 BR en 09 2023","mpn":"","thumbnail":"https:\/\/dev.codekraft.it\/ravaglioli.it\/wp-content\/uploads\/brb_media\/00521428_tyre-changer-g119030-br-en-09-2023-pdf-106x150.png","description":""},{"id":148998,"url":"https:\/\/dev.codekraft.it\/ravaglioli.it\/wp-content\/uploads\/brb_media\/00521429_tyre-changer-g119030-br-fr-09-2023.pdf","title":"Tyre changer G119030 BR fr 09 2023","mpn":"","thumbnail":"https:\/\/dev.codekraft.it\/ravaglioli.it\/wp-content\/uploads\/brb_media\/00521429_tyre-changer-g119030-br-fr-09-2023-pdf-106x150.png","description":""},{"id":148999,"url":"https:\/\/dev.codekraft.it\/ravaglioli.it\/wp-content\/uploads\/brb_media\/00521430_tyre-changer-g119030-br-it-09-2023.pdf","title":"Tyre changer G119030 BR it 09 2023","mpn":"","thumbnail":"https:\/\/dev.codekraft.it\/ravaglioli.it\/wp-content\/uploads\/brb_media\/00521430_tyre-changer-g119030-br-it-09-2023-pdf-106x150.png","description":""},{"id":149000,"url":"https:\/\/dev.codekraft.it\/ravaglioli.it\/wp-content\/uploads\/brb_media\/00521431_tyre-changer-g119030-br-es-09-2023.pdf","title":"Tyre changer G119030 BR es 09 2023","mpn":"","thumbnail":"https:\/\/dev.codekraft.it\/ravaglioli.it\/wp-content\/uploads\/brb_media\/00521431_tyre-changer-g119030-br-es-09-2023-pdf-106x150.png","description":""},{"id":149001,"url":"https:\/\/dev.codekraft.it\/ravaglioli.it\/wp-content\/uploads\/brb_media\/00521432_tyre-changer-g119030-br-ru-09-2023.pdf","title":"Tyre changer G119030 BR ru 09 2023","mpn":"","thumbnail":"https:\/\/dev.codekraft.it\/ravaglioli.it\/wp-content\/uploads\/brb_media\/00521432_tyre-changer-g119030-br-ru-09-2023-pdf-106x150.png","description":""}],"brb_media_drawing":"","brb_media_manuals":[{"id":150428,"url":"https:\/\/dev.codekraft.it\/ravaglioli.it\/wp-content\/uploads\/brb_media\/00548680_tyre-changer-ravg1190-spaga590-im-7105-m020-01_vsg_rev01_de-2024-07.pdf","title":"Tyre changer RAVG1190 SPAGA590 IM 7105 M020 01 VSG rev01 de 2024 07","mpn":"","thumbnail":"https:\/\/dev.codekraft.it\/ravaglioli.it\/wp-content\/uploads\/brb_media\/00548680_tyre-changer-ravg1190-spaga590-im-7105-m020-01_vsg_rev01_de-2024-07-pdf-106x150.png","description":""},{"id":150429,"url":"https:\/\/dev.codekraft.it\/ravaglioli.it\/wp-content\/uploads\/brb_media\/00548682_tyre-changer-ravg1190-spaga590-im-7105-m020-01_vsg_rev01_en-2024-07.pdf","title":"Tyre changer RAVG1190 SPAGA590 IM 7105 M020 01 VSG rev01 en 2024 07","mpn":"","thumbnail":"https:\/\/dev.codekraft.it\/ravaglioli.it\/wp-content\/uploads\/brb_media\/00548682_tyre-changer-ravg1190-spaga590-im-7105-m020-01_vsg_rev01_en-2024-07-pdf-106x150.png","description":""},{"id":150430,"url":"https:\/\/dev.codekraft.it\/ravaglioli.it\/wp-content\/uploads\/brb_media\/00548683_tyre-changer-ravg1190-spaga590-im-7105-m020-01_vsg_rev01_fr-2024-07.pdf","title":"Tyre changer RAVG1190 SPAGA590 IM 7105 M020 01 VSG rev01 fr 2024 07","mpn":"","thumbnail":"https:\/\/dev.codekraft.it\/ravaglioli.it\/wp-content\/uploads\/brb_media\/00548683_tyre-changer-ravg1190-spaga590-im-7105-m020-01_vsg_rev01_fr-2024-07-pdf-106x150.png","description":""},{"id":150431,"url":"https:\/\/dev.codekraft.it\/ravaglioli.it\/wp-content\/uploads\/brb_media\/00548684_tyre-changer-ravg1190-spaga590-im-7105-m020-01_vsg_rev01_it-2024-07.pdf","title":"Tyre changer RAVG1190 SPAGA590 IM 7105 M020 01 VSG rev01 it 2024 07","mpn":"","thumbnail":"https:\/\/dev.codekraft.it\/ravaglioli.it\/wp-content\/uploads\/brb_media\/00548684_tyre-changer-ravg1190-spaga590-im-7105-m020-01_vsg_rev01_it-2024-07-pdf-106x150.png","description":""},{"id":150432,"url":"https:\/\/dev.codekraft.it\/ravaglioli.it\/wp-content\/uploads\/brb_media\/00548685_tyre-changer-ravg1190-spaga590-im-7105-m020-01_vsg_rev01_es-2024-07.pdf","title":"Tyre changer RAVG1190 SPAGA590 IM 7105 M020 01 VSG rev01 es 2024 07","mpn":"","thumbnail":"https:\/\/dev.codekraft.it\/ravaglioli.it\/wp-content\/uploads\/brb_media\/00548685_tyre-changer-ravg1190-spaga590-im-7105-m020-01_vsg_rev01_es-2024-07-pdf-106x150.png","description":""}],"brb_media_safety_datasheets":"","brb_media_spare_parts":[],"_cdmm_p_id":"507003","_company":"Ravaglioli","_gtin":"5063084200808","accessories":[{"id":155899,"mpn":"G1000A137","name":"Placa de sujeci\u00f3n Universal | para llantas sin agujero central y llantas invertidas | por G1000A138","description":"Garra universal para llantas ciegas \/ llantas al rev\u00e9s","thumbnail":"https:\/\/dev.codekraft.it\/ravaglioli.it\/wp-content\/uploads\/brb_media\/00506682_g1000a137-01-150x150.png","url":"https:\/\/dev.codekraft.it\/ravaglioli.it\/es\/product\/placa-de-sujecion-universal-para-llantas-sin-agujero-central-y-llantas-invertidas-por-g1000a138\/"}],"components":[],"delivery":[{"id":155582,"mpn":"G1000A99NP","name":"Elevador para ruedas con bloqueo en posici\u00f3n","description":"","thumbnail":"https:\/\/dev.codekraft.it\/ravaglioli.it\/wp-content\/uploads\/brb_media\/00506713_g1000a99np-150x150.png","url":"https:\/\/dev.codekraft.it\/ravaglioli.it\/es\/product\/elevador-para-ruedas-con-bloqueo-en-posicion-2\/"},{"id":155099,"mpn":"G1000A140","name":"Wulstboy con dispositivo de remolque Est\u00e1ndar","description":"Incluido en el kit WDK","thumbnail":"https:\/\/dev.codekraft.it\/ravaglioli.it\/wp-content\/uploads\/brb_media\/00506688_g1000a140-150x150.png","url":"https:\/\/dev.codekraft.it\/ravaglioli.it\/es\/product\/wulstboy-con-dispositivo-de-remolque-estandar\/"},{"id":152145,"mpn":"GWDK13027","name":"Juego WDK para desmontadora de rueda G1190.30-Series","description":"","thumbnail":"","url":"https:\/\/dev.codekraft.it\/ravaglioli.it\/es\/product\/juego-wdk-para-desmontadora-de-rueda-g1190-30-series\/"},{"id":155821,"mpn":"G1000A100K","name":"Pel\u00edculas de protecci\u00f3n de tal\u00f3n | con homologaci\u00f3n WDK","description":"Incluido en el kit WDK | 1 juego \/ 50 piezas","thumbnail":"https:\/\/dev.codekraft.it\/ravaglioli.it\/wp-content\/uploads\/brb_media\/00506667_g1000a100k-01-150x150.png","url":"https:\/\/dev.codekraft.it\/ravaglioli.it\/es\/product\/peliculas-de-proteccion-de-talon-con-homologacion-wdk\/"},{"id":155331,"mpn":"G1000A36","name":"Extensi\u00f3n para prensa tal\u00f3n a 28\u2033 | para G1000A32","description":"Incluido en el kit WDK","thumbnail":"https:\/\/dev.codekraft.it\/ravaglioli.it\/wp-content\/uploads\/brb_media\/00506693_g1000a36-150x150.png","url":"https:\/\/dev.codekraft.it\/ravaglioli.it\/es\/product\/extension-para-prensa-talon-a-28%e2%80%b3-para-g1000a32\/"},{"id":155797,"mpn":"G800A32","name":"Protecci\u00f3n de pl\u00e1stico para el borde de llanta","description":"Protecci\u00f3n tal\u00f3n para neum\u00e1ticos \u00abRun Flat\u00bb | Incluido en el kit WDK | 1 pieza","thumbnail":"https:\/\/dev.codekraft.it\/ravaglioli.it\/wp-content\/uploads\/brb_media\/00506718_g800a32-150x150.png","url":"https:\/\/dev.codekraft.it\/ravaglioli.it\/es\/product\/proteccion-de-plastico-para-el-borde-de-llanta\/"},{"id":154817,"mpn":"G1000A111","name":"Dispositivo de prensado de tal\u00f3n WDK","description":"Incluido en el kit WDK","thumbnail":"https:\/\/dev.codekraft.it\/ravaglioli.it\/wp-content\/uploads\/brb_media\/00506672_g1000a111-150x150.png","url":"https:\/\/dev.codekraft.it\/ravaglioli.it\/es\/product\/dispositivo-de-prensado-de-talon-wdk\/"}],"package":[],"related":[],"similar":[{"id":152151,"mpn":"RAV.G1190.200822","name":"Desmontadora de neum\u00e1ticos G1190.30IT","description":"Sin palanca, incl. dispositivo de inflado tubeless y brazo de ayuda neum\u00e1tico, turismo, di\u00e1metro de llanta 10 - 30\u2033, anchura llanta m\u00e1x. 15\u2033  | Certificado wdk","thumbnail":"https:\/\/dev.codekraft.it\/ravaglioli.it\/wp-content\/uploads\/brb_media\/00507110_tyre-changer-g119030-mi-02-150x150.png","url":"https:\/\/dev.codekraft.it\/ravaglioli.it\/es\/product\/desmontadora-de-neumaticos-g1190-30it\/"},{"id":156031,"mpn":"RAV.G1250.200129","name":"Desmontadora de neum\u00e1ticos G1250.30PLUS","description":"Sin palanca, autom\u00e1tica, incluye brazo de ayuda neum\u00e1tico y elevador neum\u00e1tico de ruedas, turismo, di\u00e1metro de llanta 10 - 30\u2033, anchura llante max. 15\u2033 | Certificado wdk","thumbnail":"https:\/\/dev.codekraft.it\/ravaglioli.it\/wp-content\/uploads\/brb_media\/00528417_tyre-changer-g125030plus-mi-150x150.png","url":"https:\/\/dev.codekraft.it\/ravaglioli.it\/es\/product\/desmontadora-de-neumaticos-g1250-30plus\/"},{"id":152139,"mpn":"RAV.G1190.200853","name":"Desmontadora de neum\u00e1ticos G1190.30","description":"Sin palanca, incluye brazo de ayuda neum\u00e1tico, turismo, di\u00e1metro de llanta 10 - 30\u2033, anchura llanta m\u00e1x. 15\u2033 | Certificado wdk","thumbnail":"https:\/\/dev.codekraft.it\/ravaglioli.it\/wp-content\/uploads\/brb_media\/00507108_tyre-changer-g119030-mi-03-150x150.png","url":"https:\/\/dev.codekraft.it\/ravaglioli.it\/es\/product\/desmontadora-de-neumaticos-g1190-30\/"}],"page_logo_src":"https:\/\/dev.codekraft.it\/ravaglioli.it\/wp-content\/uploads\/2026\/04\/rav-negative-logo-1.png","lang":"es","translations":{"es":157745,"en":157741,"de":157742,"fr":157743,"it":157744,"ru":157746},"pll_sync_post":[],"_links":{"self":[{"href":"https:\/\/dev.codekraft.it\/ravaglioli.it\/wp-json\/wp\/v2\/product\/157745","targetHints":{"allow":["GET"]}}],"collection":[{"href":"https:\/\/dev.codekraft.it\/ravaglioli.it\/wp-json\/wp\/v2\/product"}],"about":[{"href":"https:\/\/dev.codekraft.it\/ravaglioli.it\/wp-json\/wp\/v2\/types\/product"}],"wp:featuredmedia":[{"embeddable":true,"href":"https:\/\/dev.codekraft.it\/ravaglioli.it\/wp-json\/wp\/v2\/media\/37661"}],"wp:attachment":[{"href":"https:\/\/dev.codekraft.it\/ravaglioli.it\/wp-json\/wp\/v2\/media?parent=157745"}],"wp:term":[{"taxonomy":"product_brand","embeddable":true,"href":"https:\/\/dev.codekraft.it\/ravaglioli.it\/wp-json\/wp\/v2\/product_brand?post=157745"},{"taxonomy":"product_cat","embeddable":true,"href":"https:\/\/dev.codekraft.it\/ravaglioli.it\/wp-json\/wp\/v2\/product_cat?post=157745"},{"taxonomy":"product_tag","embeddable":true,"href":"https:\/\/dev.codekraft.it\/ravaglioli.it\/wp-json\/wp\/v2\/product_tag?post=157745"},{"taxonomy":"product_approvals","embeddable":true,"href":"https:\/\/dev.codekraft.it\/ravaglioli.it\/wp-json\/wp\/v2\/product_approvals?post=157745"},{"taxonomy":"product_application","embeddable":true,"href":"https:\/\/dev.codekraft.it\/ravaglioli.it\/wp-json\/wp\/v2\/product_application?post=157745"}],"curies":[{"name":"wp","href":"https:\/\/api.w.org\/{rel}","templated":true}]}}