{"id":157727,"date":"2025-11-03T11:52:35","date_gmt":"2025-11-03T11:52:35","guid":{"rendered":"https:\/\/dev.codekraft.it\/ravaglioli.it\/product\/elevador-de-tijera-de-corto-rav1450n-3\/"},"modified":"2025-11-03T11:52:35","modified_gmt":"2025-11-03T11:52:35","slug":"elevador-de-tijera-de-corto-rav1450n-3","status":"publish","type":"product","link":"https:\/\/dev.codekraft.it\/ravaglioli.it\/es\/product\/elevador-de-tijera-de-corto-rav1450n-3\/","title":{"rendered":"Elevador de tijera de corto RAV1450N"},"content":{"rendered":"<p>Elevador ideal para servicios de neum\u00e1ticos, frenos, amortiguaci\u00f3n y carrocer\u00eda. El funcionamiento electrohidr\u00e1ulico, con notable reducci\u00f3n del tiempo de ciclo, junto a su elevada altura m\u00e1xima y capacidad de carga, caracterizan este elevador de la \u00faltima generaci\u00f3n, garantizando al utilizador la m\u00e1xima seguridad, utilidad y comodidad de uso. Sincronizaci\u00f3n mec\u00e1nica de los movimientos de las peanas independientemente de la repartici\u00f3n de carga.<\/p>\n<ul>\n<li>Liberaci\u00f3n neum\u00e1tica de cerraduras de seguridad<\/li>\n<li>Ideal para el servicio de neum\u00e1ticos<\/li>\n<li>Extraplano 100 mm<\/li>\n<li>Altura de elevaci\u00f3n 1000 mm<\/li>\n<li>Extensiones r\u00e1pidas de rampa de 1420 mm a 1950 mm<\/li>\n<li>F\u00e1cil m\u00f3vil<\/li>\n<\/ul>\n","protected":false},"excerpt":{"rendered":"<p>3,2 t, electrohidr\u00e1ulico, con suelta de arpones accionada por pedal, sobre suelo<\/p>\n","protected":false},"featured_media":157702,"template":"","meta":[],"product_brand":[],"product_cat":[58066],"product_tag":[58296,58332],"product_approvals":[],"product_application":[],"class_list":{"0":"post-157727","1":"product","2":"type-product","3":"status-publish","4":"has-post-thumbnail","6":"product_cat-elevadores-de-baja-altura-es","7":"product_tag-passenger-cars-es","8":"product_tag-light-commercial-es","10":"first","11":"instock","12":"shipping-taxable","13":"product-type-simple"},"approvals":[],"application":[],"brb_media_brochure":[{"id":157703,"url":"https:\/\/dev.codekraft.it\/ravaglioli.it\/wp-content\/uploads\/brb_media\/00550508_mid-rise-lifts-rav1450n_1450p-br-multi-2025-10-screen.pdf","title":"Mid rise lifts RAV1450N 1450P BR multi 2025 10 screen","mpn":"","thumbnail":"https:\/\/dev.codekraft.it\/ravaglioli.it\/wp-content\/uploads\/brb_media\/00550508_mid-rise-lifts-rav1450n_1450p-br-multi-2025-10-screen-pdf-106x150.png","description":""}],"brb_media_drawing":[{"id":87931,"url":"https:\/\/dev.codekraft.it\/ravaglioli.it\/wp-content\/uploads\/brb_media\/00510358_Mid-rise-lift-RAV1450N-TD-0575_0700_1_00-2017-03.pdf","title":"Mid rise lift RAV1450N TD 0575 0700 1 00 2017 03","mpn":"","thumbnail":"https:\/\/dev.codekraft.it\/ravaglioli.it\/wp-content\/uploads\/brb_media\/00510358_Mid-rise-lift-RAV1450N-TD-0575_0700_1_00-2017-03-pdf-106x150.png","description":""}],"brb_media_manuals":[{"id":157704,"url":"https:\/\/dev.codekraft.it\/ravaglioli.it\/wp-content\/uploads\/brb_media\/00550005_scissor-lifts-rav1450n-rav1450p-rav1450n193315-rav1450p193339-spasb1450-spasb1450p-spasb145193353-im-0575-m010-2rev2-multi-2024-02.pdf","title":"Scissor Lifts RAV1450N RAV1450P RAV1450N193315 RAV1450P193339 SPASB1450 SPASB1450P SPASB145193353 IM 0575 M010 2REV2 multi 2024 02","mpn":"","thumbnail":"https:\/\/dev.codekraft.it\/ravaglioli.it\/wp-content\/uploads\/brb_media\/00550005_scissor-lifts-rav1450n-rav1450p-rav1450n193315-rav1450p193339-spasb1450-spasb1450p-spasb145193353-im-0575-m010-2rev2-multi-2024-02-pdf-106x150.png","description":""}],"brb_media_safety_datasheets":"","brb_media_spare_parts":[],"_cdmm_p_id":"506988","_company":"Ravaglioli","_gtin":"5063084192509","accessories":[{"id":153302,"mpn":"S1450NA1","name":"Kit elevador movil con tim\u00f3n y 2 ruedas","description":"Dispositivo de tracci\u00f3n para elevadores de baja altura","thumbnail":"https:\/\/dev.codekraft.it\/ravaglioli.it\/wp-content\/uploads\/brb_media\/00506775_s1450na1-150x150.png","url":"https:\/\/dev.codekraft.it\/ravaglioli.it\/es\/product\/kit-elevador-movil-con-timon-y-2-ruedas\/"}],"components":[],"delivery":[],"package":[],"related":[],"similar":[{"id":157715,"mpn":"RAV.1450N.193315","name":"Elevador de tijera de corto RAV1450N","description":"3,2 t, electrohidr\u00e1ulico, con suelta de arpones accionada por pedal, sobre suelo","thumbnail":"https:\/\/dev.codekraft.it\/ravaglioli.it\/wp-content\/uploads\/brb_media\/00550494_low-rise-scissor-lift-rav1450n-mi-150x150.png","url":"https:\/\/dev.codekraft.it\/ravaglioli.it\/es\/product\/elevador-de-tijera-de-corto-rav1450n\/"},{"id":157721,"mpn":"RAV.1450N.192493","name":"Elevador de tijera de corto RAV1450N","description":"3,2 t, electrohidr\u00e1ulico, con suelta de arpones accionada por pedal, sobre suelo","thumbnail":"https:\/\/dev.codekraft.it\/ravaglioli.it\/wp-content\/uploads\/brb_media\/00550494_low-rise-scissor-lift-rav1450n-mi-150x150.png","url":"https:\/\/dev.codekraft.it\/ravaglioli.it\/es\/product\/elevador-de-tijera-de-corto-rav1450n-2\/"},{"id":157733,"mpn":"RAV.1450P.193339","name":"Elevador de tijera de corto RAV1450P","description":"3,2 t, electrohidr\u00e1ulico, con suelta de arpones accionado neum\u00e1ticamente, sobre suelo","thumbnail":"https:\/\/dev.codekraft.it\/ravaglioli.it\/wp-content\/uploads\/brb_media\/00550494_low-rise-scissor-lift-rav1450n-mi-150x150.png","url":"https:\/\/dev.codekraft.it\/ravaglioli.it\/es\/product\/elevador-de-tijera-de-corto-rav1450p\/"}],"page_logo_src":"https:\/\/dev.codekraft.it\/ravaglioli.it\/wp-content\/uploads\/2026\/04\/rav-negative-logo-1.png","lang":"es","translations":{"es":157727,"en":157723,"de":157724,"fr":157725,"it":157726,"ru":157728},"pll_sync_post":[],"_links":{"self":[{"href":"https:\/\/dev.codekraft.it\/ravaglioli.it\/wp-json\/wp\/v2\/product\/157727","targetHints":{"allow":["GET"]}}],"collection":[{"href":"https:\/\/dev.codekraft.it\/ravaglioli.it\/wp-json\/wp\/v2\/product"}],"about":[{"href":"https:\/\/dev.codekraft.it\/ravaglioli.it\/wp-json\/wp\/v2\/types\/product"}],"wp:featuredmedia":[{"embeddable":true,"href":"https:\/\/dev.codekraft.it\/ravaglioli.it\/wp-json\/wp\/v2\/media\/157702"}],"wp:attachment":[{"href":"https:\/\/dev.codekraft.it\/ravaglioli.it\/wp-json\/wp\/v2\/media?parent=157727"}],"wp:term":[{"taxonomy":"product_brand","embeddable":true,"href":"https:\/\/dev.codekraft.it\/ravaglioli.it\/wp-json\/wp\/v2\/product_brand?post=157727"},{"taxonomy":"product_cat","embeddable":true,"href":"https:\/\/dev.codekraft.it\/ravaglioli.it\/wp-json\/wp\/v2\/product_cat?post=157727"},{"taxonomy":"product_tag","embeddable":true,"href":"https:\/\/dev.codekraft.it\/ravaglioli.it\/wp-json\/wp\/v2\/product_tag?post=157727"},{"taxonomy":"product_approvals","embeddable":true,"href":"https:\/\/dev.codekraft.it\/ravaglioli.it\/wp-json\/wp\/v2\/product_approvals?post=157727"},{"taxonomy":"product_application","embeddable":true,"href":"https:\/\/dev.codekraft.it\/ravaglioli.it\/wp-json\/wp\/v2\/product_application?post=157727"}],"curies":[{"name":"wp","href":"https:\/\/api.w.org\/{rel}","templated":true}]}}