{"id":157725,"date":"2025-11-03T11:52:25","date_gmt":"2025-11-03T11:52:25","guid":{"rendered":"https:\/\/dev.codekraft.it\/ravaglioli.it\/product\/pont-elevateur-a-ciseaux-a-course-reduite-rav1450n-3\/"},"modified":"2025-11-03T11:52:25","modified_gmt":"2025-11-03T11:52:25","slug":"pont-elevateur-a-ciseaux-a-course-reduite-rav1450n-3","status":"publish","type":"product","link":"https:\/\/dev.codekraft.it\/ravaglioli.it\/fr\/product\/pont-elevateur-a-ciseaux-a-course-reduite-rav1450n-3\/","title":{"rendered":"Pont \u00e9l\u00e9vateur \u00e0 ciseaux \u00e0 course r\u00e9duite RAV1450N"},"content":{"rendered":"<p>\u00c9l\u00e9vateur id\u00e9al pour les interventions sur les pneus, les freins, les amortisseurs et les carrosseries. Le fonctionnement \u00e9lectrohydraulique avec des dur\u00e9es de cycle tr\u00e8s r\u00e9duites, associ\u00e9 \u00e0 une capacit\u00e9 remarquable et un levage \u00e9lev\u00e9 caract\u00e9risent cet \u00e9l\u00e9vateur de la derni\u00e8re g\u00e9n\u00e9ration en garantissant \u00e0 I\u2019utilisateur le maximum de s\u00e9curit\u00e9, la fonctionnalit\u00e9 et la commodit\u00e9 d\u2019emploi. Synchronisation m\u00e9canique des mouvements des plate-formes ind\u00e9pendante de la distribution de la charge.<\/p>\n<ul>\n<li>D\u00e9gagement cr\u00e9maill\u00e8re par pedale<\/li>\n<li>Id\u00e9al pour l&#8217;entretien des pneus<\/li>\n<li>Extra plat 100 mm<\/li>\n<li>Hauteur de levage 1000 mm<\/li>\n<li>Rallonges rapides de rampe de 1420 mm \u00e0 1950 mm<\/li>\n<li>Mobile facile<\/li>\n<\/ul>\n","protected":false},"excerpt":{"rendered":"<p>3,2 t, \u00e9lectrohydraulique, avec d\u00e9gagement cr\u00e9maill\u00e8re par pedale, au-dessus du sol<\/p>\n","protected":false},"featured_media":157702,"template":"","meta":[],"product_brand":[],"product_cat":[58046],"product_tag":[58326,58290],"product_approvals":[],"product_application":[],"class_list":{"0":"post-157725","1":"product","2":"type-product","3":"status-publish","4":"has-post-thumbnail","6":"product_cat-ponts-elevateurs-basse-levee-fr","7":"product_tag-light-commercial-fr","8":"product_tag-passenger-cars-fr","10":"first","11":"instock","12":"shipping-taxable","13":"product-type-simple"},"approvals":[],"application":[],"brb_media_brochure":[{"id":157703,"url":"https:\/\/dev.codekraft.it\/ravaglioli.it\/wp-content\/uploads\/brb_media\/00550508_mid-rise-lifts-rav1450n_1450p-br-multi-2025-10-screen.pdf","title":"Mid rise lifts RAV1450N 1450P BR multi 2025 10 screen","mpn":"","thumbnail":"https:\/\/dev.codekraft.it\/ravaglioli.it\/wp-content\/uploads\/brb_media\/00550508_mid-rise-lifts-rav1450n_1450p-br-multi-2025-10-screen-pdf-106x150.png","description":""}],"brb_media_drawing":[{"id":87931,"url":"https:\/\/dev.codekraft.it\/ravaglioli.it\/wp-content\/uploads\/brb_media\/00510358_Mid-rise-lift-RAV1450N-TD-0575_0700_1_00-2017-03.pdf","title":"Mid rise lift RAV1450N TD 0575 0700 1 00 2017 03","mpn":"","thumbnail":"https:\/\/dev.codekraft.it\/ravaglioli.it\/wp-content\/uploads\/brb_media\/00510358_Mid-rise-lift-RAV1450N-TD-0575_0700_1_00-2017-03-pdf-106x150.png","description":""}],"brb_media_manuals":[{"id":157704,"url":"https:\/\/dev.codekraft.it\/ravaglioli.it\/wp-content\/uploads\/brb_media\/00550005_scissor-lifts-rav1450n-rav1450p-rav1450n193315-rav1450p193339-spasb1450-spasb1450p-spasb145193353-im-0575-m010-2rev2-multi-2024-02.pdf","title":"Scissor Lifts RAV1450N RAV1450P RAV1450N193315 RAV1450P193339 SPASB1450 SPASB1450P SPASB145193353 IM 0575 M010 2REV2 multi 2024 02","mpn":"","thumbnail":"https:\/\/dev.codekraft.it\/ravaglioli.it\/wp-content\/uploads\/brb_media\/00550005_scissor-lifts-rav1450n-rav1450p-rav1450n193315-rav1450p193339-spasb1450-spasb1450p-spasb145193353-im-0575-m010-2rev2-multi-2024-02-pdf-106x150.png","description":""}],"brb_media_safety_datasheets":"","brb_media_spare_parts":[],"_cdmm_p_id":"506988","_company":"Ravaglioli","_gtin":"5063084192509","accessories":[{"id":153300,"mpn":"S1450NA1","name":"Kit pont mobile avec 1 timon et 2 roues","description":"Pour el\u00e9vateurs \u00e0 course r\u00e9duite","thumbnail":"https:\/\/dev.codekraft.it\/ravaglioli.it\/wp-content\/uploads\/brb_media\/00506775_s1450na1-150x150.png","url":"https:\/\/dev.codekraft.it\/ravaglioli.it\/fr\/product\/kit-pont-mobile-avec-1-timon-et-2-roues\/"}],"components":[],"delivery":[],"package":[],"related":[],"similar":[{"id":157713,"mpn":"RAV.1450N.193315","name":"Pont \u00e9l\u00e9vateur \u00e0 ciseaux \u00e0 course r\u00e9duite RAV1450N","description":"3,2 t, \u00e9lectrohydraulique, avec d\u00e9gagement cr\u00e9maill\u00e8re par pedale, au-dessus du sol","thumbnail":"https:\/\/dev.codekraft.it\/ravaglioli.it\/wp-content\/uploads\/brb_media\/00550494_low-rise-scissor-lift-rav1450n-mi-150x150.png","url":"https:\/\/dev.codekraft.it\/ravaglioli.it\/fr\/product\/pont-elevateur-a-ciseaux-a-course-reduite-rav1450n\/"},{"id":157719,"mpn":"RAV.1450N.192493","name":"Pont \u00e9l\u00e9vateur \u00e0 ciseaux \u00e0 course r\u00e9duite RAV1450N","description":"3,2 t, \u00e9lectrohydraulique, avec d\u00e9gagement cr\u00e9maill\u00e8re par pedale, au-dessus du sol","thumbnail":"https:\/\/dev.codekraft.it\/ravaglioli.it\/wp-content\/uploads\/brb_media\/00550494_low-rise-scissor-lift-rav1450n-mi-150x150.png","url":"https:\/\/dev.codekraft.it\/ravaglioli.it\/fr\/product\/pont-elevateur-a-ciseaux-a-course-reduite-rav1450n-2\/"},{"id":157731,"mpn":"RAV.1450P.193339","name":"Pont \u00e9l\u00e9vateur \u00e0 ciseaux \u00e0 course r\u00e9duite RAV1450P","description":"3,2 t, \u00e9lectrohydraulique, avec d\u00e9gagement cr\u00e9maill\u00e8re pneumatique, au-dessus du sol","thumbnail":"https:\/\/dev.codekraft.it\/ravaglioli.it\/wp-content\/uploads\/brb_media\/00550494_low-rise-scissor-lift-rav1450n-mi-150x150.png","url":"https:\/\/dev.codekraft.it\/ravaglioli.it\/fr\/product\/pont-elevateur-a-ciseaux-a-course-reduite-rav1450p\/"}],"page_logo_src":"https:\/\/dev.codekraft.it\/ravaglioli.it\/wp-content\/uploads\/2026\/04\/rav-negative-logo-1.png","lang":"fr","translations":{"fr":157725,"en":157723,"de":157724,"it":157726,"es":157727,"ru":157728},"pll_sync_post":[],"_links":{"self":[{"href":"https:\/\/dev.codekraft.it\/ravaglioli.it\/wp-json\/wp\/v2\/product\/157725","targetHints":{"allow":["GET"]}}],"collection":[{"href":"https:\/\/dev.codekraft.it\/ravaglioli.it\/wp-json\/wp\/v2\/product"}],"about":[{"href":"https:\/\/dev.codekraft.it\/ravaglioli.it\/wp-json\/wp\/v2\/types\/product"}],"wp:featuredmedia":[{"embeddable":true,"href":"https:\/\/dev.codekraft.it\/ravaglioli.it\/wp-json\/wp\/v2\/media\/157702"}],"wp:attachment":[{"href":"https:\/\/dev.codekraft.it\/ravaglioli.it\/wp-json\/wp\/v2\/media?parent=157725"}],"wp:term":[{"taxonomy":"product_brand","embeddable":true,"href":"https:\/\/dev.codekraft.it\/ravaglioli.it\/wp-json\/wp\/v2\/product_brand?post=157725"},{"taxonomy":"product_cat","embeddable":true,"href":"https:\/\/dev.codekraft.it\/ravaglioli.it\/wp-json\/wp\/v2\/product_cat?post=157725"},{"taxonomy":"product_tag","embeddable":true,"href":"https:\/\/dev.codekraft.it\/ravaglioli.it\/wp-json\/wp\/v2\/product_tag?post=157725"},{"taxonomy":"product_approvals","embeddable":true,"href":"https:\/\/dev.codekraft.it\/ravaglioli.it\/wp-json\/wp\/v2\/product_approvals?post=157725"},{"taxonomy":"product_application","embeddable":true,"href":"https:\/\/dev.codekraft.it\/ravaglioli.it\/wp-json\/wp\/v2\/product_application?post=157725"}],"curies":[{"name":"wp","href":"https:\/\/api.w.org\/{rel}","templated":true}]}}