{"id":157718,"date":"2025-11-03T11:52:19","date_gmt":"2025-11-03T11:52:19","guid":{"rendered":"https:\/\/dev.codekraft.it\/ravaglioli.it\/product\/kurzhub-scherenhebebuhne-rav1450n-2\/"},"modified":"2025-11-03T11:52:19","modified_gmt":"2025-11-03T11:52:19","slug":"kurzhub-scherenhebebuhne-rav1450n-2","status":"publish","type":"product","link":"https:\/\/dev.codekraft.it\/ravaglioli.it\/de\/product\/kurzhub-scherenhebebuhne-rav1450n-2\/","title":{"rendered":"Kurzhub-Scherenhebeb\u00fchne RAV1450N"},"content":{"rendered":"<p>Die ideale Hebeb\u00fchne f\u00fcr den Reifen-, Bremsen-, Sto\u00dfd\u00e4mpfer und Karosserieservice. Das leistungsf\u00e4hige Hydraulikaggregat sorgt f\u00fcr kurze Hub- und Senkzeiten, au\u00dferordentliche Stabilit\u00e4t, die hohe Tragf\u00e4higkeit sowie die betr\u00e4chtliche Hubh\u00f6he kennzeichnen diese Hebeb\u00fchne der neuesten Generation und gew\u00e4hrleisten dem Bediener maximale Sicherheit und ein komfortables Arbeiten. Unabh\u00e4ngig von der Lastverteilung garantiert der Stahlbau f\u00fcr eine mechanische Gleichlaufregelung der beiden Fahrschienen.<\/p>\n<ul>\n<li>Entriegelung der Sicherheitsklinke \u00fcber Fu\u00dfpedal<\/li>\n<li>Ideal f\u00fcr den Reifenservice<\/li>\n<li>Extra flach\u00a0100 mm<\/li>\n<li>Hoher Hub\u00a01000 mm<\/li>\n<li>Schnelle Rampenverl\u00e4ngerungen von 1420 mm auf 1950 mm<\/li>\n<li>Einfach mobil<\/li>\n<\/ul>\n","protected":false},"excerpt":{"rendered":"<p>3,2 t, elektrohydraulisch, mit pedalbet\u00e4tigter Ausl\u00f6sung der Sicherheitsklinken, \u00dcberflur<\/p>\n","protected":false},"featured_media":157702,"template":"","meta":[],"product_brand":[],"product_cat":[58036],"product_tag":[58287,58323],"product_approvals":[],"product_application":[],"class_list":{"0":"post-157718","1":"product","2":"type-product","3":"status-publish","4":"has-post-thumbnail","6":"product_cat-kurzhub-hebebuhnen-de","7":"product_tag-passenger-cars-de","8":"product_tag-light-commercial-de","10":"first","11":"instock","12":"shipping-taxable","13":"product-type-simple"},"approvals":[],"application":[],"brb_media_brochure":[{"id":157703,"url":"https:\/\/dev.codekraft.it\/ravaglioli.it\/wp-content\/uploads\/brb_media\/00550508_mid-rise-lifts-rav1450n_1450p-br-multi-2025-10-screen.pdf","title":"Mid rise lifts RAV1450N 1450P BR multi 2025 10 screen","mpn":"","thumbnail":"https:\/\/dev.codekraft.it\/ravaglioli.it\/wp-content\/uploads\/brb_media\/00550508_mid-rise-lifts-rav1450n_1450p-br-multi-2025-10-screen-pdf-106x150.png","description":""}],"brb_media_drawing":[{"id":87931,"url":"https:\/\/dev.codekraft.it\/ravaglioli.it\/wp-content\/uploads\/brb_media\/00510358_Mid-rise-lift-RAV1450N-TD-0575_0700_1_00-2017-03.pdf","title":"Mid rise lift RAV1450N TD 0575 0700 1 00 2017 03","mpn":"","thumbnail":"https:\/\/dev.codekraft.it\/ravaglioli.it\/wp-content\/uploads\/brb_media\/00510358_Mid-rise-lift-RAV1450N-TD-0575_0700_1_00-2017-03-pdf-106x150.png","description":""}],"brb_media_manuals":[{"id":157704,"url":"https:\/\/dev.codekraft.it\/ravaglioli.it\/wp-content\/uploads\/brb_media\/00550005_scissor-lifts-rav1450n-rav1450p-rav1450n193315-rav1450p193339-spasb1450-spasb1450p-spasb145193353-im-0575-m010-2rev2-multi-2024-02.pdf","title":"Scissor Lifts RAV1450N RAV1450P RAV1450N193315 RAV1450P193339 SPASB1450 SPASB1450P SPASB145193353 IM 0575 M010 2REV2 multi 2024 02","mpn":"","thumbnail":"https:\/\/dev.codekraft.it\/ravaglioli.it\/wp-content\/uploads\/brb_media\/00550005_scissor-lifts-rav1450n-rav1450p-rav1450n193315-rav1450p193339-spasb1450-spasb1450p-spasb145193353-im-0575-m010-2rev2-multi-2024-02-pdf-106x150.png","description":""}],"brb_media_safety_datasheets":"","brb_media_spare_parts":[],"_cdmm_p_id":"506986","_company":"Ravaglioli","_gtin":"5063084192493","accessories":[{"id":153299,"mpn":"S1450NA1","name":"Mobil-Set mit Zugdeichsel und 2 R\u00e4dern","description":"Zum Verfahren von f\u00fcr Kurzhub-Hebeb\u00fchnen","thumbnail":"https:\/\/dev.codekraft.it\/ravaglioli.it\/wp-content\/uploads\/brb_media\/00506775_s1450na1-150x150.png","url":"https:\/\/dev.codekraft.it\/ravaglioli.it\/de\/product\/mobil-set-mit-zugdeichsel-und-2-radern\/"}],"components":[],"delivery":[],"package":[],"related":[],"similar":[{"id":157712,"mpn":"RAV.1450N.193315","name":"Kurzhub-Scherenhebeb\u00fchne RAV1450N","description":"3,2 t, elektrohydraulisch, mit pedalbet\u00e4tigter Ausl\u00f6sung der Sicherheitsklinken, \u00dcberflur","thumbnail":"https:\/\/dev.codekraft.it\/ravaglioli.it\/wp-content\/uploads\/brb_media\/00550494_low-rise-scissor-lift-rav1450n-mi-150x150.png","url":"https:\/\/dev.codekraft.it\/ravaglioli.it\/de\/product\/kurzhub-scherenhebebuhne-rav1450n\/"},{"id":157730,"mpn":"RAV.1450P.193339","name":"Kurzhub-Scherenhebeb\u00fchne RAV1450P","description":"3,2 t, elektrohydraulisch, mit pneumatischer Ausl\u00f6sung der Sicherheitsklinken, \u00dcberflur","thumbnail":"https:\/\/dev.codekraft.it\/ravaglioli.it\/wp-content\/uploads\/brb_media\/00550494_low-rise-scissor-lift-rav1450n-mi-150x150.png","url":"https:\/\/dev.codekraft.it\/ravaglioli.it\/de\/product\/kurzhub-scherenhebebuhne-rav1450p\/"},{"id":157724,"mpn":"RAV.1450N.192509","name":"Kurzhub-Scherenhebeb\u00fchne RAV1450N","description":"3,2 t, elektrohydraulisch, mit pedalbet\u00e4tigter Ausl\u00f6sung der Sicherheitsklinken, \u00dcberflur","thumbnail":"https:\/\/dev.codekraft.it\/ravaglioli.it\/wp-content\/uploads\/brb_media\/00550494_low-rise-scissor-lift-rav1450n-mi-150x150.png","url":"https:\/\/dev.codekraft.it\/ravaglioli.it\/de\/product\/kurzhub-scherenhebebuhne-rav1450n-3\/"}],"page_logo_src":"https:\/\/dev.codekraft.it\/ravaglioli.it\/wp-content\/uploads\/2026\/04\/rav-negative-logo-1.png","lang":"de","translations":{"de":157718,"en":157717,"fr":157719,"it":157720,"es":157721,"ru":157722},"pll_sync_post":[],"_links":{"self":[{"href":"https:\/\/dev.codekraft.it\/ravaglioli.it\/wp-json\/wp\/v2\/product\/157718","targetHints":{"allow":["GET"]}}],"collection":[{"href":"https:\/\/dev.codekraft.it\/ravaglioli.it\/wp-json\/wp\/v2\/product"}],"about":[{"href":"https:\/\/dev.codekraft.it\/ravaglioli.it\/wp-json\/wp\/v2\/types\/product"}],"wp:featuredmedia":[{"embeddable":true,"href":"https:\/\/dev.codekraft.it\/ravaglioli.it\/wp-json\/wp\/v2\/media\/157702"}],"wp:attachment":[{"href":"https:\/\/dev.codekraft.it\/ravaglioli.it\/wp-json\/wp\/v2\/media?parent=157718"}],"wp:term":[{"taxonomy":"product_brand","embeddable":true,"href":"https:\/\/dev.codekraft.it\/ravaglioli.it\/wp-json\/wp\/v2\/product_brand?post=157718"},{"taxonomy":"product_cat","embeddable":true,"href":"https:\/\/dev.codekraft.it\/ravaglioli.it\/wp-json\/wp\/v2\/product_cat?post=157718"},{"taxonomy":"product_tag","embeddable":true,"href":"https:\/\/dev.codekraft.it\/ravaglioli.it\/wp-json\/wp\/v2\/product_tag?post=157718"},{"taxonomy":"product_approvals","embeddable":true,"href":"https:\/\/dev.codekraft.it\/ravaglioli.it\/wp-json\/wp\/v2\/product_approvals?post=157718"},{"taxonomy":"product_application","embeddable":true,"href":"https:\/\/dev.codekraft.it\/ravaglioli.it\/wp-json\/wp\/v2\/product_application?post=157718"}],"curies":[{"name":"wp","href":"https:\/\/api.w.org\/{rel}","templated":true}]}}