{"id":157683,"date":"2025-10-30T14:31:04","date_gmt":"2025-10-30T14:31:04","guid":{"rendered":"https:\/\/dev.codekraft.it\/ravaglioli.it\/product\/doppelscheren-hebebuhne-rav535-4\/"},"modified":"2025-10-30T14:31:04","modified_gmt":"2025-10-30T14:31:04","slug":"doppelscheren-hebebuhne-rav535-4","status":"publish","type":"product","link":"https:\/\/dev.codekraft.it\/ravaglioli.it\/de\/product\/doppelscheren-hebebuhne-rav535-4\/","title":{"rendered":"Doppelscheren-Hebeb\u00fchne RAV535"},"content":{"rendered":"<ul>\n<li>Die hydraulische Synchronisierung der Plattformen ist unabh\u00e4ngig von der Lastverteilung und verf\u00fcgt \u00fcber eine patentierte Selbstregulierungsvorrichtung.<\/li>\n<li>Keine mechanischen Verbindungen zwischen den Plattformen (maximale Einsatzf\u00e4higkeit im Arbeitsbereich).<\/li>\n<li>Verlangsamte Bewegungsgeschwindigkeit der Plattformen beim Anheben und Absetzen.<\/li>\n<li>Gelenkbolzen mit selbstschmierenden, wartungsfreien Buchsen.<\/li>\n<li>Mechanische Sicherheitsvorrichtung mit automatischer Aktivierung und pneumatischer Deaktivierung, die ein unbeabsichtigtes Absenken verhindert und maximale Sicherheit in der Parkposition gew\u00e4hrleistet.<\/li>\n<li>Akustisches Signal vor dem kompletten Ablassen der B\u00fchne.<\/li>\n<li>Pleuelstangen aus hochfestem Stahl.<\/li>\n<li>Einstellbare mechanische Endanschl\u00e4ge.<\/li>\n<\/ul>\n<p><strong>Unterflur.<\/strong><\/p>\n<ul>\n<li>Die geringe Einbautiefe der B\u00fchne erm\u00f6glicht Installationen auch dort, wo die f\u00fcr diese Art von B\u00fchnen \u00fcblichen Fundamentst\u00e4rken nicht realisiert werden k\u00f6nnen.\n<p>\u00a0<\/p>\n<\/li>\n<\/ul>\n","protected":false},"excerpt":{"rendered":"<p>3,5 t, Niedrigprofil (100 mm), elektrohydraulisch, \u00dcberflur, verzinkte Fundamente<\/p>\n","protected":false},"featured_media":157650,"template":"","meta":[],"product_brand":[],"product_cat":[58098],"product_tag":[58287,58323],"product_approvals":[],"product_application":[],"class_list":{"0":"post-157683","1":"product","2":"type-product","3":"status-publish","4":"has-post-thumbnail","6":"product_cat-doppelscheren-hebebuhnen-de","7":"product_tag-passenger-cars-de","8":"product_tag-light-commercial-de","10":"first","11":"instock","12":"shipping-taxable","13":"product-type-simple"},"approvals":[],"application":[],"brb_media_brochure":[{"id":157651,"url":"https:\/\/dev.codekraft.it\/ravaglioli.it\/wp-content\/uploads\/brb_media\/00550392_double-scissor-lifts-rav518-rav535-br-de-2025-10-screen.pdf","title":"Double Scissor Lifts RAV518 RAV535 BR DE 2025 10 screen","mpn":"","thumbnail":"https:\/\/dev.codekraft.it\/ravaglioli.it\/wp-content\/uploads\/brb_media\/00550392_double-scissor-lifts-rav518-rav535-br-de-2025-10-screen-pdf-106x150.png","description":""},{"id":157652,"url":"https:\/\/dev.codekraft.it\/ravaglioli.it\/wp-content\/uploads\/brb_media\/00550393_double-scissor-lifts-rav518-rav535-br-en-2025-10-screen.pdf","title":"Double Scissor Lifts RAV518 RAV535 BR EN 2025 10 screen","mpn":"","thumbnail":"https:\/\/dev.codekraft.it\/ravaglioli.it\/wp-content\/uploads\/brb_media\/00550393_double-scissor-lifts-rav518-rav535-br-en-2025-10-screen-pdf-107x150.png","description":""},{"id":157653,"url":"https:\/\/dev.codekraft.it\/ravaglioli.it\/wp-content\/uploads\/brb_media\/00550395_double-scissor-lifts-rav518-rav535-br-fr-2025-10-screen.pdf","title":"Double Scissor Lifts RAV518 RAV535 BR FR 2025 10 screen","mpn":"","thumbnail":"https:\/\/dev.codekraft.it\/ravaglioli.it\/wp-content\/uploads\/brb_media\/00550395_double-scissor-lifts-rav518-rav535-br-fr-2025-10-screen-pdf-106x150.png","description":""},{"id":157654,"url":"https:\/\/dev.codekraft.it\/ravaglioli.it\/wp-content\/uploads\/brb_media\/00550396_double-scissor-lifts-rav518-rav535-br-it-2025-10-screen.pdf","title":"Double Scissor Lifts RAV518 RAV535 BR IT 2025 10 screen","mpn":"","thumbnail":"https:\/\/dev.codekraft.it\/ravaglioli.it\/wp-content\/uploads\/brb_media\/00550396_double-scissor-lifts-rav518-rav535-br-it-2025-10-screen-pdf-106x150.png","description":""},{"id":157655,"url":"https:\/\/dev.codekraft.it\/ravaglioli.it\/wp-content\/uploads\/brb_media\/00550394_double-scissor-lifts-rav518-rav535-br-es-2025-10-screen.pdf","title":"Double Scissor Lifts RAV518 RAV535 BR ES 2025 10 screen","mpn":"","thumbnail":"https:\/\/dev.codekraft.it\/ravaglioli.it\/wp-content\/uploads\/brb_media\/00550394_double-scissor-lifts-rav518-rav535-br-es-2025-10-screen-pdf-106x150.png","description":""},{"id":157656,"url":"https:\/\/dev.codekraft.it\/ravaglioli.it\/wp-content\/uploads\/brb_media\/00550397_double-scissor-lifts-rav518-rav535-br-ru-2025-10-screen.pdf","title":"Double Scissor Lifts RAV518 RAV535 BR RU 2025 10 screen","mpn":"","thumbnail":"https:\/\/dev.codekraft.it\/ravaglioli.it\/wp-content\/uploads\/brb_media\/00550397_double-scissor-lifts-rav518-rav535-br-ru-2025-10-screen-pdf-106x150.png","description":""}],"brb_media_drawing":[{"id":157658,"url":"https:\/\/dev.codekraft.it\/ravaglioli.it\/wp-content\/uploads\/brb_media\/00550401_double-scissor-lifts-rav535-vave-td-057908110-2025-09.pdf","title":"Double Scissor Lifts RAV535 VAVE TD 057908110 2025 09","mpn":"","thumbnail":"https:\/\/dev.codekraft.it\/ravaglioli.it\/wp-content\/uploads\/brb_media\/00550401_double-scissor-lifts-rav535-vave-td-057908110-2025-09-pdf-107x150.png","description":""}],"brb_media_manuals":[{"id":157657,"url":"https:\/\/dev.codekraft.it\/ravaglioli.it\/wp-content\/uploads\/brb_media\/00550399_double-scissor-lifts-rav518nl-rav535_vave-im-0579-m2300-0_vsg_rev00-multi-2025-09.pdf","title":"Double Scissor Lifts RAV518NL RAV535 VAVE IM 0579 M2300 0 VSG Rev00 multi 2025 09","mpn":"","thumbnail":"https:\/\/dev.codekraft.it\/ravaglioli.it\/wp-content\/uploads\/brb_media\/00550399_double-scissor-lifts-rav518nl-rav535_vave-im-0579-m2300-0_vsg_rev00-multi-2025-09-pdf-106x150.png","description":""}],"brb_media_safety_datasheets":"","brb_media_spare_parts":[],"_cdmm_p_id":"506969","_company":"Ravaglioli","_gtin":"5063084196224","accessories":[{"id":152190,"mpn":"S505A2","name":"Traversen f\u00fcr XS30-CAT","description":"F\u00fcr Gel\u00e4ndewagen | 1 Satz \/ 2 St\u00fcck","thumbnail":"https:\/\/dev.codekraft.it\/ravaglioli.it\/wp-content\/uploads\/brb_media\/00509455_scissor-lift-s505a2-mi-150x150.png","url":"https:\/\/dev.codekraft.it\/ravaglioli.it\/de\/product\/traversen-fur-xs30-cat\/"},{"id":152203,"mpn":"S518A20","name":"Schlauchabdeckung 1 m | extra flach | f\u00fcr Bodenmontage","description":"1 m | extra flach | f\u00fcr Bodenmontage","thumbnail":"https:\/\/dev.codekraft.it\/ravaglioli.it\/wp-content\/uploads\/brb_media\/00550550_double-scissor-lifts-s518a20-mi-150x150.png","url":"https:\/\/dev.codekraft.it\/ravaglioli.it\/de\/product\/schlauchabdeckung-1-m-extra-flach-fur-bodenmontage\/"},{"id":152678,"mpn":"S540A1","name":"Auffahrrampen-Kit","description":"Lange Zusatzauffahrrampen f\u00fcr Fahrzeuge mit geringer Bodenfreiheit | 1 Satz \/ 4 St\u00fcck","thumbnail":"https:\/\/dev.codekraft.it\/ravaglioli.it\/wp-content\/uploads\/brb_media\/00509456_scissor-lift-s540a1-mi-150x150.png","url":"https:\/\/dev.codekraft.it\/ravaglioli.it\/de\/product\/auffahrrampen-kit\/"},{"id":153630,"mpn":"S535A1","name":"Unterflur-Umr\u00fcstsatz","description":"","thumbnail":"https:\/\/dev.codekraft.it\/ravaglioli.it\/wp-content\/uploads\/brb_media\/00550549_double-scissor-lifts-s535a1-recess-mounted-kit-mi-150x115.png","url":"https:\/\/dev.codekraft.it\/ravaglioli.it\/de\/product\/unterflur-umrustsatz-2\/"},{"id":153624,"mpn":"S518A21","name":"Unterflur-Umr\u00fcstsatz","description":"","thumbnail":"https:\/\/dev.codekraft.it\/ravaglioli.it\/wp-content\/uploads\/brb_media\/00550549_double-scissor-lifts-s535a1-recess-mounted-kit-mi-150x115.png","url":"https:\/\/dev.codekraft.it\/ravaglioli.it\/de\/product\/unterflur-umrustsatz\/"},{"id":153642,"mpn":"S540A2","name":"Unterflur-Umr\u00fcstsatz","description":"","thumbnail":"https:\/\/dev.codekraft.it\/ravaglioli.it\/wp-content\/uploads\/brb_media\/00550549_double-scissor-lifts-s535a1-recess-mounted-kit-mi-150x115.png","url":"https:\/\/dev.codekraft.it\/ravaglioli.it\/de\/product\/unterflur-umrustsatz-4\/"}],"components":[],"delivery":[],"package":[],"related":[],"similar":[{"id":157664,"mpn":"RAV.535XX.196194","name":"Doppelscheren-Hebeb\u00fchne RAV535","description":"3,5 t, Niedrigprofil (100 mm), elektrohydraulisch, \u00dcberflur","thumbnail":"https:\/\/dev.codekraft.it\/ravaglioli.it\/wp-content\/uploads\/brb_media\/00550386_double-scissor-lifts-rav535-rav518-mi-150x150.png","url":"https:\/\/dev.codekraft.it\/ravaglioli.it\/de\/product\/doppelscheren-hebebuhne-rav535-2\/"},{"id":157671,"mpn":"RAV.535XX.196200","name":"Doppelscheren-Hebeb\u00fchne RAV535Q","description":"3,5 t, Niedrigprofil (100 mm), elektrohydraulisch, TEq-Link, \u00dcberflur","thumbnail":"https:\/\/dev.codekraft.it\/ravaglioli.it\/wp-content\/uploads\/brb_media\/00550386_double-scissor-lifts-rav535-rav518-mi-150x150.png","url":"https:\/\/dev.codekraft.it\/ravaglioli.it\/de\/product\/doppelscheren-hebebuhne-rav535q-2\/"},{"id":157677,"mpn":"RAV.535XX.196217","name":"Doppelscheren-Hebeb\u00fchne RAV535","description":"3,5 t, Niedrigprofil (100 mm), elektrohydraulisch, \u00dcberflur, verzinkt","thumbnail":"https:\/\/dev.codekraft.it\/ravaglioli.it\/wp-content\/uploads\/brb_media\/00550386_double-scissor-lifts-rav535-rav518-mi-150x150.png","url":"https:\/\/dev.codekraft.it\/ravaglioli.it\/de\/product\/doppelscheren-hebebuhne-rav535-3\/"}],"page_logo_src":"https:\/\/dev.codekraft.it\/ravaglioli.it\/wp-content\/uploads\/2026\/04\/rav-negative-logo-1.png","lang":"de","translations":{"de":157683,"en":157682,"fr":157684,"it":157685,"es":157686,"ru":157687},"pll_sync_post":[],"_links":{"self":[{"href":"https:\/\/dev.codekraft.it\/ravaglioli.it\/wp-json\/wp\/v2\/product\/157683","targetHints":{"allow":["GET"]}}],"collection":[{"href":"https:\/\/dev.codekraft.it\/ravaglioli.it\/wp-json\/wp\/v2\/product"}],"about":[{"href":"https:\/\/dev.codekraft.it\/ravaglioli.it\/wp-json\/wp\/v2\/types\/product"}],"wp:featuredmedia":[{"embeddable":true,"href":"https:\/\/dev.codekraft.it\/ravaglioli.it\/wp-json\/wp\/v2\/media\/157650"}],"wp:attachment":[{"href":"https:\/\/dev.codekraft.it\/ravaglioli.it\/wp-json\/wp\/v2\/media?parent=157683"}],"wp:term":[{"taxonomy":"product_brand","embeddable":true,"href":"https:\/\/dev.codekraft.it\/ravaglioli.it\/wp-json\/wp\/v2\/product_brand?post=157683"},{"taxonomy":"product_cat","embeddable":true,"href":"https:\/\/dev.codekraft.it\/ravaglioli.it\/wp-json\/wp\/v2\/product_cat?post=157683"},{"taxonomy":"product_tag","embeddable":true,"href":"https:\/\/dev.codekraft.it\/ravaglioli.it\/wp-json\/wp\/v2\/product_tag?post=157683"},{"taxonomy":"product_approvals","embeddable":true,"href":"https:\/\/dev.codekraft.it\/ravaglioli.it\/wp-json\/wp\/v2\/product_approvals?post=157683"},{"taxonomy":"product_application","embeddable":true,"href":"https:\/\/dev.codekraft.it\/ravaglioli.it\/wp-json\/wp\/v2\/product_application?post=157683"}],"curies":[{"name":"wp","href":"https:\/\/api.w.org\/{rel}","templated":true}]}}