{"id":157674,"date":"2025-10-30T14:31:18","date_gmt":"2025-10-30T14:31:18","guid":{"rendered":"https:\/\/dev.codekraft.it\/ravaglioli.it\/product\/elevador-de-doble-tijera-rav535q-2\/"},"modified":"2025-10-30T14:31:18","modified_gmt":"2025-10-30T14:31:18","slug":"elevador-de-doble-tijera-rav535q-2","status":"publish","type":"product","link":"https:\/\/dev.codekraft.it\/ravaglioli.it\/es\/product\/elevador-de-doble-tijera-rav535q-2\/","title":{"rendered":"Elevador de doble tijera RAV535Q"},"content":{"rendered":"<ul>\n<li>La sincronizaci\u00f3n hidr\u00e1ulica de los movimientos de las plataformas es independiente de la distribuci\u00f3n de la carga, con un dispositivo de autorregulaci\u00f3n patentado.<\/li>\n<li>Ausencia de conexiones mec\u00e1nicas entre las plataformas (m\u00e1xima operatividad en la zona de trabajo).<\/li>\n<li>Velocidad de movimiento de las plataformas ralentizada en las fases de arranque y retorno al suelo.<\/li>\n<li>Pivotes de articulaci\u00f3n con casquillos autolubricantes que no requieren mantenimiento.<\/li>\n<li>Dispositivo de seguridad mec\u00e1nico con inserci\u00f3n autom\u00e1tica y desconexi\u00f3n neum\u00e1tica, que impide el descenso accidental de la carga, garantizando la m\u00e1xima seguridad durante el estacionamiento.<\/li>\n<li>Dispositivo de se\u00f1alizaci\u00f3n ac\u00fastica en la parte final del movimiento de descenso.<\/li>\n<li>Bielas de acero de alta resistencia.<\/li>\n<li>Finales de carrera mec\u00e1nicos ajustables.<\/li>\n<\/ul>\n<p><strong>Versi\u00f3n empotrada.<\/strong><\/p>\n<ul>\n<li>El reducido espesor del elevador permite instalaciones empotradas incluso en lugares donde no ser\u00eda posible realizar fosas con la profundidad habitual para este tipo de elevadores.\n<p>\u00a0<\/p>\n<\/li>\n<\/ul>\n","protected":false},"excerpt":{"rendered":"<p>3,5 t, de perfil bajo (100 mm), electrohidr\u00e1ulico, TEq-Link, sobre suelo<\/p>\n","protected":false},"featured_media":157650,"template":"","meta":[],"product_brand":[],"product_cat":[58134],"product_tag":[58296,58332],"product_approvals":[],"product_application":[],"class_list":{"0":"post-157674","1":"product","2":"type-product","3":"status-publish","4":"has-post-thumbnail","6":"product_cat-elevadores-de-doble-tijera-es","7":"product_tag-passenger-cars-es","8":"product_tag-light-commercial-es","10":"first","11":"instock","12":"shipping-taxable","13":"product-type-simple"},"approvals":[],"application":[],"brb_media_brochure":[{"id":157651,"url":"https:\/\/dev.codekraft.it\/ravaglioli.it\/wp-content\/uploads\/brb_media\/00550392_double-scissor-lifts-rav518-rav535-br-de-2025-10-screen.pdf","title":"Double Scissor Lifts RAV518 RAV535 BR DE 2025 10 screen","mpn":"","thumbnail":"https:\/\/dev.codekraft.it\/ravaglioli.it\/wp-content\/uploads\/brb_media\/00550392_double-scissor-lifts-rav518-rav535-br-de-2025-10-screen-pdf-106x150.png","description":""},{"id":157652,"url":"https:\/\/dev.codekraft.it\/ravaglioli.it\/wp-content\/uploads\/brb_media\/00550393_double-scissor-lifts-rav518-rav535-br-en-2025-10-screen.pdf","title":"Double Scissor Lifts RAV518 RAV535 BR EN 2025 10 screen","mpn":"","thumbnail":"https:\/\/dev.codekraft.it\/ravaglioli.it\/wp-content\/uploads\/brb_media\/00550393_double-scissor-lifts-rav518-rav535-br-en-2025-10-screen-pdf-107x150.png","description":""},{"id":157653,"url":"https:\/\/dev.codekraft.it\/ravaglioli.it\/wp-content\/uploads\/brb_media\/00550395_double-scissor-lifts-rav518-rav535-br-fr-2025-10-screen.pdf","title":"Double Scissor Lifts RAV518 RAV535 BR FR 2025 10 screen","mpn":"","thumbnail":"https:\/\/dev.codekraft.it\/ravaglioli.it\/wp-content\/uploads\/brb_media\/00550395_double-scissor-lifts-rav518-rav535-br-fr-2025-10-screen-pdf-106x150.png","description":""},{"id":157654,"url":"https:\/\/dev.codekraft.it\/ravaglioli.it\/wp-content\/uploads\/brb_media\/00550396_double-scissor-lifts-rav518-rav535-br-it-2025-10-screen.pdf","title":"Double Scissor Lifts RAV518 RAV535 BR IT 2025 10 screen","mpn":"","thumbnail":"https:\/\/dev.codekraft.it\/ravaglioli.it\/wp-content\/uploads\/brb_media\/00550396_double-scissor-lifts-rav518-rav535-br-it-2025-10-screen-pdf-106x150.png","description":""},{"id":157655,"url":"https:\/\/dev.codekraft.it\/ravaglioli.it\/wp-content\/uploads\/brb_media\/00550394_double-scissor-lifts-rav518-rav535-br-es-2025-10-screen.pdf","title":"Double Scissor Lifts RAV518 RAV535 BR ES 2025 10 screen","mpn":"","thumbnail":"https:\/\/dev.codekraft.it\/ravaglioli.it\/wp-content\/uploads\/brb_media\/00550394_double-scissor-lifts-rav518-rav535-br-es-2025-10-screen-pdf-106x150.png","description":""},{"id":157656,"url":"https:\/\/dev.codekraft.it\/ravaglioli.it\/wp-content\/uploads\/brb_media\/00550397_double-scissor-lifts-rav518-rav535-br-ru-2025-10-screen.pdf","title":"Double Scissor Lifts RAV518 RAV535 BR RU 2025 10 screen","mpn":"","thumbnail":"https:\/\/dev.codekraft.it\/ravaglioli.it\/wp-content\/uploads\/brb_media\/00550397_double-scissor-lifts-rav518-rav535-br-ru-2025-10-screen-pdf-106x150.png","description":""}],"brb_media_drawing":[{"id":157670,"url":"https:\/\/dev.codekraft.it\/ravaglioli.it\/wp-content\/uploads\/brb_media\/00550402_double-scissor-lifts-rav535q-vave-td-057908120-2025-09.pdf","title":"Double Scissor Lifts RAV535Q VAVE TD 057908120 2025 09","mpn":"","thumbnail":"https:\/\/dev.codekraft.it\/ravaglioli.it\/wp-content\/uploads\/brb_media\/00550402_double-scissor-lifts-rav535q-vave-td-057908120-2025-09-pdf-107x150.png","description":""}],"brb_media_manuals":[{"id":157657,"url":"https:\/\/dev.codekraft.it\/ravaglioli.it\/wp-content\/uploads\/brb_media\/00550399_double-scissor-lifts-rav518nl-rav535_vave-im-0579-m2300-0_vsg_rev00-multi-2025-09.pdf","title":"Double Scissor Lifts RAV518NL RAV535 VAVE IM 0579 M2300 0 VSG Rev00 multi 2025 09","mpn":"","thumbnail":"https:\/\/dev.codekraft.it\/ravaglioli.it\/wp-content\/uploads\/brb_media\/00550399_double-scissor-lifts-rav518nl-rav535_vave-im-0579-m2300-0_vsg_rev00-multi-2025-09-pdf-106x150.png","description":""}],"brb_media_safety_datasheets":"","brb_media_spare_parts":[],"_cdmm_p_id":"506967","_company":"Ravaglioli","_gtin":"5063084196200","accessories":[{"id":152193,"mpn":"S505A2","name":"Travesa\u00f1os para XS30-CAT","description":"Para furgonetas y veh\u00edculos todo terreno | 1 juego \/ 2 piezas","thumbnail":"https:\/\/dev.codekraft.it\/ravaglioli.it\/wp-content\/uploads\/brb_media\/00509455_scissor-lift-s505a2-mi-150x150.png","url":"https:\/\/dev.codekraft.it\/ravaglioli.it\/es\/product\/travesanos-para-xs30-cat\/"},{"id":152206,"mpn":"S518A20","name":"Cubierta de la manguera 1 m | para instalaci\u00f3n sobre suelo","description":"1 m | para instalaci\u00f3n sobre suelo","thumbnail":"https:\/\/dev.codekraft.it\/ravaglioli.it\/wp-content\/uploads\/brb_media\/00550550_double-scissor-lifts-s518a20-mi-150x150.png","url":"https:\/\/dev.codekraft.it\/ravaglioli.it\/es\/product\/cubierta-de-la-manguera-1-m-para-instalacion-sobre-suelo\/"},{"id":152681,"mpn":"S540A1","name":"Kit de rampa de acceso","description":"Rampas adicionales largas para veh\u00edculos de perfil bajo","thumbnail":"https:\/\/dev.codekraft.it\/ravaglioli.it\/wp-content\/uploads\/brb_media\/00509456_scissor-lift-s540a1-mi-150x150.png","url":"https:\/\/dev.codekraft.it\/ravaglioli.it\/es\/product\/kit-de-rampa-de-acceso\/"},{"id":153633,"mpn":"S535A1","name":"Juego de transformaci\u00f3n para empotrar el elevador","description":"","thumbnail":"https:\/\/dev.codekraft.it\/ravaglioli.it\/wp-content\/uploads\/brb_media\/00550549_double-scissor-lifts-s535a1-recess-mounted-kit-mi-150x115.png","url":"https:\/\/dev.codekraft.it\/ravaglioli.it\/es\/product\/juego-de-transformacion-para-empotrar-el-elevador-2\/"},{"id":153645,"mpn":"S540A2","name":"Juego de transformaci\u00f3n para empotrar el elevador","description":"","thumbnail":"https:\/\/dev.codekraft.it\/ravaglioli.it\/wp-content\/uploads\/brb_media\/00550549_double-scissor-lifts-s535a1-recess-mounted-kit-mi-150x115.png","url":"https:\/\/dev.codekraft.it\/ravaglioli.it\/es\/product\/juego-de-transformacion-para-empotrar-el-elevador-4\/"},{"id":153627,"mpn":"S518A21","name":"Juego de transformaci\u00f3n para empotrar el elevador","description":"","thumbnail":"https:\/\/dev.codekraft.it\/ravaglioli.it\/wp-content\/uploads\/brb_media\/00550549_double-scissor-lifts-s535a1-recess-mounted-kit-mi-150x115.png","url":"https:\/\/dev.codekraft.it\/ravaglioli.it\/es\/product\/juego-de-transformacion-para-empotrar-el-elevador\/"}],"components":[],"delivery":[],"package":[],"related":[],"similar":[{"id":157667,"mpn":"RAV.535XX.196194","name":"Elevador de doble tijera RAV535","description":"3,5 t, de perfil bajo (100 mm), electrohidr\u00e1ulico, sobre suelo","thumbnail":"https:\/\/dev.codekraft.it\/ravaglioli.it\/wp-content\/uploads\/brb_media\/00550386_double-scissor-lifts-rav535-rav518-mi-150x150.png","url":"https:\/\/dev.codekraft.it\/ravaglioli.it\/es\/product\/elevador-de-doble-tijera-rav535-2\/"},{"id":157680,"mpn":"RAV.535XX.196217","name":"Elevador de doble tijera RAV535","description":"3,5 t, de perfil bajo (100 mm), electrohidr\u00e1ulico, sobre suelo, galvanizado","thumbnail":"https:\/\/dev.codekraft.it\/ravaglioli.it\/wp-content\/uploads\/brb_media\/00550386_double-scissor-lifts-rav535-rav518-mi-150x150.png","url":"https:\/\/dev.codekraft.it\/ravaglioli.it\/es\/product\/elevador-de-doble-tijera-rav535-3\/"},{"id":157686,"mpn":"RAV.535XX.196224","name":"Elevador de doble tijera RAV535","description":"3,5 t, de perfil bajo (100 mm), electrohidr\u00e1ulico, sobre suelo, bases galvanizadas","thumbnail":"https:\/\/dev.codekraft.it\/ravaglioli.it\/wp-content\/uploads\/brb_media\/00550386_double-scissor-lifts-rav535-rav518-mi-150x150.png","url":"https:\/\/dev.codekraft.it\/ravaglioli.it\/es\/product\/elevador-de-doble-tijera-rav535-4\/"}],"page_logo_src":"https:\/\/dev.codekraft.it\/ravaglioli.it\/wp-content\/uploads\/2026\/04\/rav-negative-logo-1.png","lang":"es","translations":{"es":157674,"en":157669,"de":157671,"fr":157672,"it":157673,"ru":157675},"pll_sync_post":[],"_links":{"self":[{"href":"https:\/\/dev.codekraft.it\/ravaglioli.it\/wp-json\/wp\/v2\/product\/157674","targetHints":{"allow":["GET"]}}],"collection":[{"href":"https:\/\/dev.codekraft.it\/ravaglioli.it\/wp-json\/wp\/v2\/product"}],"about":[{"href":"https:\/\/dev.codekraft.it\/ravaglioli.it\/wp-json\/wp\/v2\/types\/product"}],"wp:featuredmedia":[{"embeddable":true,"href":"https:\/\/dev.codekraft.it\/ravaglioli.it\/wp-json\/wp\/v2\/media\/157650"}],"wp:attachment":[{"href":"https:\/\/dev.codekraft.it\/ravaglioli.it\/wp-json\/wp\/v2\/media?parent=157674"}],"wp:term":[{"taxonomy":"product_brand","embeddable":true,"href":"https:\/\/dev.codekraft.it\/ravaglioli.it\/wp-json\/wp\/v2\/product_brand?post=157674"},{"taxonomy":"product_cat","embeddable":true,"href":"https:\/\/dev.codekraft.it\/ravaglioli.it\/wp-json\/wp\/v2\/product_cat?post=157674"},{"taxonomy":"product_tag","embeddable":true,"href":"https:\/\/dev.codekraft.it\/ravaglioli.it\/wp-json\/wp\/v2\/product_tag?post=157674"},{"taxonomy":"product_approvals","embeddable":true,"href":"https:\/\/dev.codekraft.it\/ravaglioli.it\/wp-json\/wp\/v2\/product_approvals?post=157674"},{"taxonomy":"product_application","embeddable":true,"href":"https:\/\/dev.codekraft.it\/ravaglioli.it\/wp-json\/wp\/v2\/product_application?post=157674"}],"curies":[{"name":"wp","href":"https:\/\/api.w.org\/{rel}","templated":true}]}}