{"id":157634,"date":"2025-11-20T10:26:31","date_gmt":"2025-11-20T10:26:31","guid":{"rendered":"https:\/\/dev.codekraft.it\/ravaglioli.it\/product\/elevador-de-2-columnas-kph35evp-premium-electric-vehicles\/"},"modified":"2025-11-20T10:26:31","modified_gmt":"2025-11-20T10:26:31","slug":"elevador-de-2-columnas-kph35evp-premium-electric-vehicles","status":"publish","type":"product","link":"https:\/\/dev.codekraft.it\/ravaglioli.it\/es\/product\/elevador-de-2-columnas-kph35evp-premium-electric-vehicles\/","title":{"rendered":"Elevador de 2 columnas KPH35EVP Premium Electric Vehicles"},"content":{"rendered":"<p><strong>HORIZON SERIES<\/strong><\/p>\n<ul>\n<li>Tres alturas de instalaci\u00f3n diferentes: 4170 &#8211; 4055 &#8211; 3940 mm.<\/li>\n<li>Regulaci\u00f3n de anchura.<\/li>\n<li>Interruptor de fin de carrera de serie.<\/li>\n<li>Ambas columnas incorporan un cilindro libre de mantenimiento.<\/li>\n<li>Control por pulsador.<\/li>\n<li>Amplio ajuste del taco.<\/li>\n<\/ul>\n<ul>\n<li><strong>Sincronizaci\u00f3n perfecta <\/strong> de los carros gracias al sistema hidr\u00e1ulico, alineaci\u00f3n sin cable.\n<ul>\n<li>Posibilidad de una anchura de instalaci\u00f3n m\u00e1s estrecha para talleres con espacio de trabajo limitado.<\/li>\n<li>Bloqueo de seguridad del brazo con enganche y desbloqueo autom\u00e1ticos cuando el brazo alcanza el suelo.<\/li>\n<\/ul>\n<\/li>\n<li><strong>Instalaci\u00f3n r\u00e1pida.<\/strong><\/li>\n<li><strong>Velocidad de elevaci\u00f3n mejorada.<\/strong><\/li>\n<li><strong>Seguridad mec\u00e1nica siempre activada.<\/strong>\n<ul>\n<li>La presencia del arp\u00f3n mec\u00e1nico garantiza una seguridad extrema al estacionar.<\/li>\n<li>La varilla est\u00e1 integrada dentro de la columna, quedando as\u00ed protegida de elementos externos.<\/li>\n<\/ul>\n<\/li>\n<\/ul>\n","protected":false},"excerpt":{"rendered":"<p>3,5 t, electrohidr\u00e1ulico, columnas asim\u00e9tricas, brazos para veh\u00edculos el\u00e9ctricos, kit Energy, TEq-Link<\/p>\n","protected":false},"featured_media":157594,"template":"","meta":[],"product_brand":[],"product_cat":[57902],"product_tag":[58296,63163],"product_approvals":[],"product_application":[],"class_list":{"0":"post-157634","1":"product","2":"type-product","3":"status-publish","4":"has-post-thumbnail","6":"product_cat-elevadores-de-2-columnas-es","7":"product_tag-passenger-cars-es","8":"product_tag-quickship-es","10":"first","11":"instock","12":"shipping-taxable","13":"product-type-simple"},"approvals":[],"application":[],"brb_media_brochure":[{"id":157595,"url":"https:\/\/dev.codekraft.it\/ravaglioli.it\/wp-content\/uploads\/brb_media\/00549288_2-post-lift-horizon-series-kph35-br-de-2025-06-screen.pdf","title":"2 post lift Horizon Series KPH35 BR de 2025 06 screen","mpn":"","thumbnail":"https:\/\/dev.codekraft.it\/ravaglioli.it\/wp-content\/uploads\/brb_media\/00549288_2-post-lift-horizon-series-kph35-br-de-2025-06-screen-pdf-106x150.png","description":""},{"id":157596,"url":"https:\/\/dev.codekraft.it\/ravaglioli.it\/wp-content\/uploads\/brb_media\/00549289_2-post-lift-horizon-series-kph35-br-en-2025-06-screen.pdf","title":"2 post lift Horizon Series KPH35 BR en 2025 06 screen","mpn":"","thumbnail":"https:\/\/dev.codekraft.it\/ravaglioli.it\/wp-content\/uploads\/brb_media\/00549289_2-post-lift-horizon-series-kph35-br-en-2025-06-screen-pdf-106x150.png","description":""},{"id":157597,"url":"https:\/\/dev.codekraft.it\/ravaglioli.it\/wp-content\/uploads\/brb_media\/00549294_2-post-lift-horizon-series-kph35-br-fr-2025-06-screen.pdf","title":"2 post lift Horizon Series KPH35 BR fr 2025 06 screen","mpn":"","thumbnail":"https:\/\/dev.codekraft.it\/ravaglioli.it\/wp-content\/uploads\/brb_media\/00549294_2-post-lift-horizon-series-kph35-br-fr-2025-06-screen-pdf-106x150.png","description":""},{"id":157598,"url":"https:\/\/dev.codekraft.it\/ravaglioli.it\/wp-content\/uploads\/brb_media\/00549292_2-post-lift-horizon-series-kph35-br-it-2025-06-screen.pdf","title":"2 post lift Horizon Series KPH35 BR it 2025 06 screen","mpn":"","thumbnail":"https:\/\/dev.codekraft.it\/ravaglioli.it\/wp-content\/uploads\/brb_media\/00549292_2-post-lift-horizon-series-kph35-br-it-2025-06-screen-pdf-106x150.png","description":""},{"id":157599,"url":"https:\/\/dev.codekraft.it\/ravaglioli.it\/wp-content\/uploads\/brb_media\/00549293_2-post-lift-horizon-series-kph35-br-es-2025-06-screen.pdf","title":"2 post lift Horizon Series KPH35 BR es 2025 06 screen","mpn":"","thumbnail":"https:\/\/dev.codekraft.it\/ravaglioli.it\/wp-content\/uploads\/brb_media\/00549293_2-post-lift-horizon-series-kph35-br-es-2025-06-screen-pdf-106x150.png","description":""},{"id":157600,"url":"https:\/\/dev.codekraft.it\/ravaglioli.it\/wp-content\/uploads\/brb_media\/00549295_2-post-lift-horizon-series-kph35-br-ru-2025-06-screen.pdf","title":"2 post lift Horizon Series KPH35 BR ru 2025 06 screen","mpn":"","thumbnail":"https:\/\/dev.codekraft.it\/ravaglioli.it\/wp-content\/uploads\/brb_media\/00549295_2-post-lift-horizon-series-kph35-br-ru-2025-06-screen-pdf-106x150.png","description":""}],"brb_media_drawing":[{"id":157630,"url":"https:\/\/dev.codekraft.it\/ravaglioli.it\/wp-content\/uploads\/brb_media\/00549298_2-post-lifts-kph35evp-spoa35evp-td-049807030-2024-11.pdf","title":"2 post lifts KPH35EVP SPOA35EVP TD 049807030 2024 11","mpn":"","thumbnail":"https:\/\/dev.codekraft.it\/ravaglioli.it\/wp-content\/uploads\/brb_media\/00549298_2-post-lifts-kph35evp-spoa35evp-td-049807030-2024-11-pdf-150x106.png","description":""}],"brb_media_manuals":[{"id":157601,"url":"https:\/\/dev.codekraft.it\/ravaglioli.it\/wp-content\/uploads\/brb_media\/00549297_2-post-lift-kph35-kph32rp-kph35m-kph35evp-spoa35-spoa32rp-spoa35m-spoa35evp-im-0498-m0010-multi-2025-02.pdf","title":"2 post lift KPH35 KPH32RP KPH35M KPH35EVP SPOA35 SPOA32RP SPOA35M SPOA35EVP IM 0498 M0010 multi 2025 02","mpn":"","thumbnail":"https:\/\/dev.codekraft.it\/ravaglioli.it\/wp-content\/uploads\/brb_media\/00549297_2-post-lift-kph35-kph32rp-kph35m-kph35evp-spoa35-spoa32rp-spoa35m-spoa35evp-im-0498-m0010-multi-2025-02-pdf-106x150.png","description":""}],"brb_media_safety_datasheets":"","brb_media_spare_parts":[],"_cdmm_p_id":"506638","_company":"Ravaglioli","_gtin":"5063084197283","accessories":[{"id":154702,"mpn":"VSG.2CALL.902641","name":"Bandejas para herramientas","description":"Magn\u00e9tico | 1 juego \/ 2 piezas","thumbnail":"https:\/\/dev.codekraft.it\/ravaglioli.it\/wp-content\/uploads\/brb_media\/00509504_2-post-lift-vsg2call902641-mi-150x150.png","url":"https:\/\/dev.codekraft.it\/ravaglioli.it\/es\/product\/bandejas-para-herramientas\/"},{"id":155983,"mpn":"VSG.2CALL.901163","name":"Juego de adaptadores","description":"Juego de adaptadores para tacos para levantamiento del chasis \u00d8 120 mm (1 juego con 2 unidades), para plataforma giratoria","thumbnail":"https:\/\/dev.codekraft.it\/ravaglioli.it\/wp-content\/uploads\/brb_media\/00524050_2-post-lift-fj6353-1-mi-150x150.png","url":"https:\/\/dev.codekraft.it\/ravaglioli.it\/es\/product\/juego-de-adaptadores\/"},{"id":155971,"mpn":"VSG.2CALL.901071","name":"Extensiones de adaptadores para elevadores electromec\u00e1nicos","description":"4 x 89 mm, 4 x 127 mm, incl. 2 soportes para montaje en los pilares | 1 juego \/ 8 piezas","thumbnail":"https:\/\/dev.codekraft.it\/ravaglioli.it\/wp-content\/uploads\/brb_media\/00508736_2-post-lift-vsg2call901071-mi-150x150.png","url":"https:\/\/dev.codekraft.it\/ravaglioli.it\/es\/product\/extensiones-de-adaptadores-para-elevadores-electromecanicos\/"},{"id":155977,"mpn":"VSG.2CALL.901248","name":"Extensiones de adaptadores","description":"4 x 200 mm, incl. soporte para montaje en los pilares | 1 juego \/ 4 pieza","thumbnail":"https:\/\/dev.codekraft.it\/ravaglioli.it\/wp-content\/uploads\/brb_media\/00505099_2-post-lift-vsg2call901248-mi-150x150.png","url":"https:\/\/dev.codekraft.it\/ravaglioli.it\/es\/product\/extensiones-de-adaptadores\/"},{"id":154690,"mpn":"VSG.2CALL.902818","name":"Juego de rampitas","description":"Altura de rampa 60 mm, para veh\u00edculos extremadamente bajos | 1 juego \/ 2 piezas","thumbnail":"https:\/\/dev.codekraft.it\/ravaglioli.it\/wp-content\/uploads\/brb_media\/00509501_2-post-lift-vsg2call902818-mi-150x150.png","url":"https:\/\/dev.codekraft.it\/ravaglioli.it\/es\/product\/juego-de-rampitas\/"},{"id":154696,"mpn":"VSG.2CALL.902085","name":"Soportes de alineaci\u00f3n de ruedas","description":"1 juego \/ 4 piezas","thumbnail":"https:\/\/dev.codekraft.it\/ravaglioli.it\/wp-content\/uploads\/brb_media\/00509503_2-post-lift-vsg2call902085-mi-150x150.png","url":"https:\/\/dev.codekraft.it\/ravaglioli.it\/es\/product\/soportes-de-alineacion-de-ruedas\/"},{"id":156613,"mpn":"VSG.2CALL.902511","name":"Soporte para herramientas","description":"Soporte ergon\u00f3mico para destornillador neum\u00e1tico","thumbnail":"https:\/\/dev.codekraft.it\/ravaglioli.it\/wp-content\/uploads\/brb_media\/00511003_2-post-lift-vsg2call902511-mi-150x150.png","url":"https:\/\/dev.codekraft.it\/ravaglioli.it\/es\/product\/soporte-para-herramientas\/"}],"components":[],"delivery":[],"package":[],"related":[],"similar":[{"id":157613,"mpn":"RAV.KPH35.197245","name":"Elevador de 2 columnas KPH35 Standard","description":"3,5 t, electrohidr\u00e1ulico, columnas asim\u00e9tricas, TEq-Link","thumbnail":"https:\/\/dev.codekraft.it\/ravaglioli.it\/wp-content\/uploads\/brb_media\/00549280_2-post-lift-horizon-series-kph35-mi-01-150x150.png","url":"https:\/\/dev.codekraft.it\/ravaglioli.it\/es\/product\/elevador-de-2-columnas-kph35-standard\/"},{"id":157627,"mpn":"RAV.KPH35.197276","name":"Elevador de 2 columnas KPH35RM Medium sports car","description":"3,5 t, electrohidr\u00e1ulico, columnas asim\u00e9tricas, brazos de perfil bajo para coches deportivos, doble panel de control, kit Energy, TEq-Link","thumbnail":"https:\/\/dev.codekraft.it\/ravaglioli.it\/wp-content\/uploads\/brb_media\/00549280_2-post-lift-horizon-series-kph35-mi-01-150x150.png","url":"https:\/\/dev.codekraft.it\/ravaglioli.it\/es\/product\/elevador-de-2-columnas-kph35rm-medium-sports-car\/"},{"id":157620,"mpn":"RAV.KPH35.197252","name":"Elevador de 2 columnas KPH35M Medium","description":"3,5 t, electrohidr\u00e1ulico, columnas asim\u00e9tricas, doble panel de control, kit Energy, TEq-Link","thumbnail":"https:\/\/dev.codekraft.it\/ravaglioli.it\/wp-content\/uploads\/brb_media\/00549280_2-post-lift-horizon-series-kph35-mi-01-150x150.png","url":"https:\/\/dev.codekraft.it\/ravaglioli.it\/es\/product\/elevador-de-2-columnas-kph35m-medium\/"}],"page_logo_src":"https:\/\/dev.codekraft.it\/ravaglioli.it\/wp-content\/uploads\/2026\/04\/rav-negative-logo-1.png","lang":"es","translations":{"es":157634,"en":157629,"de":157631,"fr":157632,"it":157633,"ru":157635},"pll_sync_post":[],"_links":{"self":[{"href":"https:\/\/dev.codekraft.it\/ravaglioli.it\/wp-json\/wp\/v2\/product\/157634","targetHints":{"allow":["GET"]}}],"collection":[{"href":"https:\/\/dev.codekraft.it\/ravaglioli.it\/wp-json\/wp\/v2\/product"}],"about":[{"href":"https:\/\/dev.codekraft.it\/ravaglioli.it\/wp-json\/wp\/v2\/types\/product"}],"wp:featuredmedia":[{"embeddable":true,"href":"https:\/\/dev.codekraft.it\/ravaglioli.it\/wp-json\/wp\/v2\/media\/157594"}],"wp:attachment":[{"href":"https:\/\/dev.codekraft.it\/ravaglioli.it\/wp-json\/wp\/v2\/media?parent=157634"}],"wp:term":[{"taxonomy":"product_brand","embeddable":true,"href":"https:\/\/dev.codekraft.it\/ravaglioli.it\/wp-json\/wp\/v2\/product_brand?post=157634"},{"taxonomy":"product_cat","embeddable":true,"href":"https:\/\/dev.codekraft.it\/ravaglioli.it\/wp-json\/wp\/v2\/product_cat?post=157634"},{"taxonomy":"product_tag","embeddable":true,"href":"https:\/\/dev.codekraft.it\/ravaglioli.it\/wp-json\/wp\/v2\/product_tag?post=157634"},{"taxonomy":"product_approvals","embeddable":true,"href":"https:\/\/dev.codekraft.it\/ravaglioli.it\/wp-json\/wp\/v2\/product_approvals?post=157634"},{"taxonomy":"product_application","embeddable":true,"href":"https:\/\/dev.codekraft.it\/ravaglioli.it\/wp-json\/wp\/v2\/product_application?post=157634"}],"curies":[{"name":"wp","href":"https:\/\/api.w.org\/{rel}","templated":true}]}}