{"id":157618,"date":"2025-11-20T10:26:31","date_gmt":"2025-11-20T10:26:31","guid":{"rendered":"https:\/\/dev.codekraft.it\/ravaglioli.it\/product\/pont-elevateur-a-2-colonnes-kph35m-medium\/"},"modified":"2025-11-20T10:26:31","modified_gmt":"2025-11-20T10:26:31","slug":"pont-elevateur-a-2-colonnes-kph35m-medium","status":"publish","type":"product","link":"https:\/\/dev.codekraft.it\/ravaglioli.it\/fr\/product\/pont-elevateur-a-2-colonnes-kph35m-medium\/","title":{"rendered":"Pont \u00e9l\u00e9vateur \u00e0 2 colonnes KPH35M Medium"},"content":{"rendered":"<p><strong>HORIZON SERIES<\/strong><\/p>\n<ul>\n<li><span lang=\"FR\">Trois hauteurs d&#8217;installation diff\u00e9rentes\u00a0<\/span>: 4170 &#8211; 4055 &#8211; 3940 mm.<\/li>\n<li><span lang=\"FR\">Vaste plage de r\u00e9glage<\/span>.<\/li>\n<li><span lang=\"FR\">Fin de course en standard<\/span>.<\/li>\n<li><span lang=\"FR\">Les deux colonnes sont \u00e9quip\u00e9es d&#8217;un v\u00e9rin sans entretien<\/span>.<\/li>\n<li><span lang=\"FR\">Commande par bouton-poussoir<\/span>.<\/li>\n<li><span lang=\"FR\">Vaste plage de r\u00e9glage des tampons<\/span>.<\/li>\n<\/ul>\n<ul>\n<li><strong>Synchronisation parfaite <\/strong> des chariots gr\u00e2ce au syst\u00e8me hydraulique, alignement sans c\u00e2bles.\n<ul>\n<li>Possibilit\u00e9 d&#8217;une largeur d&#8217;installation plus \u00e9troite pour les ateliers disposant d&#8217;un espace de travail limit\u00e9.<\/li>\n<li>Dispositif de s\u00e9curit\u00e9 du bras avec verrouillage automatique et d\u00e9verrouillage automatique lorsque le bras atteint le sol.<\/li>\n<\/ul>\n<\/li>\n<li><strong>Installation rapide.<\/strong><\/li>\n<li><strong>Vitesse de levage am\u00e9lior\u00e9e.<\/strong><\/li>\n<li><strong>S\u00e9curit\u00e9 m\u00e9canique toujours en place.<\/strong>\n<ul>\n<li>La pr\u00e9sence du harpon m\u00e9canique garantit une s\u00e9curit\u00e9 optimale lors du stationnement.<\/li>\n<li>La tige est int\u00e9gr\u00e9e \u00e0 l&#8217;int\u00e9rieur de la colonne et n&#8217;est donc pas expos\u00e9e \u00e0 des facteurs qui pourraient l&#8217;endommager.<\/li>\n<\/ul>\n<\/li>\n<\/ul>\n","protected":false},"excerpt":{"rendered":"<p>3,5 t, \u00e9lectrohydraulique, colonnes asym\u00e9triques, double panneau de commande, kit d&#8217;\u00e9nergie, TEq-Link<\/p>\n","protected":false},"featured_media":157594,"template":"","meta":[],"product_brand":[],"product_cat":[57874],"product_tag":[63157,58290],"product_approvals":[],"product_application":[],"class_list":{"0":"post-157618","1":"product","2":"type-product","3":"status-publish","4":"has-post-thumbnail","6":"product_cat-ponts-elevateurs-a-2-colonnes-fr","7":"product_tag-quickship-fr","8":"product_tag-passenger-cars-fr","10":"first","11":"instock","12":"shipping-taxable","13":"product-type-simple"},"approvals":[],"application":[],"brb_media_brochure":[{"id":157595,"url":"https:\/\/dev.codekraft.it\/ravaglioli.it\/wp-content\/uploads\/brb_media\/00549288_2-post-lift-horizon-series-kph35-br-de-2025-06-screen.pdf","title":"2 post lift Horizon Series KPH35 BR de 2025 06 screen","mpn":"","thumbnail":"https:\/\/dev.codekraft.it\/ravaglioli.it\/wp-content\/uploads\/brb_media\/00549288_2-post-lift-horizon-series-kph35-br-de-2025-06-screen-pdf-106x150.png","description":""},{"id":157596,"url":"https:\/\/dev.codekraft.it\/ravaglioli.it\/wp-content\/uploads\/brb_media\/00549289_2-post-lift-horizon-series-kph35-br-en-2025-06-screen.pdf","title":"2 post lift Horizon Series KPH35 BR en 2025 06 screen","mpn":"","thumbnail":"https:\/\/dev.codekraft.it\/ravaglioli.it\/wp-content\/uploads\/brb_media\/00549289_2-post-lift-horizon-series-kph35-br-en-2025-06-screen-pdf-106x150.png","description":""},{"id":157597,"url":"https:\/\/dev.codekraft.it\/ravaglioli.it\/wp-content\/uploads\/brb_media\/00549294_2-post-lift-horizon-series-kph35-br-fr-2025-06-screen.pdf","title":"2 post lift Horizon Series KPH35 BR fr 2025 06 screen","mpn":"","thumbnail":"https:\/\/dev.codekraft.it\/ravaglioli.it\/wp-content\/uploads\/brb_media\/00549294_2-post-lift-horizon-series-kph35-br-fr-2025-06-screen-pdf-106x150.png","description":""},{"id":157598,"url":"https:\/\/dev.codekraft.it\/ravaglioli.it\/wp-content\/uploads\/brb_media\/00549292_2-post-lift-horizon-series-kph35-br-it-2025-06-screen.pdf","title":"2 post lift Horizon Series KPH35 BR it 2025 06 screen","mpn":"","thumbnail":"https:\/\/dev.codekraft.it\/ravaglioli.it\/wp-content\/uploads\/brb_media\/00549292_2-post-lift-horizon-series-kph35-br-it-2025-06-screen-pdf-106x150.png","description":""},{"id":157599,"url":"https:\/\/dev.codekraft.it\/ravaglioli.it\/wp-content\/uploads\/brb_media\/00549293_2-post-lift-horizon-series-kph35-br-es-2025-06-screen.pdf","title":"2 post lift Horizon Series KPH35 BR es 2025 06 screen","mpn":"","thumbnail":"https:\/\/dev.codekraft.it\/ravaglioli.it\/wp-content\/uploads\/brb_media\/00549293_2-post-lift-horizon-series-kph35-br-es-2025-06-screen-pdf-106x150.png","description":""},{"id":157600,"url":"https:\/\/dev.codekraft.it\/ravaglioli.it\/wp-content\/uploads\/brb_media\/00549295_2-post-lift-horizon-series-kph35-br-ru-2025-06-screen.pdf","title":"2 post lift Horizon Series KPH35 BR ru 2025 06 screen","mpn":"","thumbnail":"https:\/\/dev.codekraft.it\/ravaglioli.it\/wp-content\/uploads\/brb_media\/00549295_2-post-lift-horizon-series-kph35-br-ru-2025-06-screen-pdf-106x150.png","description":""}],"brb_media_drawing":[{"id":157616,"url":"https:\/\/dev.codekraft.it\/ravaglioli.it\/wp-content\/uploads\/brb_media\/00549299_2-post-lifts-kph35m-spoa35m-td-049807060-2024-11.pdf","title":"2 post lifts KPH35M SPOA35M TD 049807060 2024 11","mpn":"","thumbnail":"https:\/\/dev.codekraft.it\/ravaglioli.it\/wp-content\/uploads\/brb_media\/00549299_2-post-lifts-kph35m-spoa35m-td-049807060-2024-11-pdf-150x106.png","description":""}],"brb_media_manuals":[{"id":157601,"url":"https:\/\/dev.codekraft.it\/ravaglioli.it\/wp-content\/uploads\/brb_media\/00549297_2-post-lift-kph35-kph32rp-kph35m-kph35evp-spoa35-spoa32rp-spoa35m-spoa35evp-im-0498-m0010-multi-2025-02.pdf","title":"2 post lift KPH35 KPH32RP KPH35M KPH35EVP SPOA35 SPOA32RP SPOA35M SPOA35EVP IM 0498 M0010 multi 2025 02","mpn":"","thumbnail":"https:\/\/dev.codekraft.it\/ravaglioli.it\/wp-content\/uploads\/brb_media\/00549297_2-post-lift-kph35-kph32rp-kph35m-kph35evp-spoa35-spoa32rp-spoa35m-spoa35evp-im-0498-m0010-multi-2025-02-pdf-106x150.png","description":""}],"brb_media_safety_datasheets":"","brb_media_spare_parts":[],"_cdmm_p_id":"506636","_company":"Ravaglioli","_gtin":"5063084197252","accessories":[{"id":154700,"mpn":"VSG.2CALL.902641","name":"Bac pour les outils","description":"Aimant\u00e9es | ensemble de plateaux | 1 jeu \/ 4 pi\u00e8ces","thumbnail":"https:\/\/dev.codekraft.it\/ravaglioli.it\/wp-content\/uploads\/brb_media\/00509504_2-post-lift-vsg2call902641-mi-150x150.png","url":"https:\/\/dev.codekraft.it\/ravaglioli.it\/fr\/product\/bac-pour-les-outils\/"},{"id":155981,"mpn":"VSG.2CALL.901163","name":"Kit adaptateurs","description":"Kit adaptateurs pour tampons pour prise chassis \u00d8 120 mm (1 jeu, 2 pi\u00e8ces), pour plateau tournant","thumbnail":"https:\/\/dev.codekraft.it\/ravaglioli.it\/wp-content\/uploads\/brb_media\/00524050_2-post-lift-fj6353-1-mi-150x150.png","url":"https:\/\/dev.codekraft.it\/ravaglioli.it\/fr\/product\/kit-adaptateurs\/"},{"id":155969,"mpn":"VSG.2CALL.901071","name":"Entretoises pour tampons pour \u00e9l\u00e9vateurs \u00e9lectrom\u00e9caniques","description":"4 x 89 mm, 4 x 127 mm, y compris 2 supports pour le montage sur les colonnes | 1 jeu \/ 8 pi\u00e8ces","thumbnail":"https:\/\/dev.codekraft.it\/ravaglioli.it\/wp-content\/uploads\/brb_media\/00508736_2-post-lift-vsg2call901071-mi-150x150.png","url":"https:\/\/dev.codekraft.it\/ravaglioli.it\/fr\/product\/entretoises-pour-tampons-pour-elevateurs-electromecaniques\/"},{"id":155975,"mpn":"VSG.2CALL.901248","name":"Entretoises pour tampons","description":"4 x 200 mm, y compris support pour le montage sur les colonnes | 1 jeu \/ 4 pi\u00e8ces","thumbnail":"https:\/\/dev.codekraft.it\/ravaglioli.it\/wp-content\/uploads\/brb_media\/00505099_2-post-lift-vsg2call901248-mi-150x150.png","url":"https:\/\/dev.codekraft.it\/ravaglioli.it\/fr\/product\/entretoises-pour-tampons\/"},{"id":154688,"mpn":"VSG.2CALL.902818","name":"Kit de supports pour rehausser les v\u00e9hicules","description":"Hauteur de rampe 60 mm, pour v\u00e9hicules extr\u00eamement bas | 1 jeu \/ 2 pi\u00e8ces","thumbnail":"https:\/\/dev.codekraft.it\/ravaglioli.it\/wp-content\/uploads\/brb_media\/00509501_2-post-lift-vsg2call902818-mi-150x150.png","url":"https:\/\/dev.codekraft.it\/ravaglioli.it\/fr\/product\/kit-de-supports-pour-rehausser-les-vehicules\/"},{"id":154694,"mpn":"VSG.2CALL.902085","name":"Kit de supports pour le contr\u00f4le de g\u00e9om\u00e9trie","description":"1 jeu \/ 4 pi\u00e8ces","thumbnail":"https:\/\/dev.codekraft.it\/ravaglioli.it\/wp-content\/uploads\/brb_media\/00509503_2-post-lift-vsg2call902085-mi-150x150.png","url":"https:\/\/dev.codekraft.it\/ravaglioli.it\/fr\/product\/kit-de-supports-pour-le-controle-de-geometrie\/"},{"id":156611,"mpn":"VSG.2CALL.902511","name":"Support d&#039;outil","description":"Support pour outillage pneumatique, ergonomique","thumbnail":"https:\/\/dev.codekraft.it\/ravaglioli.it\/wp-content\/uploads\/brb_media\/00511003_2-post-lift-vsg2call902511-mi-150x150.png","url":"https:\/\/dev.codekraft.it\/ravaglioli.it\/fr\/product\/support-doutil\/"}],"components":[],"delivery":[],"package":[],"related":[],"similar":[{"id":157611,"mpn":"RAV.KPH35.197245","name":"Pont \u00e9l\u00e9vateur \u00e0 2 colonnes KPH35 Standard","description":"3,5 t, \u00e9lectrohydraulique, colonnes asym\u00e9triques, TEq-Link","thumbnail":"https:\/\/dev.codekraft.it\/ravaglioli.it\/wp-content\/uploads\/brb_media\/00549280_2-post-lift-horizon-series-kph35-mi-01-150x150.png","url":"https:\/\/dev.codekraft.it\/ravaglioli.it\/fr\/product\/pont-elevateur-a-2-colonnes-kph35-standard\/"},{"id":157625,"mpn":"RAV.KPH35.197276","name":"Pont \u00e9l\u00e9vateur \u00e0 2 colonnes KPH35RM Medium sports car","description":"3,5 t, \u00e9lectrohydraulique, colonnes asym\u00e9triques, bras pour voitures de sport \u00e0 profil bas, double panneau de commande, kit d'\u00e9nergie, TEq-Link","thumbnail":"https:\/\/dev.codekraft.it\/ravaglioli.it\/wp-content\/uploads\/brb_media\/00549280_2-post-lift-horizon-series-kph35-mi-01-150x150.png","url":"https:\/\/dev.codekraft.it\/ravaglioli.it\/fr\/product\/pont-elevateur-a-2-colonnes-kph35rm-medium-sports-car\/"},{"id":157632,"mpn":"RAV.KPH35.197283","name":"Pont \u00e9l\u00e9vateur \u00e0 2 colonnes KPH35EVP Premium Electric Vehicles","description":"3,5 t, \u00e9lectrohydraulique, colonnes asym\u00e9triques, bras pour v\u00e9hicules \u00e9lectriques, kit d'\u00e9nergie, TEq-Link","thumbnail":"https:\/\/dev.codekraft.it\/ravaglioli.it\/wp-content\/uploads\/brb_media\/00549280_2-post-lift-horizon-series-kph35-mi-01-150x150.png","url":"https:\/\/dev.codekraft.it\/ravaglioli.it\/fr\/product\/pont-elevateur-a-2-colonnes-kph35evp-premium-electric-vehicles\/"}],"page_logo_src":"https:\/\/dev.codekraft.it\/ravaglioli.it\/wp-content\/uploads\/2026\/04\/rav-negative-logo-1.png","lang":"fr","translations":{"fr":157618,"en":157615,"de":157617,"it":157619,"es":157620,"ru":157621},"pll_sync_post":[],"_links":{"self":[{"href":"https:\/\/dev.codekraft.it\/ravaglioli.it\/wp-json\/wp\/v2\/product\/157618","targetHints":{"allow":["GET"]}}],"collection":[{"href":"https:\/\/dev.codekraft.it\/ravaglioli.it\/wp-json\/wp\/v2\/product"}],"about":[{"href":"https:\/\/dev.codekraft.it\/ravaglioli.it\/wp-json\/wp\/v2\/types\/product"}],"wp:featuredmedia":[{"embeddable":true,"href":"https:\/\/dev.codekraft.it\/ravaglioli.it\/wp-json\/wp\/v2\/media\/157594"}],"wp:attachment":[{"href":"https:\/\/dev.codekraft.it\/ravaglioli.it\/wp-json\/wp\/v2\/media?parent=157618"}],"wp:term":[{"taxonomy":"product_brand","embeddable":true,"href":"https:\/\/dev.codekraft.it\/ravaglioli.it\/wp-json\/wp\/v2\/product_brand?post=157618"},{"taxonomy":"product_cat","embeddable":true,"href":"https:\/\/dev.codekraft.it\/ravaglioli.it\/wp-json\/wp\/v2\/product_cat?post=157618"},{"taxonomy":"product_tag","embeddable":true,"href":"https:\/\/dev.codekraft.it\/ravaglioli.it\/wp-json\/wp\/v2\/product_tag?post=157618"},{"taxonomy":"product_approvals","embeddable":true,"href":"https:\/\/dev.codekraft.it\/ravaglioli.it\/wp-json\/wp\/v2\/product_approvals?post=157618"},{"taxonomy":"product_application","embeddable":true,"href":"https:\/\/dev.codekraft.it\/ravaglioli.it\/wp-json\/wp\/v2\/product_application?post=157618"}],"curies":[{"name":"wp","href":"https:\/\/api.w.org\/{rel}","templated":true}]}}