{"id":157610,"date":"2025-11-20T10:26:31","date_gmt":"2025-11-20T10:26:31","guid":{"rendered":"https:\/\/dev.codekraft.it\/ravaglioli.it\/product\/2-saulen-hebebuhne-kph35-standard\/"},"modified":"2025-11-20T10:26:31","modified_gmt":"2025-11-20T10:26:31","slug":"2-saulen-hebebuhne-kph35-standard","status":"publish","type":"product","link":"https:\/\/dev.codekraft.it\/ravaglioli.it\/de\/product\/2-saulen-hebebuhne-kph35-standard\/","title":{"rendered":"2-S\u00e4ulen-Hebeb\u00fchne KPH35 Standard"},"content":{"rendered":"<p><strong>HORIZON SERIES<\/strong><\/p>\n<ul>\n<li>Drei verschiedene Bauh\u00f6hen: 4170 &#8211; 4055 &#8211; 3940 mm.<\/li>\n<li>Breiter Verstellbereich.<\/li>\n<li>Endschalter serienm\u00e4\u00dfig enthalten.<\/li>\n<li>Beide S\u00e4ulen verf\u00fcgen \u00fcber einen wartungsfreien Zylinder.<\/li>\n<li>Bedienung \u00fcber Drucktasten.<\/li>\n<li>Gro\u00dfer Einstellbereich der Aufnahmen.<\/li>\n<\/ul>\n<ul>\n<li><strong>Perfekte Synchronisierung <\/strong> der Hubschlitten dank Hydrauliksystem, seilfreier Gleichlauf.\n<ul>\n<li>M\u00f6glichkeit einer schmaleren Aufstellbreite f\u00fcr Werkst\u00e4tten mit begrenztem Arbeitsraum.<\/li>\n<li>Sicherheitsverriegelung des Arms mit automatischer Arretierung und automatischer Bodenentriegelung.<\/li>\n<\/ul>\n<\/li>\n<li><strong>Schnelle Installation.<\/strong><\/li>\n<li><strong>Verbesserte Hubgeschwindigkeit.<\/strong><\/li>\n<li><strong>Mechanische Sicherheit stets aktiv.<\/strong>\n<ul>\n<li>Die mechanische Sicherheitsklinke garantiert hervorragend Sicherheit in der Parkposition.<\/li>\n<li>Der Kolben des Zylinders ist in die S\u00e4ule integriert und somit keinen Faktoren ausgesetzt, die ihn besch\u00e4digen k\u00f6nnten.<\/li>\n<\/ul>\n<\/li>\n<\/ul>\n","protected":false},"excerpt":{"rendered":"<p>3,5 t, elektrohydraulisch, asymmetrische S\u00e4ulen, TEq-Link<\/p>\n","protected":false},"featured_media":157594,"template":"","meta":[],"product_brand":[],"product_cat":[57860],"product_tag":[58287,63154],"product_approvals":[],"product_application":[],"class_list":{"0":"post-157610","1":"product","2":"type-product","3":"status-publish","4":"has-post-thumbnail","6":"product_cat-2-saulen-hebebuhnen-de","7":"product_tag-passenger-cars-de","8":"product_tag-quickship-de","10":"first","11":"instock","12":"shipping-taxable","13":"product-type-simple"},"approvals":[],"application":[],"brb_media_brochure":[{"id":157595,"url":"https:\/\/dev.codekraft.it\/ravaglioli.it\/wp-content\/uploads\/brb_media\/00549288_2-post-lift-horizon-series-kph35-br-de-2025-06-screen.pdf","title":"2 post lift Horizon Series KPH35 BR de 2025 06 screen","mpn":"","thumbnail":"https:\/\/dev.codekraft.it\/ravaglioli.it\/wp-content\/uploads\/brb_media\/00549288_2-post-lift-horizon-series-kph35-br-de-2025-06-screen-pdf-106x150.png","description":""},{"id":157596,"url":"https:\/\/dev.codekraft.it\/ravaglioli.it\/wp-content\/uploads\/brb_media\/00549289_2-post-lift-horizon-series-kph35-br-en-2025-06-screen.pdf","title":"2 post lift Horizon Series KPH35 BR en 2025 06 screen","mpn":"","thumbnail":"https:\/\/dev.codekraft.it\/ravaglioli.it\/wp-content\/uploads\/brb_media\/00549289_2-post-lift-horizon-series-kph35-br-en-2025-06-screen-pdf-106x150.png","description":""},{"id":157597,"url":"https:\/\/dev.codekraft.it\/ravaglioli.it\/wp-content\/uploads\/brb_media\/00549294_2-post-lift-horizon-series-kph35-br-fr-2025-06-screen.pdf","title":"2 post lift Horizon Series KPH35 BR fr 2025 06 screen","mpn":"","thumbnail":"https:\/\/dev.codekraft.it\/ravaglioli.it\/wp-content\/uploads\/brb_media\/00549294_2-post-lift-horizon-series-kph35-br-fr-2025-06-screen-pdf-106x150.png","description":""},{"id":157598,"url":"https:\/\/dev.codekraft.it\/ravaglioli.it\/wp-content\/uploads\/brb_media\/00549292_2-post-lift-horizon-series-kph35-br-it-2025-06-screen.pdf","title":"2 post lift Horizon Series KPH35 BR it 2025 06 screen","mpn":"","thumbnail":"https:\/\/dev.codekraft.it\/ravaglioli.it\/wp-content\/uploads\/brb_media\/00549292_2-post-lift-horizon-series-kph35-br-it-2025-06-screen-pdf-106x150.png","description":""},{"id":157599,"url":"https:\/\/dev.codekraft.it\/ravaglioli.it\/wp-content\/uploads\/brb_media\/00549293_2-post-lift-horizon-series-kph35-br-es-2025-06-screen.pdf","title":"2 post lift Horizon Series KPH35 BR es 2025 06 screen","mpn":"","thumbnail":"https:\/\/dev.codekraft.it\/ravaglioli.it\/wp-content\/uploads\/brb_media\/00549293_2-post-lift-horizon-series-kph35-br-es-2025-06-screen-pdf-106x150.png","description":""},{"id":157600,"url":"https:\/\/dev.codekraft.it\/ravaglioli.it\/wp-content\/uploads\/brb_media\/00549295_2-post-lift-horizon-series-kph35-br-ru-2025-06-screen.pdf","title":"2 post lift Horizon Series KPH35 BR ru 2025 06 screen","mpn":"","thumbnail":"https:\/\/dev.codekraft.it\/ravaglioli.it\/wp-content\/uploads\/brb_media\/00549295_2-post-lift-horizon-series-kph35-br-ru-2025-06-screen-pdf-106x150.png","description":""}],"brb_media_drawing":[{"id":157602,"url":"https:\/\/dev.codekraft.it\/ravaglioli.it\/wp-content\/uploads\/brb_media\/00549301_2-post-lifts-kph35-spoa35-td-04980700-2024-11.pdf","title":"2 post lifts KPH35 SPOA35 TD 04980700 2024 11","mpn":"","thumbnail":"https:\/\/dev.codekraft.it\/ravaglioli.it\/wp-content\/uploads\/brb_media\/00549301_2-post-lifts-kph35-spoa35-td-04980700-2024-11-pdf-150x106.png","description":""}],"brb_media_manuals":[{"id":157601,"url":"https:\/\/dev.codekraft.it\/ravaglioli.it\/wp-content\/uploads\/brb_media\/00549297_2-post-lift-kph35-kph32rp-kph35m-kph35evp-spoa35-spoa32rp-spoa35m-spoa35evp-im-0498-m0010-multi-2025-02.pdf","title":"2 post lift KPH35 KPH32RP KPH35M KPH35EVP SPOA35 SPOA32RP SPOA35M SPOA35EVP IM 0498 M0010 multi 2025 02","mpn":"","thumbnail":"https:\/\/dev.codekraft.it\/ravaglioli.it\/wp-content\/uploads\/brb_media\/00549297_2-post-lift-kph35-kph32rp-kph35m-kph35evp-spoa35-spoa32rp-spoa35m-spoa35evp-im-0498-m0010-multi-2025-02-pdf-106x150.png","description":""}],"brb_media_safety_datasheets":"","brb_media_spare_parts":[],"_cdmm_p_id":"506635","_company":"Ravaglioli","_gtin":"5063084197245","accessories":[{"id":154699,"mpn":"VSG.2CALL.902641","name":"Werkzeug-Ablageschalen","description":"Magnetisch | 1 Satz \/ 2 St\u00fcck","thumbnail":"https:\/\/dev.codekraft.it\/ravaglioli.it\/wp-content\/uploads\/brb_media\/00509504_2-post-lift-vsg2call902641-mi-150x150.png","url":"https:\/\/dev.codekraft.it\/ravaglioli.it\/de\/product\/werkzeug-ablageschalen\/"},{"id":155980,"mpn":"VSG.2CALL.901163","name":"Adapter-Satz","description":"Adapter-Satz f\u00fcr Tragteller zur Rahmenaufnahme \u00d8 120 mm (1 Satz, 2 St.)","thumbnail":"https:\/\/dev.codekraft.it\/ravaglioli.it\/wp-content\/uploads\/brb_media\/00524050_2-post-lift-fj6353-1-mi-150x150.png","url":"https:\/\/dev.codekraft.it\/ravaglioli.it\/de\/product\/adapter-satz\/"},{"id":155968,"mpn":"VSG.2CALL.901071","name":"Adapterverl\u00e4ngerungen f\u00fcr elektromechanische Hebeb\u00fchnen","description":"4 x 89 mm, 4 x 127 mm, inkl. 2 Halterungen zur Montage an den S\u00e4ulen | 1 Satz \/ 8 St\u00fcck","thumbnail":"https:\/\/dev.codekraft.it\/ravaglioli.it\/wp-content\/uploads\/brb_media\/00508736_2-post-lift-vsg2call901071-mi-150x150.png","url":"https:\/\/dev.codekraft.it\/ravaglioli.it\/de\/product\/adapterverlangerungen-fur-elektromechanische-hebebuhnen\/"},{"id":155974,"mpn":"VSG.2CALL.901248","name":"Adapterverl\u00e4ngerungen","description":"4 x 200 mm, inkl. Halterung zur Montage an den S\u00e4ulen | 1 Satz \/ 4 St\u00fcck","thumbnail":"https:\/\/dev.codekraft.it\/ravaglioli.it\/wp-content\/uploads\/brb_media\/00505099_2-post-lift-vsg2call901248-mi-150x150.png","url":"https:\/\/dev.codekraft.it\/ravaglioli.it\/de\/product\/adapterverlangerungen\/"},{"id":154687,"mpn":"VSG.2CALL.902818","name":"Rampen","description":"Rampenh\u00f6he 60 mm, f\u00fcr extrem niedrige Fahrzeuge | 1 Satz \/ 4 St\u00fcck","thumbnail":"https:\/\/dev.codekraft.it\/ravaglioli.it\/wp-content\/uploads\/brb_media\/00509501_2-post-lift-vsg2call902818-mi-150x150.png","url":"https:\/\/dev.codekraft.it\/ravaglioli.it\/de\/product\/rampen\/"},{"id":154693,"mpn":"VSG.2CALL.902085","name":"Achsmessb\u00f6cke","description":"1 Satz \/ 4 St\u00fcck","thumbnail":"https:\/\/dev.codekraft.it\/ravaglioli.it\/wp-content\/uploads\/brb_media\/00509503_2-post-lift-vsg2call902085-mi-150x150.png","url":"https:\/\/dev.codekraft.it\/ravaglioli.it\/de\/product\/achsmessbocke\/"},{"id":156610,"mpn":"VSG.2CALL.902511","name":"Werkzeughalterung","description":"Ergonomische Halterung f\u00fcr Druckluftschrauber","thumbnail":"https:\/\/dev.codekraft.it\/ravaglioli.it\/wp-content\/uploads\/brb_media\/00511003_2-post-lift-vsg2call902511-mi-150x150.png","url":"https:\/\/dev.codekraft.it\/ravaglioli.it\/de\/product\/werkzeughalterung\/"}],"components":[],"delivery":[],"package":[],"related":[],"similar":[{"id":157617,"mpn":"RAV.KPH35.197252","name":"2-S\u00e4ulen-Hebeb\u00fchne KPH35M Medium","description":"3,5 t, elektrohydraulisch, asymmetrische S\u00e4ulen, zwei Bedieneinheiten, Energie-Kit","thumbnail":"https:\/\/dev.codekraft.it\/ravaglioli.it\/wp-content\/uploads\/brb_media\/00549280_2-post-lift-horizon-series-kph35-mi-01-150x150.png","url":"https:\/\/dev.codekraft.it\/ravaglioli.it\/de\/product\/2-saulen-hebebuhne-kph35m-medium\/"},{"id":157624,"mpn":"RAV.KPH35.197276","name":"2-S\u00e4ulen-Hebeb\u00fchne KPH35RM Medium sports car","description":"3,5 t, elektrohydraulisch, asymmetrische S\u00e4ulen, Tragarme mit niedrigem Profil f\u00fcr Sportwagen, doppelte Bedieneinheit, Energie-Kit, TEq-Link","thumbnail":"https:\/\/dev.codekraft.it\/ravaglioli.it\/wp-content\/uploads\/brb_media\/00549280_2-post-lift-horizon-series-kph35-mi-01-150x150.png","url":"https:\/\/dev.codekraft.it\/ravaglioli.it\/de\/product\/2-saulen-hebebuhne-kph35rm-medium-sports-car\/"},{"id":157631,"mpn":"RAV.KPH35.197283","name":"2-S\u00e4ulen-Hebeb\u00fchne KPH35EVP Premium Electric Vehicles","description":"3,5 t, elektrohydraulisch, asymmetrische S\u00e4ulen, Tragarme f\u00fcr Elektrofahrzeuge, Energie-Kit, TEq-Link","thumbnail":"https:\/\/dev.codekraft.it\/ravaglioli.it\/wp-content\/uploads\/brb_media\/00549280_2-post-lift-horizon-series-kph35-mi-01-150x150.png","url":"https:\/\/dev.codekraft.it\/ravaglioli.it\/de\/product\/2-saulen-hebebuhne-kph35evp-premium-electric-vehicles\/"}],"page_logo_src":"https:\/\/dev.codekraft.it\/ravaglioli.it\/wp-content\/uploads\/2026\/04\/rav-negative-logo-1.png","lang":"de","translations":{"de":157610,"en":157593,"fr":157611,"it":157612,"es":157613,"ru":157614},"pll_sync_post":[],"_links":{"self":[{"href":"https:\/\/dev.codekraft.it\/ravaglioli.it\/wp-json\/wp\/v2\/product\/157610","targetHints":{"allow":["GET"]}}],"collection":[{"href":"https:\/\/dev.codekraft.it\/ravaglioli.it\/wp-json\/wp\/v2\/product"}],"about":[{"href":"https:\/\/dev.codekraft.it\/ravaglioli.it\/wp-json\/wp\/v2\/types\/product"}],"wp:featuredmedia":[{"embeddable":true,"href":"https:\/\/dev.codekraft.it\/ravaglioli.it\/wp-json\/wp\/v2\/media\/157594"}],"wp:attachment":[{"href":"https:\/\/dev.codekraft.it\/ravaglioli.it\/wp-json\/wp\/v2\/media?parent=157610"}],"wp:term":[{"taxonomy":"product_brand","embeddable":true,"href":"https:\/\/dev.codekraft.it\/ravaglioli.it\/wp-json\/wp\/v2\/product_brand?post=157610"},{"taxonomy":"product_cat","embeddable":true,"href":"https:\/\/dev.codekraft.it\/ravaglioli.it\/wp-json\/wp\/v2\/product_cat?post=157610"},{"taxonomy":"product_tag","embeddable":true,"href":"https:\/\/dev.codekraft.it\/ravaglioli.it\/wp-json\/wp\/v2\/product_tag?post=157610"},{"taxonomy":"product_approvals","embeddable":true,"href":"https:\/\/dev.codekraft.it\/ravaglioli.it\/wp-json\/wp\/v2\/product_approvals?post=157610"},{"taxonomy":"product_application","embeddable":true,"href":"https:\/\/dev.codekraft.it\/ravaglioli.it\/wp-json\/wp\/v2\/product_application?post=157610"}],"curies":[{"name":"wp","href":"https:\/\/api.w.org\/{rel}","templated":true}]}}