{"id":157591,"date":"2025-12-02T15:35:36","date_gmt":"2025-12-02T15:35:36","guid":{"rendered":"https:\/\/dev.codekraft.it\/ravaglioli.it\/product\/alineador-de-ruedas-3d-rav3dtower-4\/"},"modified":"2025-12-02T15:35:36","modified_gmt":"2025-12-02T15:35:36","slug":"alineador-de-ruedas-3d-rav3dtower-4","status":"publish","type":"product","link":"https:\/\/dev.codekraft.it\/ravaglioli.it\/es\/product\/alineador-de-ruedas-3d-rav3dtower-4\/","title":{"rendered":"Alineador de ruedas 3D RAV3DTOWER.4"},"content":{"rendered":"<p>ALINEADORES DE RUEDAS 3D de cruz<br \/>Alineaci\u00f3n de ruedas basada en el concepto de cruz<\/p>\n<ul>\n<li>Consola abierta equipada con PC, impresora y pantalla LCD de 22 pulgadas.<\/li>\n<li>Cruz 3D con c\u00e1maras HD.<\/li>\n<\/ul>\n<ul>\n<li><strong>Caracter\u00edsticas del captador 3D<\/strong><strong>:<\/strong>\n<ul>\n<li>Extremadamente ligero<\/li>\n<li>Sin componentes electr\u00f3nicos en su interior<\/li>\n<li>No necesita bater\u00edas<\/li>\n<li>Sin mantenimiento<\/li>\n<\/ul>\n<\/li>\n<\/ul>\n<ul>\n<li><strong>Caracter\u00edsticas de las garras de 4 puntos:<\/strong>\n<ul>\n<li>Posibilidad de utilizar las garras con o sin abrazaderas para neum\u00e1ticos<\/li>\n<li>Dise\u00f1o autocentrante<\/li>\n<li>Capacidad de sujeci\u00f3n de llanta (254 &#8211; 610 mm)<\/li>\n<\/ul>\n<\/li>\n<\/ul>\n<ul>\n<li><strong>Caracter\u00edsticas de la c\u00e1mara HD:<\/strong>\n<ul>\n<li>Alta definici\u00f3n superior<\/li>\n<li>El sistema de seguimiento ajusta autom\u00e1ticamente las c\u00e1maras a la altura de alineaci\u00f3n<\/li>\n<li>Intermitencia de los indicadores LED para mostrar los pasos hacia adelante y atr\u00e1s durante el alabeo<\/li>\n<\/ul>\n<\/li>\n<\/ul>\n<ul>\n<li><strong>Movimiento autom\u00e1tico de la cruz.\u00a0<\/strong>La cruz sigue al veh\u00edculo mientras sube y baja en el elevador, lo que elimina la necesidad de reajustar manualmente la c\u00e1mara, reduciendo el tiempo que se pasa en la consola y permitiendo a los talleres realizar alineaciones r\u00e1pidas y eficaces.<\/li>\n<li><strong>Software Ravaglioli.\u00a0<\/strong>Las instrucciones animadas y los gr\u00e1ficos f\u00e1ciles de entender e intuitivos gu\u00edan al t\u00e9cnico a trav\u00e9s del proceso de alineaci\u00f3n.<\/li>\n<\/ul>\n","protected":false},"excerpt":{"rendered":"<p>Alineador de ruedas basado en cruz 3D, movimiento autom\u00e1tico de la cruz con c\u00e1maras HD; Los indicadores LED proporcionan una alerta visual para cada paso del procedimiento de alabeo, garras de 4 puntos con captadores 3D con luz y monitor LCD de 22\u2033<\/p>\n","protected":false},"featured_media":150397,"template":"","meta":[],"product_brand":[],"product_cat":[57906],"product_tag":[58349,58296,58332],"product_approvals":[],"product_application":[],"class_list":{"0":"post-157591","1":"product","2":"type-product","3":"status-publish","4":"has-post-thumbnail","6":"product_cat-alineadores-de-ruedas-es","7":"product_tag-motor-homes-es","8":"product_tag-passenger-cars-es","9":"product_tag-light-commercial-es","11":"first","12":"instock","13":"shipping-taxable","14":"product-type-simple"},"approvals":[],"application":[],"brb_media_brochure":[{"id":150398,"url":"https:\/\/dev.codekraft.it\/ravaglioli.it\/wp-content\/uploads\/brb_media\/00549467_Wheel-Aligner-RAV3DTOWER4-BR-de-2025-06.pdf","title":"Wheel Aligner RAV3DTOWER4 BR de 2025 06","mpn":"","thumbnail":"https:\/\/dev.codekraft.it\/ravaglioli.it\/wp-content\/uploads\/brb_media\/00549467_Wheel-Aligner-RAV3DTOWER4-BR-de-2025-06-pdf-106x150.png","description":""},{"id":150399,"url":"https:\/\/dev.codekraft.it\/ravaglioli.it\/wp-content\/uploads\/brb_media\/00549468_Wheel-Aligner-RAV3DTOWER4-BR-en-2025-06.pdf","title":"Wheel Aligner RAV3DTOWER4 BR en 2025 06","mpn":"","thumbnail":"https:\/\/dev.codekraft.it\/ravaglioli.it\/wp-content\/uploads\/brb_media\/00549468_Wheel-Aligner-RAV3DTOWER4-BR-en-2025-06-pdf-106x150.png","description":""},{"id":157580,"url":"https:\/\/dev.codekraft.it\/ravaglioli.it\/wp-content\/uploads\/brb_media\/00550220_wheel-aligner-rav3dtower4-br-fr-2025-09.pdf","title":"Wheel Aligner RAV3DTOWER4 BR fr 2025 09","mpn":"","thumbnail":"https:\/\/dev.codekraft.it\/ravaglioli.it\/wp-content\/uploads\/brb_media\/00550220_wheel-aligner-rav3dtower4-br-fr-2025-09-pdf-106x150.png","description":""},{"id":150401,"url":"https:\/\/dev.codekraft.it\/ravaglioli.it\/wp-content\/uploads\/brb_media\/00549471_Wheel-Aligner-RAV3DTOWER4-BR-it-2025-06.pdf","title":"Wheel Aligner RAV3DTOWER4 BR it 2025 06","mpn":"","thumbnail":"https:\/\/dev.codekraft.it\/ravaglioli.it\/wp-content\/uploads\/brb_media\/00549471_Wheel-Aligner-RAV3DTOWER4-BR-it-2025-06-pdf-106x150.png","description":""},{"id":150402,"url":"https:\/\/dev.codekraft.it\/ravaglioli.it\/wp-content\/uploads\/brb_media\/00549469_Wheel-Aligner-RAV3DTOWER4-BR-es-2025-06.pdf","title":"Wheel Aligner RAV3DTOWER4 BR es 2025 06","mpn":"","thumbnail":"https:\/\/dev.codekraft.it\/ravaglioli.it\/wp-content\/uploads\/brb_media\/00549469_Wheel-Aligner-RAV3DTOWER4-BR-es-2025-06-pdf-106x150.png","description":""},{"id":150403,"url":"https:\/\/dev.codekraft.it\/ravaglioli.it\/wp-content\/uploads\/brb_media\/00549472_Wheel-Aligner-RAV3DTOWER4-BR-ru-2025-06.pdf","title":"Wheel Aligner RAV3DTOWER4 BR ru 2025 06","mpn":"","thumbnail":"https:\/\/dev.codekraft.it\/ravaglioli.it\/wp-content\/uploads\/brb_media\/00549472_Wheel-Aligner-RAV3DTOWER4-BR-ru-2025-06-pdf-106x150.png","description":""},{"id":157581,"url":"https:\/\/dev.codekraft.it\/ravaglioli.it\/wp-content\/uploads\/brb_media\/00551386_rav-floor-plan-wheel-aligner-3d_tower-fy-de-2025-11.pdf","title":"RAV Floor Plan wheel aligner 3D Tower FY de 2025 11","mpn":"","thumbnail":"https:\/\/dev.codekraft.it\/ravaglioli.it\/wp-content\/uploads\/brb_media\/00551386_rav-floor-plan-wheel-aligner-3d_tower-fy-de-2025-11-pdf-150x106.png","description":""},{"id":157582,"url":"https:\/\/dev.codekraft.it\/ravaglioli.it\/wp-content\/uploads\/brb_media\/00551387_rav-floor-plan-wheel-aligner-3d_tower-fy-en-2025-11.pdf","title":"RAV Floor Plan wheel aligner 3D Tower FY en 2025 11","mpn":"","thumbnail":"https:\/\/dev.codekraft.it\/ravaglioli.it\/wp-content\/uploads\/brb_media\/00551387_rav-floor-plan-wheel-aligner-3d_tower-fy-en-2025-11-pdf-150x106.png","description":""},{"id":157583,"url":"https:\/\/dev.codekraft.it\/ravaglioli.it\/wp-content\/uploads\/brb_media\/00551408_rav-floor-plan-wheel-aligner-3d_tower-fy-fr-2025-12.pdf","title":"RAV Floor Plan wheel aligner 3D Tower FY fr 2025 12","mpn":"","thumbnail":"https:\/\/dev.codekraft.it\/ravaglioli.it\/wp-content\/uploads\/brb_media\/00551408_rav-floor-plan-wheel-aligner-3d_tower-fy-fr-2025-12-pdf-150x106.png","description":""},{"id":157584,"url":"https:\/\/dev.codekraft.it\/ravaglioli.it\/wp-content\/uploads\/brb_media\/00551389_rav-floor-plan-wheel-aligner-3d_tower-fy-it-2025-11.pdf","title":"RAV Floor Plan wheel aligner 3D Tower FY it 2025 11","mpn":"","thumbnail":"https:\/\/dev.codekraft.it\/ravaglioli.it\/wp-content\/uploads\/brb_media\/00551389_rav-floor-plan-wheel-aligner-3d_tower-fy-it-2025-11-pdf-150x106.png","description":""},{"id":157585,"url":"https:\/\/dev.codekraft.it\/ravaglioli.it\/wp-content\/uploads\/brb_media\/00551390_rav-floor-plan-wheel-aligner-3d_tower-fy-es-2025-11.pdf","title":"RAV Floor Plan wheel aligner 3D Tower FY es 2025 11","mpn":"","thumbnail":"https:\/\/dev.codekraft.it\/ravaglioli.it\/wp-content\/uploads\/brb_media\/00551390_rav-floor-plan-wheel-aligner-3d_tower-fy-es-2025-11-pdf-150x106.png","description":""},{"id":157586,"url":"https:\/\/dev.codekraft.it\/ravaglioli.it\/wp-content\/uploads\/brb_media\/00551391_rav-floor-plan-wheel-aligner-3d_tower-fy-ru-2025-11.pdf","title":"RAV Floor Plan wheel aligner 3D Tower FY ru 2025 11","mpn":"","thumbnail":"https:\/\/dev.codekraft.it\/ravaglioli.it\/wp-content\/uploads\/brb_media\/00551391_rav-floor-plan-wheel-aligner-3d_tower-fy-ru-2025-11-pdf-150x106.png","description":""}],"brb_media_drawing":"","brb_media_manuals":[{"id":157587,"url":"https:\/\/dev.codekraft.it\/ravaglioli.it\/wp-content\/uploads\/brb_media\/00550219_wheel-aligner-rav3dtow-rot3dtow-spa3dtow-im-2025-r400-00-multi-2025-09.pdf","title":"Wheel Aligner RAV3DTOW ROT3DTOW SPA3DTOW IM 2025 R400 00 multi 2025 09","mpn":"","thumbnail":"https:\/\/dev.codekraft.it\/ravaglioli.it\/wp-content\/uploads\/brb_media\/00550219_wheel-aligner-rav3dtow-rot3dtow-spa3dtow-im-2025-r400-00-multi-2025-09-pdf-116x150.png","description":""}],"brb_media_safety_datasheets":"","brb_media_spare_parts":[],"_cdmm_p_id":"506628","_company":"Ravaglioli","_gtin":"5063084702050","accessories":[{"id":155743,"mpn":"STDA124","name":"Platos giratorios Premium STDA124","description":"HD | \u00d8 360 mm | 1 juego \/ 2 piezas","thumbnail":"https:\/\/dev.codekraft.it\/ravaglioli.it\/wp-content\/uploads\/brb_media\/00509909_wheel-aligner-stda124-mi-150x150.png","url":"https:\/\/dev.codekraft.it\/ravaglioli.it\/es\/product\/platos-giratorios-premium-stda124\/"}],"components":[],"delivery":[{"id":155737,"mpn":"S110A7\/P","name":"Platos giratorios Standard","description":"\u00d8 300 mm | 1 juego \/ 2 piezas","thumbnail":"https:\/\/dev.codekraft.it\/ravaglioli.it\/wp-content\/uploads\/brb_media\/00509912_wheel-aligner-s110a7-p-mi-150x150.png","url":"https:\/\/dev.codekraft.it\/ravaglioli.it\/es\/product\/platos-giratorios-standard-2\/"},{"id":155749,"mpn":"STDA161","name":"Bloqueador del volante","description":"Bloqueador de volante de pl\u00e1stico con protectores de goma antideslizantes para volante y asiento","thumbnail":"https:\/\/dev.codekraft.it\/ravaglioli.it\/wp-content\/uploads\/brb_media\/00509908_wheel-aligner-stda161-mi-150x150.png","url":"https:\/\/dev.codekraft.it\/ravaglioli.it\/es\/product\/bloqueador-del-volante\/"},{"id":155755,"mpn":"10479","name":"Depresor del pedal del freno","description":"","thumbnail":"https:\/\/dev.codekraft.it\/ravaglioli.it\/wp-content\/uploads\/brb_media\/00509913_wheel-aligner-10479-mi-150x150.png","url":"https:\/\/dev.codekraft.it\/ravaglioli.it\/es\/product\/depresor-del-pedal-del-freno\/"}],"package":[],"related":[],"similar":[{"id":157129,"mpn":"RAV.TD508.700766","name":"Alineador de ruedas CCD RAVTD5080WS.4","description":"Dispositivo de alineaci\u00f3n de ruedas 8-CCD | incl. garras de 4 puntos, consola abierta, platos giratorios y LCD pantalla 22\u2033 | Gris (RAL 7040) | 1 x 230 V \/ 50 - 60 Hz","thumbnail":"https:\/\/dev.codekraft.it\/ravaglioli.it\/wp-content\/uploads\/brb_media\/00523778_wheel-aligner-ravtd5080ws-side-mi-150x150.png","url":"https:\/\/dev.codekraft.it\/ravaglioli.it\/es\/product\/alineador-de-ruedas-ccd-ravtd5080ws-4\/"},{"id":157173,"mpn":"RAV.TD178.700087","name":"Alineador de ruedas CCD RAVTD1780PWS.4","description":"Dispositivo de alineaci\u00f3n de ruedas 8-CCD | incl. garras de 4 puntos, consola cerrada, platos giratorios y LCD pantalla 22\u2033 | Azul (RAL 5005) | 1 x 230 V \/ 50 - 60 Hz","thumbnail":"https:\/\/dev.codekraft.it\/ravaglioli.it\/wp-content\/uploads\/brb_media\/00523765_wheel-aligner-ravtd1780-side-mi-150x150.png","url":"https:\/\/dev.codekraft.it\/ravaglioli.it\/es\/product\/alineador-de-ruedas-ccd-ravtd1780pws-4\/"},{"id":157187,"mpn":"RAV.TD178.700667","name":"Alineador de ruedas CCD RAVTD1780PWS.4 (gris)","description":"Dispositivo de alineaci\u00f3n de ruedas 8-CCD | incl. garras de 4 puntos, consola cerrada, platos giratorios y LCD pantalla 22\u2033 | Gris (RAL 7040) | 1 x 230 V \/ 50 - 60 Hz","thumbnail":"https:\/\/dev.codekraft.it\/ravaglioli.it\/wp-content\/uploads\/brb_media\/00535992_wheel-aligner-ravtd1780-side-mi-ral7040-150x150.png","url":"https:\/\/dev.codekraft.it\/ravaglioli.it\/es\/product\/alineador-de-ruedas-ccd-ravtd1780pws-4-gris\/"}],"page_logo_src":"https:\/\/dev.codekraft.it\/ravaglioli.it\/wp-content\/uploads\/2026\/04\/rav-negative-logo-1.png","lang":"es","translations":{"es":157591,"en":157579,"de":157588,"fr":157589,"it":157590,"ru":157592},"pll_sync_post":[],"_links":{"self":[{"href":"https:\/\/dev.codekraft.it\/ravaglioli.it\/wp-json\/wp\/v2\/product\/157591","targetHints":{"allow":["GET"]}}],"collection":[{"href":"https:\/\/dev.codekraft.it\/ravaglioli.it\/wp-json\/wp\/v2\/product"}],"about":[{"href":"https:\/\/dev.codekraft.it\/ravaglioli.it\/wp-json\/wp\/v2\/types\/product"}],"wp:featuredmedia":[{"embeddable":true,"href":"https:\/\/dev.codekraft.it\/ravaglioli.it\/wp-json\/wp\/v2\/media\/150397"}],"wp:attachment":[{"href":"https:\/\/dev.codekraft.it\/ravaglioli.it\/wp-json\/wp\/v2\/media?parent=157591"}],"wp:term":[{"taxonomy":"product_brand","embeddable":true,"href":"https:\/\/dev.codekraft.it\/ravaglioli.it\/wp-json\/wp\/v2\/product_brand?post=157591"},{"taxonomy":"product_cat","embeddable":true,"href":"https:\/\/dev.codekraft.it\/ravaglioli.it\/wp-json\/wp\/v2\/product_cat?post=157591"},{"taxonomy":"product_tag","embeddable":true,"href":"https:\/\/dev.codekraft.it\/ravaglioli.it\/wp-json\/wp\/v2\/product_tag?post=157591"},{"taxonomy":"product_approvals","embeddable":true,"href":"https:\/\/dev.codekraft.it\/ravaglioli.it\/wp-json\/wp\/v2\/product_approvals?post=157591"},{"taxonomy":"product_application","embeddable":true,"href":"https:\/\/dev.codekraft.it\/ravaglioli.it\/wp-json\/wp\/v2\/product_application?post=157591"}],"curies":[{"name":"wp","href":"https:\/\/api.w.org\/{rel}","templated":true}]}}