{"id":157574,"date":"2025-12-18T07:50:07","date_gmt":"2025-12-18T07:50:07","guid":{"rendered":"https:\/\/dev.codekraft.it\/ravaglioli.it\/product\/ccd-achsmessgerat-ravtd6000tb-3\/"},"modified":"2025-12-18T07:50:07","modified_gmt":"2025-12-18T07:50:07","slug":"ccd-achsmessgerat-ravtd6000tb-3","status":"publish","type":"product","link":"https:\/\/dev.codekraft.it\/ravaglioli.it\/de\/product\/ccd-achsmessgerat-ravtd6000tb-3\/","title":{"rendered":"CCD-Achsmessger\u00e4t RAVTD6000TB.3"},"content":{"rendered":"<p><strong>Alles, was Sie brauchen, in zwei Koffern<\/strong><\/p>\n<ul>\n<li>Zwei gro\u00dfe Griffe auf jeder Seite.<\/li>\n<li>Klappbare seitliche Griffe an beiden Kofferschalen.<\/li>\n<\/ul>\n<ul>\n<li>Die Koffer bestehen aus Polypropylen-Copolymer mit Sto\u00dfschutzverst\u00e4rkungen.<\/li>\n<li>Die STDA92 3-Punkt-Klammern sind ideal f\u00fcr alle Lkw-R\u00e4der geeignet und erm\u00f6glichen den Verzicht auf die Felgenschlagkompensation.<\/li>\n<li>Acht einrastende Klappverschl\u00fcsse mit doppelter Lasche, um die Wasserdichtigkeit gem\u00e4\u00df Schutzart IP67 zu gew\u00e4hrleisten.<\/li>\n<li>Sch\u00fctzendes Schaumstoffmaterial.<\/li>\n<li>Einfache Handhabung des Koffers dank vier selbstschmierenden, leichtg\u00e4ngigen R\u00e4dern.<\/li>\n<\/ul>\n<ul>\n<li>Infrarot\u00fcbertragung zwischen den Messk\u00f6pfen, auch bei kritischen Lichtverh\u00e4ltnissen effizient.<\/li>\n<li>Tiefergesetzte Messk\u00f6pfe, speziell f\u00fcr Lastwagen und Busse.<\/li>\n<li>Bluetooth-Daten\u00fcbertragung zwischen CCD-Messk\u00f6pfen und Tablet.<\/li>\n<\/ul>\n<ul>\n<li>Der Koffer verf\u00fcgt \u00fcber ein externes Stromkabel, um die Messk\u00f6pfe und das Tablet direkt im Koffer aufladen zu k\u00f6nnen.<\/li>\n<li>Dank der kompakten Gr\u00f6\u00dfe kann der Koffer auch in Standardfahrzeugen transportiert werden.<\/li>\n<li>Programm zur Verwaltung und Anzeige von Daten in Microsoft Windows-Umgebung.<\/li>\n<li>\u00dcbersichtsseite mit Diagnose- und Registrierungsdaten f\u00fcr jede Achse.<\/li>\n<li>Multimarken-Fahrzeugdatenbank mit umfassenden Datenbl\u00e4ttern und der M\u00f6glichkeit zur Erstellung individueller Fahrzeugkonfigurationen.<\/li>\n<li>Fahrzeuge mit mehreren Achsen k\u00f6nnen einfach und schnell vermessen werden. Das Verfahren ist gef\u00fchrt und auch f\u00fcr weniger erfahrene Anwender einfach durchzuf\u00fchren.<\/li>\n<\/ul>\n<p><strong>Tableteigenschaften:<\/strong><\/p>\n<ul>\n<li>Staubdicht und wasserbest\u00e4ndig (IP65)<\/li>\n<li>Sturzbest\u00e4ndig bis 1,2 m<\/li>\n<li>8 GB Speicherkapazit\u00e4t<\/li>\n<li>Display 1200 x 1920<\/li>\n<li>Komplett mit Magneten<\/li>\n<li>Wiegt weniger als 800 g<\/li>\n<li>WLAN IEEE 802.11 ax+r\/k\/v, Wi-Fi 6E, WiDi, WWAN, BT5.3, BLE<\/li>\n<\/ul>\n<p><strong>Koffereigenschaften:<\/strong><\/p>\n<ul>\n<li>Wasserfest, best\u00e4ndig gegen Chemikalien, Feuchtigkeit und Staub<\/li>\n<li>Best\u00e4ndig gegen extreme Temperaturen (-33 \u00b0C \/ +90 \u00b0C)<\/li>\n<li>Druckausgleichventil und leicht\u00f6ffnende Klappverschl\u00fcsse<\/li>\n<li>100 % Made in Italy<\/li>\n<li>Qualifikationen nach Milit\u00e4rstandard<\/li>\n<li>Kundenspezifische Schaumstoffeinlage (35 kg\/m\u00b3 Dichte)<\/li>\n<\/ul>\n","protected":false},"excerpt":{"rendered":"<p>2 transportable Boxen, CCD-Achsmessger\u00e4t f\u00fcr Lkw, mit 6 tiefergesetzten CCD-Sensoren, 3-Punkt-Radklammern, Zylinderadapter-Kit, Windows-Tablet mit 12\u2033-LCD-Display, Koffer auf R\u00e4dern mit externem Netzstecker und Kabel<\/p>\n","protected":false},"featured_media":157550,"template":"","meta":[],"product_brand":[],"product_cat":[57864],"product_tag":[63075,58374,58357,58340],"product_approvals":[],"product_application":[],"class_list":{"0":"post-157574","1":"product","2":"type-product","3":"status-publish","4":"has-post-thumbnail","6":"product_cat-achsmessgerate-de","7":"product_tag-anhanger-de","8":"product_tag-buses-de","9":"product_tag-trucks-de","10":"product_tag-motor-homes-de","12":"first","13":"instock","14":"shipping-taxable","15":"product-type-simple"},"approvals":[],"application":[],"brb_media_brochure":[{"id":157551,"url":"https:\/\/dev.codekraft.it\/ravaglioli.it\/wp-content\/uploads\/brb_media\/00549252_wheel-aligners-portable-ravtd6000tb3-br-de-2025-06-screen.pdf","title":"Wheel Aligners Portable RAVTD6000TB3 BR de 2025 06 screen","mpn":"","thumbnail":"https:\/\/dev.codekraft.it\/ravaglioli.it\/wp-content\/uploads\/brb_media\/00549252_wheel-aligners-portable-ravtd6000tb3-br-de-2025-06-screen-pdf-106x150.png","description":""},{"id":157552,"url":"https:\/\/dev.codekraft.it\/ravaglioli.it\/wp-content\/uploads\/brb_media\/00549253_wheel-aligners-portable-ravtd6000tb3-br-en-2025-06-screen.pdf","title":"Wheel Aligners Portable RAVTD6000TB3 BR en 2025 06 screen","mpn":"","thumbnail":"https:\/\/dev.codekraft.it\/ravaglioli.it\/wp-content\/uploads\/brb_media\/00549253_wheel-aligners-portable-ravtd6000tb3-br-en-2025-06-screen-pdf-106x150.png","description":""},{"id":157553,"url":"https:\/\/dev.codekraft.it\/ravaglioli.it\/wp-content\/uploads\/brb_media\/00549255_wheel-aligners-portable-ravtd6000tb3-br-fr-2025-06-screen.pdf","title":"Wheel Aligners Portable RAVTD6000TB3 BR fr 2025 06 screen","mpn":"","thumbnail":"https:\/\/dev.codekraft.it\/ravaglioli.it\/wp-content\/uploads\/brb_media\/00549255_wheel-aligners-portable-ravtd6000tb3-br-fr-2025-06-screen-pdf-106x150.png","description":""},{"id":157554,"url":"https:\/\/dev.codekraft.it\/ravaglioli.it\/wp-content\/uploads\/brb_media\/00549256_wheel-aligners-portable-ravtd6000tb3-br-it-2025-06-screen.pdf","title":"Wheel Aligners Portable RAVTD6000TB3 BR it 2025 06 screen","mpn":"","thumbnail":"https:\/\/dev.codekraft.it\/ravaglioli.it\/wp-content\/uploads\/brb_media\/00549256_wheel-aligners-portable-ravtd6000tb3-br-it-2025-06-screen-pdf-106x150.png","description":""},{"id":157555,"url":"https:\/\/dev.codekraft.it\/ravaglioli.it\/wp-content\/uploads\/brb_media\/00549254_wheel-aligners-portable-ravtd6000tb3-br-es-2025-06-screen.pdf","title":"Wheel Aligners Portable RAVTD6000TB3 BR es 2025 06 screen","mpn":"","thumbnail":"https:\/\/dev.codekraft.it\/ravaglioli.it\/wp-content\/uploads\/brb_media\/00549254_wheel-aligners-portable-ravtd6000tb3-br-es-2025-06-screen-pdf-106x150.png","description":""},{"id":157556,"url":"https:\/\/dev.codekraft.it\/ravaglioli.it\/wp-content\/uploads\/brb_media\/00549257_wheel-aligners-portable-ravtd6000tb3-br-ru-2025-06-screen.pdf","title":"Wheel Aligners Portable RAVTD6000TB3 BR ru 2025 06 screen","mpn":"","thumbnail":"https:\/\/dev.codekraft.it\/ravaglioli.it\/wp-content\/uploads\/brb_media\/00549257_wheel-aligners-portable-ravtd6000tb3-br-ru-2025-06-screen-pdf-106x150.png","description":""}],"brb_media_drawing":"","brb_media_manuals":"","brb_media_safety_datasheets":"","brb_media_spare_parts":[],"_cdmm_p_id":"506627","_company":"Ravaglioli","_gtin":"5063084702036","accessories":[{"id":153473,"mpn":"STDA92A1","name":"Distanzh\u00fclsen 200 mm","description":"F\u00fcr Lkw-Radklammern STDA92 | 1 Satz \/ 6 St\u00fcck","thumbnail":"https:\/\/dev.codekraft.it\/ravaglioli.it\/wp-content\/uploads\/brb_media\/00528329_wheel-aligner-stda92a1-mi-150x150.png","url":"https:\/\/dev.codekraft.it\/ravaglioli.it\/de\/product\/distanzhulsen-200-mm-2\/"},{"id":155223,"mpn":"STDA92","name":"Radklammern Lkw | 3-Punkt | Reifen-\u00d8 890 &#8211; 1290 mm","description":"Spezielle Lkw-Schnellspannhalter zur Vermeidung von Kompensationen, mit Nabenansatz | 1 Satz \/ 2 St\u00fcck","thumbnail":"https:\/\/dev.codekraft.it\/ravaglioli.it\/wp-content\/uploads\/brb_media\/00528305_wheel-aligners-stda92-mi-01-150x150.png","url":"https:\/\/dev.codekraft.it\/ravaglioli.it\/de\/product\/radklammern-lkw-3-punkt-reifen-o-890-1290-mm\/"},{"id":155752,"mpn":"10479","name":"Bremspedalfeststeller","description":"","thumbnail":"https:\/\/dev.codekraft.it\/ravaglioli.it\/wp-content\/uploads\/brb_media\/00509913_wheel-aligner-10479-mi-150x150.png","url":"https:\/\/dev.codekraft.it\/ravaglioli.it\/de\/product\/bremspedalfeststeller\/"},{"id":155746,"mpn":"STDA161","name":"Lenkradfeststeller","description":"Aus Kunststoff, mit rutschhemmendem Gummischutz f\u00fcr Lenkrad und Sitz","thumbnail":"https:\/\/dev.codekraft.it\/ravaglioli.it\/wp-content\/uploads\/brb_media\/00509908_wheel-aligner-stda161-mi-150x150.png","url":"https:\/\/dev.codekraft.it\/ravaglioli.it\/de\/product\/lenkradfeststeller\/"},{"id":155193,"mpn":"STDA29L","name":"Drehteller f\u00fcr Lkw","description":"Tragf\u00e4higkeit 2 x 4500 kg | 1 Satz \/ 2 St\u00fcck","thumbnail":"https:\/\/dev.codekraft.it\/ravaglioli.it\/wp-content\/uploads\/brb_media\/00528311_wheel-aligners-stda29l-mi-150x150.png","url":"https:\/\/dev.codekraft.it\/ravaglioli.it\/de\/product\/drehteller-fur-lkw\/"}],"components":[],"delivery":[{"id":155752,"mpn":"10479","name":"Bremspedalfeststeller","description":"","thumbnail":"https:\/\/dev.codekraft.it\/ravaglioli.it\/wp-content\/uploads\/brb_media\/00509913_wheel-aligner-10479-mi-150x150.png","url":"https:\/\/dev.codekraft.it\/ravaglioli.it\/de\/product\/bremspedalfeststeller\/"},{"id":155746,"mpn":"STDA161","name":"Lenkradfeststeller","description":"Aus Kunststoff, mit rutschhemmendem Gummischutz f\u00fcr Lenkrad und Sitz","thumbnail":"https:\/\/dev.codekraft.it\/ravaglioli.it\/wp-content\/uploads\/brb_media\/00509908_wheel-aligner-stda161-mi-150x150.png","url":"https:\/\/dev.codekraft.it\/ravaglioli.it\/de\/product\/lenkradfeststeller\/"}],"package":[],"related":[],"similar":[],"page_logo_src":"https:\/\/dev.codekraft.it\/ravaglioli.it\/wp-content\/uploads\/2026\/04\/rav-negative-logo-1.png","lang":"de","translations":{"de":157574,"en":157549,"fr":157575,"it":157576,"es":157577,"ru":157578},"pll_sync_post":[],"_links":{"self":[{"href":"https:\/\/dev.codekraft.it\/ravaglioli.it\/wp-json\/wp\/v2\/product\/157574","targetHints":{"allow":["GET"]}}],"collection":[{"href":"https:\/\/dev.codekraft.it\/ravaglioli.it\/wp-json\/wp\/v2\/product"}],"about":[{"href":"https:\/\/dev.codekraft.it\/ravaglioli.it\/wp-json\/wp\/v2\/types\/product"}],"wp:featuredmedia":[{"embeddable":true,"href":"https:\/\/dev.codekraft.it\/ravaglioli.it\/wp-json\/wp\/v2\/media\/157550"}],"wp:attachment":[{"href":"https:\/\/dev.codekraft.it\/ravaglioli.it\/wp-json\/wp\/v2\/media?parent=157574"}],"wp:term":[{"taxonomy":"product_brand","embeddable":true,"href":"https:\/\/dev.codekraft.it\/ravaglioli.it\/wp-json\/wp\/v2\/product_brand?post=157574"},{"taxonomy":"product_cat","embeddable":true,"href":"https:\/\/dev.codekraft.it\/ravaglioli.it\/wp-json\/wp\/v2\/product_cat?post=157574"},{"taxonomy":"product_tag","embeddable":true,"href":"https:\/\/dev.codekraft.it\/ravaglioli.it\/wp-json\/wp\/v2\/product_tag?post=157574"},{"taxonomy":"product_approvals","embeddable":true,"href":"https:\/\/dev.codekraft.it\/ravaglioli.it\/wp-json\/wp\/v2\/product_approvals?post=157574"},{"taxonomy":"product_application","embeddable":true,"href":"https:\/\/dev.codekraft.it\/ravaglioli.it\/wp-json\/wp\/v2\/product_application?post=157574"}],"curies":[{"name":"wp","href":"https:\/\/api.w.org\/{rel}","templated":true}]}}