{"id":157547,"date":"2025-11-27T14:54:38","date_gmt":"2025-11-27T14:54:38","guid":{"rendered":"https:\/\/dev.codekraft.it\/ravaglioli.it\/product\/elevador-de-columna-movil-alpha-series-8-7-5\/"},"modified":"2025-11-27T14:54:38","modified_gmt":"2025-11-27T14:54:38","slug":"elevador-de-columna-movil-alpha-series-8-7-5","status":"publish","type":"product","link":"https:\/\/dev.codekraft.it\/ravaglioli.it\/es\/product\/elevador-de-columna-movil-alpha-series-8-7-5\/","title":{"rendered":"Elevador de columna m\u00f3vil Alpha Series 8-7.5"},"content":{"rendered":"<ul>\n<li><strong>Caracter\u00edsticas innovadoras:<\/strong>\u00a0Cada columna tiene una numeraci\u00f3n identificativa y un indicador led que muestra el funcionamiento de la columna en tiempo real. En la App se puede consultar directamente toda la informaci\u00f3n sobre el estado de la columna.<\/li>\n<\/ul>\n<ul>\n<li><strong>Primero en el mercado:<\/strong>\u00a0App que permite configurar la elevaci\u00f3n y la disposici\u00f3n de las columnas.\u00a0El sistema de configuraci\u00f3n de las columnas mediante la App garantiza una mayor seguridad, rapidez y sencillez en las operaciones.<\/li>\n<\/ul>\n<ul>\n<li><strong>Totalmente seguro:<\/strong>\n<ul>\n<li>Sistema de pestillo de seguridad mec\u00e1nico con paso reducido y mayor anchura de contacto para mayor seguridad durante los procedimientos de elevaci\u00f3n y para mejorar las funciones de estacionamiento.<\/li>\n<li>Dispositivo electrohidr\u00e1ulico que interrumpe el movimiento de descenso si hay un obst\u00e1culo debajo de una horquilla.<\/li>\n<li>Mayor anchura en comparaci\u00f3n con la versi\u00f3n anterior.<\/li>\n<li>V\u00e1lvulas de seguridad para proteger contra la sobrecarga y la rotura de las mangueras hidr\u00e1ulicas.<\/li>\n<\/ul>\n<\/li>\n<\/ul>\n<ul>\n<li>Con huecos de horquilla para facilitar la elevaci\u00f3n con carretillas elevadoras.<\/li>\n<li>Horquillas ajustables para operar en veh\u00edculos comerciales ligeros y pesados con ruedas de diferentes dimensiones.<\/li>\n<li>Transpaleta hidr\u00e1ulica para mejorar la movilidad de la columna durante la manipulaci\u00f3n, el enganche bajo el veh\u00edculo y el estacionamiento.<\/li>\n<li>Dise\u00f1o compacto y s\u00f3lido.<\/li>\n<li>Potente unidad hidr\u00e1ulica que permite una elevaci\u00f3n sin esfuerzo, combinada con una bater\u00eda con autonom\u00eda para todo el d\u00eda para un trabajo sin interrupciones.<\/li>\n<li>Sistema el\u00e9ctrico con grado de protecci\u00f3n IP 54. Circuito de control y seguridad de baja tensi\u00f3n.<\/li>\n<li>La elevaci\u00f3n se controla mediante una botonera de mando situada en cada columna.<\/li>\n<li>V\u00e1lvula de control de la velocidad de descenso.<\/li>\n<li>Configuraci\u00f3n de las columnas disponibles y creaci\u00f3n de grupos separados en caso de que sean necesarias diferentes alturas de elevaci\u00f3n para el veh\u00edculo.<\/li>\n<li>Actualizaciones de software inal\u00e1mbricas.<\/li>\n<li>Disponibles para Android e iOS.<\/li>\n<\/ul>\n<ul>\n<li><strong>Estado en tiempo real:<\/strong>\n<ul>\n<li>Esperando conexi\u00f3n.<\/li>\n<li>La configuraci\u00f3n r\u00e1pida con la App se realiza a trav\u00e9s del m\u00f3dulo NFC. Como segunda opci\u00f3n de conexi\u00f3n tambi\u00e9n se integra Bluetooth.<\/li>\n<li>La identidad del usuario de la App se verifica mediante autenticaci\u00f3n biom\u00e9trica contrase\u00f1a de un solo uso (OTP).<\/li>\n<li>Error en la columna m\u00f3vil.<\/li>\n<li>Soluci\u00f3n de problemas simplificada: Identificaci\u00f3n del estado de error de la columna y enlace directo al manual.<\/li>\n<li>Emparejado y listo para su uso.<\/li>\n<\/ul>\n<\/li>\n<\/ul>\n","protected":false},"excerpt":{"rendered":"<p>8 x 7,5 t, electrohidr\u00e1ulico, inal\u00e1mbrico, m\u00f3vil, ideal para transportador, cami\u00f3n y hogar m\u00f3vil<\/p>\n","protected":false},"featured_media":150176,"template":"","meta":[],"product_brand":[],"product_cat":[58246],"product_tag":[58383,58366,58349,63163,58332],"product_approvals":[],"product_application":[],"class_list":{"0":"post-157547","1":"product","2":"type-product","3":"status-publish","4":"has-post-thumbnail","6":"product_cat-elevadores-de-columna-moviles-es","7":"product_tag-buses-es","8":"product_tag-trucks-es","9":"product_tag-motor-homes-es","10":"product_tag-quickship-es","11":"product_tag-light-commercial-es","13":"first","14":"instock","15":"shipping-taxable","16":"product-type-simple"},"approvals":[],"application":[],"brb_media_brochure":[{"id":157520,"url":"https:\/\/dev.codekraft.it\/ravaglioli.it\/wp-content\/uploads\/brb_media\/00550001_mobile-column-alpha-series-ravmch75-br-de-2025-07-screen.pdf","title":"Mobile column Alpha Series RAVMCH75 BR de 2025 07 screen","mpn":"","thumbnail":"https:\/\/dev.codekraft.it\/ravaglioli.it\/wp-content\/uploads\/brb_media\/00550001_mobile-column-alpha-series-ravmch75-br-de-2025-07-screen-pdf-106x150.png","description":""},{"id":157521,"url":"https:\/\/dev.codekraft.it\/ravaglioli.it\/wp-content\/uploads\/brb_media\/00549240_mobile-column-alpha-series-ravmch75-en-2025-06-screen.pdf","title":"Mobile column Alpha Series RAVMCH75 en 2025 06 screen","mpn":"","thumbnail":"https:\/\/dev.codekraft.it\/ravaglioli.it\/wp-content\/uploads\/brb_media\/00549240_mobile-column-alpha-series-ravmch75-en-2025-06-screen-pdf-106x150.png","description":""},{"id":157522,"url":"https:\/\/dev.codekraft.it\/ravaglioli.it\/wp-content\/uploads\/brb_media\/00549238_mobile-column-alpha-series-ravmch75-fr-2025-06-screen.pdf","title":"Mobile column Alpha Series RAVMCH75 fr 2025 06 screen","mpn":"","thumbnail":"https:\/\/dev.codekraft.it\/ravaglioli.it\/wp-content\/uploads\/brb_media\/00549238_mobile-column-alpha-series-ravmch75-fr-2025-06-screen-pdf-106x150.png","description":""},{"id":157523,"url":"https:\/\/dev.codekraft.it\/ravaglioli.it\/wp-content\/uploads\/brb_media\/00549237_mobile-column-alpha-series-ravmch75-it-2025-06-screen.pdf","title":"Mobile column Alpha Series RAVMCH75 it 2025 06 screen","mpn":"","thumbnail":"https:\/\/dev.codekraft.it\/ravaglioli.it\/wp-content\/uploads\/brb_media\/00549237_mobile-column-alpha-series-ravmch75-it-2025-06-screen-pdf-106x150.png","description":""},{"id":157524,"url":"https:\/\/dev.codekraft.it\/ravaglioli.it\/wp-content\/uploads\/brb_media\/00549250_mobile-column-alpha-series-ravmch75-es-2025-06-screen.pdf","title":"Mobile column Alpha Series RAVMCH75 es 2025 06 screen","mpn":"","thumbnail":"https:\/\/dev.codekraft.it\/ravaglioli.it\/wp-content\/uploads\/brb_media\/00549250_mobile-column-alpha-series-ravmch75-es-2025-06-screen-pdf-106x150.png","description":""},{"id":157525,"url":"https:\/\/dev.codekraft.it\/ravaglioli.it\/wp-content\/uploads\/brb_media\/00549236_mobile-column-alpha-series-ravmch75-ru-2025-06-screen.pdf","title":"Mobile column Alpha Series RAVMCH75 ru 2025 06 screen","mpn":"","thumbnail":"https:\/\/dev.codekraft.it\/ravaglioli.it\/wp-content\/uploads\/brb_media\/00549236_mobile-column-alpha-series-ravmch75-ru-2025-06-screen-pdf-106x150.png","description":""}],"brb_media_drawing":[{"id":150184,"url":"https:\/\/dev.codekraft.it\/ravaglioli.it\/wp-content\/uploads\/brb_media\/00549125_Mobile-Column-MCH75-TD-052907010-2025-03.pdf","title":"Mobile Column MCH75 TD 052907010 2025 03","mpn":"","thumbnail":"https:\/\/dev.codekraft.it\/ravaglioli.it\/wp-content\/uploads\/brb_media\/00549125_Mobile-Column-MCH75-TD-052907010-2025-03-pdf-150x107.png","description":""}],"brb_media_manuals":[{"id":157529,"url":"https:\/\/dev.codekraft.it\/ravaglioli.it\/wp-content\/uploads\/brb_media\/00551305_mobile-column-lifts-alpha-series-mch65-mch75-mch85-im-0529-m001-0-rev1-multi-2025-08.pdf","title":"Mobile Column Lifts Alpha Series MCH65 MCH75 MCH85 IM 0529 M001 0 Rev1 multi 2025 08","mpn":"","thumbnail":"https:\/\/dev.codekraft.it\/ravaglioli.it\/wp-content\/uploads\/brb_media\/00551305_mobile-column-lifts-alpha-series-mch65-mch75-mch85-im-0529-m001-0-rev1-multi-2025-08-pdf-106x150.png","description":""}],"brb_media_safety_datasheets":"","brb_media_spare_parts":[],"_cdmm_p_id":"506614","_company":"Ravaglioli","_gtin":"5063084197740","accessories":[{"id":155434,"mpn":"S260A1","name":"Caballete de apoyo","description":"7500 kg, 1330 - 2030 mm, altura ajustable en pasos de 7 x 100 mm, 2 ruedas, soporte en U | Gris (RAL 7040)","thumbnail":"https:\/\/dev.codekraft.it\/ravaglioli.it\/wp-content\/uploads\/brb_media\/00535518_mobile-columns-s260a1-mi-150x150.png","url":"https:\/\/dev.codekraft.it\/ravaglioli.it\/es\/product\/caballete-de-apoyo-3\/"},{"id":152048,"mpn":"S270A1","name":"Caballete de apoyo","description":"10000 kg, 1235 - 2040 mm, altura regulable en 6 pasos de 100 mm, adicionalmente con parte superior ajustable sin escalonamiento (115 mm), 2 ruedas, soporte en U y soporte de prisma (intercambiables) | Gris (RAL 7040)","thumbnail":"https:\/\/dev.codekraft.it\/ravaglioli.it\/wp-content\/uploads\/brb_media\/00535519_mobile-columns-s270a1-mi-150x150.png","url":"https:\/\/dev.codekraft.it\/ravaglioli.it\/es\/product\/caballete-de-apoyo\/"},{"id":152278,"mpn":"S270A2","name":"Caballete de apoyo","description":"10000 kg, 1235 - 2040 mm, altura regulable en 6 pasos de 100 mm, adicionalmente con parte superior ajustable sin escalonamiento (115 mm), 3 ruedas el\u00e1sticas, soporte en U y soporte de prisma (intercambiables), premontado | Gris (RAL 7040)","thumbnail":"https:\/\/dev.codekraft.it\/ravaglioli.it\/wp-content\/uploads\/brb_media\/00535520_mobile-columns-s270a2-mi-150x150.png","url":"https:\/\/dev.codekraft.it\/ravaglioli.it\/es\/product\/caballete-de-apoyo-2\/"},{"id":154787,"mpn":"120260","name":"Travesa\u00f1o para HydroLift S3 7,5\/8,2","description":"Capacidad de carga m\u00e1x. 16,4 t, soporte del king pin | s\u00f3lo en conjunci\u00f3n con travesa\u00f1o (N. art\u00edculo 119777)","thumbnail":"https:\/\/dev.codekraft.it\/ravaglioli.it\/wp-content\/uploads\/brb_media\/00263259_hydrolift-s2-mounting-agrar-150x150.png","url":"https:\/\/dev.codekraft.it\/ravaglioli.it\/es\/product\/travesano-para-hydrolift-s3-75-82\/"},{"id":154889,"mpn":"122911","name":"Adaptadores delanteros y traseros para HydroLift","description":"16,4 t | para elevar diversos tractores, incl. adaptadores agr\u00edcolas","thumbnail":"https:\/\/dev.codekraft.it\/ravaglioli.it\/wp-content\/uploads\/brb_media\/00398680_hydrolift_122510_front_adapter_di-150x150.png","url":"https:\/\/dev.codekraft.it\/ravaglioli.it\/es\/product\/adaptadores-delanteros-y-traseros-para-hydrolift\/"},{"id":155264,"mpn":"127615","name":"SmartCart Agrar","description":"Carro de transporte y almacenamiento para el juego de adaptadores para veh\u00edculos agr\u00edcolas - Los adaptadores y las piezas de montaje se mantienen guardados y ordenados en el taller","thumbnail":"https:\/\/dev.codekraft.it\/ravaglioli.it\/wp-content\/uploads\/brb_media\/00414017_smartcart-agrar-mi-150x150.png","url":"https:\/\/dev.codekraft.it\/ravaglioli.it\/es\/product\/smartcart-agrar-5\/"},{"id":155294,"mpn":"M75-JCYB-KIT","name":"Extensi\u00f3n de la horquilla de la rueda 150 mm","description":"Ideal para el soporte, por ejemplo, autocaravanas con las ruedas detr\u00e1s de la carrocer\u00eda, incl. horquillas de rueda y extensiones del marco base | reducci\u00f3n de la capacidad de carga a 4 t | 1 juego (para 1 pinza de rueda)","thumbnail":"https:\/\/dev.codekraft.it\/ravaglioli.it\/wp-content\/uploads\/brb_media\/00549481_mobile-column-m75-jcyb-kitt-150x150.png","url":"https:\/\/dev.codekraft.it\/ravaglioli.it\/es\/product\/extension-de-la-horquilla-de-la-rueda-150-mm-2\/"},{"id":155276,"mpn":"M140124BG","name":"Kit de rampa de acceso","description":"Rampas para carretilla elevadora, transitable por un lado | Gris (RAL 7012)","thumbnail":"https:\/\/dev.codekraft.it\/ravaglioli.it\/wp-content\/uploads\/brb_media\/00507162_m140124_002-150x150.jpg","url":"https:\/\/dev.codekraft.it\/ravaglioli.it\/es\/product\/kit-de-rampa-de-acceso-16\/"},{"id":155282,"mpn":"M140127BG","name":"Kit de rampa de acceso","description":"Rampas para carretilla elevadora, rebasable por ambos lados | Gris (RAL 7012)","thumbnail":"https:\/\/dev.codekraft.it\/ravaglioli.it\/wp-content\/uploads\/brb_media\/00507164_m140yyy_001-150x150.jpg","url":"https:\/\/dev.codekraft.it\/ravaglioli.it\/es\/product\/kit-de-rampa-de-acceso-17\/"},{"id":155288,"mpn":"M140153BG","name":"Kit de rampa de acceso","description":"Rampas para carretilla elevadora de tres ruedas, transitable por un lado | Gris (RAL 7012)","thumbnail":"https:\/\/dev.codekraft.it\/ravaglioli.it\/wp-content\/uploads\/brb_media\/00507163_m140xxx_001-150x150.jpg","url":"https:\/\/dev.codekraft.it\/ravaglioli.it\/es\/product\/kit-de-rampa-de-acceso-18\/"}],"components":[],"delivery":[],"package":[],"related":[],"similar":[{"id":157535,"mpn":"RAV.MCH75.197726","name":"Elevador de columna m\u00f3vil Alpha Series 4-7.5","description":"4 x 7,5 t, electrohidr\u00e1ulico, inal\u00e1mbrico, m\u00f3vil, ideal para transportador, cami\u00f3n y hogar m\u00f3vil","thumbnail":"https:\/\/dev.codekraft.it\/ravaglioli.it\/wp-content\/uploads\/brb_media\/00548915_Mobile-column-lifts-Alpha-Series-Truck-MI-150x150.png","url":"https:\/\/dev.codekraft.it\/ravaglioli.it\/es\/product\/elevador-de-columna-movil-alpha-series-4-7-5\/"},{"id":157541,"mpn":"RAV.MCH75.197733","name":"Elevador de columna m\u00f3vil Alpha Series 6-7.5","description":"6 x 7,5 t, electrohidr\u00e1ulico, inal\u00e1mbrico, m\u00f3vil, ideal para transportador, cami\u00f3n y hogar m\u00f3vil","thumbnail":"https:\/\/dev.codekraft.it\/ravaglioli.it\/wp-content\/uploads\/brb_media\/00548915_Mobile-column-lifts-Alpha-Series-Truck-MI-150x150.png","url":"https:\/\/dev.codekraft.it\/ravaglioli.it\/es\/product\/elevador-de-columna-movil-alpha-series-6-7-5\/"},{"id":157640,"mpn":"RAV.MCH75.197757","name":"Elevador de columna m\u00f3vil Alpha Series 2-7.5","description":"2 x 7,5 t, electrohidr\u00e1ulico, inal\u00e1mbrico, m\u00f3vil, ideal para transportador, cami\u00f3n y hogar m\u00f3vil","thumbnail":"https:\/\/dev.codekraft.it\/ravaglioli.it\/wp-content\/uploads\/brb_media\/00548915_Mobile-column-lifts-Alpha-Series-Truck-MI-150x150.png","url":"https:\/\/dev.codekraft.it\/ravaglioli.it\/es\/product\/elevador-de-columna-movil-alpha-series-2-7-5\/"}],"page_logo_src":"https:\/\/dev.codekraft.it\/ravaglioli.it\/wp-content\/uploads\/2026\/04\/rav-negative-logo-1.png","lang":"es","translations":{"es":157547,"en":157543,"de":157544,"fr":157545,"it":157546,"ru":157548},"pll_sync_post":[],"_links":{"self":[{"href":"https:\/\/dev.codekraft.it\/ravaglioli.it\/wp-json\/wp\/v2\/product\/157547","targetHints":{"allow":["GET"]}}],"collection":[{"href":"https:\/\/dev.codekraft.it\/ravaglioli.it\/wp-json\/wp\/v2\/product"}],"about":[{"href":"https:\/\/dev.codekraft.it\/ravaglioli.it\/wp-json\/wp\/v2\/types\/product"}],"wp:featuredmedia":[{"embeddable":true,"href":"https:\/\/dev.codekraft.it\/ravaglioli.it\/wp-json\/wp\/v2\/media\/150176"}],"wp:attachment":[{"href":"https:\/\/dev.codekraft.it\/ravaglioli.it\/wp-json\/wp\/v2\/media?parent=157547"}],"wp:term":[{"taxonomy":"product_brand","embeddable":true,"href":"https:\/\/dev.codekraft.it\/ravaglioli.it\/wp-json\/wp\/v2\/product_brand?post=157547"},{"taxonomy":"product_cat","embeddable":true,"href":"https:\/\/dev.codekraft.it\/ravaglioli.it\/wp-json\/wp\/v2\/product_cat?post=157547"},{"taxonomy":"product_tag","embeddable":true,"href":"https:\/\/dev.codekraft.it\/ravaglioli.it\/wp-json\/wp\/v2\/product_tag?post=157547"},{"taxonomy":"product_approvals","embeddable":true,"href":"https:\/\/dev.codekraft.it\/ravaglioli.it\/wp-json\/wp\/v2\/product_approvals?post=157547"},{"taxonomy":"product_application","embeddable":true,"href":"https:\/\/dev.codekraft.it\/ravaglioli.it\/wp-json\/wp\/v2\/product_application?post=157547"}],"curies":[{"name":"wp","href":"https:\/\/api.w.org\/{rel}","templated":true}]}}