{"id":157544,"date":"2025-11-27T14:54:38","date_gmt":"2025-11-27T14:54:38","guid":{"rendered":"https:\/\/dev.codekraft.it\/ravaglioli.it\/product\/mobile-radgreifanlage-alpha-series-8-7-5\/"},"modified":"2025-11-27T14:54:38","modified_gmt":"2025-11-27T14:54:38","slug":"mobile-radgreifanlage-alpha-series-8-7-5","status":"publish","type":"product","link":"https:\/\/dev.codekraft.it\/ravaglioli.it\/de\/product\/mobile-radgreifanlage-alpha-series-8-7-5\/","title":{"rendered":"Mobile Radgreifanlage Alpha Series 8-7.5"},"content":{"rendered":"<ul>\n<li><strong>Innovative Funktionen:<\/strong>\u00a0Jede S\u00e4ule verf\u00fcgt \u00fcber eine Identifikationsnummer und eine LED-Anzeige, die den Betrieb der S\u00e4ule in Echtzeit anzeigt. Alle Informationen zum Status jeder S\u00e4ule k\u00f6nnen direkt in der App \u00fcberpr\u00fcft werden.<\/li>\n<\/ul>\n<ul>\n<li><strong>Der Erste auf dem Markt:<\/strong>\u00a0App zum Einrichten der Radgreifanlage und des Layouts der S\u00e4ulen. Das System zur Konfiguration der S\u00e4ulen \u00fcber die App gew\u00e4hrleistet verbesserte Sicherheit, Schnelligkeit und Einfachheit bei der Inbetriebnahme.<\/li>\n<\/ul>\n<ul>\n<li><strong>Vollkommen sicher:<\/strong>\u00a0\n<ul>\n<li>Mechanisches Sicherheitsklinkensystem mit verringerter Teilung und vergr\u00f6\u00dferter Kontaktbreite f\u00fcr erh\u00f6hte Sicherheit bei Hebevorg\u00e4ngen und zur Verbesserung der Parkfunktionen.<\/li>\n<li>Elektrohydraulische Vorrichtung zur Unterbrechung der Absenkbewegung, wenn sich ein Hindernis unter einer Gabel befindet.<\/li>\n<li>Vergr\u00f6\u00dferte Breite im Vergleich zur vorherigen Version.<\/li>\n<li>Sicherheitsventile zum Schutz vor \u00dcberlastung oder Defekt an Hydraulikleitungen.<\/li>\n<\/ul>\n<\/li>\n<\/ul>\n<ul>\n<li>Gabelstaplertaschen f\u00fcr leichtes positionieren mit dem Gabelstapler.<\/li>\n<li>Einstellbare Gabeln zum Arbeiten an leichten und schweren Nutzfahrzeugen mit R\u00e4dern unterschiedlicher Gr\u00f6\u00dfe.<\/li>\n<li>Hydraulische Deichsel f\u00fcr verbesserte Mobilit\u00e4t der S\u00e4ule beim Handling, Einr\u00fccken unter dem Fahrzeug und Parken.<\/li>\n<li>Kompakte und robuste Konstruktion.<\/li>\n<li>Kraftvolles Hydraulikaggregat f\u00fcr m\u00fcheloses Heben, erg\u00e4nzt durch ganzt\u00e4gige Akkulaufzeit (\u201eAll-Day-Battery\u201d) f\u00fcr unterbrechungsfreies Arbeiten.<\/li>\n<li>Elektrischer Schaltkasten, IP54 gesch\u00fctzt. Steuer- und Sicherheitsschaltung in Niederspannung.<\/li>\n<li>Der Hebevorgang kann \u00fcber ein Bedienfeld mit Drucktastern an jeder S\u00e4ule gesteuert werden.<\/li>\n<li>Ventil zur Steuerung der Absenkgeschwindigkeit.<\/li>\n<li>Konfiguration der verf\u00fcgbaren S\u00e4ulen und Erstellung separater Gruppen, falls das Fahrzeug unterschiedliche Hubh\u00f6hen erfordert.<\/li>\n<li>Software-Aktualisierung \u201eOver-the-air\u201d.<\/li>\n<li>Erh\u00e4ltlich f\u00fcr Android und iOS.<\/li>\n<\/ul>\n<ul>\n<li><strong>Echtzeit-Status:<\/strong>\n<ul>\n<li>Radgreifer wartet auf Verbindung.<\/li>\n<li>Die Schnellkonfiguration mit der App erfolgt \u00fcber NFC-Modul. Zus\u00e4tzlich integriertes Bluetooth-Modul als sekund\u00e4re Verbindungsoption.<\/li>\n<li>Die Identit\u00e4t des App-Nutzers wird mittels biometrischer Authentifizierung oder OTP (One Time Password) \u00fcberpr\u00fcft.<\/li>\n<li>Mobile Radgreifanlage zeigt Fehler an.<\/li>\n<li>Vereinfachte St\u00f6rungsbehebung: Identifizierung des Fehlerzustands der S\u00e4ule und direkter Link zum Handbuch.<\/li>\n<li>Gekoppelt und betriebsbereit.<\/li>\n<\/ul>\n<\/li>\n<\/ul>\n","protected":false},"excerpt":{"rendered":"<p>8\u00a0x\u00a07,5\u00a0t, elektrohydraulisch, kabellos, mobil, ideal f\u00fcr Transporter, Lkw und Wohnmobile<\/p>\n","protected":false},"featured_media":150176,"template":"","meta":[],"product_brand":[],"product_cat":[58234],"product_tag":[58374,58357,63154,58323,58340],"product_approvals":[],"product_application":[],"class_list":{"0":"post-157544","1":"product","2":"type-product","3":"status-publish","4":"has-post-thumbnail","6":"product_cat-radgreifanlagen-de","7":"product_tag-buses-de","8":"product_tag-trucks-de","9":"product_tag-quickship-de","10":"product_tag-light-commercial-de","11":"product_tag-motor-homes-de","13":"first","14":"instock","15":"shipping-taxable","16":"product-type-simple"},"approvals":[],"application":[],"brb_media_brochure":[{"id":157520,"url":"https:\/\/dev.codekraft.it\/ravaglioli.it\/wp-content\/uploads\/brb_media\/00550001_mobile-column-alpha-series-ravmch75-br-de-2025-07-screen.pdf","title":"Mobile column Alpha Series RAVMCH75 BR de 2025 07 screen","mpn":"","thumbnail":"https:\/\/dev.codekraft.it\/ravaglioli.it\/wp-content\/uploads\/brb_media\/00550001_mobile-column-alpha-series-ravmch75-br-de-2025-07-screen-pdf-106x150.png","description":""},{"id":157521,"url":"https:\/\/dev.codekraft.it\/ravaglioli.it\/wp-content\/uploads\/brb_media\/00549240_mobile-column-alpha-series-ravmch75-en-2025-06-screen.pdf","title":"Mobile column Alpha Series RAVMCH75 en 2025 06 screen","mpn":"","thumbnail":"https:\/\/dev.codekraft.it\/ravaglioli.it\/wp-content\/uploads\/brb_media\/00549240_mobile-column-alpha-series-ravmch75-en-2025-06-screen-pdf-106x150.png","description":""},{"id":157522,"url":"https:\/\/dev.codekraft.it\/ravaglioli.it\/wp-content\/uploads\/brb_media\/00549238_mobile-column-alpha-series-ravmch75-fr-2025-06-screen.pdf","title":"Mobile column Alpha Series RAVMCH75 fr 2025 06 screen","mpn":"","thumbnail":"https:\/\/dev.codekraft.it\/ravaglioli.it\/wp-content\/uploads\/brb_media\/00549238_mobile-column-alpha-series-ravmch75-fr-2025-06-screen-pdf-106x150.png","description":""},{"id":157523,"url":"https:\/\/dev.codekraft.it\/ravaglioli.it\/wp-content\/uploads\/brb_media\/00549237_mobile-column-alpha-series-ravmch75-it-2025-06-screen.pdf","title":"Mobile column Alpha Series RAVMCH75 it 2025 06 screen","mpn":"","thumbnail":"https:\/\/dev.codekraft.it\/ravaglioli.it\/wp-content\/uploads\/brb_media\/00549237_mobile-column-alpha-series-ravmch75-it-2025-06-screen-pdf-106x150.png","description":""},{"id":157524,"url":"https:\/\/dev.codekraft.it\/ravaglioli.it\/wp-content\/uploads\/brb_media\/00549250_mobile-column-alpha-series-ravmch75-es-2025-06-screen.pdf","title":"Mobile column Alpha Series RAVMCH75 es 2025 06 screen","mpn":"","thumbnail":"https:\/\/dev.codekraft.it\/ravaglioli.it\/wp-content\/uploads\/brb_media\/00549250_mobile-column-alpha-series-ravmch75-es-2025-06-screen-pdf-106x150.png","description":""},{"id":157525,"url":"https:\/\/dev.codekraft.it\/ravaglioli.it\/wp-content\/uploads\/brb_media\/00549236_mobile-column-alpha-series-ravmch75-ru-2025-06-screen.pdf","title":"Mobile column Alpha Series RAVMCH75 ru 2025 06 screen","mpn":"","thumbnail":"https:\/\/dev.codekraft.it\/ravaglioli.it\/wp-content\/uploads\/brb_media\/00549236_mobile-column-alpha-series-ravmch75-ru-2025-06-screen-pdf-106x150.png","description":""}],"brb_media_drawing":[{"id":150184,"url":"https:\/\/dev.codekraft.it\/ravaglioli.it\/wp-content\/uploads\/brb_media\/00549125_Mobile-Column-MCH75-TD-052907010-2025-03.pdf","title":"Mobile Column MCH75 TD 052907010 2025 03","mpn":"","thumbnail":"https:\/\/dev.codekraft.it\/ravaglioli.it\/wp-content\/uploads\/brb_media\/00549125_Mobile-Column-MCH75-TD-052907010-2025-03-pdf-150x107.png","description":""}],"brb_media_manuals":[{"id":157529,"url":"https:\/\/dev.codekraft.it\/ravaglioli.it\/wp-content\/uploads\/brb_media\/00551305_mobile-column-lifts-alpha-series-mch65-mch75-mch85-im-0529-m001-0-rev1-multi-2025-08.pdf","title":"Mobile Column Lifts Alpha Series MCH65 MCH75 MCH85 IM 0529 M001 0 Rev1 multi 2025 08","mpn":"","thumbnail":"https:\/\/dev.codekraft.it\/ravaglioli.it\/wp-content\/uploads\/brb_media\/00551305_mobile-column-lifts-alpha-series-mch65-mch75-mch85-im-0529-m001-0-rev1-multi-2025-08-pdf-106x150.png","description":""}],"brb_media_safety_datasheets":"","brb_media_spare_parts":[],"_cdmm_p_id":"506614","_company":"Ravaglioli","_gtin":"5063084197740","accessories":[{"id":155431,"mpn":"S260A1","name":"Abst\u00fctzbock","description":"7500 kg, 1330 - 2030 mm, in 7 x 100-mm-Schritten h\u00f6henverstellbar, 2 Rollen, U-Aufnahme | Grau (RAL 7040)","thumbnail":"https:\/\/dev.codekraft.it\/ravaglioli.it\/wp-content\/uploads\/brb_media\/00535518_mobile-columns-s260a1-mi-150x150.png","url":"https:\/\/dev.codekraft.it\/ravaglioli.it\/de\/product\/abstutzbock-3\/"},{"id":152045,"mpn":"S270A1","name":"Abst\u00fctzbock","description":"10000 kg, 1235 - 2040 mm, in 6 x 100-mm-Schritten h\u00f6henverstellbar, stufenlos verstellbares Oberteil (115 mm), 2 Rollen, U-Aufnahme und Prisma-Aufnahme (wechselbar) | Grau (RAL 7040)","thumbnail":"https:\/\/dev.codekraft.it\/ravaglioli.it\/wp-content\/uploads\/brb_media\/00535519_mobile-columns-s270a1-mi-150x150.png","url":"https:\/\/dev.codekraft.it\/ravaglioli.it\/de\/product\/abstutzbock\/"},{"id":152275,"mpn":"S270A2","name":"Abst\u00fctzbock","description":"10000 kg, 1235 - 2040 mm, in 6 x 100-mm-Schritten h\u00f6henverstellbar, stufenlos verstellbares Oberteil (115 mm), 3 federnde Rollen, U-Aufnahme und Prisma-Aufnahme (wechselbar), fertig montiert | Grau (RAL 7040)","thumbnail":"https:\/\/dev.codekraft.it\/ravaglioli.it\/wp-content\/uploads\/brb_media\/00535520_mobile-columns-s270a2-mi-150x150.png","url":"https:\/\/dev.codekraft.it\/ravaglioli.it\/de\/product\/abstutzbock-2\/"},{"id":154784,"mpn":"120260","name":"Traverse f\u00fcr HydroLift S3 7,5\/8,2","description":"Tragf\u00e4higkeit max. 16,4 t, K\u00f6nigszapfenaufnahme | nur in Verbindung mit der Traverse HydroLift (Art.-Nr. 119777) m\u00f6glich","thumbnail":"https:\/\/dev.codekraft.it\/ravaglioli.it\/wp-content\/uploads\/brb_media\/00263259_hydrolift-s2-mounting-agrar-150x150.png","url":"https:\/\/dev.codekraft.it\/ravaglioli.it\/de\/product\/traverse-fur-hydrolift-s3-75-82\/"},{"id":154886,"mpn":"122911","name":"Front\u00ad und Heckadapter f\u00fcr HydroLift","description":"16,4 t | zum Anheben von verschiedenen Traktoren, inkl. diverser Agraraufnahmen","thumbnail":"https:\/\/dev.codekraft.it\/ravaglioli.it\/wp-content\/uploads\/brb_media\/00398680_hydrolift_122510_front_adapter_di-150x150.png","url":"https:\/\/dev.codekraft.it\/ravaglioli.it\/de\/product\/front-und-heckadapter-fur-hydrolift\/"},{"id":155261,"mpn":"127615","name":"SmartCart Agrar","description":"Transport- und Ablagewagen f\u00fcr das Agraradapter-Set - Aufger\u00e4umt finden die Adapter und Aufnahmest\u00fccke ihren Platz in der Werkstatt","thumbnail":"https:\/\/dev.codekraft.it\/ravaglioli.it\/wp-content\/uploads\/brb_media\/00414017_smartcart-agrar-mi-150x150.png","url":"https:\/\/dev.codekraft.it\/ravaglioli.it\/de\/product\/smartcart-agrar-2\/"},{"id":155291,"mpn":"M75-JCYB-KIT","name":"Radgabelverl\u00e4ngerung 150 mm","description":"Ideal zur Aufnahme von z.B. Wohnmobilen, bei denen sich die R\u00e4der hinter der Karosserie befinden, inkl. Radgabeln und Grundrahmenverl\u00e4ngerungen | Reduzierung der Tragf\u00e4higkeit auf 4 t | 1 Satz (f\u00fcr 1 Radgreifers\u00e4ule)","thumbnail":"https:\/\/dev.codekraft.it\/ravaglioli.it\/wp-content\/uploads\/brb_media\/00549481_mobile-column-m75-jcyb-kitt-150x150.png","url":"https:\/\/dev.codekraft.it\/ravaglioli.it\/de\/product\/radgabelverlangerung-150-mm\/"},{"id":155273,"mpn":"M140124BG","name":"Auffahrrampen-Kit","description":"Gabelstaplerrampen, einseitig auffahrbar | Grau (RAL 7012)","thumbnail":"https:\/\/dev.codekraft.it\/ravaglioli.it\/wp-content\/uploads\/brb_media\/00507162_m140124_002-150x150.jpg","url":"https:\/\/dev.codekraft.it\/ravaglioli.it\/de\/product\/auffahrrampen-kit-16\/"},{"id":155279,"mpn":"M140127BG","name":"Auffahrrampen-Kit","description":"Gabelstaplerrampen, beidseitig \u00fcberfahrbar | Grau (RAL 7012)","thumbnail":"https:\/\/dev.codekraft.it\/ravaglioli.it\/wp-content\/uploads\/brb_media\/00507164_m140yyy_001-150x150.jpg","url":"https:\/\/dev.codekraft.it\/ravaglioli.it\/de\/product\/auffahrrampen-kit-17\/"},{"id":155285,"mpn":"M140153BG","name":"Auffahrrampen-Kit","description":"Dreiradgabelstapler-Rampen, einseitig befahrbar | Grau (RAL 7012)","thumbnail":"https:\/\/dev.codekraft.it\/ravaglioli.it\/wp-content\/uploads\/brb_media\/00507163_m140xxx_001-150x150.jpg","url":"https:\/\/dev.codekraft.it\/ravaglioli.it\/de\/product\/auffahrrampen-kit-18\/"}],"components":[],"delivery":[],"package":[],"related":[],"similar":[{"id":157532,"mpn":"RAV.MCH75.197726","name":"Mobile Radgreifanlage Alpha Series 4-7.5","description":"4\u00a0x\u00a07,5\u00a0t, elektrohydraulisch, kabellos, mobil, ideal f\u00fcr Transporter, Lkw und Wohnmobile","thumbnail":"https:\/\/dev.codekraft.it\/ravaglioli.it\/wp-content\/uploads\/brb_media\/00548915_Mobile-column-lifts-Alpha-Series-Truck-MI-150x150.png","url":"https:\/\/dev.codekraft.it\/ravaglioli.it\/de\/product\/mobile-radgreifanlage-alpha-series-4-7-5\/"},{"id":157538,"mpn":"RAV.MCH75.197733","name":"Mobile Radgreifanlage Alpha Series 6-7.5","description":"6\u00a0x\u00a07,5\u00a0t, elektrohydraulisch, kabellos, mobil, ideal f\u00fcr Transporter, Lkw und Wohnmobile","thumbnail":"https:\/\/dev.codekraft.it\/ravaglioli.it\/wp-content\/uploads\/brb_media\/00548915_Mobile-column-lifts-Alpha-Series-Truck-MI-150x150.png","url":"https:\/\/dev.codekraft.it\/ravaglioli.it\/de\/product\/mobile-radgreifanlage-alpha-series-6-7-5\/"},{"id":157637,"mpn":"RAV.MCH75.197757","name":"Mobile Radgreifanlage Alpha Series 2-7.5","description":"2\u00a0x\u00a07,5\u00a0t, elektrohydraulisch, kabellos, mobil, ideal f\u00fcr Transporter, Lkw und Wohnmobile","thumbnail":"https:\/\/dev.codekraft.it\/ravaglioli.it\/wp-content\/uploads\/brb_media\/00548915_Mobile-column-lifts-Alpha-Series-Truck-MI-150x150.png","url":"https:\/\/dev.codekraft.it\/ravaglioli.it\/de\/product\/mobile-radgreifanlage-alpha-series-2-7-5\/"}],"page_logo_src":"https:\/\/dev.codekraft.it\/ravaglioli.it\/wp-content\/uploads\/2026\/04\/rav-negative-logo-1.png","lang":"de","translations":{"de":157544,"en":157543,"fr":157545,"it":157546,"es":157547,"ru":157548},"pll_sync_post":[],"_links":{"self":[{"href":"https:\/\/dev.codekraft.it\/ravaglioli.it\/wp-json\/wp\/v2\/product\/157544","targetHints":{"allow":["GET"]}}],"collection":[{"href":"https:\/\/dev.codekraft.it\/ravaglioli.it\/wp-json\/wp\/v2\/product"}],"about":[{"href":"https:\/\/dev.codekraft.it\/ravaglioli.it\/wp-json\/wp\/v2\/types\/product"}],"wp:featuredmedia":[{"embeddable":true,"href":"https:\/\/dev.codekraft.it\/ravaglioli.it\/wp-json\/wp\/v2\/media\/150176"}],"wp:attachment":[{"href":"https:\/\/dev.codekraft.it\/ravaglioli.it\/wp-json\/wp\/v2\/media?parent=157544"}],"wp:term":[{"taxonomy":"product_brand","embeddable":true,"href":"https:\/\/dev.codekraft.it\/ravaglioli.it\/wp-json\/wp\/v2\/product_brand?post=157544"},{"taxonomy":"product_cat","embeddable":true,"href":"https:\/\/dev.codekraft.it\/ravaglioli.it\/wp-json\/wp\/v2\/product_cat?post=157544"},{"taxonomy":"product_tag","embeddable":true,"href":"https:\/\/dev.codekraft.it\/ravaglioli.it\/wp-json\/wp\/v2\/product_tag?post=157544"},{"taxonomy":"product_approvals","embeddable":true,"href":"https:\/\/dev.codekraft.it\/ravaglioli.it\/wp-json\/wp\/v2\/product_approvals?post=157544"},{"taxonomy":"product_application","embeddable":true,"href":"https:\/\/dev.codekraft.it\/ravaglioli.it\/wp-json\/wp\/v2\/product_application?post=157544"}],"curies":[{"name":"wp","href":"https:\/\/api.w.org\/{rel}","templated":true}]}}