{"id":157539,"date":"2025-11-27T14:53:49","date_gmt":"2025-11-27T14:53:49","guid":{"rendered":"https:\/\/dev.codekraft.it\/ravaglioli.it\/product\/pont-elevateur-a-colonne-mobile-alpha-series-6-7-5\/"},"modified":"2025-11-27T14:53:49","modified_gmt":"2025-11-27T14:53:49","slug":"pont-elevateur-a-colonne-mobile-alpha-series-6-7-5","status":"publish","type":"product","link":"https:\/\/dev.codekraft.it\/ravaglioli.it\/fr\/product\/pont-elevateur-a-colonne-mobile-alpha-series-6-7-5\/","title":{"rendered":"Pont \u00e9l\u00e9vateur \u00e0 colonne mobile Alpha Series 6-7.5"},"content":{"rendered":"<ul>\n<li><strong>Caract\u00e9ristiques innovantes\u00a0:<\/strong>\u00a0Chaque colonne a une num\u00e9rotation d\u2019identification et un indicateur led qui signale le fonctionnement de la colonne en temps r\u00e9el. Toutes les informations sur l&#8217;\u00e9tat de la colonne peuvent \u00eatre v\u00e9rifi\u00e9es directement dans l&#8217;App.<\/li>\n<\/ul>\n<ul>\n<li><strong>Premier sur le march\u00e9\u00a0:<\/strong>\u00a0App permettant de configurer le pont \u00e9l\u00e9vateur et la disposition des colonnes.\u00a0Le syst\u00e8me de configuration des colonnes via l&#8217;App garantit une plus grande s\u00e9curit\u00e9, rapidit\u00e9 et simplicit\u00e9 des op\u00e9rations.<\/li>\n<\/ul>\n<ul>\n<li><strong>Totalement s\u00fbr\u00a0:<\/strong>\n<ul>\n<li>Syst\u00e8me de s\u00e9curit\u00e9 m\u00e9canique \u00e0 pas r\u00e9duit et largeur de contact accrue pour une plus grande s\u00e9curit\u00e9 lors des proc\u00e9dures de levage et pour des fonctions de stationnement am\u00e9lior\u00e9es.<\/li>\n<li>Dispositif \u00e9lectrohydraulique qui interrompt le mouvement de descente si un obstacle est pr\u00e9sent sous une plateforme.<\/li>\n<li>Largeur accrue par rapport \u00e0 la version pr\u00e9c\u00e9dente.<\/li>\n<li>Soupapes de s\u00e9curit\u00e9 pour la protection contre la surcharge et la rupture des tuyaux hydrauliques.<\/li>\n<\/ul>\n<\/li>\n<\/ul>\n<ul>\n<li>Passages de fourche pour faciliter la manutention au moyen de chariots \u00e9l\u00e9vateurs \u00e0 fourche.<\/li>\n<li>Fourches r\u00e9glables pour travailler sur des v\u00e9hicules utilitaires l\u00e9gers et lourds avec des roues de diff\u00e9rentes dimensions.<\/li>\n<li>Chariot de d\u00e9placement avec timon hydraulique pour une meilleure mobilit\u00e9 de la colonne lors de sa manipulation, de sa mise en place sous le v\u00e9hicule et de son stationnement.<\/li>\n<li>Conception compacte et robuste.<\/li>\n<li>Puissante unit\u00e9 hydraulique pour un levage sans effort, associ\u00e9e \u00e0 une batterie fonctionnant toute la journ\u00e9e pour un travail sans interruption.<\/li>\n<li>Circuit \u00e9lectrique avec protection IP 54. Circuit de commande et de s\u00e9curit\u00e9 basse tension.<\/li>\n<li>Op\u00e9ration de levage g\u00e9r\u00e9e via un bo\u00eetier de commande situ\u00e9 sur chaque colonne.<\/li>\n<li>Vanne de contr\u00f4le de la vitesse de descente.<\/li>\n<li>Configuration des colonnes disponibles et cr\u00e9ation de groupes distincts si le v\u00e9hicule n\u00e9cessite des hauteurs de levage diff\u00e9rentes.<\/li>\n<li>Mises \u00e0 jour logicielles OTA (over-the-air).<\/li>\n<li>Disponible pour Android et iOS.<\/li>\n<\/ul>\n<ul>\n<li><strong>\u00c9tat en temps r\u00e9el\u00a0:<\/strong>\n<ul>\n<li>Colonne mobile en attente de connexion.<\/li>\n<li>La configuration rapide avec l&#8217;App se fait via le module NFC. Bluetooth est \u00e9galement int\u00e9gr\u00e9 comme deuxi\u00e8me option de connexion.<\/li>\n<li>L\u2019identit\u00e9 de l\u2019utilisateur de l\u2019App est v\u00e9rifi\u00e9e par authentification biom\u00e9trique ou OTP (mot de passe \u00e0 usage unique).<\/li>\n<li>Colonne mobile signalant une erreur.<\/li>\n<li>D\u00e9pannage simplifi\u00e9\u00a0: Identification de l&#8217;\u00e9tat d&#8217;erreur de la colonne et lien direct au manuel.<\/li>\n<li>Colonne mobile configur\u00e9e et pr\u00eate \u00e0 l&#8217;emploi.<\/li>\n<\/ul>\n<\/li>\n<\/ul>\n","protected":false},"excerpt":{"rendered":"<p>6 x 7,5\u00a0t, \u00e9lectrohydraulique, sans c\u00e2bles, mobile, id\u00e9al pour les transporteurs, camionnettes et maisons mobiles<\/p>\n","protected":false},"featured_media":150176,"template":"","meta":[],"product_brand":[],"product_cat":[58238],"product_tag":[58377,58360,58343,63157,58326],"product_approvals":[],"product_application":[],"class_list":{"0":"post-157539","1":"product","2":"type-product","3":"status-publish","4":"has-post-thumbnail","6":"product_cat-ponts-elevateurs-a-colonnes-mobiles-fr","7":"product_tag-buses-fr","8":"product_tag-trucks-fr","9":"product_tag-motor-homes-fr","10":"product_tag-quickship-fr","11":"product_tag-light-commercial-fr","13":"first","14":"instock","15":"shipping-taxable","16":"product-type-simple"},"approvals":[],"application":[],"brb_media_brochure":[{"id":157520,"url":"https:\/\/dev.codekraft.it\/ravaglioli.it\/wp-content\/uploads\/brb_media\/00550001_mobile-column-alpha-series-ravmch75-br-de-2025-07-screen.pdf","title":"Mobile column Alpha Series RAVMCH75 BR de 2025 07 screen","mpn":"","thumbnail":"https:\/\/dev.codekraft.it\/ravaglioli.it\/wp-content\/uploads\/brb_media\/00550001_mobile-column-alpha-series-ravmch75-br-de-2025-07-screen-pdf-106x150.png","description":""},{"id":157521,"url":"https:\/\/dev.codekraft.it\/ravaglioli.it\/wp-content\/uploads\/brb_media\/00549240_mobile-column-alpha-series-ravmch75-en-2025-06-screen.pdf","title":"Mobile column Alpha Series RAVMCH75 en 2025 06 screen","mpn":"","thumbnail":"https:\/\/dev.codekraft.it\/ravaglioli.it\/wp-content\/uploads\/brb_media\/00549240_mobile-column-alpha-series-ravmch75-en-2025-06-screen-pdf-106x150.png","description":""},{"id":157522,"url":"https:\/\/dev.codekraft.it\/ravaglioli.it\/wp-content\/uploads\/brb_media\/00549238_mobile-column-alpha-series-ravmch75-fr-2025-06-screen.pdf","title":"Mobile column Alpha Series RAVMCH75 fr 2025 06 screen","mpn":"","thumbnail":"https:\/\/dev.codekraft.it\/ravaglioli.it\/wp-content\/uploads\/brb_media\/00549238_mobile-column-alpha-series-ravmch75-fr-2025-06-screen-pdf-106x150.png","description":""},{"id":157523,"url":"https:\/\/dev.codekraft.it\/ravaglioli.it\/wp-content\/uploads\/brb_media\/00549237_mobile-column-alpha-series-ravmch75-it-2025-06-screen.pdf","title":"Mobile column Alpha Series RAVMCH75 it 2025 06 screen","mpn":"","thumbnail":"https:\/\/dev.codekraft.it\/ravaglioli.it\/wp-content\/uploads\/brb_media\/00549237_mobile-column-alpha-series-ravmch75-it-2025-06-screen-pdf-106x150.png","description":""},{"id":157524,"url":"https:\/\/dev.codekraft.it\/ravaglioli.it\/wp-content\/uploads\/brb_media\/00549250_mobile-column-alpha-series-ravmch75-es-2025-06-screen.pdf","title":"Mobile column Alpha Series RAVMCH75 es 2025 06 screen","mpn":"","thumbnail":"https:\/\/dev.codekraft.it\/ravaglioli.it\/wp-content\/uploads\/brb_media\/00549250_mobile-column-alpha-series-ravmch75-es-2025-06-screen-pdf-106x150.png","description":""},{"id":157525,"url":"https:\/\/dev.codekraft.it\/ravaglioli.it\/wp-content\/uploads\/brb_media\/00549236_mobile-column-alpha-series-ravmch75-ru-2025-06-screen.pdf","title":"Mobile column Alpha Series RAVMCH75 ru 2025 06 screen","mpn":"","thumbnail":"https:\/\/dev.codekraft.it\/ravaglioli.it\/wp-content\/uploads\/brb_media\/00549236_mobile-column-alpha-series-ravmch75-ru-2025-06-screen-pdf-106x150.png","description":""}],"brb_media_drawing":[{"id":150184,"url":"https:\/\/dev.codekraft.it\/ravaglioli.it\/wp-content\/uploads\/brb_media\/00549125_Mobile-Column-MCH75-TD-052907010-2025-03.pdf","title":"Mobile Column MCH75 TD 052907010 2025 03","mpn":"","thumbnail":"https:\/\/dev.codekraft.it\/ravaglioli.it\/wp-content\/uploads\/brb_media\/00549125_Mobile-Column-MCH75-TD-052907010-2025-03-pdf-150x107.png","description":""}],"brb_media_manuals":[{"id":157529,"url":"https:\/\/dev.codekraft.it\/ravaglioli.it\/wp-content\/uploads\/brb_media\/00551305_mobile-column-lifts-alpha-series-mch65-mch75-mch85-im-0529-m001-0-rev1-multi-2025-08.pdf","title":"Mobile Column Lifts Alpha Series MCH65 MCH75 MCH85 IM 0529 M001 0 Rev1 multi 2025 08","mpn":"","thumbnail":"https:\/\/dev.codekraft.it\/ravaglioli.it\/wp-content\/uploads\/brb_media\/00551305_mobile-column-lifts-alpha-series-mch65-mch75-mch85-im-0529-m001-0-rev1-multi-2025-08-pdf-106x150.png","description":""}],"brb_media_safety_datasheets":"","brb_media_spare_parts":[],"_cdmm_p_id":"506613","_company":"Ravaglioli","_gtin":"5063084197733","accessories":[{"id":152276,"mpn":"S270A2","name":"Chevalet d&#039;appui","description":"10000 kg, 1235 - 2040 mm, r\u00e9glable en hauteur par pas de 6 x 100 mm, avec en plus partie sup\u00e9rieure r\u00e9glable en continu (115 mm), 3 roues r\u00e9tractables, support en U et support en prisme (interchangeables), pr\u00eat \u00e0 l'emploi | Gris (RAL 7040)","thumbnail":"https:\/\/dev.codekraft.it\/ravaglioli.it\/wp-content\/uploads\/brb_media\/00535520_mobile-columns-s270a2-mi-150x150.png","url":"https:\/\/dev.codekraft.it\/ravaglioli.it\/fr\/product\/chevalet-dappui-2\/"},{"id":154785,"mpn":"120260","name":"Traverse pour HydroLift S3 7,5\/8,2","description":"Capacit\u00e9 de charge max. 16,4 t, traverse de pivot de fus\u00e9e | uniquement en combinaison avec traverse (N\u00b0 article 119777)","thumbnail":"https:\/\/dev.codekraft.it\/ravaglioli.it\/wp-content\/uploads\/brb_media\/00263259_hydrolift-s2-mounting-agrar-150x150.png","url":"https:\/\/dev.codekraft.it\/ravaglioli.it\/fr\/product\/traverse-pour-hydrolift-s3-75-82\/"},{"id":154887,"mpn":"122911","name":"Adaptateurs avant et arri\u00e8re pour HydroLift","description":"16,4 t | pour le levage de diff\u00e9rents types de tracteurs, incl. adaptateurs agricoles","thumbnail":"https:\/\/dev.codekraft.it\/ravaglioli.it\/wp-content\/uploads\/brb_media\/00398680_hydrolift_122510_front_adapter_di-150x150.png","url":"https:\/\/dev.codekraft.it\/ravaglioli.it\/fr\/product\/adaptateurs-avant-et-arriere-pour-hydrolift\/"},{"id":155262,"mpn":"127615","name":"SmartCart Agrar","description":"Chariot de transport et de rangement pour le kit adaptateur agricole - Bien rang\u00e9s, les adaptateurs et les \u00e9l\u00e9ments de logement trouvent leur place dans l'atelier","thumbnail":"https:\/\/dev.codekraft.it\/ravaglioli.it\/wp-content\/uploads\/brb_media\/00414017_smartcart-agrar-mi-150x150.png","url":"https:\/\/dev.codekraft.it\/ravaglioli.it\/fr\/product\/smartcart-agrar-3\/"},{"id":155292,"mpn":"M75-JCYB-KIT","name":"Prolongateur de fourche de roue 150 mm","description":"Id\u00e9al p. ex. pour loger des maisons mobiles sur lesquels les roues se trouvent derri\u00e8re la carrosserie, incl. fourches de roues et extensions de cadre de base | r\u00e9duction de la capacit\u00e9 de charge \u00e0 4 t | 1 jeu (pour 1 colonne mobile)","thumbnail":"https:\/\/dev.codekraft.it\/ravaglioli.it\/wp-content\/uploads\/brb_media\/00549481_mobile-column-m75-jcyb-kitt-150x150.png","url":"https:\/\/dev.codekraft.it\/ravaglioli.it\/fr\/product\/prolongateur-de-fourche-de-roue-150-mm\/"},{"id":155274,"mpn":"M140124BG","name":"Kit de rampes d&#039;acc\u00e8s","description":"Rampes pour chariot \u00e9l\u00e9vateur, acc\u00e8s d'un seul c\u00f4t\u00e9 | Gris (RAL 7012)","thumbnail":"https:\/\/dev.codekraft.it\/ravaglioli.it\/wp-content\/uploads\/brb_media\/00507162_m140124_002-150x150.jpg","url":"https:\/\/dev.codekraft.it\/ravaglioli.it\/fr\/product\/kit-de-rampes-dacces-15\/"},{"id":155280,"mpn":"M140127BG","name":"Kit de rampes d&#039;acc\u00e8s","description":"Rampes pour chariot \u00e9l\u00e9vateur, passage des deux c\u00f4t\u00e9s | Gris (RAL 7012)","thumbnail":"https:\/\/dev.codekraft.it\/ravaglioli.it\/wp-content\/uploads\/brb_media\/00507164_m140yyy_001-150x150.jpg","url":"https:\/\/dev.codekraft.it\/ravaglioli.it\/fr\/product\/kit-de-rampes-dacces-16\/"},{"id":155286,"mpn":"M140153BG","name":"Kit de rampes d&#039;acc\u00e8s","description":"Rampes pour chariot \u00e9l\u00e9vateur \u00e0 trois roues, acc\u00e8s d'un seul c\u00f4t\u00e9| Gris (RAL 7012)","thumbnail":"https:\/\/dev.codekraft.it\/ravaglioli.it\/wp-content\/uploads\/brb_media\/00507163_m140xxx_001-150x150.jpg","url":"https:\/\/dev.codekraft.it\/ravaglioli.it\/fr\/product\/kit-de-rampes-dacces-17\/"},{"id":155268,"mpn":"M110175BG","name":"V\u00e9hicule de transport pour jeu de rampes","description":"Chariot pour kit de rampes d'acc\u00e8s pour chariot \u00e9l\u00e9vateur M140124BG \/ M140127BG","thumbnail":"https:\/\/dev.codekraft.it\/ravaglioli.it\/wp-content\/uploads\/brb_media\/00489148_m110175bg-mi-150x150.jpg","url":"https:\/\/dev.codekraft.it\/ravaglioli.it\/fr\/product\/vehicule-de-transport-pour-jeu-de-rampes\/"},{"id":155432,"mpn":"S260A1","name":"Chevalet d&#039;appui","description":"7500 kg, 1330 - 2030 mm, r\u00e9glable en hauteur par paliers de 7 x 100 mm, 2 roulettes, support en U | Gris (RAL 7040)","thumbnail":"https:\/\/dev.codekraft.it\/ravaglioli.it\/wp-content\/uploads\/brb_media\/00535518_mobile-columns-s260a1-mi-150x150.png","url":"https:\/\/dev.codekraft.it\/ravaglioli.it\/fr\/product\/chevalet-dappui-3\/"},{"id":152046,"mpn":"S270A1","name":"Chevalet d&#039;appui","description":"10000 kg, 1235 - 2040 mm, r\u00e9glable en hauteur par pas de 6 x 100 mm, avec en plus partie sup\u00e9rieure r\u00e9glable en continu (115 mm), 2 roulettes, support en U et support en prisme (interchangeables) | Gris (RAL 7040)","thumbnail":"https:\/\/dev.codekraft.it\/ravaglioli.it\/wp-content\/uploads\/brb_media\/00535519_mobile-columns-s270a1-mi-150x150.png","url":"https:\/\/dev.codekraft.it\/ravaglioli.it\/fr\/product\/chevalet-dappui\/"}],"components":[],"delivery":[],"package":[],"related":[],"similar":[{"id":157533,"mpn":"RAV.MCH75.197726","name":"Pont \u00e9l\u00e9vateur \u00e0 colonne mobile Alpha Series 4-7.5","description":"4 x 7,5\u00a0t, \u00e9lectrohydraulique, sans c\u00e2bles, mobile, id\u00e9al pour les transporteurs, camionnettes et maisons mobiles","thumbnail":"https:\/\/dev.codekraft.it\/ravaglioli.it\/wp-content\/uploads\/brb_media\/00548915_Mobile-column-lifts-Alpha-Series-Truck-MI-150x150.png","url":"https:\/\/dev.codekraft.it\/ravaglioli.it\/fr\/product\/pont-elevateur-a-colonne-mobile-alpha-series-4-7-5\/"},{"id":157638,"mpn":"RAV.MCH75.197757","name":"Pont \u00e9l\u00e9vateur \u00e0 colonne mobile Alpha Series 2-7.5","description":"2 x 7,5\u00a0t, \u00e9lectrohydraulique, sans c\u00e2bles, mobile, id\u00e9al pour les transporteurs, camionnettes et maisons mobiles","thumbnail":"https:\/\/dev.codekraft.it\/ravaglioli.it\/wp-content\/uploads\/brb_media\/00548915_Mobile-column-lifts-Alpha-Series-Truck-MI-150x150.png","url":"https:\/\/dev.codekraft.it\/ravaglioli.it\/fr\/product\/pont-elevateur-a-colonne-mobile-alpha-series-2-7-5\/"},{"id":157545,"mpn":"RAV.MCH75.197740","name":"Pont \u00e9l\u00e9vateur \u00e0 colonne mobile Alpha Series 8-7.5","description":"8 x 7,5\u00a0t, \u00e9lectrohydraulique, sans c\u00e2bles, mobile, id\u00e9al pour les transporteurs, camionnettes et maisons mobiles","thumbnail":"https:\/\/dev.codekraft.it\/ravaglioli.it\/wp-content\/uploads\/brb_media\/00548915_Mobile-column-lifts-Alpha-Series-Truck-MI-150x150.png","url":"https:\/\/dev.codekraft.it\/ravaglioli.it\/fr\/product\/pont-elevateur-a-colonne-mobile-alpha-series-8-7-5\/"}],"page_logo_src":"https:\/\/dev.codekraft.it\/ravaglioli.it\/wp-content\/uploads\/2026\/04\/rav-negative-logo-1.png","lang":"fr","translations":{"fr":157539,"en":157537,"de":157538,"it":157540,"es":157541,"ru":157542},"pll_sync_post":[],"_links":{"self":[{"href":"https:\/\/dev.codekraft.it\/ravaglioli.it\/wp-json\/wp\/v2\/product\/157539","targetHints":{"allow":["GET"]}}],"collection":[{"href":"https:\/\/dev.codekraft.it\/ravaglioli.it\/wp-json\/wp\/v2\/product"}],"about":[{"href":"https:\/\/dev.codekraft.it\/ravaglioli.it\/wp-json\/wp\/v2\/types\/product"}],"wp:featuredmedia":[{"embeddable":true,"href":"https:\/\/dev.codekraft.it\/ravaglioli.it\/wp-json\/wp\/v2\/media\/150176"}],"wp:attachment":[{"href":"https:\/\/dev.codekraft.it\/ravaglioli.it\/wp-json\/wp\/v2\/media?parent=157539"}],"wp:term":[{"taxonomy":"product_brand","embeddable":true,"href":"https:\/\/dev.codekraft.it\/ravaglioli.it\/wp-json\/wp\/v2\/product_brand?post=157539"},{"taxonomy":"product_cat","embeddable":true,"href":"https:\/\/dev.codekraft.it\/ravaglioli.it\/wp-json\/wp\/v2\/product_cat?post=157539"},{"taxonomy":"product_tag","embeddable":true,"href":"https:\/\/dev.codekraft.it\/ravaglioli.it\/wp-json\/wp\/v2\/product_tag?post=157539"},{"taxonomy":"product_approvals","embeddable":true,"href":"https:\/\/dev.codekraft.it\/ravaglioli.it\/wp-json\/wp\/v2\/product_approvals?post=157539"},{"taxonomy":"product_application","embeddable":true,"href":"https:\/\/dev.codekraft.it\/ravaglioli.it\/wp-json\/wp\/v2\/product_application?post=157539"}],"curies":[{"name":"wp","href":"https:\/\/api.w.org\/{rel}","templated":true}]}}