{"id":157499,"date":"2025-11-20T10:26:31","date_gmt":"2025-11-20T10:26:31","guid":{"rendered":"https:\/\/dev.codekraft.it\/ravaglioli.it\/product\/equilibradora-de-ruedas-digital-electronica-gp4-150scanplus\/"},"modified":"2025-11-20T10:26:31","modified_gmt":"2025-11-20T10:26:31","slug":"equilibradora-de-ruedas-digital-electronica-gp4-150scanplus","status":"publish","type":"product","link":"https:\/\/dev.codekraft.it\/ravaglioli.it\/es\/product\/equilibradora-de-ruedas-digital-electronica-gp4-150scanplus\/","title":{"rendered":"Equilibradora de ruedas digital electr\u00f3nica GP4.150SCANPLUS"},"content":{"rendered":"<p>Equilibradora para turismos equipada con esc\u00e1ner l\u00e1ser para la detecci\u00f3n autom\u00e1tica del perfil de la llanta y las dimensiones de la rueda.<\/p>\n<ul>\n<li>Alta precisi\u00f3n: registro autom\u00e1tico de los datos de la rueda y puntero l\u00e1ser<\/li>\n<li>Dise\u00f1o pr\u00e1ctico: equipado con un monitor t\u00e1ctil de 22\u2033<\/li>\n<li>Tecnolog\u00eda intuitiva: gr\u00e1ficos y colores creados para facilitar el uso de la equilibradora de ruedas\u00a0<\/li>\n<\/ul>\n<ul>\n<li>Asistente de equilibrado: las funciones de las teclas var\u00edan seg\u00fan el uso y se identifican en la pantalla mediante iconos gr\u00e1ficos claramente comprensibles.<\/li>\n<li>El sistema\u00a0SCAN garantiza que las operaciones se realicen con la m\u00e1xima rapidez y precisi\u00f3n.<\/li>\n<li>Programas de equilibrado: din\u00e1mico, est\u00e1tico, ALU y ALU-S, separaci\u00f3n de contrapesas y contrapesas ocultas tras los radios y programa de optimizaci\u00f3n.<\/li>\n<li>Programas de equilibrado Eco-Weight: Moderno sistema de reajuste del desequilibrio para reducir el uso de contrapesas innecesarias.<\/li>\n<li>Visualizaci\u00f3n gr\u00e1fica de la excentricidad de la rueda y la llanta en una sola pantalla.<\/li>\n<\/ul>\n<ul>\n<li>Modo Automatic Balancing: en el modo AUTO, la m\u00e1quina realiza el trabajo de forma aut\u00f3noma, desde la elecci\u00f3n del programa que se va a utilizar hasta el recuento de los radios y la indicaci\u00f3n de la posici\u00f3n de las contrapesas ocultas.<\/li>\n<li>La m\u00e1quina se detiene autom\u00e1ticamente en la posici\u00f3n de desequilibrio exterior.<\/li>\n<li>Reposicionamiento autom\u00e1tico en el lado interior.<\/li>\n<li>Arranque autom\u00e1tico al bajar el c\u00e1rter de protecci\u00f3n.<\/li>\n<li>Monitor t\u00e1ctil de 22\u2033.<\/li>\n<li>Sonar para la medici\u00f3n autom\u00e1tica del ancho de la rueda.<\/li>\n<li>Bloqueo de fijaci\u00f3n de rueda neum\u00e1tico.<\/li>\n<li>Iluminaci\u00f3n LED de la llanta.<\/li>\n<\/ul>\n","protected":false},"excerpt":{"rendered":"<p>3D, pantalla t\u00e1ctil 22\u2033, sistema \u00abSCAN\u00bb para la detecci\u00f3n autom\u00e1tica del perfil de la llanta, sonar para detecci\u00f3n de excentricidad de la banda de rodadura, incl. coni per autovettura, autovettura, diametro cerchione 10 &#8211; 30\u2033, di\u00e1metro rueda m\u00e1x. 44\u2033, TEq-Link<\/p>\n","protected":false},"featured_media":157481,"template":"","meta":[],"product_brand":[],"product_cat":[57996],"product_tag":[58296,63163],"product_approvals":[],"product_application":[],"class_list":{"0":"post-157499","1":"product","2":"type-product","3":"status-publish","4":"has-post-thumbnail","6":"product_cat-equilibradoras-de-ruedas-es","7":"product_tag-passenger-cars-es","8":"product_tag-quickship-es","10":"first","11":"instock","12":"shipping-taxable","13":"product-type-simple"},"approvals":[],"application":[],"brb_media_brochure":[{"id":157482,"url":"https:\/\/dev.codekraft.it\/ravaglioli.it\/wp-content\/uploads\/brb_media\/00531865_wheel-balancer-gp4150scanplus-de-2024-08-screen.pdf","title":"wheel balancer gp4150scanplus de 2024 08 screen","mpn":"","thumbnail":"https:\/\/dev.codekraft.it\/ravaglioli.it\/wp-content\/uploads\/brb_media\/00531865_wheel-balancer-gp4150scanplus-de-2024-08-screen-pdf-106x150.png","description":""},{"id":157483,"url":"https:\/\/dev.codekraft.it\/ravaglioli.it\/wp-content\/uploads\/brb_media\/00531866_wheel-balancer-gp4150scanplus-en-2024-08-screen.pdf","title":"wheel balancer gp4150scanplus en 2024 08 screen","mpn":"","thumbnail":"https:\/\/dev.codekraft.it\/ravaglioli.it\/wp-content\/uploads\/brb_media\/00531866_wheel-balancer-gp4150scanplus-en-2024-08-screen-pdf-106x150.png","description":""},{"id":157484,"url":"https:\/\/dev.codekraft.it\/ravaglioli.it\/wp-content\/uploads\/brb_media\/00531867_wheel-balancer-gp4150scanplus-fr-2024-08-screen.pdf","title":"wheel balancer gp4150scanplus fr 2024 08 screen","mpn":"","thumbnail":"https:\/\/dev.codekraft.it\/ravaglioli.it\/wp-content\/uploads\/brb_media\/00531867_wheel-balancer-gp4150scanplus-fr-2024-08-screen-pdf-106x150.png","description":""},{"id":157485,"url":"https:\/\/dev.codekraft.it\/ravaglioli.it\/wp-content\/uploads\/brb_media\/00531868_wheel-balancer-gp4150scanplus-it-2024-08-screen.pdf","title":"wheel balancer gp4150scanplus it 2024 08 screen","mpn":"","thumbnail":"https:\/\/dev.codekraft.it\/ravaglioli.it\/wp-content\/uploads\/brb_media\/00531868_wheel-balancer-gp4150scanplus-it-2024-08-screen-pdf-106x150.png","description":""},{"id":157486,"url":"https:\/\/dev.codekraft.it\/ravaglioli.it\/wp-content\/uploads\/brb_media\/00531870_wheel-balancer-gp4150scanplus-es-2024-08-screen.pdf","title":"wheel balancer gp4150scanplus es 2024 08 screen","mpn":"","thumbnail":"https:\/\/dev.codekraft.it\/ravaglioli.it\/wp-content\/uploads\/brb_media\/00531870_wheel-balancer-gp4150scanplus-es-2024-08-screen-pdf-106x150.png","description":""},{"id":157487,"url":"https:\/\/dev.codekraft.it\/ravaglioli.it\/wp-content\/uploads\/brb_media\/00531871_wheel-balancer-gp4150scanplus-ru-2024-08-screen.pdf","title":"wheel balancer gp4150scanplus ru 2024 08 screen","mpn":"","thumbnail":"https:\/\/dev.codekraft.it\/ravaglioli.it\/wp-content\/uploads\/brb_media\/00531871_wheel-balancer-gp4150scanplus-ru-2024-08-screen-pdf-106x150.png","description":""}],"brb_media_drawing":[{"id":157490,"url":"https:\/\/dev.codekraft.it\/ravaglioli.it\/wp-content\/uploads\/brb_media\/00531872_wheel-balancer-gp4150scanplus-td-130290100_00-it-2020-08.pdf","title":"wheel balancer gp4150scanplus td 130290100 00 it 2020 08","mpn":"","thumbnail":"https:\/\/dev.codekraft.it\/ravaglioli.it\/wp-content\/uploads\/brb_media\/00531872_wheel-balancer-gp4150scanplus-td-130290100_00-it-2020-08-pdf-150x106.png","description":""}],"brb_media_manuals":[{"id":157467,"url":"https:\/\/dev.codekraft.it\/ravaglioli.it\/wp-content\/uploads\/brb_media\/00539679_wheel-balancers-librak370-librak390-ravg4150-gscan-im-1302-m001-00_vsg_rev00-multi-2025-01.pdf","title":"wheel balancers librak370 librak390 ravg4150 gscan im 1302 m001 00 vsg rev00 multi 2025 01","mpn":"","thumbnail":"https:\/\/dev.codekraft.it\/ravaglioli.it\/wp-content\/uploads\/brb_media\/00539679_wheel-balancers-librak370-librak390-ravg4150-gscan-im-1302-m001-00_vsg_rev00-multi-2025-01-pdf-106x150.png","description":""}],"brb_media_safety_datasheets":"","brb_media_spare_parts":[],"_cdmm_p_id":"504750","_company":"Ravaglioli","_gtin":"5063084201607","accessories":[{"id":155373,"mpn":"GAR113","name":"Cono de centrado para furgonetas | \u00d8 118 &#8211; 174 mm","description":"Incluido espesor","thumbnail":"https:\/\/dev.codekraft.it\/ravaglioli.it\/wp-content\/uploads\/brb_media\/00509261_wheel-balancer-gar113-mi-150x150.png","url":"https:\/\/dev.codekraft.it\/ravaglioli.it\/es\/product\/cono-de-centrado-para-furgonetas-o-118-174-mm\/"},{"id":154943,"mpn":"GAR131H","name":"Placa de sujeci\u00f3n Universal | para llantas de 3\/4\/5 agujeros sin agujero central","description":"Plato universal para llantas ciegas | incl. calibre medici\u00f3n entre ejes de los agujeros","thumbnail":"https:\/\/dev.codekraft.it\/ravaglioli.it\/wp-content\/uploads\/brb_media\/00509262_wheel-balancer-gar131h-mi-150x150.png","url":"https:\/\/dev.codekraft.it\/ravaglioli.it\/es\/product\/placa-de-sujecion-universal-para-llantas-de-3-4-5-agujeros-sin-agujero-central\/"},{"id":155361,"mpn":"GAR324","name":"Elevador para ruedas con equilibrado autom\u00e1tico del peso rueda","description":"80 kg, turismo","thumbnail":"https:\/\/dev.codekraft.it\/ravaglioli.it\/wp-content\/uploads\/brb_media\/00509271_wheel-balancer-gar324-mi-150x150.png","url":"https:\/\/dev.codekraft.it\/ravaglioli.it\/es\/product\/elevador-para-ruedas-con-equilibrado-automatico-del-peso-rueda\/"},{"id":155257,"mpn":"GAR375","name":"Soporte tipo rodillo para los pesos adhesivos","description":"","thumbnail":"https:\/\/dev.codekraft.it\/ravaglioli.it\/wp-content\/uploads\/brb_media\/00549234_wheel-balancers-gar375-mi-150x150.png","url":"https:\/\/dev.codekraft.it\/ravaglioli.it\/es\/product\/soporte-tipo-rodillo-para-los-pesos-adhesivos\/"}],"components":[],"delivery":[{"id":155337,"mpn":"GAR112","name":"Cono de centrado","description":"Para todo terrenos | \u00d8 95 - 132 mm","thumbnail":"https:\/\/dev.codekraft.it\/ravaglioli.it\/wp-content\/uploads\/brb_media\/00549107_wheel-balancers-gar112-mi-150x150.png","url":"https:\/\/dev.codekraft.it\/ravaglioli.it\/es\/product\/cono-de-centrado\/"},{"id":154823,"mpn":"GAR111","name":"Conos de centrado para turismo","description":"Incluido copa de protecci\u00f3n | \u00d8 44 - 112 mm | 1 juego \/ 3 piezas","thumbnail":"https:\/\/dev.codekraft.it\/ravaglioli.it\/wp-content\/uploads\/brb_media\/00509259_wheel-balancer-gar111-mi-150x150.png","url":"https:\/\/dev.codekraft.it\/ravaglioli.it\/es\/product\/conos-de-centrado-para-turismo\/"},{"id":154979,"mpn":"GAR121","name":"Disco de protecci\u00f3n rueda","description":"","thumbnail":"https:\/\/dev.codekraft.it\/ravaglioli.it\/wp-content\/uploads\/brb_media\/00506564_gar121-150x150.png","url":"https:\/\/dev.codekraft.it\/ravaglioli.it\/es\/product\/disco-de-proteccion-rueda\/"},{"id":155379,"mpn":"GAR132","name":"Placa de sujeci\u00f3n de precisi\u00f3n Universal, para ruedas con 3\/4\/5 agujeros | con esp\u00e1rragos","description":"Garra universal de precisi\u00f3n","thumbnail":"https:\/\/dev.codekraft.it\/ravaglioli.it\/wp-content\/uploads\/brb_media\/00506548_gar132-150x150.png","url":"https:\/\/dev.codekraft.it\/ravaglioli.it\/es\/product\/placa-de-sujecion-de-precision-universal-para-ruedas-con-3-4-5-agujeros-con-esparragos\/"}],"package":[],"related":[],"similar":[{"id":157478,"mpn":"RAV.G4150.201621","name":"Equilibradora de ruedas digital electr\u00f3nica GP4.150WSPLUS","description":"2D, pantalla t\u00e1ctil 22\u2033, sonar para detecci\u00f3n de excentricidad de la banda de rodadura, incl. conos, autovettura, SUV y todoterrenos, diametro cerchione 10 - 30\u2033, di\u00e1metro rueda m\u00e1x. 44\u2033, TEq-Link","thumbnail":"https:\/\/dev.codekraft.it\/ravaglioli.it\/wp-content\/uploads\/brb_media\/00531848_wheel-balancer-gp4150wsplus-mi-01-150x150.png","url":"https:\/\/dev.codekraft.it\/ravaglioli.it\/es\/product\/equilibradora-de-ruedas-digital-electronica-gp4-150wsplus\/"}],"page_logo_src":"https:\/\/dev.codekraft.it\/ravaglioli.it\/wp-content\/uploads\/2026\/04\/rav-negative-logo-1.png","lang":"es","translations":{"es":157499,"en":157480,"de":157496,"fr":157497,"it":157498,"ru":157500},"pll_sync_post":[],"_links":{"self":[{"href":"https:\/\/dev.codekraft.it\/ravaglioli.it\/wp-json\/wp\/v2\/product\/157499","targetHints":{"allow":["GET"]}}],"collection":[{"href":"https:\/\/dev.codekraft.it\/ravaglioli.it\/wp-json\/wp\/v2\/product"}],"about":[{"href":"https:\/\/dev.codekraft.it\/ravaglioli.it\/wp-json\/wp\/v2\/types\/product"}],"wp:featuredmedia":[{"embeddable":true,"href":"https:\/\/dev.codekraft.it\/ravaglioli.it\/wp-json\/wp\/v2\/media\/157481"}],"wp:attachment":[{"href":"https:\/\/dev.codekraft.it\/ravaglioli.it\/wp-json\/wp\/v2\/media?parent=157499"}],"wp:term":[{"taxonomy":"product_brand","embeddable":true,"href":"https:\/\/dev.codekraft.it\/ravaglioli.it\/wp-json\/wp\/v2\/product_brand?post=157499"},{"taxonomy":"product_cat","embeddable":true,"href":"https:\/\/dev.codekraft.it\/ravaglioli.it\/wp-json\/wp\/v2\/product_cat?post=157499"},{"taxonomy":"product_tag","embeddable":true,"href":"https:\/\/dev.codekraft.it\/ravaglioli.it\/wp-json\/wp\/v2\/product_tag?post=157499"},{"taxonomy":"product_approvals","embeddable":true,"href":"https:\/\/dev.codekraft.it\/ravaglioli.it\/wp-json\/wp\/v2\/product_approvals?post=157499"},{"taxonomy":"product_application","embeddable":true,"href":"https:\/\/dev.codekraft.it\/ravaglioli.it\/wp-json\/wp\/v2\/product_application?post=157499"}],"curies":[{"name":"wp","href":"https:\/\/api.w.org\/{rel}","templated":true}]}}