{"id":157497,"date":"2025-11-20T10:26:31","date_gmt":"2025-11-20T10:26:31","guid":{"rendered":"https:\/\/dev.codekraft.it\/ravaglioli.it\/product\/equilibreuse-electronique-numerique-gp4-150scanplus\/"},"modified":"2025-11-20T10:26:31","modified_gmt":"2025-11-20T10:26:31","slug":"equilibreuse-electronique-numerique-gp4-150scanplus","status":"publish","type":"product","link":"https:\/\/dev.codekraft.it\/ravaglioli.it\/fr\/product\/equilibreuse-electronique-numerique-gp4-150scanplus\/","title":{"rendered":"\u00c9quilibreuse \u00e9lectronique num\u00e9rique GP4.150SCANPLUS"},"content":{"rendered":"<p>\u00c9quilibreuse pour roues VL\/VU, 4&#215;4 \u00e9quip\u00e9e d&#8217;un scanner laser pour la mesure automatique du profil de la jante et la taille de la roue.<\/p>\n<ul>\n<li>Pr\u00e9cision parfaite\u00a0: acquisition automatique des donn\u00e9es de la roue et pointeur laser<\/li>\n<li>Design pratique\u00a0: \u00e9quip\u00e9e d&#8217;un \u00e9cran tactile 22\u2033<\/li>\n<li>Technologie intuitive\u00a0: le graphisme et les couleurs sont \u00e9tudi\u00e9s pour faciliter l&#8217;utilisation de l&#8217;\u00e9quilibreuse\u00a0<\/li>\n<\/ul>\n<ul>\n<li>Gestion guid\u00e9e de l&#8217;\u00e9quilibrage\u00a0: les fonctions des touches varient en fonction de l&#8217;utilisation et sont identifi\u00e9es sur l&#8217;\u00e9cran par des ic\u00f4nes graphiques imm\u00e9diatement compr\u00e9hensibles.<\/li>\n<li>Le syst\u00e8me\u00a0SCAN garantit une rapidit\u00e9 et une pr\u00e9cision maximales dans les op\u00e9rations.<\/li>\n<li>Programmes d&#8217;\u00e9quilibrage\u00a0: Dynamique, Statique, ALU et ALU-S, s\u00e9paration des masses et des masses cach\u00e9es derri\u00e8re les b\u00e2tons et programme d&#8217;optimisation.<\/li>\n<li>Programme d&#8217;\u00e9quilibrage Eco-Weight : Programme de derni\u00e8re g\u00e9n\u00e9ration de mise \u00e0 z\u00e9ro du balourd pour r\u00e9duire la consommation de masses d\u2019\u00e9quilibrage.<\/li>\n<li>Visualisation graphique du voile de la jante sur une seule page-\u00e9cran.<\/li>\n<\/ul>\n<ul>\n<li>Mode \u00ab\u00a0Automatic Balancing\u00a0\u00bb\u00a0: en mode AUTO, la machine configure le travail de fa\u00e7on autonome, depuis le choix du programme \u00e0 utiliser jusqu&#8217;au comptage des b\u00e2tons et \u00e0 l&#8217;indication de la position des masses cach\u00e9es.<\/li>\n<li>La machine s&#8217;arr\u00eate automatiquement en position de balourd ext\u00e9rieur.<\/li>\n<li>Repositionnement automatique sur le c\u00f4t\u00e9 interne.<\/li>\n<li>D\u00e9marrage automatique \u00e0 l&#8217;abaissement du carter.<\/li>\n<li>\u00c9cran tactile 22\u2033.<\/li>\n<li>Sonar pour la mesure automatique de la largeur de la roue.<\/li>\n<li>\u00c9crou de serrage pneumatique.<\/li>\n<li>\u00c9clairage LED de la jante.<\/li>\n<\/ul>\n","protected":false},"excerpt":{"rendered":"<p>3D, \u00e9cran tactile 22\u2033, syst\u00e8me \u00ab\u00a0SCAN\u00a0\u00bb pour la d\u00e9tection automatique du profil de la jante, sonar pour la d\u00e9tection de l&#8217;excentricit\u00e9 de la bande de roulement, incl. c\u00f4nes pour voitures, voiture de tourisme, diam\u00e8tre de la jante 10 &#8211; 30\u2033, diam\u00e8tre de roue max. 44\u2033, TEq-Link<\/p>\n","protected":false},"featured_media":157481,"template":"","meta":[],"product_brand":[],"product_cat":[57964],"product_tag":[63157,58290],"product_approvals":[],"product_application":[],"class_list":{"0":"post-157497","1":"product","2":"type-product","3":"status-publish","4":"has-post-thumbnail","6":"product_cat-equilibreuses-des-roues-fr","7":"product_tag-quickship-fr","8":"product_tag-passenger-cars-fr","10":"first","11":"instock","12":"shipping-taxable","13":"product-type-simple"},"approvals":[],"application":[],"brb_media_brochure":[{"id":157482,"url":"https:\/\/dev.codekraft.it\/ravaglioli.it\/wp-content\/uploads\/brb_media\/00531865_wheel-balancer-gp4150scanplus-de-2024-08-screen.pdf","title":"wheel balancer gp4150scanplus de 2024 08 screen","mpn":"","thumbnail":"https:\/\/dev.codekraft.it\/ravaglioli.it\/wp-content\/uploads\/brb_media\/00531865_wheel-balancer-gp4150scanplus-de-2024-08-screen-pdf-106x150.png","description":""},{"id":157483,"url":"https:\/\/dev.codekraft.it\/ravaglioli.it\/wp-content\/uploads\/brb_media\/00531866_wheel-balancer-gp4150scanplus-en-2024-08-screen.pdf","title":"wheel balancer gp4150scanplus en 2024 08 screen","mpn":"","thumbnail":"https:\/\/dev.codekraft.it\/ravaglioli.it\/wp-content\/uploads\/brb_media\/00531866_wheel-balancer-gp4150scanplus-en-2024-08-screen-pdf-106x150.png","description":""},{"id":157484,"url":"https:\/\/dev.codekraft.it\/ravaglioli.it\/wp-content\/uploads\/brb_media\/00531867_wheel-balancer-gp4150scanplus-fr-2024-08-screen.pdf","title":"wheel balancer gp4150scanplus fr 2024 08 screen","mpn":"","thumbnail":"https:\/\/dev.codekraft.it\/ravaglioli.it\/wp-content\/uploads\/brb_media\/00531867_wheel-balancer-gp4150scanplus-fr-2024-08-screen-pdf-106x150.png","description":""},{"id":157485,"url":"https:\/\/dev.codekraft.it\/ravaglioli.it\/wp-content\/uploads\/brb_media\/00531868_wheel-balancer-gp4150scanplus-it-2024-08-screen.pdf","title":"wheel balancer gp4150scanplus it 2024 08 screen","mpn":"","thumbnail":"https:\/\/dev.codekraft.it\/ravaglioli.it\/wp-content\/uploads\/brb_media\/00531868_wheel-balancer-gp4150scanplus-it-2024-08-screen-pdf-106x150.png","description":""},{"id":157486,"url":"https:\/\/dev.codekraft.it\/ravaglioli.it\/wp-content\/uploads\/brb_media\/00531870_wheel-balancer-gp4150scanplus-es-2024-08-screen.pdf","title":"wheel balancer gp4150scanplus es 2024 08 screen","mpn":"","thumbnail":"https:\/\/dev.codekraft.it\/ravaglioli.it\/wp-content\/uploads\/brb_media\/00531870_wheel-balancer-gp4150scanplus-es-2024-08-screen-pdf-106x150.png","description":""},{"id":157487,"url":"https:\/\/dev.codekraft.it\/ravaglioli.it\/wp-content\/uploads\/brb_media\/00531871_wheel-balancer-gp4150scanplus-ru-2024-08-screen.pdf","title":"wheel balancer gp4150scanplus ru 2024 08 screen","mpn":"","thumbnail":"https:\/\/dev.codekraft.it\/ravaglioli.it\/wp-content\/uploads\/brb_media\/00531871_wheel-balancer-gp4150scanplus-ru-2024-08-screen-pdf-106x150.png","description":""}],"brb_media_drawing":[{"id":157490,"url":"https:\/\/dev.codekraft.it\/ravaglioli.it\/wp-content\/uploads\/brb_media\/00531872_wheel-balancer-gp4150scanplus-td-130290100_00-it-2020-08.pdf","title":"wheel balancer gp4150scanplus td 130290100 00 it 2020 08","mpn":"","thumbnail":"https:\/\/dev.codekraft.it\/ravaglioli.it\/wp-content\/uploads\/brb_media\/00531872_wheel-balancer-gp4150scanplus-td-130290100_00-it-2020-08-pdf-150x106.png","description":""}],"brb_media_manuals":[{"id":157467,"url":"https:\/\/dev.codekraft.it\/ravaglioli.it\/wp-content\/uploads\/brb_media\/00539679_wheel-balancers-librak370-librak390-ravg4150-gscan-im-1302-m001-00_vsg_rev00-multi-2025-01.pdf","title":"wheel balancers librak370 librak390 ravg4150 gscan im 1302 m001 00 vsg rev00 multi 2025 01","mpn":"","thumbnail":"https:\/\/dev.codekraft.it\/ravaglioli.it\/wp-content\/uploads\/brb_media\/00539679_wheel-balancers-librak370-librak390-ravg4150-gscan-im-1302-m001-00_vsg_rev00-multi-2025-01-pdf-106x150.png","description":""}],"brb_media_safety_datasheets":"","brb_media_spare_parts":[],"_cdmm_p_id":"504750","_company":"Ravaglioli","_gtin":"5063084201607","accessories":[{"id":155371,"mpn":"GAR113","name":"C\u00f4ne de centrage pour fourgons et petits camions | \u00d8 118 &#8211; 174 mm","description":"Avec entretoise","thumbnail":"https:\/\/dev.codekraft.it\/ravaglioli.it\/wp-content\/uploads\/brb_media\/00509261_wheel-balancer-gar113-mi-150x150.png","url":"https:\/\/dev.codekraft.it\/ravaglioli.it\/fr\/product\/cone-de-centrage-pour-fourgons-et-petits-camions-o-118-174-mm\/"},{"id":154941,"mpn":"GAR131H","name":"Plaque de serrage de type Universel | pour jantes 3\/4\/5-trous \u00e0 centre ferm\u00e9","description":"Bride universelle pour roues \u00e0 jante pleine | incl. calibre d'entraxe trous","thumbnail":"https:\/\/dev.codekraft.it\/ravaglioli.it\/wp-content\/uploads\/brb_media\/00509262_wheel-balancer-gar131h-mi-150x150.png","url":"https:\/\/dev.codekraft.it\/ravaglioli.it\/fr\/product\/plaque-de-serrage-de-type-universel-pour-jantes-3-4-5-trous-a-centre-ferme\/"},{"id":155359,"mpn":"GAR324","name":"El\u00e9vateur pour roues avec compensation automatique du poids de la roue","description":"80 kg, voiture de tourisme","thumbnail":"https:\/\/dev.codekraft.it\/ravaglioli.it\/wp-content\/uploads\/brb_media\/00509271_wheel-balancer-gar324-mi-150x150.png","url":"https:\/\/dev.codekraft.it\/ravaglioli.it\/fr\/product\/elevateur-pour-roues-avec-compensation-automatique-du-poids-de-la-roue\/"},{"id":155255,"mpn":"GAR375","name":"Support de rouleau pour masses adh\u00e9sives","description":"","thumbnail":"https:\/\/dev.codekraft.it\/ravaglioli.it\/wp-content\/uploads\/brb_media\/00549234_wheel-balancers-gar375-mi-150x150.png","url":"https:\/\/dev.codekraft.it\/ravaglioli.it\/fr\/product\/support-de-rouleau-pour-masses-adhesives\/"}],"components":[],"delivery":[{"id":155335,"mpn":"GAR112","name":"C\u00f4ne de centrage","description":"Pour v\u00e9hicules tous terrains | \u00d8 95 - 132 mm","thumbnail":"https:\/\/dev.codekraft.it\/ravaglioli.it\/wp-content\/uploads\/brb_media\/00549107_wheel-balancers-gar112-mi-150x150.png","url":"https:\/\/dev.codekraft.it\/ravaglioli.it\/fr\/product\/cone-de-centrage\/"},{"id":154821,"mpn":"GAR111","name":"C\u00f4nes de centrage pour voiture de tourisme","description":"Avec carter de protection | \u00d8 44 - 112 mm | 1 jeu \/ 3 pi\u00e8ces","thumbnail":"https:\/\/dev.codekraft.it\/ravaglioli.it\/wp-content\/uploads\/brb_media\/00509259_wheel-balancer-gar111-mi-150x150.png","url":"https:\/\/dev.codekraft.it\/ravaglioli.it\/fr\/product\/cones-de-centrage-pour-voiture-de-tourisme\/"},{"id":154977,"mpn":"GAR121","name":"Disque de protection de roue","description":"","thumbnail":"https:\/\/dev.codekraft.it\/ravaglioli.it\/wp-content\/uploads\/brb_media\/00506564_gar121-150x150.png","url":"https:\/\/dev.codekraft.it\/ravaglioli.it\/fr\/product\/disque-de-protection-de-roue\/"},{"id":155377,"mpn":"GAR132","name":"Pr\u00e9cision plaque de serrage de type Universel, pour roues 3\/4\/5 trous | avec doigts","description":"Flasque universelle de pr\u00e9cision avec tiges","thumbnail":"https:\/\/dev.codekraft.it\/ravaglioli.it\/wp-content\/uploads\/brb_media\/00506548_gar132-150x150.png","url":"https:\/\/dev.codekraft.it\/ravaglioli.it\/fr\/product\/precision-plaque-de-serrage-de-type-universel-pour-roues-3-4-5-trous-avec-doigts\/"}],"package":[],"related":[],"similar":[{"id":157476,"mpn":"RAV.G4150.201621","name":"\u00c9quilibreuse \u00e9lectronique num\u00e9rique GP4.150WSPLUS","description":"2D, \u00e9cran tactile 22\u2033, sonar pour la d\u00e9tection de l'excentricit\u00e9 de la bande de roulement, incl. kit de c\u00f4nes, voiture de tourisme, SUV et v\u00e9hicules tout-terrain, diam\u00e8tre de la jante 10 - 30\u2033, diam\u00e8tre de roue max. 44\u2033, TEq-Link","thumbnail":"https:\/\/dev.codekraft.it\/ravaglioli.it\/wp-content\/uploads\/brb_media\/00531848_wheel-balancer-gp4150wsplus-mi-01-150x150.png","url":"https:\/\/dev.codekraft.it\/ravaglioli.it\/fr\/product\/equilibreuse-electronique-numerique-gp4-150wsplus\/"}],"page_logo_src":"https:\/\/dev.codekraft.it\/ravaglioli.it\/wp-content\/uploads\/2026\/04\/rav-negative-logo-1.png","lang":"fr","translations":{"fr":157497,"en":157480,"de":157496,"it":157498,"es":157499,"ru":157500},"pll_sync_post":[],"_links":{"self":[{"href":"https:\/\/dev.codekraft.it\/ravaglioli.it\/wp-json\/wp\/v2\/product\/157497","targetHints":{"allow":["GET"]}}],"collection":[{"href":"https:\/\/dev.codekraft.it\/ravaglioli.it\/wp-json\/wp\/v2\/product"}],"about":[{"href":"https:\/\/dev.codekraft.it\/ravaglioli.it\/wp-json\/wp\/v2\/types\/product"}],"wp:featuredmedia":[{"embeddable":true,"href":"https:\/\/dev.codekraft.it\/ravaglioli.it\/wp-json\/wp\/v2\/media\/157481"}],"wp:attachment":[{"href":"https:\/\/dev.codekraft.it\/ravaglioli.it\/wp-json\/wp\/v2\/media?parent=157497"}],"wp:term":[{"taxonomy":"product_brand","embeddable":true,"href":"https:\/\/dev.codekraft.it\/ravaglioli.it\/wp-json\/wp\/v2\/product_brand?post=157497"},{"taxonomy":"product_cat","embeddable":true,"href":"https:\/\/dev.codekraft.it\/ravaglioli.it\/wp-json\/wp\/v2\/product_cat?post=157497"},{"taxonomy":"product_tag","embeddable":true,"href":"https:\/\/dev.codekraft.it\/ravaglioli.it\/wp-json\/wp\/v2\/product_tag?post=157497"},{"taxonomy":"product_approvals","embeddable":true,"href":"https:\/\/dev.codekraft.it\/ravaglioli.it\/wp-json\/wp\/v2\/product_approvals?post=157497"},{"taxonomy":"product_application","embeddable":true,"href":"https:\/\/dev.codekraft.it\/ravaglioli.it\/wp-json\/wp\/v2\/product_application?post=157497"}],"curies":[{"name":"wp","href":"https:\/\/api.w.org\/{rel}","templated":true}]}}