{"id":157496,"date":"2025-11-20T10:26:31","date_gmt":"2025-11-20T10:26:31","guid":{"rendered":"https:\/\/dev.codekraft.it\/ravaglioli.it\/product\/elektronische-radauswuchtmaschine-gp4-150scanplus\/"},"modified":"2025-11-20T10:26:31","modified_gmt":"2025-11-20T10:26:31","slug":"elektronische-radauswuchtmaschine-gp4-150scanplus","status":"publish","type":"product","link":"https:\/\/dev.codekraft.it\/ravaglioli.it\/de\/product\/elektronische-radauswuchtmaschine-gp4-150scanplus\/","title":{"rendered":"Elektronische Radauswuchtmaschine GP4.150SCANPLUS"},"content":{"rendered":"<p>Radauswuchtmaschine mit Laserscanner f\u00fcr die automatische Erkennung von Felgenprofil und Radabmessungen.<\/p>\n<ul>\n<li>22\u2033-Touchscreen-Monitor mit intuitiver grafischer Benutzeroberfl\u00e4che<\/li>\n<li>Laserpointer<\/li>\n<li>Sonar zur Messung des radialen Rundlaufs<\/li>\n<\/ul>\n<ul>\n<li>Auswucht-Assistent: Die Funktionen der Tasten h\u00e4ngen von der Verwendung ab und werden auf dem Display durch leicht verst\u00e4ndliche Grafiksymbole dargestellt.<\/li>\n<li>Durch das SCAN-System wird ein H\u00f6chstma\u00df an Geschwindigkeit und Genauigkeit im Betrieb gew\u00e4hrleistet.<\/li>\n<li>Auswuchtprogramme: Dynamisch, Statisch, ALU und ALU-S, Trennung der Gewichte, Gewichte hinter den Speichen und Optimierungsprogramm.<\/li>\n<li>Eco-Weight-Auswuchtprogramm: Ein modernes System zur Gewichteminimierung.<\/li>\n<li>Grafische Anzeige von Rundlauf des Rades und der Felge auf einer Seite.<\/li>\n<\/ul>\n<ul>\n<li>Automatic Balancing Mode: Im Automatikmodus stellt sich die Maschine selbst\u00e4ndig ein, von der Auswahl des zu verwendenden Programms bis zum Z\u00e4hlen der Speichen und der Anzeige der Position der Gewichte.<\/li>\n<li>Die Maschine stoppt automatisch in der externen Unwuchtposition.<\/li>\n<li>Automatische Neupositionierung an der Innenseite.<\/li>\n<li>Automatischer Start bei Absenkung des Radschutzbogens.<\/li>\n<li>22\u2033-Touchscreen-Monitor.<\/li>\n<li>Breitensonar f\u00fcr die automatische Erfassung der Radbreite.<\/li>\n<li>Pneumatische Spannvorrichtung.<\/li>\n<li>LED-Beleuchtung der Felge.<\/li>\n<\/ul>\n","protected":false},"excerpt":{"rendered":"<p>3D, 22\u2033-Touchsreen, \u201eSCAN\u201d-System zur automatischen Felgenprofilerkennung, Sonar zur Erkennung des Rundlaufs, inkl. Konen f\u00fcr Pkw, Pkw, Felgendurchmesser 10 &#8211; 30\u2033, max. Raddurchmesser 44\u2033, TEq-Link<\/p>\n","protected":false},"featured_media":157481,"template":"","meta":[],"product_brand":[],"product_cat":[57948],"product_tag":[58287,63154],"product_approvals":[],"product_application":[],"class_list":{"0":"post-157496","1":"product","2":"type-product","3":"status-publish","4":"has-post-thumbnail","6":"product_cat-radauswuchtmaschinen-de","7":"product_tag-passenger-cars-de","8":"product_tag-quickship-de","10":"first","11":"instock","12":"shipping-taxable","13":"product-type-simple"},"approvals":[],"application":[],"brb_media_brochure":[{"id":157482,"url":"https:\/\/dev.codekraft.it\/ravaglioli.it\/wp-content\/uploads\/brb_media\/00531865_wheel-balancer-gp4150scanplus-de-2024-08-screen.pdf","title":"wheel balancer gp4150scanplus de 2024 08 screen","mpn":"","thumbnail":"https:\/\/dev.codekraft.it\/ravaglioli.it\/wp-content\/uploads\/brb_media\/00531865_wheel-balancer-gp4150scanplus-de-2024-08-screen-pdf-106x150.png","description":""},{"id":157483,"url":"https:\/\/dev.codekraft.it\/ravaglioli.it\/wp-content\/uploads\/brb_media\/00531866_wheel-balancer-gp4150scanplus-en-2024-08-screen.pdf","title":"wheel balancer gp4150scanplus en 2024 08 screen","mpn":"","thumbnail":"https:\/\/dev.codekraft.it\/ravaglioli.it\/wp-content\/uploads\/brb_media\/00531866_wheel-balancer-gp4150scanplus-en-2024-08-screen-pdf-106x150.png","description":""},{"id":157484,"url":"https:\/\/dev.codekraft.it\/ravaglioli.it\/wp-content\/uploads\/brb_media\/00531867_wheel-balancer-gp4150scanplus-fr-2024-08-screen.pdf","title":"wheel balancer gp4150scanplus fr 2024 08 screen","mpn":"","thumbnail":"https:\/\/dev.codekraft.it\/ravaglioli.it\/wp-content\/uploads\/brb_media\/00531867_wheel-balancer-gp4150scanplus-fr-2024-08-screen-pdf-106x150.png","description":""},{"id":157485,"url":"https:\/\/dev.codekraft.it\/ravaglioli.it\/wp-content\/uploads\/brb_media\/00531868_wheel-balancer-gp4150scanplus-it-2024-08-screen.pdf","title":"wheel balancer gp4150scanplus it 2024 08 screen","mpn":"","thumbnail":"https:\/\/dev.codekraft.it\/ravaglioli.it\/wp-content\/uploads\/brb_media\/00531868_wheel-balancer-gp4150scanplus-it-2024-08-screen-pdf-106x150.png","description":""},{"id":157486,"url":"https:\/\/dev.codekraft.it\/ravaglioli.it\/wp-content\/uploads\/brb_media\/00531870_wheel-balancer-gp4150scanplus-es-2024-08-screen.pdf","title":"wheel balancer gp4150scanplus es 2024 08 screen","mpn":"","thumbnail":"https:\/\/dev.codekraft.it\/ravaglioli.it\/wp-content\/uploads\/brb_media\/00531870_wheel-balancer-gp4150scanplus-es-2024-08-screen-pdf-106x150.png","description":""},{"id":157487,"url":"https:\/\/dev.codekraft.it\/ravaglioli.it\/wp-content\/uploads\/brb_media\/00531871_wheel-balancer-gp4150scanplus-ru-2024-08-screen.pdf","title":"wheel balancer gp4150scanplus ru 2024 08 screen","mpn":"","thumbnail":"https:\/\/dev.codekraft.it\/ravaglioli.it\/wp-content\/uploads\/brb_media\/00531871_wheel-balancer-gp4150scanplus-ru-2024-08-screen-pdf-106x150.png","description":""}],"brb_media_drawing":[{"id":157490,"url":"https:\/\/dev.codekraft.it\/ravaglioli.it\/wp-content\/uploads\/brb_media\/00531872_wheel-balancer-gp4150scanplus-td-130290100_00-it-2020-08.pdf","title":"wheel balancer gp4150scanplus td 130290100 00 it 2020 08","mpn":"","thumbnail":"https:\/\/dev.codekraft.it\/ravaglioli.it\/wp-content\/uploads\/brb_media\/00531872_wheel-balancer-gp4150scanplus-td-130290100_00-it-2020-08-pdf-150x106.png","description":""}],"brb_media_manuals":[{"id":157467,"url":"https:\/\/dev.codekraft.it\/ravaglioli.it\/wp-content\/uploads\/brb_media\/00539679_wheel-balancers-librak370-librak390-ravg4150-gscan-im-1302-m001-00_vsg_rev00-multi-2025-01.pdf","title":"wheel balancers librak370 librak390 ravg4150 gscan im 1302 m001 00 vsg rev00 multi 2025 01","mpn":"","thumbnail":"https:\/\/dev.codekraft.it\/ravaglioli.it\/wp-content\/uploads\/brb_media\/00539679_wheel-balancers-librak370-librak390-ravg4150-gscan-im-1302-m001-00_vsg_rev00-multi-2025-01-pdf-106x150.png","description":""}],"brb_media_safety_datasheets":"","brb_media_spare_parts":[],"_cdmm_p_id":"504750","_company":"Ravaglioli","_gtin":"5063084201607","accessories":[{"id":155370,"mpn":"GAR113","name":"Zentrierkonus f\u00fcr Lieferwagen und LLkw | \u00d8 118 &#8211; 174 mm","description":"Inkl. Distanzst\u00fcck","thumbnail":"https:\/\/dev.codekraft.it\/ravaglioli.it\/wp-content\/uploads\/brb_media\/00509261_wheel-balancer-gar113-mi-150x150.png","url":"https:\/\/dev.codekraft.it\/ravaglioli.it\/de\/product\/zentrierkonus-fur-lieferwagen-und-llkw-o-118-174-mm\/"},{"id":154940,"mpn":"GAR131H","name":"Typenspannplatte Universal | f\u00fcr 3\/4\/5-Loch-Felgen ohne Mittenloch","description":"Universalflansch | komplett mit Lochabstandsmesser","thumbnail":"https:\/\/dev.codekraft.it\/ravaglioli.it\/wp-content\/uploads\/brb_media\/00509262_wheel-balancer-gar131h-mi-150x150.png","url":"https:\/\/dev.codekraft.it\/ravaglioli.it\/de\/product\/typenspannplatte-universal-fur-3-4-5-loch-felgen-ohne-mittenloch\/"},{"id":155358,"mpn":"GAR324","name":"Radheber mit automatischem Gewichtsausgleich","description":"80 kg, Pkw","thumbnail":"https:\/\/dev.codekraft.it\/ravaglioli.it\/wp-content\/uploads\/brb_media\/00509271_wheel-balancer-gar324-mi-150x150.png","url":"https:\/\/dev.codekraft.it\/ravaglioli.it\/de\/product\/radheber-mit-automatischem-gewichtsausgleich\/"},{"id":155254,"mpn":"GAR375","name":"Bandgewicht-Rollenst\u00fctze","description":"","thumbnail":"https:\/\/dev.codekraft.it\/ravaglioli.it\/wp-content\/uploads\/brb_media\/00549234_wheel-balancers-gar375-mi-150x150.png","url":"https:\/\/dev.codekraft.it\/ravaglioli.it\/de\/product\/bandgewicht-rollenstutze\/"}],"components":[],"delivery":[{"id":155334,"mpn":"GAR112","name":"Zentrierkonus","description":"F\u00fcr Gel\u00e4ndewagen | \u00d8 95 - 132 mm","thumbnail":"https:\/\/dev.codekraft.it\/ravaglioli.it\/wp-content\/uploads\/brb_media\/00549107_wheel-balancers-gar112-mi-150x150.png","url":"https:\/\/dev.codekraft.it\/ravaglioli.it\/de\/product\/zentrierkonus\/"},{"id":154820,"mpn":"GAR111","name":"Zentrierkonen f\u00fcr Pkw","description":"Inkl. Schutzkappe | \u00d8 44 - 112 mm | 1 Satz \/ 3 St\u00fcck","thumbnail":"https:\/\/dev.codekraft.it\/ravaglioli.it\/wp-content\/uploads\/brb_media\/00509259_wheel-balancer-gar111-mi-150x150.png","url":"https:\/\/dev.codekraft.it\/ravaglioli.it\/de\/product\/zentrierkonen-fur-pkw\/"},{"id":154976,"mpn":"GAR121","name":"Radschutzscheibe","description":"","thumbnail":"https:\/\/dev.codekraft.it\/ravaglioli.it\/wp-content\/uploads\/brb_media\/00506564_gar121-150x150.png","url":"https:\/\/dev.codekraft.it\/ravaglioli.it\/de\/product\/radschutzscheibe\/"},{"id":155376,"mpn":"GAR132","name":"Pr\u00e4zisions-Typenspannplatte Universal, f\u00fcr 3\/4\/5-Lochfelgen | inkl. Zentrierbolzen","description":"Universaltypenflansch mit Bolzen","thumbnail":"https:\/\/dev.codekraft.it\/ravaglioli.it\/wp-content\/uploads\/brb_media\/00506548_gar132-150x150.png","url":"https:\/\/dev.codekraft.it\/ravaglioli.it\/de\/product\/prazisions-typenspannplatte-universal-fur-3-4-5-lochfelgen-inkl-zentrierbolzen\/"}],"package":[],"related":[],"similar":[{"id":157475,"mpn":"RAV.G4150.201621","name":"Elektronische Radauswuchtmaschine GP4.150WSPLUS","description":"2D, 22\u2033-Touchsreen, Sonar zur Erkennung des Rundlaufs, inkl. Konensatz, Pkw, SUV undrnGel\u00e4ndewagen, Felgendurchmesser 10 - 30\u2033, max. Raddurchmesser 44\u2033, TEq-Link","thumbnail":"https:\/\/dev.codekraft.it\/ravaglioli.it\/wp-content\/uploads\/brb_media\/00531848_wheel-balancer-gp4150wsplus-mi-01-150x150.png","url":"https:\/\/dev.codekraft.it\/ravaglioli.it\/de\/product\/elektronische-radauswuchtmaschine-gp4-150wsplus\/"}],"page_logo_src":"https:\/\/dev.codekraft.it\/ravaglioli.it\/wp-content\/uploads\/2026\/04\/rav-negative-logo-1.png","lang":"de","translations":{"de":157496,"en":157480,"fr":157497,"it":157498,"es":157499,"ru":157500},"pll_sync_post":[],"_links":{"self":[{"href":"https:\/\/dev.codekraft.it\/ravaglioli.it\/wp-json\/wp\/v2\/product\/157496","targetHints":{"allow":["GET"]}}],"collection":[{"href":"https:\/\/dev.codekraft.it\/ravaglioli.it\/wp-json\/wp\/v2\/product"}],"about":[{"href":"https:\/\/dev.codekraft.it\/ravaglioli.it\/wp-json\/wp\/v2\/types\/product"}],"wp:featuredmedia":[{"embeddable":true,"href":"https:\/\/dev.codekraft.it\/ravaglioli.it\/wp-json\/wp\/v2\/media\/157481"}],"wp:attachment":[{"href":"https:\/\/dev.codekraft.it\/ravaglioli.it\/wp-json\/wp\/v2\/media?parent=157496"}],"wp:term":[{"taxonomy":"product_brand","embeddable":true,"href":"https:\/\/dev.codekraft.it\/ravaglioli.it\/wp-json\/wp\/v2\/product_brand?post=157496"},{"taxonomy":"product_cat","embeddable":true,"href":"https:\/\/dev.codekraft.it\/ravaglioli.it\/wp-json\/wp\/v2\/product_cat?post=157496"},{"taxonomy":"product_tag","embeddable":true,"href":"https:\/\/dev.codekraft.it\/ravaglioli.it\/wp-json\/wp\/v2\/product_tag?post=157496"},{"taxonomy":"product_approvals","embeddable":true,"href":"https:\/\/dev.codekraft.it\/ravaglioli.it\/wp-json\/wp\/v2\/product_approvals?post=157496"},{"taxonomy":"product_application","embeddable":true,"href":"https:\/\/dev.codekraft.it\/ravaglioli.it\/wp-json\/wp\/v2\/product_application?post=157496"}],"curies":[{"name":"wp","href":"https:\/\/api.w.org\/{rel}","templated":true}]}}