{"id":157475,"date":"2025-11-20T10:26:31","date_gmt":"2025-11-20T10:26:31","guid":{"rendered":"https:\/\/dev.codekraft.it\/ravaglioli.it\/product\/elektronische-radauswuchtmaschine-gp4-150wsplus\/"},"modified":"2025-11-20T10:26:31","modified_gmt":"2025-11-20T10:26:31","slug":"elektronische-radauswuchtmaschine-gp4-150wsplus","status":"publish","type":"product","link":"https:\/\/dev.codekraft.it\/ravaglioli.it\/de\/product\/elektronische-radauswuchtmaschine-gp4-150wsplus\/","title":{"rendered":"Elektronische Radauswuchtmaschine GP4.150WSPLUS"},"content":{"rendered":"<p>Radauswuchtmaschine, mit Konen f\u00fcr Pkw, SUV und Gel\u00e4ndewagen, Touchscreen-Monitor, Laserpointer. Felgendurchmesser: 10 &#8211; 30\u2033.<\/p>\n<ul>\n<li>H\u00f6chste Genauigkeit: Taster f\u00fcr die automatische Erfassung der Raddaten und Laserpointer<\/li>\n<li>Praktisches Design: Touchscreen-Monitor mit einer Gr\u00f6\u00dfe von 22\u2033<\/li>\n<li>Intuitive Technologie: Grafiken und Farben sind so konzipiert, dass sie die Benutzung der Radauswuchtmaschine erleichtern<\/li>\n<\/ul>\n<ul>\n<li>Messung des Felgenrundlaufs mit 2D-Messarm.<\/li>\n<li>Auswuchtprogramme: Dynamisch, Statisch, ALU und ALU-S, Trennung der Gewichte, Gewichte hinter den Speichen und Optimierungsprogramm.<\/li>\n<li>Eco-Weight-Auswuchtprogramm: Ein modernes System zur Gewichteminimierung.<\/li>\n<li>Grafische Anzeige von Rundlauf des Rades und der Felge auf einer Seite.<\/li>\n<\/ul>\n<ul>\n<li>22\u2033-Touchscreen-Monitor.<\/li>\n<li>Die Maschine stoppt automatisch in der externen Unwuchtposition.<\/li>\n<li>Automatische Neupositionierung an der Innenseite.<\/li>\n<li>Automatische Erfassung von Abstand und Durchmesser \u00fcber den integrierten 2D-Messarm.<\/li>\n<li>Breitensonar f\u00fcr die automatische Erfassung der Radbreite.<\/li>\n<li>Pneumatische Spannvorrichtung.<\/li>\n<li>LED-Beleuchtung der Felge.<\/li>\n<li>Zeigt die Positionierung des Gewichts mit einem Laserpointer an (f\u00fcr Klebegewichte).<\/li>\n<\/ul>\n","protected":false},"excerpt":{"rendered":"<p>2D, 22\u2033-Touchsreen, Sonar zur Erkennung des Rundlaufs, inkl. Konensatz, Pkw, SUV undrnGel\u00e4ndewagen, Felgendurchmesser 10 &#8211; 30\u2033, max. Raddurchmesser 44\u2033, TEq-Link<\/p>\n","protected":false},"featured_media":157458,"template":"","meta":[],"product_brand":[],"product_cat":[57948],"product_tag":[58287,63154],"product_approvals":[],"product_application":[],"class_list":{"0":"post-157475","1":"product","2":"type-product","3":"status-publish","4":"has-post-thumbnail","6":"product_cat-radauswuchtmaschinen-de","7":"product_tag-passenger-cars-de","8":"product_tag-quickship-de","10":"first","11":"instock","12":"shipping-taxable","13":"product-type-simple"},"approvals":[],"application":[],"brb_media_brochure":[{"id":157459,"url":"https:\/\/dev.codekraft.it\/ravaglioli.it\/wp-content\/uploads\/brb_media\/00531854_wheel-balancer-gp4150wsplus-de-2024-08-screen.pdf","title":"wheel balancer gp4150wsplus de 2024 08 screen","mpn":"","thumbnail":"https:\/\/dev.codekraft.it\/ravaglioli.it\/wp-content\/uploads\/brb_media\/00531854_wheel-balancer-gp4150wsplus-de-2024-08-screen-pdf-106x150.png","description":""},{"id":157460,"url":"https:\/\/dev.codekraft.it\/ravaglioli.it\/wp-content\/uploads\/brb_media\/00531855_wheel-balancer-gp4150wsplus-en-2024-08-screen.pdf","title":"wheel balancer gp4150wsplus en 2024 08 screen","mpn":"","thumbnail":"https:\/\/dev.codekraft.it\/ravaglioli.it\/wp-content\/uploads\/brb_media\/00531855_wheel-balancer-gp4150wsplus-en-2024-08-screen-pdf-106x150.png","description":""},{"id":157461,"url":"https:\/\/dev.codekraft.it\/ravaglioli.it\/wp-content\/uploads\/brb_media\/00531856_wheel-balancer-gp4150wsplus-fr-2024-08-screen.pdf","title":"wheel balancer gp4150wsplus fr 2024 08 screen","mpn":"","thumbnail":"https:\/\/dev.codekraft.it\/ravaglioli.it\/wp-content\/uploads\/brb_media\/00531856_wheel-balancer-gp4150wsplus-fr-2024-08-screen-pdf-106x150.png","description":""},{"id":157462,"url":"https:\/\/dev.codekraft.it\/ravaglioli.it\/wp-content\/uploads\/brb_media\/00531857_wheel-balancer-gp4150wsplus-it-2024-08-screen.pdf","title":"wheel balancer gp4150wsplus it 2024 08 screen","mpn":"","thumbnail":"https:\/\/dev.codekraft.it\/ravaglioli.it\/wp-content\/uploads\/brb_media\/00531857_wheel-balancer-gp4150wsplus-it-2024-08-screen-pdf-106x150.png","description":""},{"id":157463,"url":"https:\/\/dev.codekraft.it\/ravaglioli.it\/wp-content\/uploads\/brb_media\/00531858_wheel-balancer-gp4150wsplus-es-2024-08-screen.pdf","title":"wheel balancer gp4150wsplus es 2024 08 screen","mpn":"","thumbnail":"https:\/\/dev.codekraft.it\/ravaglioli.it\/wp-content\/uploads\/brb_media\/00531858_wheel-balancer-gp4150wsplus-es-2024-08-screen-pdf-106x150.png","description":""},{"id":157464,"url":"https:\/\/dev.codekraft.it\/ravaglioli.it\/wp-content\/uploads\/brb_media\/00531859_wheel-balancer-gp4150wsplus-ru-2024-08-screen.pdf","title":"wheel balancer gp4150wsplus ru 2024 08 screen","mpn":"","thumbnail":"https:\/\/dev.codekraft.it\/ravaglioli.it\/wp-content\/uploads\/brb_media\/00531859_wheel-balancer-gp4150wsplus-ru-2024-08-screen-pdf-106x150.png","description":""}],"brb_media_drawing":[{"id":157468,"url":"https:\/\/dev.codekraft.it\/ravaglioli.it\/wp-content\/uploads\/brb_media\/00531860_wheel-balancer-gp4150wsplus-td-1.pdf","title":"wheel balancer gp4150wsplus td 1","mpn":"","thumbnail":"https:\/\/dev.codekraft.it\/ravaglioli.it\/wp-content\/uploads\/brb_media\/00531860_wheel-balancer-gp4150wsplus-td-1-pdf-150x106.png","description":""}],"brb_media_manuals":[{"id":157467,"url":"https:\/\/dev.codekraft.it\/ravaglioli.it\/wp-content\/uploads\/brb_media\/00539679_wheel-balancers-librak370-librak390-ravg4150-gscan-im-1302-m001-00_vsg_rev00-multi-2025-01.pdf","title":"wheel balancers librak370 librak390 ravg4150 gscan im 1302 m001 00 vsg rev00 multi 2025 01","mpn":"","thumbnail":"https:\/\/dev.codekraft.it\/ravaglioli.it\/wp-content\/uploads\/brb_media\/00539679_wheel-balancers-librak370-librak390-ravg4150-gscan-im-1302-m001-00_vsg_rev00-multi-2025-01-pdf-106x150.png","description":""}],"brb_media_safety_datasheets":"","brb_media_spare_parts":[],"_cdmm_p_id":"504749","_company":"Ravaglioli","_gtin":"5063084201621","accessories":[{"id":155370,"mpn":"GAR113","name":"Zentrierkonus f\u00fcr Lieferwagen und LLkw | \u00d8 118 &#8211; 174 mm","description":"Inkl. Distanzst\u00fcck","thumbnail":"https:\/\/dev.codekraft.it\/ravaglioli.it\/wp-content\/uploads\/brb_media\/00509261_wheel-balancer-gar113-mi-150x150.png","url":"https:\/\/dev.codekraft.it\/ravaglioli.it\/de\/product\/zentrierkonus-fur-lieferwagen-und-llkw-o-118-174-mm\/"},{"id":154940,"mpn":"GAR131H","name":"Typenspannplatte Universal | f\u00fcr 3\/4\/5-Loch-Felgen ohne Mittenloch","description":"Universalflansch | komplett mit Lochabstandsmesser","thumbnail":"https:\/\/dev.codekraft.it\/ravaglioli.it\/wp-content\/uploads\/brb_media\/00509262_wheel-balancer-gar131h-mi-150x150.png","url":"https:\/\/dev.codekraft.it\/ravaglioli.it\/de\/product\/typenspannplatte-universal-fur-3-4-5-loch-felgen-ohne-mittenloch\/"},{"id":155358,"mpn":"GAR324","name":"Radheber mit automatischem Gewichtsausgleich","description":"80 kg, Pkw","thumbnail":"https:\/\/dev.codekraft.it\/ravaglioli.it\/wp-content\/uploads\/brb_media\/00509271_wheel-balancer-gar324-mi-150x150.png","url":"https:\/\/dev.codekraft.it\/ravaglioli.it\/de\/product\/radheber-mit-automatischem-gewichtsausgleich\/"},{"id":155254,"mpn":"GAR375","name":"Bandgewicht-Rollenst\u00fctze","description":"","thumbnail":"https:\/\/dev.codekraft.it\/ravaglioli.it\/wp-content\/uploads\/brb_media\/00549234_wheel-balancers-gar375-mi-150x150.png","url":"https:\/\/dev.codekraft.it\/ravaglioli.it\/de\/product\/bandgewicht-rollenstutze\/"}],"components":[],"delivery":[{"id":155334,"mpn":"GAR112","name":"Zentrierkonus","description":"F\u00fcr Gel\u00e4ndewagen | \u00d8 95 - 132 mm","thumbnail":"https:\/\/dev.codekraft.it\/ravaglioli.it\/wp-content\/uploads\/brb_media\/00549107_wheel-balancers-gar112-mi-150x150.png","url":"https:\/\/dev.codekraft.it\/ravaglioli.it\/de\/product\/zentrierkonus\/"},{"id":154820,"mpn":"GAR111","name":"Zentrierkonen f\u00fcr Pkw","description":"Inkl. Schutzkappe | \u00d8 44 - 112 mm | 1 Satz \/ 3 St\u00fcck","thumbnail":"https:\/\/dev.codekraft.it\/ravaglioli.it\/wp-content\/uploads\/brb_media\/00509259_wheel-balancer-gar111-mi-150x150.png","url":"https:\/\/dev.codekraft.it\/ravaglioli.it\/de\/product\/zentrierkonen-fur-pkw\/"},{"id":154976,"mpn":"GAR121","name":"Radschutzscheibe","description":"","thumbnail":"https:\/\/dev.codekraft.it\/ravaglioli.it\/wp-content\/uploads\/brb_media\/00506564_gar121-150x150.png","url":"https:\/\/dev.codekraft.it\/ravaglioli.it\/de\/product\/radschutzscheibe\/"},{"id":155376,"mpn":"GAR132","name":"Pr\u00e4zisions-Typenspannplatte Universal, f\u00fcr 3\/4\/5-Lochfelgen | inkl. Zentrierbolzen","description":"Universaltypenflansch mit Bolzen","thumbnail":"https:\/\/dev.codekraft.it\/ravaglioli.it\/wp-content\/uploads\/brb_media\/00506548_gar132-150x150.png","url":"https:\/\/dev.codekraft.it\/ravaglioli.it\/de\/product\/prazisions-typenspannplatte-universal-fur-3-4-5-lochfelgen-inkl-zentrierbolzen\/"}],"package":[],"related":[],"similar":[{"id":157496,"mpn":"RAV.GSCAN.201607","name":"Elektronische Radauswuchtmaschine GP4.150SCANPLUS","description":"3D, 22\u2033-Touchsreen, \u201eSCAN\u201d-System zur automatischen Felgenprofilerkennung, Sonar zur Erkennung des Rundlaufs, inkl. Konen f\u00fcr Pkw, Pkw, Felgendurchmesser 10 - 30\u2033, max. Raddurchmesser 44\u2033, TEq-Link","thumbnail":"https:\/\/dev.codekraft.it\/ravaglioli.it\/wp-content\/uploads\/brb_media\/00531861_wheel-balancer-gp4150scanplus-mi-01-150x150.png","url":"https:\/\/dev.codekraft.it\/ravaglioli.it\/de\/product\/elektronische-radauswuchtmaschine-gp4-150scanplus\/"}],"page_logo_src":"https:\/\/dev.codekraft.it\/ravaglioli.it\/wp-content\/uploads\/2026\/04\/rav-negative-logo-1.png","lang":"de","translations":{"de":157475,"en":157457,"fr":157476,"it":157477,"es":157478,"ru":157479},"pll_sync_post":[],"_links":{"self":[{"href":"https:\/\/dev.codekraft.it\/ravaglioli.it\/wp-json\/wp\/v2\/product\/157475","targetHints":{"allow":["GET"]}}],"collection":[{"href":"https:\/\/dev.codekraft.it\/ravaglioli.it\/wp-json\/wp\/v2\/product"}],"about":[{"href":"https:\/\/dev.codekraft.it\/ravaglioli.it\/wp-json\/wp\/v2\/types\/product"}],"wp:featuredmedia":[{"embeddable":true,"href":"https:\/\/dev.codekraft.it\/ravaglioli.it\/wp-json\/wp\/v2\/media\/157458"}],"wp:attachment":[{"href":"https:\/\/dev.codekraft.it\/ravaglioli.it\/wp-json\/wp\/v2\/media?parent=157475"}],"wp:term":[{"taxonomy":"product_brand","embeddable":true,"href":"https:\/\/dev.codekraft.it\/ravaglioli.it\/wp-json\/wp\/v2\/product_brand?post=157475"},{"taxonomy":"product_cat","embeddable":true,"href":"https:\/\/dev.codekraft.it\/ravaglioli.it\/wp-json\/wp\/v2\/product_cat?post=157475"},{"taxonomy":"product_tag","embeddable":true,"href":"https:\/\/dev.codekraft.it\/ravaglioli.it\/wp-json\/wp\/v2\/product_tag?post=157475"},{"taxonomy":"product_approvals","embeddable":true,"href":"https:\/\/dev.codekraft.it\/ravaglioli.it\/wp-json\/wp\/v2\/product_approvals?post=157475"},{"taxonomy":"product_application","embeddable":true,"href":"https:\/\/dev.codekraft.it\/ravaglioli.it\/wp-json\/wp\/v2\/product_application?post=157475"}],"curies":[{"name":"wp","href":"https:\/\/api.w.org\/{rel}","templated":true}]}}