{"id":157447,"date":"2025-12-04T08:10:02","date_gmt":"2025-12-04T08:10:02","guid":{"rendered":"https:\/\/dev.codekraft.it\/ravaglioli.it\/product\/elevador-de-2-columnas-kpx40av\/"},"modified":"2025-12-04T08:10:02","modified_gmt":"2025-12-04T08:10:02","slug":"elevador-de-2-columnas-kpx40av","status":"publish","type":"product","link":"https:\/\/dev.codekraft.it\/ravaglioli.it\/es\/product\/elevador-de-2-columnas-kpx40av\/","title":{"rendered":"Elevador de 2 columnas KPX40AV"},"content":{"rendered":"<p>Legend Series &#8211; From History to the Future<\/p>\n<ul>\n<li>Dise\u00f1o actualizado: una l\u00ednea moderna que aporta modernidad y usabilidad al taller<\/li>\n<li>ADN innovador: componentes de alta calidad de larga duraci\u00f3n y testados durante 20000 ciclos<\/li>\n<li>Preparados para el futuro: elevadores dise\u00f1ados para el sistema de conectividad del taller TEq-Link<\/li>\n<\/ul>\n<p>Nacida de los elevadores de 2 columnas m\u00e1s demandados, la Legend Series re\u00fane los conocimientos de ingenier\u00eda de Ravaglioli para darles forma en un paquete innovador. Mirando hacia el futuro, pero siempre haciendo honor al pasado, Ravaglioli se ha fijado un importante objetivo: que el rendimiento y el dise\u00f1o vayan de la mano.<\/p>\n<p>Tecnolog\u00eda revisada que se junta con un dise\u00f1o moderno. Los elevadores de 2 columnas de la Tomorrow Series de Rotary llevan inmediatamente a su taller hacia el futuro. Testados para 20000 ciclos y dise\u00f1ados para la conexi\u00f3n online a Internet TEq-Link, su taller estar\u00e1 preparado para todas las innovaciones que est\u00e1n por venir.<\/p>\n<ul>\n<li>La geometr\u00eda de los brazos est\u00e1 dise\u00f1ada para elevar todo tipo de veh\u00edculos, desde turismos cl\u00e1sicos hasta furgonetas.<\/li>\n<li>Los innovadores brazos AV (\u00abAll Vehicles\u00bb) se extienden un 20 % m\u00e1s que los brazos convencionales, lo que les permite alcanzar los puntos de agarre de una amplia gama de veh\u00edculos.<\/li>\n<\/ul>\n<ul>\n<li>Motores de alto rendimiento.<\/li>\n<li>Bloqueo de brazos con inserci\u00f3n autom\u00e1tica y desenganche autom\u00e1tico del suelo: geometr\u00eda c\u00f3nica con efecto de autobloqueo.<\/li>\n<li>Lubricaci\u00f3n permanente y autom\u00e1tica de las tuercas para garantizar un funcionamiento eficaz durante el movimiento de subida y bajada.<\/li>\n<li>Husillo de acero laminado de alta resistencia para una durabilidad m\u00e1xima.<\/li>\n<li>Brazos de acero especial, con altura de la primera etapa de s\u00f3lo 70 mm, y altura de la segunda etapa de 85 mm.<\/li>\n<li>Equipado con un sistema ac\u00fastico de aviso anti-aplaste y salvapie &#8211; Sin salvapies mec\u00e1nicos.<\/li>\n<li>Componentes premium:\n<ul>\n<li>Polea de aluminio con funci\u00f3n de refrigeraci\u00f3n.<\/li>\n<li>Rodamientos de larga duraci\u00f3n.<\/li>\n<li>Tuerca de carga de bronce un 50 % m\u00e1s larga.<\/li>\n<li>Motores con carcasa reforzada y refrigerada.<\/li>\n<li>Trabado firme y autom\u00e1tico del brazo.<\/li>\n<\/ul>\n<\/li>\n<\/ul>\n","protected":false},"excerpt":{"rendered":"<p>4,0 t, electromec\u00e1nico, control por botones pulsadores, columnas sim\u00e9tricos, brazos AV asim\u00e9tricos, brazos largos de 3 secciones, brazos cortos de 3 secciones, TEq-Link<\/p>\n","protected":false},"featured_media":157429,"template":"","meta":[],"product_brand":[],"product_cat":[57902],"product_tag":[58296,63163,58332],"product_approvals":[],"product_application":[],"class_list":{"0":"post-157447","1":"product","2":"type-product","3":"status-publish","4":"has-post-thumbnail","6":"product_cat-elevadores-de-2-columnas-es","7":"product_tag-passenger-cars-es","8":"product_tag-quickship-es","9":"product_tag-light-commercial-es","11":"first","12":"instock","13":"shipping-taxable","14":"product-type-simple"},"approvals":[],"application":[],"brb_media_brochure":[{"id":157430,"url":"https:\/\/dev.codekraft.it\/ravaglioli.it\/wp-content\/uploads\/brb_media\/00531807_2-post-lift-kpx40av-br-de-2024-08-screen.pdf","title":"2 post lift kpx40av br de 2024 08 screen","mpn":"","thumbnail":"https:\/\/dev.codekraft.it\/ravaglioli.it\/wp-content\/uploads\/brb_media\/00531807_2-post-lift-kpx40av-br-de-2024-08-screen-pdf-106x150.png","description":""},{"id":157431,"url":"https:\/\/dev.codekraft.it\/ravaglioli.it\/wp-content\/uploads\/brb_media\/00531808_2-post-lift-kpx40av-br-en-2024-08-screen.pdf","title":"2 post lift kpx40av br en 2024 08 screen","mpn":"","thumbnail":"https:\/\/dev.codekraft.it\/ravaglioli.it\/wp-content\/uploads\/brb_media\/00531808_2-post-lift-kpx40av-br-en-2024-08-screen-pdf-106x150.png","description":""},{"id":157432,"url":"https:\/\/dev.codekraft.it\/ravaglioli.it\/wp-content\/uploads\/brb_media\/00531809_2-post-lift-kpx40av-br-fr-2024-08-screen.pdf","title":"2 post lift kpx40av br fr 2024 08 screen","mpn":"","thumbnail":"https:\/\/dev.codekraft.it\/ravaglioli.it\/wp-content\/uploads\/brb_media\/00531809_2-post-lift-kpx40av-br-fr-2024-08-screen-pdf-106x150.png","description":""},{"id":157433,"url":"https:\/\/dev.codekraft.it\/ravaglioli.it\/wp-content\/uploads\/brb_media\/00531810_2-post-lift-kpx40av-br-it-2024-08-screen.pdf","title":"2 post lift kpx40av br it 2024 08 screen","mpn":"","thumbnail":"https:\/\/dev.codekraft.it\/ravaglioli.it\/wp-content\/uploads\/brb_media\/00531810_2-post-lift-kpx40av-br-it-2024-08-screen-pdf-106x150.png","description":""},{"id":157434,"url":"https:\/\/dev.codekraft.it\/ravaglioli.it\/wp-content\/uploads\/brb_media\/00531811_2-post-lift-kpx40av-br-es-2024-08-screen.pdf","title":"2 post lift kpx40av br es 2024 08 screen","mpn":"","thumbnail":"https:\/\/dev.codekraft.it\/ravaglioli.it\/wp-content\/uploads\/brb_media\/00531811_2-post-lift-kpx40av-br-es-2024-08-screen-pdf-106x150.png","description":""},{"id":157435,"url":"https:\/\/dev.codekraft.it\/ravaglioli.it\/wp-content\/uploads\/brb_media\/00531812_2-post-lift-kpx40av-br-ru-2024-08-screen.pdf","title":"2 post lift kpx40av br ru 2024 08 screen","mpn":"","thumbnail":"https:\/\/dev.codekraft.it\/ravaglioli.it\/wp-content\/uploads\/brb_media\/00531812_2-post-lift-kpx40av-br-ru-2024-08-screen-pdf-106x150.png","description":""}],"brb_media_drawing":[{"id":157439,"url":"https:\/\/dev.codekraft.it\/ravaglioli.it\/wp-content\/uploads\/brb_media\/00553149_2-post-lifts-kpx40av-td-04730739_01.pdf","title":"2 Post Lifts KPX40AV TD 04730739 01","mpn":"","thumbnail":"https:\/\/dev.codekraft.it\/ravaglioli.it\/wp-content\/uploads\/brb_media\/00553149_2-post-lifts-kpx40av-td-04730739_01-pdf-150x106.png","description":""}],"brb_media_manuals":[{"id":149933,"url":"https:\/\/dev.codekraft.it\/ravaglioli.it\/wp-content\/uploads\/brb_media\/00535682_2-post-lifts-symmetrical_lifts-p-united_im-0473m0120-rev2-zuffa-multi-2024-12.pdf","title":"2 post lifts symmetrical lifts p united im 0473m0120 rev2 zuffa multi 2024 12","mpn":"","thumbnail":"https:\/\/dev.codekraft.it\/ravaglioli.it\/wp-content\/uploads\/brb_media\/00535682_2-post-lifts-symmetrical_lifts-p-united_im-0473m0120-rev2-zuffa-multi-2024-12-pdf-106x150.png","description":""}],"brb_media_safety_datasheets":"","brb_media_spare_parts":[],"_cdmm_p_id":"504744","_company":"Ravaglioli","_gtin":"5063084198204","accessories":[{"id":156001,"mpn":"VSG.2CELM.901927","name":"C\u00e1ncamo para el desplazamiento de las columnas","description":"3,5 t - 4,2 t | Facilita la instalaci\u00f3n del elevador, reutilizable para otras instalaciones | 1 juego","thumbnail":"https:\/\/dev.codekraft.it\/ravaglioli.it\/wp-content\/uploads\/brb_media\/00512726_2-post-lift-vsg2celm901927-mi-01-150x150.png","url":"https:\/\/dev.codekraft.it\/ravaglioli.it\/es\/product\/cancamo-para-el-desplazamiento-de-las-columnas-2\/"},{"id":152181,"mpn":"VSG.2CELM.902498","name":"Instalaci\u00f3n del cableado en el suelo","description":"Permite enterrar los cables de conexi\u00f3n | 1 pieza","thumbnail":"https:\/\/dev.codekraft.it\/ravaglioli.it\/wp-content\/uploads\/brb_media\/00507202_2-post-lift-vsg2celm902498-mi-150x150.png","url":"https:\/\/dev.codekraft.it\/ravaglioli.it\/es\/product\/instalacion-del-cableado-en-el-suelo\/"},{"id":152175,"mpn":"VSG.2CALL.901453","name":"Placas estabilizadoras","description":"4 \/ 4,2 \/ 4,5 t | permite la instalaci\u00f3n del elevador incluso en calidades del hormig\u00f3n inferiores a las requeridas | 1 juego \/ 2 piezas","thumbnail":"https:\/\/dev.codekraft.it\/ravaglioli.it\/wp-content\/uploads\/brb_media\/00535984_2-post-lift-vsg2call901453-mi-150x150.png","url":"https:\/\/dev.codekraft.it\/ravaglioli.it\/es\/product\/placas-estabilizadoras\/"},{"id":154690,"mpn":"VSG.2CALL.902818","name":"Juego de rampitas","description":"Altura de rampa 60 mm, para veh\u00edculos extremadamente bajos | 1 juego \/ 2 piezas","thumbnail":"https:\/\/dev.codekraft.it\/ravaglioli.it\/wp-content\/uploads\/brb_media\/00509501_2-post-lift-vsg2call902818-mi-150x150.png","url":"https:\/\/dev.codekraft.it\/ravaglioli.it\/es\/product\/juego-de-rampitas\/"},{"id":154696,"mpn":"VSG.2CALL.902085","name":"Soportes de alineaci\u00f3n de ruedas","description":"1 juego \/ 4 piezas","thumbnail":"https:\/\/dev.codekraft.it\/ravaglioli.it\/wp-content\/uploads\/brb_media\/00509503_2-post-lift-vsg2call902085-mi-150x150.png","url":"https:\/\/dev.codekraft.it\/ravaglioli.it\/es\/product\/soportes-de-alineacion-de-ruedas\/"},{"id":154702,"mpn":"VSG.2CALL.902641","name":"Bandejas para herramientas","description":"Magn\u00e9tico | 1 juego \/ 2 piezas","thumbnail":"https:\/\/dev.codekraft.it\/ravaglioli.it\/wp-content\/uploads\/brb_media\/00509504_2-post-lift-vsg2call902641-mi-150x150.png","url":"https:\/\/dev.codekraft.it\/ravaglioli.it\/es\/product\/bandejas-para-herramientas\/"}],"components":[],"delivery":[],"package":[],"related":[],"similar":[],"page_logo_src":"https:\/\/dev.codekraft.it\/ravaglioli.it\/wp-content\/uploads\/2026\/04\/rav-negative-logo-1.png","lang":"es","translations":{"es":157447,"en":157428,"de":157444,"fr":157445,"it":157446,"ru":157448},"pll_sync_post":[],"_links":{"self":[{"href":"https:\/\/dev.codekraft.it\/ravaglioli.it\/wp-json\/wp\/v2\/product\/157447","targetHints":{"allow":["GET"]}}],"collection":[{"href":"https:\/\/dev.codekraft.it\/ravaglioli.it\/wp-json\/wp\/v2\/product"}],"about":[{"href":"https:\/\/dev.codekraft.it\/ravaglioli.it\/wp-json\/wp\/v2\/types\/product"}],"wp:featuredmedia":[{"embeddable":true,"href":"https:\/\/dev.codekraft.it\/ravaglioli.it\/wp-json\/wp\/v2\/media\/157429"}],"wp:attachment":[{"href":"https:\/\/dev.codekraft.it\/ravaglioli.it\/wp-json\/wp\/v2\/media?parent=157447"}],"wp:term":[{"taxonomy":"product_brand","embeddable":true,"href":"https:\/\/dev.codekraft.it\/ravaglioli.it\/wp-json\/wp\/v2\/product_brand?post=157447"},{"taxonomy":"product_cat","embeddable":true,"href":"https:\/\/dev.codekraft.it\/ravaglioli.it\/wp-json\/wp\/v2\/product_cat?post=157447"},{"taxonomy":"product_tag","embeddable":true,"href":"https:\/\/dev.codekraft.it\/ravaglioli.it\/wp-json\/wp\/v2\/product_tag?post=157447"},{"taxonomy":"product_approvals","embeddable":true,"href":"https:\/\/dev.codekraft.it\/ravaglioli.it\/wp-json\/wp\/v2\/product_approvals?post=157447"},{"taxonomy":"product_application","embeddable":true,"href":"https:\/\/dev.codekraft.it\/ravaglioli.it\/wp-json\/wp\/v2\/product_application?post=157447"}],"curies":[{"name":"wp","href":"https:\/\/api.w.org\/{rel}","templated":true}]}}