{"id":157444,"date":"2025-12-04T08:10:02","date_gmt":"2025-12-04T08:10:02","guid":{"rendered":"https:\/\/dev.codekraft.it\/ravaglioli.it\/product\/2-saulen-hebebuhne-kpx40av\/"},"modified":"2025-12-04T08:10:02","modified_gmt":"2025-12-04T08:10:02","slug":"2-saulen-hebebuhne-kpx40av","status":"publish","type":"product","link":"https:\/\/dev.codekraft.it\/ravaglioli.it\/de\/product\/2-saulen-hebebuhne-kpx40av\/","title":{"rendered":"2-S\u00e4ulen-Hebeb\u00fchne KPX40AV"},"content":{"rendered":"<p>Legend Series &#8211; From History to the Future<\/p>\n<ul>\n<li>Modernes Design: eine moderne Gestaltung, die die Werkstatt in Sachen Stil und Benutzerfreundlichkeit auf den neuesten Stand bringt<\/li>\n<li>Innovative DNA: bew\u00e4hrte, hochwertige Komponenten, getestet mit 20000 Hub-Zyklen<\/li>\n<li>Zukunftssicher: Die Hebeb\u00fchnen sind f\u00fcr das Werkstattkonnektivit\u00e4tssystem TEq-Link konzipiert<\/li>\n<\/ul>\n<p>Die aus den erfolgreichsten 2-S\u00e4ulen-Hebeb\u00fchnen hervorgegangene Legend-Serie verbindet das technische Know-how von Ravaglioli zu einem innovativen Angebot. Die Zukunft im Blick, aber die Vergangenheit stets w\u00fcrdigend, hat sich Ravaglioli ein wichtiges Ziel gesetzt: Die Leistung muss mit dem Design \u00fcbereinstimmen.<\/p>\n<ul>\n<li>Die Geometrie der Arme ist so konzipiert, dass sie alle Fahrzeugtypen anheben kann, vom klassischen Stadtauto bis zum Transporter.<\/li>\n<li>Die innovativen AV-Arme (\u201eAll Vehicles\u201d) reichen 20 % weiter als herk\u00f6mmliche Arme, so dass sie die Aufnahmepunkte vieler Fahrzeuge erreichen k\u00f6nnen.<\/li>\n<\/ul>\n<ul>\n<li>Leistungsstarke Motoren.<\/li>\n<li>Automatische Armarretierung und automatische Bodenentriegelung: konische Geometrie mit Selbstverriegelungseffekt.<\/li>\n<li>Permanente und automatische Schmierung der Tragmuttern, um einen effektiven Betrieb w\u00e4hrend der Auf- und Abw\u00e4rtsbewegung zu gew\u00e4hrleisten.<\/li>\n<li>Spindeln aus hochfestem Walzstahl f\u00fcr maximale Haltbarkeit.<\/li>\n<li>Tragarme aus Spezialstahl, mit einer H\u00f6he der ersten Stufe von nur 70 mm und einer H\u00f6he der zweiten Stufe von 85 mm.<\/li>\n<li>Ausgestattet mit einem akustischen Fu\u00dfschutzsystem &#8211; Frei von mechanischen Fu\u00dfschutzvorrichtungen.<\/li>\n<li>Premiumqualit\u00e4t der Komponenten:\n<ul>\n<li>Aluminium-Riemenscheibe mit K\u00fchlfunktion.<\/li>\n<li>Langlebige Lager.<\/li>\n<li>50 % l\u00e4ngere Bronze-Tragmutter.<\/li>\n<li>Motoren mit verst\u00e4rktem Geh\u00e4use und K\u00fchlk\u00f6rper.<\/li>\n<li>Robuste automatische Armverriegelung.<\/li>\n<\/ul>\n<\/li>\n<\/ul>\n","protected":false},"excerpt":{"rendered":"<p>4,0 t, elektromechanisch, Drucktasten-Bedienung, S\u00e4ulen symmetrisch, AV-Tragarme asymmetrisch, lange 3-teilige Tragarme, kurze 3-teilige Tragarme, TEq-Link<\/p>\n","protected":false},"featured_media":157429,"template":"","meta":[],"product_brand":[],"product_cat":[57860],"product_tag":[58287,63154,58323],"product_approvals":[],"product_application":[],"class_list":{"0":"post-157444","1":"product","2":"type-product","3":"status-publish","4":"has-post-thumbnail","6":"product_cat-2-saulen-hebebuhnen-de","7":"product_tag-passenger-cars-de","8":"product_tag-quickship-de","9":"product_tag-light-commercial-de","11":"first","12":"instock","13":"shipping-taxable","14":"product-type-simple"},"approvals":[],"application":[],"brb_media_brochure":[{"id":157430,"url":"https:\/\/dev.codekraft.it\/ravaglioli.it\/wp-content\/uploads\/brb_media\/00531807_2-post-lift-kpx40av-br-de-2024-08-screen.pdf","title":"2 post lift kpx40av br de 2024 08 screen","mpn":"","thumbnail":"https:\/\/dev.codekraft.it\/ravaglioli.it\/wp-content\/uploads\/brb_media\/00531807_2-post-lift-kpx40av-br-de-2024-08-screen-pdf-106x150.png","description":""},{"id":157431,"url":"https:\/\/dev.codekraft.it\/ravaglioli.it\/wp-content\/uploads\/brb_media\/00531808_2-post-lift-kpx40av-br-en-2024-08-screen.pdf","title":"2 post lift kpx40av br en 2024 08 screen","mpn":"","thumbnail":"https:\/\/dev.codekraft.it\/ravaglioli.it\/wp-content\/uploads\/brb_media\/00531808_2-post-lift-kpx40av-br-en-2024-08-screen-pdf-106x150.png","description":""},{"id":157432,"url":"https:\/\/dev.codekraft.it\/ravaglioli.it\/wp-content\/uploads\/brb_media\/00531809_2-post-lift-kpx40av-br-fr-2024-08-screen.pdf","title":"2 post lift kpx40av br fr 2024 08 screen","mpn":"","thumbnail":"https:\/\/dev.codekraft.it\/ravaglioli.it\/wp-content\/uploads\/brb_media\/00531809_2-post-lift-kpx40av-br-fr-2024-08-screen-pdf-106x150.png","description":""},{"id":157433,"url":"https:\/\/dev.codekraft.it\/ravaglioli.it\/wp-content\/uploads\/brb_media\/00531810_2-post-lift-kpx40av-br-it-2024-08-screen.pdf","title":"2 post lift kpx40av br it 2024 08 screen","mpn":"","thumbnail":"https:\/\/dev.codekraft.it\/ravaglioli.it\/wp-content\/uploads\/brb_media\/00531810_2-post-lift-kpx40av-br-it-2024-08-screen-pdf-106x150.png","description":""},{"id":157434,"url":"https:\/\/dev.codekraft.it\/ravaglioli.it\/wp-content\/uploads\/brb_media\/00531811_2-post-lift-kpx40av-br-es-2024-08-screen.pdf","title":"2 post lift kpx40av br es 2024 08 screen","mpn":"","thumbnail":"https:\/\/dev.codekraft.it\/ravaglioli.it\/wp-content\/uploads\/brb_media\/00531811_2-post-lift-kpx40av-br-es-2024-08-screen-pdf-106x150.png","description":""},{"id":157435,"url":"https:\/\/dev.codekraft.it\/ravaglioli.it\/wp-content\/uploads\/brb_media\/00531812_2-post-lift-kpx40av-br-ru-2024-08-screen.pdf","title":"2 post lift kpx40av br ru 2024 08 screen","mpn":"","thumbnail":"https:\/\/dev.codekraft.it\/ravaglioli.it\/wp-content\/uploads\/brb_media\/00531812_2-post-lift-kpx40av-br-ru-2024-08-screen-pdf-106x150.png","description":""}],"brb_media_drawing":[{"id":157439,"url":"https:\/\/dev.codekraft.it\/ravaglioli.it\/wp-content\/uploads\/brb_media\/00553149_2-post-lifts-kpx40av-td-04730739_01.pdf","title":"2 Post Lifts KPX40AV TD 04730739 01","mpn":"","thumbnail":"https:\/\/dev.codekraft.it\/ravaglioli.it\/wp-content\/uploads\/brb_media\/00553149_2-post-lifts-kpx40av-td-04730739_01-pdf-150x106.png","description":""}],"brb_media_manuals":[{"id":149933,"url":"https:\/\/dev.codekraft.it\/ravaglioli.it\/wp-content\/uploads\/brb_media\/00535682_2-post-lifts-symmetrical_lifts-p-united_im-0473m0120-rev2-zuffa-multi-2024-12.pdf","title":"2 post lifts symmetrical lifts p united im 0473m0120 rev2 zuffa multi 2024 12","mpn":"","thumbnail":"https:\/\/dev.codekraft.it\/ravaglioli.it\/wp-content\/uploads\/brb_media\/00535682_2-post-lifts-symmetrical_lifts-p-united_im-0473m0120-rev2-zuffa-multi-2024-12-pdf-106x150.png","description":""}],"brb_media_safety_datasheets":"","brb_media_spare_parts":[],"_cdmm_p_id":"504744","_company":"Ravaglioli","_gtin":"5063084198204","accessories":[{"id":155998,"mpn":"VSG.2CELM.901927","name":"Montagevorrichtung","description":"3,2 t - 4,2 t | f\u00fcr eine leichtere Montage der Hebeb\u00fchne, kann auch f\u00fcr andere Installationen wiederverwendet werden | 1 Satz","thumbnail":"https:\/\/dev.codekraft.it\/ravaglioli.it\/wp-content\/uploads\/brb_media\/00512726_2-post-lift-vsg2celm901927-mi-01-150x150.png","url":"https:\/\/dev.codekraft.it\/ravaglioli.it\/de\/product\/montagevorrichtung-4\/"},{"id":152178,"mpn":"VSG.2CELM.902498","name":"Bodenkabelf\u00fchrung","description":"Verlegung des Verbindungskabels zwischen den S\u00e4ulen im Boden | 1 St\u00fcck","thumbnail":"https:\/\/dev.codekraft.it\/ravaglioli.it\/wp-content\/uploads\/brb_media\/00507202_2-post-lift-vsg2celm902498-mi-150x150.png","url":"https:\/\/dev.codekraft.it\/ravaglioli.it\/de\/product\/bodenkabelfuhrung\/"},{"id":152172,"mpn":"VSG.2CALL.901453","name":"St\u00fctzplatten","description":"4 \/ 4,2 \/ 4,5 t | erm\u00f6glichen die Installation auf B\u00f6den mit geringer Tragf\u00e4higkeit oder geringer Betondicke | 1 Satz \/ 2 St\u00fcck","thumbnail":"https:\/\/dev.codekraft.it\/ravaglioli.it\/wp-content\/uploads\/brb_media\/00535984_2-post-lift-vsg2call901453-mi-150x150.png","url":"https:\/\/dev.codekraft.it\/ravaglioli.it\/de\/product\/stutzplatten\/"},{"id":154687,"mpn":"VSG.2CALL.902818","name":"Rampen","description":"Rampenh\u00f6he 60 mm, f\u00fcr extrem niedrige Fahrzeuge | 1 Satz \/ 4 St\u00fcck","thumbnail":"https:\/\/dev.codekraft.it\/ravaglioli.it\/wp-content\/uploads\/brb_media\/00509501_2-post-lift-vsg2call902818-mi-150x150.png","url":"https:\/\/dev.codekraft.it\/ravaglioli.it\/de\/product\/rampen\/"},{"id":154693,"mpn":"VSG.2CALL.902085","name":"Achsmessb\u00f6cke","description":"1 Satz \/ 4 St\u00fcck","thumbnail":"https:\/\/dev.codekraft.it\/ravaglioli.it\/wp-content\/uploads\/brb_media\/00509503_2-post-lift-vsg2call902085-mi-150x150.png","url":"https:\/\/dev.codekraft.it\/ravaglioli.it\/de\/product\/achsmessbocke\/"},{"id":154699,"mpn":"VSG.2CALL.902641","name":"Werkzeug-Ablageschalen","description":"Magnetisch | 1 Satz \/ 2 St\u00fcck","thumbnail":"https:\/\/dev.codekraft.it\/ravaglioli.it\/wp-content\/uploads\/brb_media\/00509504_2-post-lift-vsg2call902641-mi-150x150.png","url":"https:\/\/dev.codekraft.it\/ravaglioli.it\/de\/product\/werkzeug-ablageschalen\/"}],"components":[],"delivery":[],"package":[],"related":[],"similar":[],"page_logo_src":"https:\/\/dev.codekraft.it\/ravaglioli.it\/wp-content\/uploads\/2026\/04\/rav-negative-logo-1.png","lang":"de","translations":{"de":157444,"en":157428,"fr":157445,"it":157446,"es":157447,"ru":157448},"pll_sync_post":[],"_links":{"self":[{"href":"https:\/\/dev.codekraft.it\/ravaglioli.it\/wp-json\/wp\/v2\/product\/157444","targetHints":{"allow":["GET"]}}],"collection":[{"href":"https:\/\/dev.codekraft.it\/ravaglioli.it\/wp-json\/wp\/v2\/product"}],"about":[{"href":"https:\/\/dev.codekraft.it\/ravaglioli.it\/wp-json\/wp\/v2\/types\/product"}],"wp:featuredmedia":[{"embeddable":true,"href":"https:\/\/dev.codekraft.it\/ravaglioli.it\/wp-json\/wp\/v2\/media\/157429"}],"wp:attachment":[{"href":"https:\/\/dev.codekraft.it\/ravaglioli.it\/wp-json\/wp\/v2\/media?parent=157444"}],"wp:term":[{"taxonomy":"product_brand","embeddable":true,"href":"https:\/\/dev.codekraft.it\/ravaglioli.it\/wp-json\/wp\/v2\/product_brand?post=157444"},{"taxonomy":"product_cat","embeddable":true,"href":"https:\/\/dev.codekraft.it\/ravaglioli.it\/wp-json\/wp\/v2\/product_cat?post=157444"},{"taxonomy":"product_tag","embeddable":true,"href":"https:\/\/dev.codekraft.it\/ravaglioli.it\/wp-json\/wp\/v2\/product_tag?post=157444"},{"taxonomy":"product_approvals","embeddable":true,"href":"https:\/\/dev.codekraft.it\/ravaglioli.it\/wp-json\/wp\/v2\/product_approvals?post=157444"},{"taxonomy":"product_application","embeddable":true,"href":"https:\/\/dev.codekraft.it\/ravaglioli.it\/wp-json\/wp\/v2\/product_application?post=157444"}],"curies":[{"name":"wp","href":"https:\/\/api.w.org\/{rel}","templated":true}]}}