{"id":157399,"date":"2025-12-11T10:11:38","date_gmt":"2025-12-11T10:11:38","guid":{"rendered":"https:\/\/dev.codekraft.it\/ravaglioli.it\/product\/garras-de-ruedas-fast-clamps\/"},"modified":"2025-12-11T10:11:38","modified_gmt":"2025-12-11T10:11:38","slug":"garras-de-ruedas-fast-clamps","status":"publish","type":"product","link":"https:\/\/dev.codekraft.it\/ravaglioli.it\/es\/product\/garras-de-ruedas-fast-clamps\/","title":{"rendered":"Garras de ruedas Fast clamps"},"content":{"rendered":"<ul>\n<li>Montaje pr\u00e1ctico y r\u00e1pido<\/li>\n<li>Dise\u00f1o compacto y ligero<\/li>\n<\/ul>\n","protected":false},"excerpt":{"rendered":"<p>Garras de montaje r\u00e1pido | para alineadores 3D, turismo, tama\u00f1o del neum\u00e1tico 21 &#8211; 31&#8243;, \u00d8 rueda 540 &#8211; 780 mm, peso de las garras 3,5 kg (por juego) | 1 juego \/ 2 piezas<\/p>\n","protected":false},"featured_media":157393,"template":"","meta":[],"product_brand":[],"product_cat":[57912],"product_tag":[58383,58366,58349,58296,58451,58400,58434,63081,58417,58332,58468],"product_approvals":[],"product_application":[],"class_list":{"0":"post-157399","1":"product","2":"type-product","3":"status-publish","4":"has-post-thumbnail","6":"product_cat-accesorios-alineadores-de-ruedas-es","7":"product_tag-buses-es","8":"product_tag-trucks-es","9":"product_tag-motor-homes-es","10":"product_tag-passenger-cars-es","11":"product_tag-agricultural-machines-es","12":"product_tag-motorbikes-es","13":"product_tag-quad-bikes-es","14":"product_tag-remolques-es","15":"product_tag-scooter-es","16":"product_tag-light-commercial-es","17":"product_tag-tracked-vehicles-es","19":"first","20":"instock","21":"shipping-taxable","22":"product-type-simple"},"approvals":[],"application":[],"brb_media_brochure":"","brb_media_drawing":"","brb_media_manuals":"","brb_media_safety_datasheets":"","brb_media_spare_parts":[],"_cdmm_p_id":"504670","_company":"VSG","_gtin":"5063084701916","accessories":[{"id":157413,"mpn":"VSG.FC168.701930","name":"Kit de adaptaci\u00f3n Fast clamps","description":"Kit de reequipamiento CCD para garras de montaje r\u00e1pido 3D (de VSG.FC167.701916 a VSG.FC169.701923) | 1 juego \/ 2 piezas","thumbnail":"https:\/\/dev.codekraft.it\/ravaglioli.it\/wp-content\/uploads\/brb_media\/00528114_wheel-aligner-accessories-vsgfc168701930-mi-150x150.png","url":"https:\/\/dev.codekraft.it\/ravaglioli.it\/es\/product\/kit-de-adaptacion-fast-clamps\/"}],"components":[],"delivery":[],"package":[],"related":[],"similar":[{"id":157406,"mpn":"VSG.FC169.701923","name":"Garras de ruedas Fast clamps","description":"Garras de montaje r\u00e1pido | para alineadores CCD, turismo, tama\u00f1o del neum\u00e1tico 21 - 31\", \u00d8 rueda 540 - 780 mm, peso de las garras 3,8 kg (por juego) | 1 juego \/ 2 piezas","thumbnail":"https:\/\/dev.codekraft.it\/ravaglioli.it\/wp-content\/uploads\/brb_media\/00528115_wheel-aligner-accessories-vsgfc169701923-mi-150x150.png","url":"https:\/\/dev.codekraft.it\/ravaglioli.it\/es\/product\/garras-de-ruedas-fast-clamps-2\/"}],"page_logo_src":"https:\/\/dev.codekraft.it\/ravaglioli.it\/wp-content\/uploads\/2026\/04\/rav-negative-logo-1.png","lang":"es","translations":{"es":157399,"en":157392,"de":157396,"fr":157397,"it":157398,"ru":157400},"pll_sync_post":[],"_links":{"self":[{"href":"https:\/\/dev.codekraft.it\/ravaglioli.it\/wp-json\/wp\/v2\/product\/157399","targetHints":{"allow":["GET"]}}],"collection":[{"href":"https:\/\/dev.codekraft.it\/ravaglioli.it\/wp-json\/wp\/v2\/product"}],"about":[{"href":"https:\/\/dev.codekraft.it\/ravaglioli.it\/wp-json\/wp\/v2\/types\/product"}],"wp:featuredmedia":[{"embeddable":true,"href":"https:\/\/dev.codekraft.it\/ravaglioli.it\/wp-json\/wp\/v2\/media\/157393"}],"wp:attachment":[{"href":"https:\/\/dev.codekraft.it\/ravaglioli.it\/wp-json\/wp\/v2\/media?parent=157399"}],"wp:term":[{"taxonomy":"product_brand","embeddable":true,"href":"https:\/\/dev.codekraft.it\/ravaglioli.it\/wp-json\/wp\/v2\/product_brand?post=157399"},{"taxonomy":"product_cat","embeddable":true,"href":"https:\/\/dev.codekraft.it\/ravaglioli.it\/wp-json\/wp\/v2\/product_cat?post=157399"},{"taxonomy":"product_tag","embeddable":true,"href":"https:\/\/dev.codekraft.it\/ravaglioli.it\/wp-json\/wp\/v2\/product_tag?post=157399"},{"taxonomy":"product_approvals","embeddable":true,"href":"https:\/\/dev.codekraft.it\/ravaglioli.it\/wp-json\/wp\/v2\/product_approvals?post=157399"},{"taxonomy":"product_application","embeddable":true,"href":"https:\/\/dev.codekraft.it\/ravaglioli.it\/wp-json\/wp\/v2\/product_application?post=157399"}],"curies":[{"name":"wp","href":"https:\/\/api.w.org\/{rel}","templated":true}]}}