{"id":157396,"date":"2025-12-11T10:04:40","date_gmt":"2025-12-11T10:04:40","guid":{"rendered":"https:\/\/dev.codekraft.it\/ravaglioli.it\/product\/radklammern-fast-clamps\/"},"modified":"2025-12-11T10:04:40","modified_gmt":"2025-12-11T10:04:40","slug":"radklammern-fast-clamps","status":"publish","type":"product","link":"https:\/\/dev.codekraft.it\/ravaglioli.it\/de\/product\/radklammern-fast-clamps\/","title":{"rendered":"Radklammern Fast clamps"},"content":{"rendered":"<ul>\n<li>Praktische und schnelle Montage<\/li>\n<li>Kompakte und leichte Bauweise<\/li>\n<\/ul>\n","protected":false},"excerpt":{"rendered":"<p>Schnellspann-Radklammern | f\u00fcr 3D-Achsmessger\u00e4te, Pkw, Radgr\u00f6\u00dfe 21 &#8211; 31&#8243;, Rad-\u00d8 540 &#8211; 780 mm, Gewicht pro Radklammer-Satz 3,5 kg | 1 Satz \/ 2 St\u00fcck<\/p>\n","protected":false},"featured_media":157393,"template":"","meta":[],"product_brand":[],"product_cat":[57870],"product_tag":[63075,58374,58459,58442,58357,58391,58408,58287,58425,58323,58340],"product_approvals":[],"product_application":[],"class_list":{"0":"post-157396","1":"product","2":"type-product","3":"status-publish","4":"has-post-thumbnail","6":"product_cat-zubehor-achsmessgerate-de","7":"product_tag-anhanger-de","8":"product_tag-buses-de","9":"product_tag-tracked-vehicles-de","10":"product_tag-agricultural-machines-de","11":"product_tag-trucks-de","12":"product_tag-motorbikes-de","13":"product_tag-scooter-de","14":"product_tag-passenger-cars-de","15":"product_tag-quad-bikes-de","16":"product_tag-light-commercial-de","17":"product_tag-motor-homes-de","19":"first","20":"instock","21":"shipping-taxable","22":"product-type-simple"},"approvals":[],"application":[],"brb_media_brochure":"","brb_media_drawing":"","brb_media_manuals":"","brb_media_safety_datasheets":"","brb_media_spare_parts":[],"_cdmm_p_id":"504670","_company":"VSG","_gtin":"5063084701916","accessories":[{"id":157410,"mpn":"VSG.FC168.701930","name":"Umr\u00fcstungs-Kit Fast clamps","description":"CCD-Nachr\u00fcstsatz f\u00fcr 3-D-Schnellspann-Radklammern (VSG.FC167.701916 auf VSG.FC169.701923) | 1 Satz \/ 2 St\u00fcck","thumbnail":"https:\/\/dev.codekraft.it\/ravaglioli.it\/wp-content\/uploads\/brb_media\/00528114_wheel-aligner-accessories-vsgfc168701930-mi-150x150.png","url":"https:\/\/dev.codekraft.it\/ravaglioli.it\/de\/product\/umrustungs-kit-fast-clamps\/"}],"components":[],"delivery":[],"package":[],"related":[],"similar":[{"id":157403,"mpn":"VSG.FC169.701923","name":"Radklammern Fast clamps","description":"Schnellspann-Radklammern | f\u00fcr CCD-Achsmessger\u00e4te, Pkw, Radgr\u00f6\u00dfe 21 - 31\", Rad-\u00d8 540 - 780 mm, Gewicht pro Radklammer-Satz 3,8 kg | 1 Satz \/ 2 St\u00fcck","thumbnail":"https:\/\/dev.codekraft.it\/ravaglioli.it\/wp-content\/uploads\/brb_media\/00528115_wheel-aligner-accessories-vsgfc169701923-mi-150x150.png","url":"https:\/\/dev.codekraft.it\/ravaglioli.it\/de\/product\/radklammern-fast-clamps-2\/"}],"page_logo_src":"https:\/\/dev.codekraft.it\/ravaglioli.it\/wp-content\/uploads\/2026\/04\/rav-negative-logo-1.png","lang":"de","translations":{"de":157396,"en":157392,"fr":157397,"it":157398,"es":157399,"ru":157400},"pll_sync_post":[],"_links":{"self":[{"href":"https:\/\/dev.codekraft.it\/ravaglioli.it\/wp-json\/wp\/v2\/product\/157396","targetHints":{"allow":["GET"]}}],"collection":[{"href":"https:\/\/dev.codekraft.it\/ravaglioli.it\/wp-json\/wp\/v2\/product"}],"about":[{"href":"https:\/\/dev.codekraft.it\/ravaglioli.it\/wp-json\/wp\/v2\/types\/product"}],"wp:featuredmedia":[{"embeddable":true,"href":"https:\/\/dev.codekraft.it\/ravaglioli.it\/wp-json\/wp\/v2\/media\/157393"}],"wp:attachment":[{"href":"https:\/\/dev.codekraft.it\/ravaglioli.it\/wp-json\/wp\/v2\/media?parent=157396"}],"wp:term":[{"taxonomy":"product_brand","embeddable":true,"href":"https:\/\/dev.codekraft.it\/ravaglioli.it\/wp-json\/wp\/v2\/product_brand?post=157396"},{"taxonomy":"product_cat","embeddable":true,"href":"https:\/\/dev.codekraft.it\/ravaglioli.it\/wp-json\/wp\/v2\/product_cat?post=157396"},{"taxonomy":"product_tag","embeddable":true,"href":"https:\/\/dev.codekraft.it\/ravaglioli.it\/wp-json\/wp\/v2\/product_tag?post=157396"},{"taxonomy":"product_approvals","embeddable":true,"href":"https:\/\/dev.codekraft.it\/ravaglioli.it\/wp-json\/wp\/v2\/product_approvals?post=157396"},{"taxonomy":"product_application","embeddable":true,"href":"https:\/\/dev.codekraft.it\/ravaglioli.it\/wp-json\/wp\/v2\/product_application?post=157396"}],"curies":[{"name":"wp","href":"https:\/\/api.w.org\/{rel}","templated":true}]}}