{"id":157381,"date":"2025-12-11T10:04:40","date_gmt":"2025-12-11T10:04:40","guid":{"rendered":"https:\/\/dev.codekraft.it\/ravaglioli.it\/product\/diagnosekit-stdadiag-sw\/"},"modified":"2025-12-11T10:04:40","modified_gmt":"2025-12-11T10:04:40","slug":"diagnosekit-stdadiag-sw","status":"publish","type":"product","link":"https:\/\/dev.codekraft.it\/ravaglioli.it\/de\/product\/diagnosekit-stdadiag-sw\/","title":{"rendered":"Diagnosekit STDADIAG\/SW"},"content":{"rendered":"","protected":false},"excerpt":{"rendered":"<p>TEXA IDC5 SW KIT &#8211; f\u00fcr die Diagnose der Achsvermessung | Kit f\u00fcr diejenigen, die bereits TEXA-Ger\u00e4te besitzen (z. B. ADAS RCSS)<\/p>\n","protected":false},"featured_media":148918,"template":"","meta":[],"product_brand":[],"product_cat":[57870],"product_tag":[63075,58374,58459,58442,58357,58391,58408,58287,58425,58323,58340],"product_approvals":[],"product_application":[],"class_list":{"0":"post-157381","1":"product","2":"type-product","3":"status-publish","4":"has-post-thumbnail","6":"product_cat-zubehor-achsmessgerate-de","7":"product_tag-anhanger-de","8":"product_tag-buses-de","9":"product_tag-tracked-vehicles-de","10":"product_tag-agricultural-machines-de","11":"product_tag-trucks-de","12":"product_tag-motorbikes-de","13":"product_tag-scooter-de","14":"product_tag-passenger-cars-de","15":"product_tag-quad-bikes-de","16":"product_tag-light-commercial-de","17":"product_tag-motor-homes-de","19":"first","20":"instock","21":"shipping-taxable","22":"product-type-simple"},"approvals":[],"application":[],"brb_media_brochure":"","brb_media_drawing":"","brb_media_manuals":"","brb_media_safety_datasheets":"","brb_media_spare_parts":[],"_cdmm_p_id":"504271","_company":"VSG","_gtin":"5063084701893","accessories":[{"id":157387,"mpn":"VSG.PC500.701909","name":"PC-Kit","description":"8 GB, mit Windows 10 Lizenz","thumbnail":"https:\/\/dev.codekraft.it\/ravaglioli.it\/wp-content\/uploads\/brb_media\/00527954_wheel-aligners-accessories-vsgpc500701909-mi-150x150.png","url":"https:\/\/dev.codekraft.it\/ravaglioli.it\/de\/product\/pc-kit-2\/"}],"components":[],"delivery":[],"package":[],"related":[],"similar":[],"page_logo_src":"https:\/\/dev.codekraft.it\/ravaglioli.it\/wp-content\/uploads\/2026\/04\/rav-negative-logo-1.png","lang":"de","translations":{"de":157381,"en":157380,"fr":157382,"it":157383,"es":157384,"ru":157385},"pll_sync_post":[],"_links":{"self":[{"href":"https:\/\/dev.codekraft.it\/ravaglioli.it\/wp-json\/wp\/v2\/product\/157381","targetHints":{"allow":["GET"]}}],"collection":[{"href":"https:\/\/dev.codekraft.it\/ravaglioli.it\/wp-json\/wp\/v2\/product"}],"about":[{"href":"https:\/\/dev.codekraft.it\/ravaglioli.it\/wp-json\/wp\/v2\/types\/product"}],"wp:featuredmedia":[{"embeddable":true,"href":"https:\/\/dev.codekraft.it\/ravaglioli.it\/wp-json\/wp\/v2\/media\/148918"}],"wp:attachment":[{"href":"https:\/\/dev.codekraft.it\/ravaglioli.it\/wp-json\/wp\/v2\/media?parent=157381"}],"wp:term":[{"taxonomy":"product_brand","embeddable":true,"href":"https:\/\/dev.codekraft.it\/ravaglioli.it\/wp-json\/wp\/v2\/product_brand?post=157381"},{"taxonomy":"product_cat","embeddable":true,"href":"https:\/\/dev.codekraft.it\/ravaglioli.it\/wp-json\/wp\/v2\/product_cat?post=157381"},{"taxonomy":"product_tag","embeddable":true,"href":"https:\/\/dev.codekraft.it\/ravaglioli.it\/wp-json\/wp\/v2\/product_tag?post=157381"},{"taxonomy":"product_approvals","embeddable":true,"href":"https:\/\/dev.codekraft.it\/ravaglioli.it\/wp-json\/wp\/v2\/product_approvals?post=157381"},{"taxonomy":"product_application","embeddable":true,"href":"https:\/\/dev.codekraft.it\/ravaglioli.it\/wp-json\/wp\/v2\/product_application?post=157381"}],"curies":[{"name":"wp","href":"https:\/\/api.w.org\/{rel}","templated":true}]}}