{"id":157302,"date":"2025-10-30T14:31:05","date_gmt":"2025-10-30T14:31:05","guid":{"rendered":"https:\/\/dev.codekraft.it\/ravaglioli.it\/product\/ccd-achsmessgerat-ravtd-8060p-twsr-4\/"},"modified":"2025-10-30T14:31:05","modified_gmt":"2025-10-30T14:31:05","slug":"ccd-achsmessgerat-ravtd-8060p-twsr-4","status":"publish","type":"product","link":"https:\/\/dev.codekraft.it\/ravaglioli.it\/de\/product\/ccd-achsmessgerat-ravtd-8060p-twsr-4\/","title":{"rendered":"CCD-Achsmessger\u00e4t RAVTD 8060P TWSR.4"},"content":{"rendered":"<p>Mit CCD-Sensoren ausgestattete Achsmessger\u00e4te, Daten\u00fcbertragung \u00fcber Bluetooth und Stromversorgung durch schnell aufladbare Batterien. Der Fahrwagen gestattet dank des v\u00f6lligen Fehlens von Kabeln eine umfassende Mobilit\u00e4t zwischen mehreren Arbeitspl\u00e4tzen.<\/p>\n<ul>\n<li>Eco Cabinet: Fahrwagen aus Materialien mit geringer Umweltbelastung<\/li>\n<li>\u00dcbertragbarkeit ohne Kompromisse: Die neuen leichten und kompakten CCD-Sensoren bieten ein H\u00f6chstma\u00df an Bedienkomfort<\/li>\n<li>Intelligente Technologie: Software mit verbesserten Grafiken, intuitiver Benutzeroberfl\u00e4che, Animationen und Einstellungshilfen f\u00fcr schnelles und effektives Arbeiten<\/li>\n<\/ul>\n<ul>\n<li>Die mit einer Tastatur ausgestatteten Sensoren bieten eine einfache und intuitive Fernbedienung, ohne dass ein Zugang zu einem PC oder einem anderen Ger\u00e4t erforderlich ist.<\/li>\n<li>Die Schnellladestationen f\u00fcr die Sensoren befinden sich an den Fahrwagenseiten, wodurch sie leicht zug\u00e4nglich und einfach zu verwenden sind.<\/li>\n<li>Die Konsole mit Fahrgestell enth\u00e4lt den Computer, den Drucker und den Bildschirm.<\/li>\n<li>Infrarot\u00fcbertragung zwischen den Sensoren; auch bei kritischen Lichtverh\u00e4ltnissen effizient.<\/li>\n<li>Praktisches Aufbewahrungsfach f\u00fcr Radklemmen und Zubeh\u00f6r.<\/li>\n<li>Die 3 LEDs an den Sensoren zeigen dem Bediener deutlich an, wenn die Winkel innerhalb der vorgegebenen Werte liegen. Die neuen Sensoren erm\u00f6glichen Winkelmessungen von bis zu 18 Metern.<\/li>\n<li>Bluetooth-\u00dcbertragung zwischen CCD-Sensoren und PC-Konsole.<\/li>\n<li>Datenverwaltungs- und Visualisierungsprogramm in Microsoft Windows-Umgebung.<\/li>\n<li>Internationale Datenbank mit technischen Daten der Fahrzeuge und M\u00f6glichkeit der Erstellung einer Kundendatenbank zum Speichern der Protokolle.<\/li>\n<li>Erm\u00f6glicht die schnelle und einfache Vermessung von Fahrzeugen mit mehreren Achsen. Das Verfahren ist gef\u00fchrt und leicht zu befolgen, auch f\u00fcr weniger erfahrene Bediener.<\/li>\n<\/ul>\n<ul>\n<li>R-Ausf\u00fchrung: die schnellste L\u00f6sung f\u00fcr tiefergelegte Fahrzeuge. Tiefergesetzte Sensoren, ideal f\u00fcr Lastwagen und Busse\u00a0<\/li>\n<li>Durch das Movie-Programm wird die Erfassungsphase dank animierter 3D-Grafiken, die den Bediener durch den gesamten Ablauf f\u00fchren, vereinfacht.<\/li>\n<\/ul>\n","protected":false},"excerpt":{"rendered":"<p>6-CCD-Achsvermessung f\u00fcr Lkw, mit tiefergesetzten Sensoren | inkl. 4-Punkt-Radklammern, geschlossenem Fahrwagen, Drehtellern und 22\u2033-LCD-Display | Blau (RAL 5005) | 1 x 230 V \/ 50 &#8211; 60 Hz<\/p>\n","protected":false},"featured_media":148500,"template":"","meta":[],"product_brand":[],"product_cat":[57864],"product_tag":[63075,58374,58357,58340],"product_approvals":[],"product_application":[],"class_list":{"0":"post-157302","1":"product","2":"type-product","3":"status-publish","4":"has-post-thumbnail","6":"product_cat-achsmessgerate-de","7":"product_tag-anhanger-de","8":"product_tag-buses-de","9":"product_tag-trucks-de","10":"product_tag-motor-homes-de","12":"first","13":"instock","14":"shipping-taxable","15":"product-type-simple"},"approvals":[],"application":[],"brb_media_brochure":[{"id":157228,"url":"https:\/\/dev.codekraft.it\/ravaglioli.it\/wp-content\/uploads\/brb_media\/00528195_wheel-aligner-ravtd8080-8060-br-de-2024-04-screen.pdf","title":"wheel aligner ravtd8080 8060 br de 2024 04 screen","mpn":"","thumbnail":"https:\/\/dev.codekraft.it\/ravaglioli.it\/wp-content\/uploads\/brb_media\/00528195_wheel-aligner-ravtd8080-8060-br-de-2024-04-screen-pdf-106x150.png","description":""},{"id":157229,"url":"https:\/\/dev.codekraft.it\/ravaglioli.it\/wp-content\/uploads\/brb_media\/00528196_wheel-aligner-ravtd8080-8060-br-en-2024-04-screen.pdf","title":"wheel aligner ravtd8080 8060 br en 2024 04 screen","mpn":"","thumbnail":"https:\/\/dev.codekraft.it\/ravaglioli.it\/wp-content\/uploads\/brb_media\/00528196_wheel-aligner-ravtd8080-8060-br-en-2024-04-screen-pdf-106x150.png","description":""},{"id":157230,"url":"https:\/\/dev.codekraft.it\/ravaglioli.it\/wp-content\/uploads\/brb_media\/00528197_wheel-aligner-ravtd8080-8060-br-fr-2024-04-screen.pdf","title":"wheel aligner ravtd8080 8060 br fr 2024 04 screen","mpn":"","thumbnail":"https:\/\/dev.codekraft.it\/ravaglioli.it\/wp-content\/uploads\/brb_media\/00528197_wheel-aligner-ravtd8080-8060-br-fr-2024-04-screen-pdf-106x150.png","description":""},{"id":157231,"url":"https:\/\/dev.codekraft.it\/ravaglioli.it\/wp-content\/uploads\/brb_media\/00528198_wheel-aligner-ravtd8080-8060-br-it-2024-04-screen.pdf","title":"wheel aligner ravtd8080 8060 br it 2024 04 screen","mpn":"","thumbnail":"https:\/\/dev.codekraft.it\/ravaglioli.it\/wp-content\/uploads\/brb_media\/00528198_wheel-aligner-ravtd8080-8060-br-it-2024-04-screen-pdf-106x150.png","description":""},{"id":157232,"url":"https:\/\/dev.codekraft.it\/ravaglioli.it\/wp-content\/uploads\/brb_media\/00528199_wheel-aligner-ravtd8080-8060-br-es-2024-04-screen.pdf","title":"wheel aligner ravtd8080 8060 br es 2024 04 screen","mpn":"","thumbnail":"https:\/\/dev.codekraft.it\/ravaglioli.it\/wp-content\/uploads\/brb_media\/00528199_wheel-aligner-ravtd8080-8060-br-es-2024-04-screen-pdf-106x150.png","description":""},{"id":157233,"url":"https:\/\/dev.codekraft.it\/ravaglioli.it\/wp-content\/uploads\/brb_media\/00528200_wheel-aligner-ravtd8080-8060-br-ru-2024-04-screen.pdf","title":"wheel aligner ravtd8080 8060 br ru 2024 04 screen","mpn":"","thumbnail":"https:\/\/dev.codekraft.it\/ravaglioli.it\/wp-content\/uploads\/brb_media\/00528200_wheel-aligner-ravtd8080-8060-br-ru-2024-04-screen-pdf-106x150.png","description":""},{"id":157296,"url":"https:\/\/dev.codekraft.it\/ravaglioli.it\/wp-content\/uploads\/brb_media\/00528369_wheel-aligner-ccd-accessories-ravtd8060-de-screen.pdf","title":"wheel aligner ccd accessories ravtd8060 de screen","mpn":"","thumbnail":"https:\/\/dev.codekraft.it\/ravaglioli.it\/wp-content\/uploads\/brb_media\/00528369_wheel-aligner-ccd-accessories-ravtd8060-de-screen-pdf-106x150.png","description":""},{"id":157297,"url":"https:\/\/dev.codekraft.it\/ravaglioli.it\/wp-content\/uploads\/brb_media\/00528370_wheel-aligner-ccd-accessories-ravtd8060-en-screen.pdf","title":"wheel aligner ccd accessories ravtd8060 en screen","mpn":"","thumbnail":"https:\/\/dev.codekraft.it\/ravaglioli.it\/wp-content\/uploads\/brb_media\/00528370_wheel-aligner-ccd-accessories-ravtd8060-en-screen-pdf-106x150.png","description":""},{"id":157298,"url":"https:\/\/dev.codekraft.it\/ravaglioli.it\/wp-content\/uploads\/brb_media\/00528371_wheel-aligner-ccd-accessories-ravtd8060-fr-screen.pdf","title":"wheel aligner ccd accessories ravtd8060 fr screen","mpn":"","thumbnail":"https:\/\/dev.codekraft.it\/ravaglioli.it\/wp-content\/uploads\/brb_media\/00528371_wheel-aligner-ccd-accessories-ravtd8060-fr-screen-pdf-106x150.png","description":""},{"id":157299,"url":"https:\/\/dev.codekraft.it\/ravaglioli.it\/wp-content\/uploads\/brb_media\/00528372_wheel-aligner-ccd-accessories-ravtd8060-it-screen.pdf","title":"wheel aligner ccd accessories ravtd8060 it screen","mpn":"","thumbnail":"https:\/\/dev.codekraft.it\/ravaglioli.it\/wp-content\/uploads\/brb_media\/00528372_wheel-aligner-ccd-accessories-ravtd8060-it-screen-pdf-106x150.png","description":""},{"id":157300,"url":"https:\/\/dev.codekraft.it\/ravaglioli.it\/wp-content\/uploads\/brb_media\/00528373_wheel-aligner-ccd-accessories-ravtd8060-es-screen.pdf","title":"wheel aligner ccd accessories ravtd8060 es screen","mpn":"","thumbnail":"https:\/\/dev.codekraft.it\/ravaglioli.it\/wp-content\/uploads\/brb_media\/00528373_wheel-aligner-ccd-accessories-ravtd8060-es-screen-pdf-106x150.png","description":""},{"id":157301,"url":"https:\/\/dev.codekraft.it\/ravaglioli.it\/wp-content\/uploads\/brb_media\/00528374_wheel-aligner-ccd-accessories-ravtd8060-ru-screen.pdf","title":"wheel aligner ccd accessories ravtd8060 ru screen","mpn":"","thumbnail":"https:\/\/dev.codekraft.it\/ravaglioli.it\/wp-content\/uploads\/brb_media\/00528374_wheel-aligner-ccd-accessories-ravtd8060-ru-screen-pdf-106x150.png","description":""}],"brb_media_drawing":"","brb_media_manuals":[{"id":157240,"url":"https:\/\/dev.codekraft.it\/ravaglioli.it\/wp-content\/uploads\/brb_media\/00539875_wheel-aligner-ravtd808-ravtd806-rotsp808-rotsp806-spaart98-spaart86-im-2015-m362-00_vsg_00_rev00_multi-2024-04.pdf","title":"Wheel Aligner RAVTD808 RAVTD806 ROTSP808 ROTSP806 SPAART98 SPAART86 IM 2015 M362 00 VSG 00 rev00 multi 2024 04","mpn":"","thumbnail":"https:\/\/dev.codekraft.it\/ravaglioli.it\/wp-content\/uploads\/brb_media\/00539875_wheel-aligner-ravtd808-ravtd806-rotsp808-rotsp806-spaart98-spaart86-im-2015-m362-00_vsg_00_rev00_multi-2024-04-pdf-106x150.png","description":""}],"brb_media_safety_datasheets":"","brb_media_spare_parts":[],"_cdmm_p_id":"504037","_company":"Ravaglioli","_gtin":"5063084700339","accessories":[{"id":155223,"mpn":"STDA92","name":"Radklammern Lkw | 3-Punkt | Reifen-\u00d8 890 &#8211; 1290 mm","description":"Spezielle Lkw-Schnellspannhalter zur Vermeidung von Kompensationen, mit Nabenansatz | 1 Satz \/ 2 St\u00fcck","thumbnail":"https:\/\/dev.codekraft.it\/ravaglioli.it\/wp-content\/uploads\/brb_media\/00528305_wheel-aligners-stda92-mi-01-150x150.png","url":"https:\/\/dev.codekraft.it\/ravaglioli.it\/de\/product\/radklammern-lkw-3-punkt-reifen-o-890-1290-mm\/"},{"id":153473,"mpn":"STDA92A1","name":"Distanzh\u00fclsen 200 mm","description":"F\u00fcr Lkw-Radklammern STDA92 | 1 Satz \/ 6 St\u00fcck","thumbnail":"https:\/\/dev.codekraft.it\/ravaglioli.it\/wp-content\/uploads\/brb_media\/00528329_wheel-aligner-stda92a1-mi-150x150.png","url":"https:\/\/dev.codekraft.it\/ravaglioli.it\/de\/product\/distanzhulsen-200-mm-2\/"},{"id":153617,"mpn":"STDA55","name":"Schnellradspanner STDA55","description":"zur Aufr\u00fcstung von 4-Punkt-Haltern STDA30E auf die STDA48E | inkl. Metallfinger | Reifen-\u00d8 780 - 1220 mm| 1 Satz \/ 2 St\u00fcck","thumbnail":"https:\/\/dev.codekraft.it\/ravaglioli.it\/wp-content\/uploads\/brb_media\/00528325_wheel-aligner-stda55-mi-150x150.png","url":"https:\/\/dev.codekraft.it\/ravaglioli.it\/de\/product\/schnellradspanner-stda55\/"},{"id":154868,"mpn":"STDA23\/BTH","name":"Niveau- und H\u00f6henstandsmessger\u00e4t","description":"Niveau- und H\u00f6henstandsmessung (Option)","thumbnail":"https:\/\/dev.codekraft.it\/ravaglioli.it\/wp-content\/uploads\/brb_media\/00528316_wheel-aligner-stda23-bth-mi-150x150.png","url":"https:\/\/dev.codekraft.it\/ravaglioli.it\/de\/product\/niveau-und-hohenstandsmessgerat\/"},{"id":153263,"mpn":"STDA44L","name":"Winkelmesser f\u00fcr Lkw-Drehteller STDA29L","description":"Zubeh\u00f6r f\u00fcr Achsmessger\u00e4te | 1 Satz \/ 2 St\u00fcck","thumbnail":"https:\/\/dev.codekraft.it\/ravaglioli.it\/wp-content\/uploads\/brb_media\/00528323_wheel-aligner-stda44l-mi-150x150.png","url":"https:\/\/dev.codekraft.it\/ravaglioli.it\/de\/product\/winkelmesser-fur-lkw-drehteller-stda29l\/"},{"id":155647,"mpn":"STDA49N","name":"Hilfsrahmen zur Anh\u00e4nger-Vermessung","description":"","thumbnail":"https:\/\/dev.codekraft.it\/ravaglioli.it\/wp-content\/uploads\/brb_media\/00528324_wheel-aligner-stda49n-mi-150x150.png","url":"https:\/\/dev.codekraft.it\/ravaglioli.it\/de\/product\/hilfsrahmen-zur-anhanger-vermessung\/"},{"id":153527,"mpn":"STDA163","name":"Kalibriervorrichtung Standard | WS und WD Serie","description":"Nur f\u00fcr WS und WD Serie, ersetzt STDA14","thumbnail":"https:\/\/dev.codekraft.it\/ravaglioli.it\/wp-content\/uploads\/brb_media\/00513153_wheel-aligner-stda163-mi-150x150.png","url":"https:\/\/dev.codekraft.it\/ravaglioli.it\/de\/product\/kalibriervorrichtung-standard-ws-und-wd-serie\/"},{"id":152605,"mpn":"STDA142","name":"Kit access point f\u00fcr Nutzung der Fernbedienungs-App","description":"WLAN-Zugangspunkt","thumbnail":"https:\/\/dev.codekraft.it\/ravaglioli.it\/wp-content\/uploads\/brb_media\/00528338_wheel-aligner-stda142-mi-150x150.png","url":"https:\/\/dev.codekraft.it\/ravaglioli.it\/de\/product\/kit-access-point-fur-nutzung-der-fernbedienungs-app\/"},{"id":155722,"mpn":"TEq-Link","name":"Software f\u00fcr Werkstattkonnektivit\u00e4t TEq-Link","description":"Software zum Anschluss von Ger\u00e4ten in der Werkstatt und zur \u00dcberwachung ihrer Nutzung, zur Verwaltung der vorbeugenden Wartung, zum Versand von Berichten per E-Mail und vieles mehr.","thumbnail":"https:\/\/dev.codekraft.it\/ravaglioli.it\/wp-content\/uploads\/brb_media\/00409445_teq-link-logo-01-mi-150x150.png","url":"https:\/\/dev.codekraft.it\/ravaglioli.it\/de\/product\/software-fur-werkstattkonnektivitat-teq-link\/"},{"id":154874,"mpn":"STDA141","name":"Token Aligner Connect","description":"Fernanzeige auf ein mobiles Ger\u00e4t | f\u00fcr Tablet- und Smartphone-App","thumbnail":"https:\/\/dev.codekraft.it\/ravaglioli.it\/wp-content\/uploads\/brb_media\/00528337_wheel-aligner-stda141-mi-150x150.png","url":"https:\/\/dev.codekraft.it\/ravaglioli.it\/de\/product\/token-aligner-connect-2\/"},{"id":153563,"mpn":"STDAWISHBONE","name":"Token","description":"Anwendungsfreigabe f\u00fcr die Einstellung der Doppelquerlenker-Radaufh\u00e4ngung \u201eDouble Wishbone\u201d","thumbnail":"https:\/\/dev.codekraft.it\/ravaglioli.it\/wp-content\/uploads\/brb_media\/00528351_wheel-aligner-stdawishbone-mi-150x150.png","url":"https:\/\/dev.codekraft.it\/ravaglioli.it\/de\/product\/token-2\/"},{"id":155309,"mpn":"STDA159","name":"Pkw-Kit f\u00fcr Achsmessger\u00e4te","description":"Kit f\u00fcr die Umstellung des 6-Sensor CCD Lkw-Achsmessger\u00e4ts zu einem Pkw-Achsmessger\u00e4t","thumbnail":"https:\/\/dev.codekraft.it\/ravaglioli.it\/wp-content\/uploads\/brb_media\/00489168_wheel-aligner-acc-stda159-back-mi-150x150.png","url":"https:\/\/dev.codekraft.it\/ravaglioli.it\/de\/product\/pkw-kit-fur-achsmessgerate\/"},{"id":155677,"mpn":"STDAShoot","name":"Token","description":"Virtueller Schl\u00fcssel f\u00fcr die Konsultation der Online-Datenbank \u00fcber KBA-Abfrage | inkl. 200 Abfragen","thumbnail":"https:\/\/dev.codekraft.it\/ravaglioli.it\/wp-content\/uploads\/brb_media\/00510471_wheel-aligners-shootgo-mi-150x150.png","url":"https:\/\/dev.codekraft.it\/ravaglioli.it\/de\/product\/token-16\/"},{"id":154898,"mpn":"STDAS200","name":"Datenbankabfrage-Guthaben Shoot &amp; Go 200","description":"Guthaben-Paket f\u00fcr die Konsultationen der Online-Datenbank \u00fcber KBA-Abfrage | 200 Abfragen","thumbnail":"https:\/\/dev.codekraft.it\/ravaglioli.it\/wp-content\/uploads\/brb_media\/00510471_wheel-aligners-shootgo-mi-150x150.png","url":"https:\/\/dev.codekraft.it\/ravaglioli.it\/de\/product\/datenbankabfrage-guthaben-shoot-go-200\/"},{"id":155235,"mpn":"STDAS500","name":"Datenbankabfrage-Guthaben Shoot &amp; Go 500","description":"Guthaben-Paket f\u00fcr die Konsultationen der Online-Datenbank \u00fcber KBA-Abfrage | 500 Abfragen","thumbnail":"https:\/\/dev.codekraft.it\/ravaglioli.it\/wp-content\/uploads\/brb_media\/00510471_wheel-aligners-shootgo-mi-150x150.png","url":"https:\/\/dev.codekraft.it\/ravaglioli.it\/de\/product\/datenbankabfrage-guthaben-shoot-go-500\/"},{"id":157416,"mpn":"STDAS350","name":"Datenbankabfrage-Guthaben Shoot &amp; Go 350","description":"Guthaben-Paket f\u00fcr die Konsultationen der Online-Datenbank \u00fcber KBA-Abfrage | 350 Abfragen","thumbnail":"https:\/\/dev.codekraft.it\/ravaglioli.it\/wp-content\/uploads\/brb_media\/00510471_wheel-aligners-shootgo-mi-150x150.png","url":"https:\/\/dev.codekraft.it\/ravaglioli.it\/de\/product\/datenbankabfrage-guthaben-shoot-go-350\/"}],"components":[],"delivery":[{"id":155199,"mpn":"STDA30E","name":"Radklammern Lkw | 4-Punkt | Felgen-\u00d8 12 &#8211; 28\u2033, Reifen-\u00d8 min. 700 mm","description":"Selbstzentrierende 4-Punkt-Schnellspannhalter, beweglicher Ansatz | inkl. langer entfernbarer Klauen | 1 Satz \/ 2 St\u00fcck","thumbnail":"https:\/\/dev.codekraft.it\/ravaglioli.it\/wp-content\/uploads\/brb_media\/00528314_wheel-aligner-stda30e-mi-150x150.png","url":"https:\/\/dev.codekraft.it\/ravaglioli.it\/de\/product\/radklammern-lkw-4-punkt-felgen-o-12-28%e2%80%b3-reifen-o-min-700-mm\/"},{"id":155193,"mpn":"STDA29L","name":"Drehteller f\u00fcr Lkw","description":"Tragf\u00e4higkeit 2 x 4500 kg | 1 Satz \/ 2 St\u00fcck","thumbnail":"https:\/\/dev.codekraft.it\/ravaglioli.it\/wp-content\/uploads\/brb_media\/00528311_wheel-aligners-stda29l-mi-150x150.png","url":"https:\/\/dev.codekraft.it\/ravaglioli.it\/de\/product\/drehteller-fur-lkw\/"},{"id":155758,"mpn":"STDA158","name":"Wi-Fi-Antenne","description":"Wheelalignment-On, inkl. USB-Stick","thumbnail":"https:\/\/dev.codekraft.it\/ravaglioli.it\/wp-content\/uploads\/brb_media\/00528348_wheel-aligner-stda158-mi-150x150.png","url":"https:\/\/dev.codekraft.it\/ravaglioli.it\/de\/product\/wi-fi-antenne-2\/"},{"id":155746,"mpn":"STDA161","name":"Lenkradfeststeller","description":"Aus Kunststoff, mit rutschhemmendem Gummischutz f\u00fcr Lenkrad und Sitz","thumbnail":"https:\/\/dev.codekraft.it\/ravaglioli.it\/wp-content\/uploads\/brb_media\/00509908_wheel-aligner-stda161-mi-150x150.png","url":"https:\/\/dev.codekraft.it\/ravaglioli.it\/de\/product\/lenkradfeststeller\/"},{"id":155752,"mpn":"10479","name":"Bremspedalfeststeller","description":"","thumbnail":"https:\/\/dev.codekraft.it\/ravaglioli.it\/wp-content\/uploads\/brb_media\/00509913_wheel-aligner-10479-mi-150x150.png","url":"https:\/\/dev.codekraft.it\/ravaglioli.it\/de\/product\/bremspedalfeststeller\/"}],"package":[],"related":[],"similar":[{"id":157308,"mpn":"RAV.TD806.700261","name":"CCD-Achsmessger\u00e4t RAVTD 8060P TWS.4","description":"6-CCD-Achsvermessung f\u00fcr Lkw, mit Standard-Sensoren | inkl. 4-Punkt-Radklammern, geschlossenem Fahrwagen, Drehtellern und 22\u2033-LCD-Display | Blau (RAL 5005) | 1 x 230 V \/ 50 - 60 Hz","thumbnail":"https:\/\/dev.codekraft.it\/ravaglioli.it\/wp-content\/uploads\/brb_media\/00523991_wheel-aligner-ravtd8060ptws-side-mi-150x150.png","url":"https:\/\/dev.codekraft.it\/ravaglioli.it\/de\/product\/ccd-achsmessgerat-ravtd-8060p-tws-4\/"},{"id":157314,"mpn":"RAV.TD806.700469","name":"CCD-Achsmessger\u00e4t RAVTD 8060P TWSR.3","description":"6-CCD-Achsvermessung f\u00fcr Lkw, mit tiefergesetzten Sensoren | inkl. 3-Punkt-Radklammern, geschlossenem Fahrwagen, Drehtellern und 22\u2033-LCD-Display | Blau (RAL 5005) | 1 x 230 V \/ 50 - 60 Hz","thumbnail":"https:\/\/dev.codekraft.it\/ravaglioli.it\/wp-content\/uploads\/brb_media\/00523788_wheel-aligner-ravtd8060ptwsr-side-mi-150x150.png","url":"https:\/\/dev.codekraft.it\/ravaglioli.it\/de\/product\/ccd-achsmessgerat-ravtd-8060p-twsr-3\/"},{"id":157320,"mpn":"RAV.TD806.700438","name":"CCD-Achsmessger\u00e4t RAVTD 8060P TWS.3","description":"6-CCD-Achsvermessung f\u00fcr Lkw, mit Standard-Sensoren | inkl. 3-Punkt-Radklammern, geschlossenem Fahrwagen, Drehtellern und 22\u2033-LCD-Display | Blau (RAL 5005) | 1 x 230 V \/ 50 - 60 Hz","thumbnail":"https:\/\/dev.codekraft.it\/ravaglioli.it\/wp-content\/uploads\/brb_media\/00523991_wheel-aligner-ravtd8060ptws-side-mi-150x150.png","url":"https:\/\/dev.codekraft.it\/ravaglioli.it\/de\/product\/ccd-achsmessgerat-ravtd-8060p-tws-3\/"},{"id":157329,"mpn":"RAV.TD806.700568","name":"CCD-Achsmessger\u00e4t RAVTD 8060P TWSR.3 (grau)","description":"6-CCD-Achsvermessung f\u00fcr Lkw, mit tiefergesetzten Sensoren | inkl. 3-Punkt-Radklammern, geschlossenem Fahrwagen, Drehtellern und 22\u2033-LCD-Display | Grau (RAL 7040) | 1 x 230 V \/ 50 - 60 Hz","thumbnail":"https:\/\/dev.codekraft.it\/ravaglioli.it\/wp-content\/uploads\/brb_media\/00536585_wheel-aligner-ravtd8060ptwsr-side-mi-ral7040-150x150.png","url":"https:\/\/dev.codekraft.it\/ravaglioli.it\/de\/product\/ccd-achsmessgerat-ravtd-8060p-twsr-3-grau\/"},{"id":157337,"mpn":"RAV.TD806.700575","name":"CCD-Achsmessger\u00e4t RAVTD 8060P TWS.3 (grau)","description":"6-CCD-Achsvermessung f\u00fcr Lkw, mit Standard-Sensoren | inkl. 3-Punkt-Radklammern, geschlossenem Fahrwagen, Drehtellern und 22\u2033-LCD-Display | Grau (RAL 7040) | 1 x 230 V \/ 50 - 60 Hz","thumbnail":"https:\/\/dev.codekraft.it\/ravaglioli.it\/wp-content\/uploads\/brb_media\/00536583_wheel-aligner-ravtd8060ptws-side-mi-ral7040-150x150.png","url":"https:\/\/dev.codekraft.it\/ravaglioli.it\/de\/product\/ccd-achsmessgerat-ravtd-8060p-tws-3-grau\/"},{"id":157343,"mpn":"RAV.TD806.700520","name":"CCD-Achsmessger\u00e4t RAVTD 8060P TWSR.4 (grau)","description":"6-CCD-Achsvermessung f\u00fcr Lkw, mit tiefergesetzten Sensoren | inkl. 4-Punkt-Radklammern, geschlossenem Fahrwagen, Drehtellern und 22\u2033-LCD-Display | Grau (RAL 7040) | 1 x 230 V \/ 50 - 60 Hz","thumbnail":"https:\/\/dev.codekraft.it\/ravaglioli.it\/wp-content\/uploads\/brb_media\/00536585_wheel-aligner-ravtd8060ptwsr-side-mi-ral7040-150x150.png","url":"https:\/\/dev.codekraft.it\/ravaglioli.it\/de\/product\/ccd-achsmessgerat-ravtd-8060p-twsr-4-grau\/"},{"id":157349,"mpn":"RAV.TD806.700537","name":"CCD-Achsmessger\u00e4t RAVTD 8060P TWS.4 (grau)","description":"6-CCD-Achsvermessung f\u00fcr Lkw, mit Standard-Sensoren | inkl. 4-Punkt-Radklammern, geschlossenem Fahrwagen, Drehtellern und 22\u2033-LCD-Display | Grau (RAL 7040) | 1 x 230 V \/ 50 - 60 Hz","thumbnail":"https:\/\/dev.codekraft.it\/ravaglioli.it\/wp-content\/uploads\/brb_media\/00536583_wheel-aligner-ravtd8060ptws-side-mi-ral7040-150x150.png","url":"https:\/\/dev.codekraft.it\/ravaglioli.it\/de\/product\/ccd-achsmessgerat-ravtd-8060p-tws-4-grau\/"}],"page_logo_src":"https:\/\/dev.codekraft.it\/ravaglioli.it\/wp-content\/uploads\/2026\/04\/rav-negative-logo-1.png","lang":"de","translations":{"de":157302,"en":157295,"fr":157303,"it":157304,"es":157305,"ru":157306},"pll_sync_post":[],"_links":{"self":[{"href":"https:\/\/dev.codekraft.it\/ravaglioli.it\/wp-json\/wp\/v2\/product\/157302","targetHints":{"allow":["GET"]}}],"collection":[{"href":"https:\/\/dev.codekraft.it\/ravaglioli.it\/wp-json\/wp\/v2\/product"}],"about":[{"href":"https:\/\/dev.codekraft.it\/ravaglioli.it\/wp-json\/wp\/v2\/types\/product"}],"wp:featuredmedia":[{"embeddable":true,"href":"https:\/\/dev.codekraft.it\/ravaglioli.it\/wp-json\/wp\/v2\/media\/148500"}],"wp:attachment":[{"href":"https:\/\/dev.codekraft.it\/ravaglioli.it\/wp-json\/wp\/v2\/media?parent=157302"}],"wp:term":[{"taxonomy":"product_brand","embeddable":true,"href":"https:\/\/dev.codekraft.it\/ravaglioli.it\/wp-json\/wp\/v2\/product_brand?post=157302"},{"taxonomy":"product_cat","embeddable":true,"href":"https:\/\/dev.codekraft.it\/ravaglioli.it\/wp-json\/wp\/v2\/product_cat?post=157302"},{"taxonomy":"product_tag","embeddable":true,"href":"https:\/\/dev.codekraft.it\/ravaglioli.it\/wp-json\/wp\/v2\/product_tag?post=157302"},{"taxonomy":"product_approvals","embeddable":true,"href":"https:\/\/dev.codekraft.it\/ravaglioli.it\/wp-json\/wp\/v2\/product_approvals?post=157302"},{"taxonomy":"product_application","embeddable":true,"href":"https:\/\/dev.codekraft.it\/ravaglioli.it\/wp-json\/wp\/v2\/product_application?post=157302"}],"curies":[{"name":"wp","href":"https:\/\/api.w.org\/{rel}","templated":true}]}}