{"id":157111,"date":"2025-02-11T14:53:31","date_gmt":"2025-02-11T14:53:31","guid":{"rendered":"https:\/\/dev.codekraft.it\/ravaglioli.it\/product\/carga-sistema-a-a-rav-yucon-t700-2\/"},"modified":"2025-02-11T14:53:31","modified_gmt":"2025-02-11T14:53:31","slug":"carga-sistema-a-a-rav-yucon-t700-2","status":"publish","type":"product","link":"https:\/\/dev.codekraft.it\/ravaglioli.it\/es\/product\/carga-sistema-a-a-rav-yucon-t700-2\/","title":{"rendered":"Carga sistema A\/A Rav Yucon T700"},"content":{"rendered":"<p>A Cool Breeze in Your Workshop<\/p>\n<p>Yucon\u00a0es una estaci\u00f3n totalmente autom\u00e1tica para recuperar, reciclar y recargar los gases refrigerantes de los sistemas de aire acondicionado de los autom\u00f3viles.<\/p>\n<ul>\n<li>Facilidad de uso optimizada: armario ergon\u00f3mico con cuatro ruedas e interfaz de usuario multit\u00e1ctil con pantalla de 7\u2033 integrada<\/li>\n<li>Control al alcance de la mano: gesti\u00f3n c\u00f3moda de todas las operaciones desde la aplicaci\u00f3n DIGITiQ AirCon<\/li>\n<li>Operaciones siempre bien visibles: indicador LED para comprobar el estado de carga<\/li>\n<\/ul>\n<ul>\n<li>\u00ab2 gas ready\u00bb: La estaci\u00f3n puede trabajar tanto con el gas refrigerante R-134a como con el R-1234yf de \u00faltima generaci\u00f3n. En el momento de la instalaci\u00f3n, el sistema solicita al operario que indique el gas con el que debe trabajar la estaci\u00f3n. Utilizando un kit de adaptaci\u00f3n (opcional) es posible cambiar a la otra configuraci\u00f3n.<\/li>\n<li>Compatible con los \u00faltimos gases refrigerantes R-456a y R-444a.<\/li>\n<li>Una avanzada conectividad Wi-Fi permite a la m\u00e1quina actualizarse autom\u00e1ticamente, recibir asistencia remota y conectarse a otros dispositivos, como impresoras o smartphones.<\/li>\n<li>La estaci\u00f3n est\u00e1 equipada con dos c\u00e9lulas de carga para pesar el refrigerante durante las operaciones de recuperaci\u00f3n\/reciclaje y recarga, as\u00ed como la cantidad de aceite retirada del veh\u00edculo durante la operaci\u00f3n de recuperaci\u00f3n\/reciclaje del refrigerante.<\/li>\n<li>Interfaz gr\u00e1fica de gran detalle para permitir un manejo m\u00e1s f\u00e1cil e intuitivo. Disponible en versiones &#8216;light&#8217; y &#8216;dark&#8217;, en funci\u00f3n de las necesidades del operador.<\/li>\n<\/ul>\n<ul>\n<li>Panel trasero para proteger la botella y el compresor.<\/li>\n<li>Pantalla multit\u00e1ctil en color de 7 pulgadas integrada.<\/li>\n<li>Tira indicadora LED para conocer al instante el estado de la carga.<\/li>\n<li>Dos man\u00f3metros anal\u00f3gicos.<\/li>\n<li>Armario ergon\u00f3mica de acero\/metal equipado con dos ruedas traseras de grandes dimensiones que proporcionan estabilidad durante el uso.<\/li>\n<li>App DIGITiQ AirCon: El operador puede supervisar f\u00e1cilmente y desde cualquier lugar del taller todas las actividades a trav\u00e9s de su smartphone o tableta con la aplicaci\u00f3n DIGITiQ AirCon.<\/li>\n<\/ul>\n","protected":false},"excerpt":{"rendered":"<p>2 gas ready &#8211; preparado para gas refrigerante 134a, convertible a 1234yf, tambi\u00e9n compatible con refrigerantes R-456a y R-444a | incl. pantalla t\u00e1ctil 7\u2033, pantalla LED para conocer al instante el estado y monitorizaci\u00f3n de actividad con la app DIGITiQ AirCon<\/p>\n","protected":false},"featured_media":147994,"template":"","meta":[],"product_brand":[],"product_cat":[58070],"product_tag":[],"product_approvals":[],"product_application":[],"class_list":{"0":"post-157111","1":"product","2":"type-product","3":"status-publish","4":"has-post-thumbnail","6":"product_cat-carga-sistemas-a-a-es","8":"first","9":"instock","10":"shipping-taxable","11":"product-type-simple"},"approvals":[],"application":[],"brb_media_brochure":[{"id":157096,"url":"https:\/\/dev.codekraft.it\/ravaglioli.it\/wp-content\/uploads\/brb_media\/00535523_air-conditioning-yucon-br-de-2024-11-screen.pdf","title":"air conditioning yucon br de 2024 11 screen","mpn":"","thumbnail":"https:\/\/dev.codekraft.it\/ravaglioli.it\/wp-content\/uploads\/brb_media\/00535523_air-conditioning-yucon-br-de-2024-11-screen-pdf-106x150.png","description":""},{"id":157097,"url":"https:\/\/dev.codekraft.it\/ravaglioli.it\/wp-content\/uploads\/brb_media\/00535524_air-conditioning-yucon-br-en-2024-11-screen.pdf","title":"air conditioning yucon br en 2024 11 screen","mpn":"","thumbnail":"https:\/\/dev.codekraft.it\/ravaglioli.it\/wp-content\/uploads\/brb_media\/00535524_air-conditioning-yucon-br-en-2024-11-screen-pdf-106x150.png","description":""},{"id":157098,"url":"https:\/\/dev.codekraft.it\/ravaglioli.it\/wp-content\/uploads\/brb_media\/00535525_air-conditioning-yucon-br-fr-2024-11-screen.pdf","title":"air conditioning yucon br fr 2024 11 screen","mpn":"","thumbnail":"https:\/\/dev.codekraft.it\/ravaglioli.it\/wp-content\/uploads\/brb_media\/00535525_air-conditioning-yucon-br-fr-2024-11-screen-pdf-106x150.png","description":""},{"id":157099,"url":"https:\/\/dev.codekraft.it\/ravaglioli.it\/wp-content\/uploads\/brb_media\/00535526_air-conditioning-yucon-br-it-2024-11-screen.pdf","title":"air conditioning yucon br it 2024 11 screen","mpn":"","thumbnail":"https:\/\/dev.codekraft.it\/ravaglioli.it\/wp-content\/uploads\/brb_media\/00535526_air-conditioning-yucon-br-it-2024-11-screen-pdf-106x150.png","description":""},{"id":157100,"url":"https:\/\/dev.codekraft.it\/ravaglioli.it\/wp-content\/uploads\/brb_media\/00535527_air-conditioning-yucon-br-es-2024-11-screen.pdf","title":"air conditioning yucon br es 2024 11 screen","mpn":"","thumbnail":"https:\/\/dev.codekraft.it\/ravaglioli.it\/wp-content\/uploads\/brb_media\/00535527_air-conditioning-yucon-br-es-2024-11-screen-pdf-106x150.png","description":""},{"id":157101,"url":"https:\/\/dev.codekraft.it\/ravaglioli.it\/wp-content\/uploads\/brb_media\/00535528_air-conditioning-yucon-br-ru-2024-11-screen.pdf","title":"air conditioning yucon br ru 2024 11 screen","mpn":"","thumbnail":"https:\/\/dev.codekraft.it\/ravaglioli.it\/wp-content\/uploads\/brb_media\/00535528_air-conditioning-yucon-br-ru-2024-11-screen-pdf-106x150.png","description":""}],"brb_media_drawing":"","brb_media_manuals":[{"id":148003,"url":"https:\/\/dev.codekraft.it\/ravaglioli.it\/wp-content\/uploads\/brb_media\/00523741_air-conditioning-rav-yucon-t700-quick-guide-multi-2024-02.pdf","title":"Air Conditioning RAV Yucon T700 Quick Guide multi 2024 02","mpn":"","thumbnail":"https:\/\/dev.codekraft.it\/ravaglioli.it\/wp-content\/uploads\/brb_media\/00523741_air-conditioning-rav-yucon-t700-quick-guide-multi-2024-02-pdf-110x150.png","description":""},{"id":148004,"url":"https:\/\/dev.codekraft.it\/ravaglioli.it\/wp-content\/uploads\/brb_media\/00523734_air-conditioning-rav-yucon-t700-check-kit-multi-2024-02.pdf","title":"Air Conditioning RAV Yucon T700 Check kit multi 2024 02","mpn":"","thumbnail":"https:\/\/dev.codekraft.it\/ravaglioli.it\/wp-content\/uploads\/brb_media\/00523734_air-conditioning-rav-yucon-t700-check-kit-multi-2024-02-pdf-107x150.png","description":""},{"id":148005,"url":"https:\/\/dev.codekraft.it\/ravaglioli.it\/wp-content\/uploads\/brb_media\/00523740_air-conditioning-rav-yucon-t700-printer-installation-multi-2024-02.pdf","title":"Air Conditioning RAV Yucon T700 Printer installation multi 2024 02","mpn":"","thumbnail":"https:\/\/dev.codekraft.it\/ravaglioli.it\/wp-content\/uploads\/brb_media\/00523740_air-conditioning-rav-yucon-t700-printer-installation-multi-2024-02-pdf-107x150.png","description":""},{"id":148006,"url":"https:\/\/dev.codekraft.it\/ravaglioli.it\/wp-content\/uploads\/brb_media\/00523735_air-conditioning-rav-yucon-t700-om-de-2024-02.pdf","title":"Air Conditioning RAV Yucon T700 OM de 2024 02","mpn":"","thumbnail":"https:\/\/dev.codekraft.it\/ravaglioli.it\/wp-content\/uploads\/brb_media\/00523735_air-conditioning-rav-yucon-t700-om-de-2024-02-pdf-106x150.png","description":""},{"id":148007,"url":"https:\/\/dev.codekraft.it\/ravaglioli.it\/wp-content\/uploads\/brb_media\/00523736_air-conditioning-rav-yucon-t700-om-en-2024-02.pdf","title":"Air Conditioning RAV Yucon T700 OM en 2024 02","mpn":"","thumbnail":"https:\/\/dev.codekraft.it\/ravaglioli.it\/wp-content\/uploads\/brb_media\/00523736_air-conditioning-rav-yucon-t700-om-en-2024-02-pdf-106x150.png","description":""},{"id":148008,"url":"https:\/\/dev.codekraft.it\/ravaglioli.it\/wp-content\/uploads\/brb_media\/00523738_air-conditioning-rav-yucon-t700-om-fr-2024-02.pdf","title":"Air Conditioning RAV Yucon T700 OM fr 2024 02","mpn":"","thumbnail":"https:\/\/dev.codekraft.it\/ravaglioli.it\/wp-content\/uploads\/brb_media\/00523738_air-conditioning-rav-yucon-t700-om-fr-2024-02-pdf-106x150.png","description":""},{"id":148009,"url":"https:\/\/dev.codekraft.it\/ravaglioli.it\/wp-content\/uploads\/brb_media\/00523739_air-conditioning-rav-yucon-t700-om-it-2024-02.pdf","title":"Air Conditioning RAV Yucon T700 OM it 2024 02","mpn":"","thumbnail":"https:\/\/dev.codekraft.it\/ravaglioli.it\/wp-content\/uploads\/brb_media\/00523739_air-conditioning-rav-yucon-t700-om-it-2024-02-pdf-106x150.png","description":""},{"id":148010,"url":"https:\/\/dev.codekraft.it\/ravaglioli.it\/wp-content\/uploads\/brb_media\/00523737_air-conditioning-rav-yucon-t700-om-es-2024-02.pdf","title":"Air Conditioning RAV Yucon T700 OM es 2024 02","mpn":"","thumbnail":"https:\/\/dev.codekraft.it\/ravaglioli.it\/wp-content\/uploads\/brb_media\/00523737_air-conditioning-rav-yucon-t700-om-es-2024-02-pdf-106x150.png","description":""}],"brb_media_safety_datasheets":"","brb_media_spare_parts":[],"_cdmm_p_id":"503998","_company":"Ravaglioli","_gtin":"5063084701657","accessories":[{"id":157057,"mpn":"VSG.AC4YF.701701","name":"Kit de adaptaci\u00f3n","description":"Para gas refrigerante R1234yf","thumbnail":"https:\/\/dev.codekraft.it\/ravaglioli.it\/wp-content\/uploads\/brb_media\/00523818_air-conditioning-vsgac4yf701701-mi-150x150.png","url":"https:\/\/dev.codekraft.it\/ravaglioli.it\/es\/product\/kit-de-adaptacion\/"},{"id":157063,"mpn":"VSG.AC34A.701694","name":"Kit de adaptaci\u00f3n","description":"Para gas refrigerante R134a","thumbnail":"https:\/\/dev.codekraft.it\/ravaglioli.it\/wp-content\/uploads\/brb_media\/00523819_air-conditioning-vsgac34a701695-mi-150x150.png","url":"https:\/\/dev.codekraft.it\/ravaglioli.it\/es\/product\/kit-de-adaptacion-2\/"},{"id":157069,"mpn":"VSG.ACALL.701718","name":"Kit de purga","description":"Para sistemas de aire acondicionado del veh\u00edculo | incl. dep\u00f3sito para separar los contaminantes del circuito","thumbnail":"https:\/\/dev.codekraft.it\/ravaglioli.it\/wp-content\/uploads\/brb_media\/00523820-150x150.png","url":"https:\/\/dev.codekraft.it\/ravaglioli.it\/es\/product\/kit-de-purga\/"},{"id":157075,"mpn":"VSG.ACALL.701725","name":"Mangueras prolongador","description":"3 m","thumbnail":"https:\/\/dev.codekraft.it\/ravaglioli.it\/wp-content\/uploads\/brb_media\/00523821_air-conditioning-vsgacall701725-mi-150x150.png","url":"https:\/\/dev.codekraft.it\/ravaglioli.it\/es\/product\/mangueras-prolongador\/"},{"id":157081,"mpn":"VSG.ACALL.701732","name":"Impresora t\u00e9rmica","description":"Para proporcionar informaci\u00f3n detallada de todas las actividades llevadas a cabo por la estaci\u00f3n de aire acondicionado","thumbnail":"https:\/\/dev.codekraft.it\/ravaglioli.it\/wp-content\/uploads\/brb_media\/00523822_air-conditioning-vsgacall701732-mi-150x150.png","url":"https:\/\/dev.codekraft.it\/ravaglioli.it\/es\/product\/impresora-termica\/"},{"id":157087,"mpn":"VSG.ACALL.701749","name":"Kit de identificaci\u00f3n de refrigerante","description":"R134a o R1234yf","thumbnail":"https:\/\/dev.codekraft.it\/ravaglioli.it\/wp-content\/uploads\/brb_media\/00523823_air-conditioning-vsgacall701749-mi-150x150.png","url":"https:\/\/dev.codekraft.it\/ravaglioli.it\/es\/product\/kit-de-identificacion-de-refrigerante\/"},{"id":157093,"mpn":"VSG.ACALL.701756","name":"Kit de eficiencia","description":"Para sistemas  de aire acondicionado","thumbnail":"https:\/\/dev.codekraft.it\/ravaglioli.it\/wp-content\/uploads\/brb_media\/00523824_air-conditioning-vsgacall701756-mi-150x150.png","url":"https:\/\/dev.codekraft.it\/ravaglioli.it\/es\/product\/kit-de-eficiencia\/"}],"components":[],"delivery":[],"package":[],"related":[],"similar":[{"id":157105,"mpn":"RAV.Y34YF.701664","name":"Carga sistema A\/A Rav Yucon T700","description":"2 gas ready - preparado para gas refrigerante 1234yf, convertible a 134a, tambi\u00e9n compatible con refrigerantes R-456a y R-444a | incl. pantalla t\u00e1ctil 7\u2033, pantalla LED para conocer al instante el estado y monitorizaci\u00f3n de actividad con la app DIGITiQ AirCon","thumbnail":"https:\/\/dev.codekraft.it\/ravaglioli.it\/wp-content\/uploads\/brb_media\/00523724_air-conditioning-yucon-t700-mi-01-150x150.png","url":"https:\/\/dev.codekraft.it\/ravaglioli.it\/es\/product\/carga-sistema-a-a-rav-yucon-t700\/"}],"page_logo_src":"https:\/\/dev.codekraft.it\/ravaglioli.it\/wp-content\/uploads\/2026\/04\/rav-negative-logo-1.png","lang":"es","translations":{"es":157111,"en":157107,"de":157108,"fr":157109,"it":157110,"ru":157112},"pll_sync_post":[],"_links":{"self":[{"href":"https:\/\/dev.codekraft.it\/ravaglioli.it\/wp-json\/wp\/v2\/product\/157111","targetHints":{"allow":["GET"]}}],"collection":[{"href":"https:\/\/dev.codekraft.it\/ravaglioli.it\/wp-json\/wp\/v2\/product"}],"about":[{"href":"https:\/\/dev.codekraft.it\/ravaglioli.it\/wp-json\/wp\/v2\/types\/product"}],"wp:featuredmedia":[{"embeddable":true,"href":"https:\/\/dev.codekraft.it\/ravaglioli.it\/wp-json\/wp\/v2\/media\/147994"}],"wp:attachment":[{"href":"https:\/\/dev.codekraft.it\/ravaglioli.it\/wp-json\/wp\/v2\/media?parent=157111"}],"wp:term":[{"taxonomy":"product_brand","embeddable":true,"href":"https:\/\/dev.codekraft.it\/ravaglioli.it\/wp-json\/wp\/v2\/product_brand?post=157111"},{"taxonomy":"product_cat","embeddable":true,"href":"https:\/\/dev.codekraft.it\/ravaglioli.it\/wp-json\/wp\/v2\/product_cat?post=157111"},{"taxonomy":"product_tag","embeddable":true,"href":"https:\/\/dev.codekraft.it\/ravaglioli.it\/wp-json\/wp\/v2\/product_tag?post=157111"},{"taxonomy":"product_approvals","embeddable":true,"href":"https:\/\/dev.codekraft.it\/ravaglioli.it\/wp-json\/wp\/v2\/product_approvals?post=157111"},{"taxonomy":"product_application","embeddable":true,"href":"https:\/\/dev.codekraft.it\/ravaglioli.it\/wp-json\/wp\/v2\/product_application?post=157111"}],"curies":[{"name":"wp","href":"https:\/\/api.w.org\/{rel}","templated":true}]}}