{"id":157108,"date":"2025-02-11T14:50:16","date_gmt":"2025-02-11T14:50:16","guid":{"rendered":"https:\/\/dev.codekraft.it\/ravaglioli.it\/product\/klimaservicegerat-rav-yucon-t700-2\/"},"modified":"2025-02-11T14:50:16","modified_gmt":"2025-02-11T14:50:16","slug":"klimaservicegerat-rav-yucon-t700-2","status":"publish","type":"product","link":"https:\/\/dev.codekraft.it\/ravaglioli.it\/de\/product\/klimaservicegerat-rav-yucon-t700-2\/","title":{"rendered":"Klimaserviceger\u00e4t Rav Yucon T700"},"content":{"rendered":"<p>A Cool Breeze in Your Workshop<\/p>\n<p>Yucon ist eine vollst\u00e4ndig automatisch arbeitende Wartungsstation f\u00fcr das Auffangen, Recyceln und Wiedereinf\u00fcllen von K\u00e4ltegasen von Kfz-Klimaanlagen.<\/p>\n<ul>\n<li>Optimierte Anwendung: ergonomisches Geh\u00e4use mit vier R\u00e4dern und integrierter 7\u2033-Multitouch-Bedieneroberfl\u00e4che<\/li>\n<li>Unmittelbare Kontrolle: Alle Vorg\u00e4nge k\u00f6nnen bequem mit der App DIGITiQ AirCon verwaltet und \u00fcberwacht werden<\/li>\n<li>\u00dcbersichtliche Gestaltung: LED-Anzeige zur \u00dcberwachung des Status<\/li>\n<\/ul>\n<ul>\n<li>\u201e2 gas ready\u201d: Die Station erm\u00f6glicht die Handhabung sowohl des K\u00e4ltegases R-134a als auch der K\u00e4ltegase der neuesten Generation R-1234yf. Bei der Installation wird der Bediener gefragt, f\u00fcr welches K\u00e4ltegas die Station vorbereitet werden soll. Der Wechsel zur anderen Konfiguration ist mit einem hierzu vorgesehenen Umr\u00fcstungs-Kit (optional) m\u00f6glich.<\/li>\n<li>Kompatibel mit den neuesten K\u00e4ltegasen R-456a und R-444a.<\/li>\n<li>Fortschrittlichste Wi-Fi Konnektivit\u00e4t erm\u00f6glicht die automatische Aktualisierung des Ger\u00e4ts, die Fernwartung und die Verbindung mit anderen Ger\u00e4ten, z.B. Drucker oder Smartphones.<\/li>\n<li>Die Station verf\u00fcgt \u00fcber zwei Wiegezellen zur Erfassung vom Gewicht des K\u00e4ltemittels w\u00e4hrend des Auffangens\/Recycelns und Wiedereinf\u00fcllens als auch zur Ermittlung der Menge an \u00d6l, das beim Auffangen\/Recyceln des K\u00e4ltemittels aus dem Fahrzeug entfernt wird.<\/li>\n<li>Grafische Bedieneroberfl\u00e4che mit klugem, detailliertem Aufbau, um die Vorg\u00e4nge einfacher und intuitiver ausf\u00fchren zu k\u00f6nnen. Je nach Pr\u00e4ferenz sowohl in der Version Light als auch in der Version Dark erh\u00e4ltlich.<\/li>\n<\/ul>\n<ul>\n<li>R\u00fcckseitiges Paneel zum Schutz der Gasflasche und des Kompressors.<\/li>\n<li>Integriertes 7\u2033-Multitouch-Farbdisplay.<\/li>\n<li>LED-Balkenanzeige zur Echtzeit-\u00dcberwachung des Status.<\/li>\n<li>Zwei analoge Manometer.<\/li>\n<li>Ergonomisches Geh\u00e4use aus Stahl\/Metall mit zwei gr\u00f6\u00dferen Hinterr\u00e4dern, die w\u00e4hrend des Gebrauchs Stabilit\u00e4t verleihen.<\/li>\n<li>App DIGITiQ AirCon: Alle Vorg\u00e4nge k\u00f6nnen mit der App DIGITiQ AirCon auf dem Smartphone oder Tablet von jeder beliebigen Stelle der Werkstatt aus \u00fcberwacht werden, sodass der Bediener gleichzeitig andere Aktivit\u00e4ten ausf\u00fchren kann.<\/li>\n<\/ul>\n","protected":false},"excerpt":{"rendered":"<p>2 gas ready &#8211; vorger\u00fcstet f\u00fcr K\u00e4ltemittelgas 134a, umr\u00fcstbar auf 1234yf, kompatibel auch mit den K\u00e4ltemitteln R-456a und R-444a | inkl. 7\u2033-Touchscreen, LED-Balkenanzeige zur Echtzeit-Kontrolle und Aktivit\u00e4ts\u00fcberwachung mit DIGITiQ AirCon App<\/p>\n","protected":false},"featured_media":147994,"template":"","meta":[],"product_brand":[],"product_cat":[58040],"product_tag":[],"product_approvals":[],"product_application":[],"class_list":{"0":"post-157108","1":"product","2":"type-product","3":"status-publish","4":"has-post-thumbnail","6":"product_cat-klimaservicegerate-de","8":"first","9":"instock","10":"shipping-taxable","11":"product-type-simple"},"approvals":[],"application":[],"brb_media_brochure":[{"id":157096,"url":"https:\/\/dev.codekraft.it\/ravaglioli.it\/wp-content\/uploads\/brb_media\/00535523_air-conditioning-yucon-br-de-2024-11-screen.pdf","title":"air conditioning yucon br de 2024 11 screen","mpn":"","thumbnail":"https:\/\/dev.codekraft.it\/ravaglioli.it\/wp-content\/uploads\/brb_media\/00535523_air-conditioning-yucon-br-de-2024-11-screen-pdf-106x150.png","description":""},{"id":157097,"url":"https:\/\/dev.codekraft.it\/ravaglioli.it\/wp-content\/uploads\/brb_media\/00535524_air-conditioning-yucon-br-en-2024-11-screen.pdf","title":"air conditioning yucon br en 2024 11 screen","mpn":"","thumbnail":"https:\/\/dev.codekraft.it\/ravaglioli.it\/wp-content\/uploads\/brb_media\/00535524_air-conditioning-yucon-br-en-2024-11-screen-pdf-106x150.png","description":""},{"id":157098,"url":"https:\/\/dev.codekraft.it\/ravaglioli.it\/wp-content\/uploads\/brb_media\/00535525_air-conditioning-yucon-br-fr-2024-11-screen.pdf","title":"air conditioning yucon br fr 2024 11 screen","mpn":"","thumbnail":"https:\/\/dev.codekraft.it\/ravaglioli.it\/wp-content\/uploads\/brb_media\/00535525_air-conditioning-yucon-br-fr-2024-11-screen-pdf-106x150.png","description":""},{"id":157099,"url":"https:\/\/dev.codekraft.it\/ravaglioli.it\/wp-content\/uploads\/brb_media\/00535526_air-conditioning-yucon-br-it-2024-11-screen.pdf","title":"air conditioning yucon br it 2024 11 screen","mpn":"","thumbnail":"https:\/\/dev.codekraft.it\/ravaglioli.it\/wp-content\/uploads\/brb_media\/00535526_air-conditioning-yucon-br-it-2024-11-screen-pdf-106x150.png","description":""},{"id":157100,"url":"https:\/\/dev.codekraft.it\/ravaglioli.it\/wp-content\/uploads\/brb_media\/00535527_air-conditioning-yucon-br-es-2024-11-screen.pdf","title":"air conditioning yucon br es 2024 11 screen","mpn":"","thumbnail":"https:\/\/dev.codekraft.it\/ravaglioli.it\/wp-content\/uploads\/brb_media\/00535527_air-conditioning-yucon-br-es-2024-11-screen-pdf-106x150.png","description":""},{"id":157101,"url":"https:\/\/dev.codekraft.it\/ravaglioli.it\/wp-content\/uploads\/brb_media\/00535528_air-conditioning-yucon-br-ru-2024-11-screen.pdf","title":"air conditioning yucon br ru 2024 11 screen","mpn":"","thumbnail":"https:\/\/dev.codekraft.it\/ravaglioli.it\/wp-content\/uploads\/brb_media\/00535528_air-conditioning-yucon-br-ru-2024-11-screen-pdf-106x150.png","description":""}],"brb_media_drawing":"","brb_media_manuals":[{"id":148003,"url":"https:\/\/dev.codekraft.it\/ravaglioli.it\/wp-content\/uploads\/brb_media\/00523741_air-conditioning-rav-yucon-t700-quick-guide-multi-2024-02.pdf","title":"Air Conditioning RAV Yucon T700 Quick Guide multi 2024 02","mpn":"","thumbnail":"https:\/\/dev.codekraft.it\/ravaglioli.it\/wp-content\/uploads\/brb_media\/00523741_air-conditioning-rav-yucon-t700-quick-guide-multi-2024-02-pdf-110x150.png","description":""},{"id":148004,"url":"https:\/\/dev.codekraft.it\/ravaglioli.it\/wp-content\/uploads\/brb_media\/00523734_air-conditioning-rav-yucon-t700-check-kit-multi-2024-02.pdf","title":"Air Conditioning RAV Yucon T700 Check kit multi 2024 02","mpn":"","thumbnail":"https:\/\/dev.codekraft.it\/ravaglioli.it\/wp-content\/uploads\/brb_media\/00523734_air-conditioning-rav-yucon-t700-check-kit-multi-2024-02-pdf-107x150.png","description":""},{"id":148005,"url":"https:\/\/dev.codekraft.it\/ravaglioli.it\/wp-content\/uploads\/brb_media\/00523740_air-conditioning-rav-yucon-t700-printer-installation-multi-2024-02.pdf","title":"Air Conditioning RAV Yucon T700 Printer installation multi 2024 02","mpn":"","thumbnail":"https:\/\/dev.codekraft.it\/ravaglioli.it\/wp-content\/uploads\/brb_media\/00523740_air-conditioning-rav-yucon-t700-printer-installation-multi-2024-02-pdf-107x150.png","description":""},{"id":148006,"url":"https:\/\/dev.codekraft.it\/ravaglioli.it\/wp-content\/uploads\/brb_media\/00523735_air-conditioning-rav-yucon-t700-om-de-2024-02.pdf","title":"Air Conditioning RAV Yucon T700 OM de 2024 02","mpn":"","thumbnail":"https:\/\/dev.codekraft.it\/ravaglioli.it\/wp-content\/uploads\/brb_media\/00523735_air-conditioning-rav-yucon-t700-om-de-2024-02-pdf-106x150.png","description":""},{"id":148007,"url":"https:\/\/dev.codekraft.it\/ravaglioli.it\/wp-content\/uploads\/brb_media\/00523736_air-conditioning-rav-yucon-t700-om-en-2024-02.pdf","title":"Air Conditioning RAV Yucon T700 OM en 2024 02","mpn":"","thumbnail":"https:\/\/dev.codekraft.it\/ravaglioli.it\/wp-content\/uploads\/brb_media\/00523736_air-conditioning-rav-yucon-t700-om-en-2024-02-pdf-106x150.png","description":""},{"id":148008,"url":"https:\/\/dev.codekraft.it\/ravaglioli.it\/wp-content\/uploads\/brb_media\/00523738_air-conditioning-rav-yucon-t700-om-fr-2024-02.pdf","title":"Air Conditioning RAV Yucon T700 OM fr 2024 02","mpn":"","thumbnail":"https:\/\/dev.codekraft.it\/ravaglioli.it\/wp-content\/uploads\/brb_media\/00523738_air-conditioning-rav-yucon-t700-om-fr-2024-02-pdf-106x150.png","description":""},{"id":148009,"url":"https:\/\/dev.codekraft.it\/ravaglioli.it\/wp-content\/uploads\/brb_media\/00523739_air-conditioning-rav-yucon-t700-om-it-2024-02.pdf","title":"Air Conditioning RAV Yucon T700 OM it 2024 02","mpn":"","thumbnail":"https:\/\/dev.codekraft.it\/ravaglioli.it\/wp-content\/uploads\/brb_media\/00523739_air-conditioning-rav-yucon-t700-om-it-2024-02-pdf-106x150.png","description":""},{"id":148010,"url":"https:\/\/dev.codekraft.it\/ravaglioli.it\/wp-content\/uploads\/brb_media\/00523737_air-conditioning-rav-yucon-t700-om-es-2024-02.pdf","title":"Air Conditioning RAV Yucon T700 OM es 2024 02","mpn":"","thumbnail":"https:\/\/dev.codekraft.it\/ravaglioli.it\/wp-content\/uploads\/brb_media\/00523737_air-conditioning-rav-yucon-t700-om-es-2024-02-pdf-106x150.png","description":""}],"brb_media_safety_datasheets":"","brb_media_spare_parts":[],"_cdmm_p_id":"503998","_company":"Ravaglioli","_gtin":"5063084701657","accessories":[{"id":157054,"mpn":"VSG.AC4YF.701701","name":"Umr\u00fcstungs-Kit","description":"F\u00fcr K\u00e4ltegas R1234yf","thumbnail":"https:\/\/dev.codekraft.it\/ravaglioli.it\/wp-content\/uploads\/brb_media\/00523818_air-conditioning-vsgac4yf701701-mi-150x150.png","url":"https:\/\/dev.codekraft.it\/ravaglioli.it\/de\/product\/umrustungs-kit\/"},{"id":157060,"mpn":"VSG.AC34A.701694","name":"Umr\u00fcstungs-Kit","description":"F\u00fcr K\u00e4ltegas R134a","thumbnail":"https:\/\/dev.codekraft.it\/ravaglioli.it\/wp-content\/uploads\/brb_media\/00523819_air-conditioning-vsgac34a701695-mi-150x150.png","url":"https:\/\/dev.codekraft.it\/ravaglioli.it\/de\/product\/umrustungs-kit-2\/"},{"id":157066,"mpn":"VSG.ACALL.701718","name":"Sp\u00fclkit","description":"F\u00fcr Fahrzeug-Klimaanlagen | inkl. Beh\u00e4lter zur Abscheidung von Verunreinigungen","thumbnail":"https:\/\/dev.codekraft.it\/ravaglioli.it\/wp-content\/uploads\/brb_media\/00523820-150x150.png","url":"https:\/\/dev.codekraft.it\/ravaglioli.it\/de\/product\/spulkit\/"},{"id":157072,"mpn":"VSG.ACALL.701725","name":"Verl\u00e4ngerungsschl\u00e4uche","description":"3 m","thumbnail":"https:\/\/dev.codekraft.it\/ravaglioli.it\/wp-content\/uploads\/brb_media\/00523821_air-conditioning-vsgacall701725-mi-150x150.png","url":"https:\/\/dev.codekraft.it\/ravaglioli.it\/de\/product\/verlangerungsschlauche\/"},{"id":157078,"mpn":"VSG.ACALL.701732","name":"Thermodrucker","description":"F\u00fcr den Ausdruck eines detaillierten Berichts aller ausgef\u00fchrten Vorg\u00e4nge","thumbnail":"https:\/\/dev.codekraft.it\/ravaglioli.it\/wp-content\/uploads\/brb_media\/00523822_air-conditioning-vsgacall701732-mi-150x150.png","url":"https:\/\/dev.codekraft.it\/ravaglioli.it\/de\/product\/thermodrucker\/"},{"id":157084,"mpn":"VSG.ACALL.701749","name":"K\u00e4ltemittelerkennungs-Kit","description":"R134a oder R1234yf","thumbnail":"https:\/\/dev.codekraft.it\/ravaglioli.it\/wp-content\/uploads\/brb_media\/00523823_air-conditioning-vsgacall701749-mi-150x150.png","url":"https:\/\/dev.codekraft.it\/ravaglioli.it\/de\/product\/kaltemittelerkennungs-kit\/"},{"id":157090,"mpn":"VSG.ACALL.701756","name":"Effizienzkontroll-Kit","description":"F\u00fcr Klimaanlagensysteme","thumbnail":"https:\/\/dev.codekraft.it\/ravaglioli.it\/wp-content\/uploads\/brb_media\/00523824_air-conditioning-vsgacall701756-mi-150x150.png","url":"https:\/\/dev.codekraft.it\/ravaglioli.it\/de\/product\/effizienzkontroll-kit\/"}],"components":[],"delivery":[],"package":[],"related":[],"similar":[{"id":157102,"mpn":"RAV.Y34YF.701664","name":"Klimaserviceger\u00e4t Rav Yucon T700","description":"2 gas ready - vorger\u00fcstet f\u00fcr K\u00e4ltemittelgas 1234yf, umr\u00fcstbar auf 134a, kompatibel auch mit den K\u00e4ltemitteln R-456a und R-444a | inkl. 7\u2033-Touchscreen, LED-Balkenanzeige zur Echtzeit-Kontrolle und Aktivit\u00e4ts\u00fcberwachung mit DIGITiQ AirCon App","thumbnail":"https:\/\/dev.codekraft.it\/ravaglioli.it\/wp-content\/uploads\/brb_media\/00523724_air-conditioning-yucon-t700-mi-01-150x150.png","url":"https:\/\/dev.codekraft.it\/ravaglioli.it\/de\/product\/klimaservicegerat-rav-yucon-t700\/"}],"page_logo_src":"https:\/\/dev.codekraft.it\/ravaglioli.it\/wp-content\/uploads\/2026\/04\/rav-negative-logo-1.png","lang":"de","translations":{"de":157108,"en":157107,"fr":157109,"it":157110,"es":157111,"ru":157112},"pll_sync_post":[],"_links":{"self":[{"href":"https:\/\/dev.codekraft.it\/ravaglioli.it\/wp-json\/wp\/v2\/product\/157108","targetHints":{"allow":["GET"]}}],"collection":[{"href":"https:\/\/dev.codekraft.it\/ravaglioli.it\/wp-json\/wp\/v2\/product"}],"about":[{"href":"https:\/\/dev.codekraft.it\/ravaglioli.it\/wp-json\/wp\/v2\/types\/product"}],"wp:featuredmedia":[{"embeddable":true,"href":"https:\/\/dev.codekraft.it\/ravaglioli.it\/wp-json\/wp\/v2\/media\/147994"}],"wp:attachment":[{"href":"https:\/\/dev.codekraft.it\/ravaglioli.it\/wp-json\/wp\/v2\/media?parent=157108"}],"wp:term":[{"taxonomy":"product_brand","embeddable":true,"href":"https:\/\/dev.codekraft.it\/ravaglioli.it\/wp-json\/wp\/v2\/product_brand?post=157108"},{"taxonomy":"product_cat","embeddable":true,"href":"https:\/\/dev.codekraft.it\/ravaglioli.it\/wp-json\/wp\/v2\/product_cat?post=157108"},{"taxonomy":"product_tag","embeddable":true,"href":"https:\/\/dev.codekraft.it\/ravaglioli.it\/wp-json\/wp\/v2\/product_tag?post=157108"},{"taxonomy":"product_approvals","embeddable":true,"href":"https:\/\/dev.codekraft.it\/ravaglioli.it\/wp-json\/wp\/v2\/product_approvals?post=157108"},{"taxonomy":"product_application","embeddable":true,"href":"https:\/\/dev.codekraft.it\/ravaglioli.it\/wp-json\/wp\/v2\/product_application?post=157108"}],"curies":[{"name":"wp","href":"https:\/\/api.w.org\/{rel}","templated":true}]}}