{"id":157066,"date":"2025-12-11T10:04:41","date_gmt":"2025-12-11T10:04:41","guid":{"rendered":"https:\/\/dev.codekraft.it\/ravaglioli.it\/product\/spulkit\/"},"modified":"2025-12-11T10:04:41","modified_gmt":"2025-12-11T10:04:41","slug":"spulkit","status":"publish","type":"product","link":"https:\/\/dev.codekraft.it\/ravaglioli.it\/de\/product\/spulkit\/","title":{"rendered":"Sp\u00fclkit"},"content":{"rendered":"","protected":false},"excerpt":{"rendered":"<p>F\u00fcr Fahrzeug-Klimaanlagen | inkl. Beh\u00e4lter zur Abscheidung von Verunreinigungen<\/p>\n","protected":false},"featured_media":148793,"template":"","meta":[],"product_brand":[],"product_cat":[57960],"product_tag":[],"product_approvals":[],"product_application":[],"class_list":{"0":"post-157066","1":"product","2":"type-product","3":"status-publish","4":"has-post-thumbnail","6":"product_cat-zubehor-klimaservicegerate-de","8":"first","9":"instock","10":"shipping-taxable","11":"product-type-simple"},"approvals":[],"application":[],"brb_media_brochure":"","brb_media_drawing":"","brb_media_manuals":"","brb_media_safety_datasheets":"","brb_media_spare_parts":[],"_cdmm_p_id":"503991","_company":"VSG","_gtin":"5063084701718","accessories":[],"components":[],"delivery":[],"package":[],"related":[],"similar":[],"page_logo_src":"https:\/\/dev.codekraft.it\/ravaglioli.it\/wp-content\/uploads\/2026\/04\/rav-negative-logo-1.png","lang":"de","translations":{"de":157066,"en":157065,"fr":157067,"it":157068,"es":157069,"ru":157070},"pll_sync_post":[],"_links":{"self":[{"href":"https:\/\/dev.codekraft.it\/ravaglioli.it\/wp-json\/wp\/v2\/product\/157066","targetHints":{"allow":["GET"]}}],"collection":[{"href":"https:\/\/dev.codekraft.it\/ravaglioli.it\/wp-json\/wp\/v2\/product"}],"about":[{"href":"https:\/\/dev.codekraft.it\/ravaglioli.it\/wp-json\/wp\/v2\/types\/product"}],"wp:featuredmedia":[{"embeddable":true,"href":"https:\/\/dev.codekraft.it\/ravaglioli.it\/wp-json\/wp\/v2\/media\/148793"}],"wp:attachment":[{"href":"https:\/\/dev.codekraft.it\/ravaglioli.it\/wp-json\/wp\/v2\/media?parent=157066"}],"wp:term":[{"taxonomy":"product_brand","embeddable":true,"href":"https:\/\/dev.codekraft.it\/ravaglioli.it\/wp-json\/wp\/v2\/product_brand?post=157066"},{"taxonomy":"product_cat","embeddable":true,"href":"https:\/\/dev.codekraft.it\/ravaglioli.it\/wp-json\/wp\/v2\/product_cat?post=157066"},{"taxonomy":"product_tag","embeddable":true,"href":"https:\/\/dev.codekraft.it\/ravaglioli.it\/wp-json\/wp\/v2\/product_tag?post=157066"},{"taxonomy":"product_approvals","embeddable":true,"href":"https:\/\/dev.codekraft.it\/ravaglioli.it\/wp-json\/wp\/v2\/product_approvals?post=157066"},{"taxonomy":"product_application","embeddable":true,"href":"https:\/\/dev.codekraft.it\/ravaglioli.it\/wp-json\/wp\/v2\/product_application?post=157066"}],"curies":[{"name":"wp","href":"https:\/\/api.w.org\/{rel}","templated":true}]}}