{"id":157039,"date":"2025-09-08T09:01:34","date_gmt":"2025-09-08T08:01:34","guid":{"rendered":"https:\/\/dev.codekraft.it\/ravaglioli.it\/product\/medidor-de-la-banda-de-rodadura-ravws102i\/"},"modified":"2025-09-08T09:01:34","modified_gmt":"2025-09-08T08:01:34","slug":"medidor-de-la-banda-de-rodadura-ravws102i","status":"publish","type":"product","link":"https:\/\/dev.codekraft.it\/ravaglioli.it\/es\/product\/medidor-de-la-banda-de-rodadura-ravws102i\/","title":{"rendered":"Medidor de la banda de rodadura RAVWS102I"},"content":{"rendered":"<ul>\n<li>La profundidad de la banda de rodadura se mide de paso y a una velocidad hasta 8 km\/h (5 mph).<\/li>\n<li>Sistema de medici\u00f3n: c\u00e1maras est\u00e9reo y raya l\u00e1ser.<\/li>\n<li>Resultados de medici\u00f3n disponibles en pocos segundos.<\/li>\n<li>Dise\u00f1ado sin partes m\u00f3viles para resistir mejor al ambiente de un taller.<\/li>\n<li>Capacidad m\u00e1xima por eje 4 ton.<\/li>\n<\/ul>\n<ul>\n<li>Profiler es una m\u00e1quina importante para las \u00e1reas de recepci\u00f3n, para mejorar el proceso y ahorrar tiempo &#8211; La banda de rodadura de todas las ruedas se mide muy r\u00e1pido: los resultados ya est\u00e1n disponibles antes de que el conductor salga del veh\u00edculo.\u00a0<\/li>\n<li>No hay necesidad de conexi\u00f3n Internet.<\/li>\n<li>Disponible para instalaci\u00f3n interior o exterior (de todas formas, debajo de un techo).<\/li>\n<\/ul>\n<ul>\n<li>RAVWS102 &#8211; Workshop reception kit:\u00a0Juego Profiler para la conexi\u00f3n del sistema con el PC de gesti\u00f3n del taller o de su recepci\u00f3n<\/li>\n<li>Incluye un panel el\u00e9ctrico con PC<\/li>\n<\/ul>\n<ul>\n<li>TEST RESULT &#8211;\u00a0Dos opciones de visualizaci\u00f3n disponibles: media profundidad central y lateral de la banda o indicaci\u00f3n de valores m\u00e1ximo \/m\u00ednimo.<\/li>\n<li>ZOOM FUNCTION &#8211;\u00a0Funci\u00f3n lupa: Permite seleccionar cada neum\u00e1tico para un an\u00e1lisis m\u00e1s en detalle.<\/li>\n<li>AUTOMATIC TEST MEMORY &#8211;\u00a0El medidor puede ser configurado con la funci\u00f3n automatica del reconocimiento de la matr\u00edcula del veh\u00edculo: el sistema memoriza los datos de la prueba en autom\u00e1tico sin necesidad de la presencia de un tecnico.<\/li>\n<li>VEHICLE DIAGNOSIS &#8211;\u00a0Un consumo an\u00f3malo de los neum\u00e1ticos confirma la necesidad de alinear o analizar las suspensiones del veh\u00edculo.<\/li>\n<li>WEB PAGE VISUALIZATION &#8211;\u00a0Se puede acceder a los resultados de la prueba a trav\u00e9s del programa, pero tambi\u00e9n por p\u00e1gina web desde dispositivo m\u00f3vil tableta as\u00ed como desde cualquier PC presente en el taller.<\/li>\n<\/ul>\n","protected":false},"excerpt":{"rendered":"<p>Versi\u00f3n quick-check, con panel de control montado en la pared, sin monitor, bajo suelo<\/p>\n","protected":false},"featured_media":147843,"template":"","meta":[],"product_brand":[],"product_cat":[58220],"product_tag":[58296],"product_approvals":[],"product_application":[],"class_list":{"0":"post-157039","1":"product","2":"type-product","3":"status-publish","4":"has-post-thumbnail","6":"product_cat-medidores-de-la-banda-de-rodadura-es","7":"product_tag-passenger-cars-es","9":"first","10":"instock","11":"shipping-taxable","12":"product-type-simple"},"approvals":[],"application":[],"brb_media_brochure":[{"id":147820,"url":"https:\/\/dev.codekraft.it\/ravaglioli.it\/wp-content\/uploads\/brb_media\/00522228_tyre-tread-measuring-system-ravws101_102-br-multi-2024-02.pdf","title":"Tyre tread measuring system RAVWS101 102 BR multi 2024 02","mpn":"","thumbnail":"https:\/\/dev.codekraft.it\/ravaglioli.it\/wp-content\/uploads\/brb_media\/00522228_tyre-tread-measuring-system-ravws101_102-br-multi-2024-02-pdf-106x150.png","description":""}],"brb_media_drawing":[{"id":147826,"url":"https:\/\/dev.codekraft.it\/ravaglioli.it\/wp-content\/uploads\/brb_media\/00522229_tyre-tread-measuring-system-ravws101_102-td-251090431-it-2024-02.pdf","title":"Tyre tread measuring system RAVWS101 102 TD 251090431 it 2024 02","mpn":"","thumbnail":"https:\/\/dev.codekraft.it\/ravaglioli.it\/wp-content\/uploads\/brb_media\/00522229_tyre-tread-measuring-system-ravws101_102-td-251090431-it-2024-02-pdf-150x106.png","description":""}],"brb_media_manuals":[{"id":147821,"url":"https:\/\/dev.codekraft.it\/ravaglioli.it\/wp-content\/uploads\/brb_media\/00522213_tyre-tread-measuring-system-ravws101_102-im-2510-m001-04-de-2024-01.pdf","title":"Tyre tread measuring system RAVWS101 102 IM 2510 M001 04 de 2024 01","mpn":"","thumbnail":"https:\/\/dev.codekraft.it\/ravaglioli.it\/wp-content\/uploads\/brb_media\/00522213_tyre-tread-measuring-system-ravws101_102-im-2510-m001-04-de-2024-01-pdf-106x150.png","description":""},{"id":147822,"url":"https:\/\/dev.codekraft.it\/ravaglioli.it\/wp-content\/uploads\/brb_media\/00522214_tyre-tread-measuring-system-ravws101_102-im-2510-m001-04-en-2024-01.pdf","title":"Tyre tread measuring system RAVWS101 102 IM 2510 M001 04 en 2024 01","mpn":"","thumbnail":"https:\/\/dev.codekraft.it\/ravaglioli.it\/wp-content\/uploads\/brb_media\/00522214_tyre-tread-measuring-system-ravws101_102-im-2510-m001-04-en-2024-01-pdf-106x150.png","description":""},{"id":147823,"url":"https:\/\/dev.codekraft.it\/ravaglioli.it\/wp-content\/uploads\/brb_media\/00522216_tyre-tread-measuring-system-ravws101_102-im-2510-m001-04-fr-2024-01.pdf","title":"Tyre tread measuring system RAVWS101 102 IM 2510 M001 04 fr 2024 01","mpn":"","thumbnail":"https:\/\/dev.codekraft.it\/ravaglioli.it\/wp-content\/uploads\/brb_media\/00522216_tyre-tread-measuring-system-ravws101_102-im-2510-m001-04-fr-2024-01-pdf-106x150.png","description":""},{"id":147824,"url":"https:\/\/dev.codekraft.it\/ravaglioli.it\/wp-content\/uploads\/brb_media\/00522217_tyre-tread-measuring-system-ravws101_102-im-2510-m001-04-it-2024-01.pdf","title":"Tyre tread measuring system RAVWS101 102 IM 2510 M001 04 it 2024 01","mpn":"","thumbnail":"https:\/\/dev.codekraft.it\/ravaglioli.it\/wp-content\/uploads\/brb_media\/00522217_tyre-tread-measuring-system-ravws101_102-im-2510-m001-04-it-2024-01-pdf-106x150.png","description":""},{"id":147825,"url":"https:\/\/dev.codekraft.it\/ravaglioli.it\/wp-content\/uploads\/brb_media\/00522215_tyre-tread-measuring-system-ravws101_102-im-2510-m001-04-es-2024-01.pdf","title":"Tyre tread measuring system RAVWS101 102 IM 2510 M001 04 es 2024 01","mpn":"","thumbnail":"https:\/\/dev.codekraft.it\/ravaglioli.it\/wp-content\/uploads\/brb_media\/00522215_tyre-tread-measuring-system-ravws101_102-im-2510-m001-04-es-2024-01-pdf-106x150.png","description":""}],"brb_media_safety_datasheets":"","brb_media_spare_parts":[],"_cdmm_p_id":"503660","_company":"Ravaglioli","_gtin":"4057612819373","accessories":[{"id":152596,"mpn":"SWS102A2","name":"C\u00e1mara","description":"Con reconocimiento autom\u00e1tico de veh\u00edculos y matr\u00edculas, completo de indicador tipo sem\u00e1foro para la gesti\u00f3n del movimiento del veh\u00edculo","thumbnail":"https:\/\/dev.codekraft.it\/ravaglioli.it\/wp-content\/uploads\/brb_media\/00522208_tyre-tread-measuring-system-sws102a2-camera-set-di-150x150.png","url":"https:\/\/dev.codekraft.it\/ravaglioli.it\/es\/product\/camara\/"},{"id":152440,"mpn":"SWS102A3","name":"Indicador tipo sem\u00e1foro","description":"Atado por cable, para la gesti\u00f3n del movimiento del veh\u00edculo","thumbnail":"","url":"https:\/\/dev.codekraft.it\/ravaglioli.it\/es\/product\/indicador-tipo-semaforo\/"},{"id":152737,"mpn":"SWS101PULAUTO","name":"Grupo filtraci\u00f3n aire","description":"","thumbnail":"","url":"https:\/\/dev.codekraft.it\/ravaglioli.it\/es\/product\/grupo-filtracion-aire\/"},{"id":152602,"mpn":"SWS102A2UA","name":"C\u00e1mara","description":"Con reconocimiento autom\u00e1tico de veh\u00edculos y matr\u00edculas (USA-CANAD\u00c1-UAE-CINA)","thumbnail":"https:\/\/dev.codekraft.it\/ravaglioli.it\/wp-content\/uploads\/brb_media\/00506616_sws102a2-150x150.png","url":"https:\/\/dev.codekraft.it\/ravaglioli.it\/es\/product\/camara-2\/"},{"id":152590,"mpn":"SWS101TARATORE","name":"Kit de calibraci\u00f3n","description":"Kit de calibraci\u00f3n para medidor de banda de rodadura","thumbnail":"","url":"https:\/\/dev.codekraft.it\/ravaglioli.it\/es\/product\/kit-de-calibracion\/"},{"id":155725,"mpn":"TEq-Link","name":"Software de conectividad del taller TEq-Link","description":"Software para conectar equipos en el taller y supervisar su uso, gestionar el mantenimiento preventivo, enviar informes por correo electr\u00f3nico y mucho m\u00e1s.","thumbnail":"https:\/\/dev.codekraft.it\/ravaglioli.it\/wp-content\/uploads\/brb_media\/00409445_teq-link-logo-01-mi-150x150.png","url":"https:\/\/dev.codekraft.it\/ravaglioli.it\/es\/product\/software-de-conectividad-del-taller-teq-link\/"},{"id":155761,"mpn":"STDA158","name":"Antena para la conexi\u00f3n Wi-Fi","description":"Wheelalignment-On, incl. llave USB Wi-Fi","thumbnail":"https:\/\/dev.codekraft.it\/ravaglioli.it\/wp-content\/uploads\/brb_media\/00528348_wheel-aligner-stda158-mi-150x150.png","url":"https:\/\/dev.codekraft.it\/ravaglioli.it\/es\/product\/antena-para-la-conexion-wi-fi\/"}],"components":[],"delivery":[],"package":[],"related":[],"similar":[{"id":157027,"mpn":"RAVWS101I","name":"Medidor de la banda de rodadura RAVWS101I","description":"Versi\u00f3n aut\u00f3noma completa, incl. consola, bajo suelo","thumbnail":"https:\/\/dev.codekraft.it\/ravaglioli.it\/wp-content\/uploads\/brb_media\/00522224_tyre-tread-measuring-system-ws101i_102i-mi-02-150x150.png","url":"https:\/\/dev.codekraft.it\/ravaglioli.it\/es\/product\/medidor-de-la-banda-de-rodadura-ravws101i\/"}],"page_logo_src":"https:\/\/dev.codekraft.it\/ravaglioli.it\/wp-content\/uploads\/2026\/04\/rav-negative-logo-1.png","lang":"es","translations":{"es":157039,"en":157035,"de":157036,"fr":157037,"it":157038,"ru":157040},"pll_sync_post":[],"_links":{"self":[{"href":"https:\/\/dev.codekraft.it\/ravaglioli.it\/wp-json\/wp\/v2\/product\/157039","targetHints":{"allow":["GET"]}}],"collection":[{"href":"https:\/\/dev.codekraft.it\/ravaglioli.it\/wp-json\/wp\/v2\/product"}],"about":[{"href":"https:\/\/dev.codekraft.it\/ravaglioli.it\/wp-json\/wp\/v2\/types\/product"}],"wp:featuredmedia":[{"embeddable":true,"href":"https:\/\/dev.codekraft.it\/ravaglioli.it\/wp-json\/wp\/v2\/media\/147843"}],"wp:attachment":[{"href":"https:\/\/dev.codekraft.it\/ravaglioli.it\/wp-json\/wp\/v2\/media?parent=157039"}],"wp:term":[{"taxonomy":"product_brand","embeddable":true,"href":"https:\/\/dev.codekraft.it\/ravaglioli.it\/wp-json\/wp\/v2\/product_brand?post=157039"},{"taxonomy":"product_cat","embeddable":true,"href":"https:\/\/dev.codekraft.it\/ravaglioli.it\/wp-json\/wp\/v2\/product_cat?post=157039"},{"taxonomy":"product_tag","embeddable":true,"href":"https:\/\/dev.codekraft.it\/ravaglioli.it\/wp-json\/wp\/v2\/product_tag?post=157039"},{"taxonomy":"product_approvals","embeddable":true,"href":"https:\/\/dev.codekraft.it\/ravaglioli.it\/wp-json\/wp\/v2\/product_approvals?post=157039"},{"taxonomy":"product_application","embeddable":true,"href":"https:\/\/dev.codekraft.it\/ravaglioli.it\/wp-json\/wp\/v2\/product_application?post=157039"}],"curies":[{"name":"wp","href":"https:\/\/api.w.org\/{rel}","templated":true}]}}