{"id":157036,"date":"2025-09-08T08:40:20","date_gmt":"2025-09-08T07:40:20","guid":{"rendered":"https:\/\/dev.codekraft.it\/ravaglioli.it\/product\/reifenprofilmessgerat-ravws102i\/"},"modified":"2025-09-08T08:40:20","modified_gmt":"2025-09-08T07:40:20","slug":"reifenprofilmessgerat-ravws102i","status":"publish","type":"product","link":"https:\/\/dev.codekraft.it\/ravaglioli.it\/de\/product\/reifenprofilmessgerat-ravws102i\/","title":{"rendered":"Reifenprofilmessger\u00e4t RAVWS102I"},"content":{"rendered":"<ul>\n<li>Das Reifenprofil wird bei einer \u00dcberfahrgeschwindigkeit bis 8 km\/h gemessen.<\/li>\n<li>Das Messsystem: Stereokameras und Laserstrahl.<\/li>\n<li>Das Messergebnis ist nach wenigen Sekunden sichtbar.<\/li>\n<li>Sehr robuste und unempfindliche Struktur f\u00fcr die Werkstattumgebung.<\/li>\n<li>Max. Achslast 4 t.<\/li>\n<\/ul>\n<ul>\n<li>Das Reifenprofilmessger\u00e4t ist ein wichtiges Instrument f\u00fcr die Annahme &#8211; Die Reifenprofile aller R\u00e4der werden schnell gemessen;\u00a0alle Daten sind verf\u00fcgbar, sobald der Fahrer das Fahrzeug verl\u00e4sst.<\/li>\n<li>Keine Internetverbindung wird ben\u00f6tigt.<\/li>\n<li>Geeignet sowohl f\u00fcr den Innen-, als auch f\u00fcr den Au\u00dfeneinbau (\u00fcberdacht).<\/li>\n<\/ul>\n<ul>\n<li>RAVWS102 &#8211; Workshop reception kit: Satz Profiler zur Verbindung an den Werkstatt-PC<\/li>\n<li>Beinhaltet Steuerkasten mit PC<\/li>\n<\/ul>\n<ul>\n<li>TEST RESULT &#8211; Zwei bildliche Darstellungen m\u00f6glich: Durchschnittswert Mitte und Seite oder Anzeige max.\/min.<\/li>\n<li>ZOOM FUNCTION &#8211; Zoom-Funktion: Erm\u00f6glicht, das einzelne Rad im Detail zu analysieren.<\/li>\n<li>AUTOMATIC TEST MEMORY &#8211; Das Reifenprofilmessger\u00e4t kann mit automatischer Fahrzeugkennzeichenerkennung ausgestattet werden: Das System speichert automatisch die Messdaten ohne Bedienereinsatz.<\/li>\n<li>VEHICLE DIAGNOSIS &#8211; Ein unebenes Reifenprofil weist auf die Notwendigkeit einer Achsvermessung bzw. eines Fahrwerkstests hin.<\/li>\n<li>WEB PAGE VISUALIZATION &#8211; Die Testergebnisse k\u00f6nnen direkt im Programm abgelesen oder mittels einer Webseite auf Mobilger\u00e4t oder auf dem Werkstatt-PC aufgerufen werden.<\/li>\n<\/ul>\n","protected":false},"excerpt":{"rendered":"<p>Quick-Check-Version, mit wandmontiertem Bedienfeld, ohne Monitor, Unterflur<\/p>\n","protected":false},"featured_media":147843,"template":"","meta":[],"product_brand":[],"product_cat":[58202],"product_tag":[58287],"product_approvals":[],"product_application":[],"class_list":{"0":"post-157036","1":"product","2":"type-product","3":"status-publish","4":"has-post-thumbnail","6":"product_cat-reifenprofilmessgerate-de","7":"product_tag-passenger-cars-de","9":"first","10":"instock","11":"shipping-taxable","12":"product-type-simple"},"approvals":[],"application":[],"brb_media_brochure":[{"id":147820,"url":"https:\/\/dev.codekraft.it\/ravaglioli.it\/wp-content\/uploads\/brb_media\/00522228_tyre-tread-measuring-system-ravws101_102-br-multi-2024-02.pdf","title":"Tyre tread measuring system RAVWS101 102 BR multi 2024 02","mpn":"","thumbnail":"https:\/\/dev.codekraft.it\/ravaglioli.it\/wp-content\/uploads\/brb_media\/00522228_tyre-tread-measuring-system-ravws101_102-br-multi-2024-02-pdf-106x150.png","description":""}],"brb_media_drawing":[{"id":147826,"url":"https:\/\/dev.codekraft.it\/ravaglioli.it\/wp-content\/uploads\/brb_media\/00522229_tyre-tread-measuring-system-ravws101_102-td-251090431-it-2024-02.pdf","title":"Tyre tread measuring system RAVWS101 102 TD 251090431 it 2024 02","mpn":"","thumbnail":"https:\/\/dev.codekraft.it\/ravaglioli.it\/wp-content\/uploads\/brb_media\/00522229_tyre-tread-measuring-system-ravws101_102-td-251090431-it-2024-02-pdf-150x106.png","description":""}],"brb_media_manuals":[{"id":147821,"url":"https:\/\/dev.codekraft.it\/ravaglioli.it\/wp-content\/uploads\/brb_media\/00522213_tyre-tread-measuring-system-ravws101_102-im-2510-m001-04-de-2024-01.pdf","title":"Tyre tread measuring system RAVWS101 102 IM 2510 M001 04 de 2024 01","mpn":"","thumbnail":"https:\/\/dev.codekraft.it\/ravaglioli.it\/wp-content\/uploads\/brb_media\/00522213_tyre-tread-measuring-system-ravws101_102-im-2510-m001-04-de-2024-01-pdf-106x150.png","description":""},{"id":147822,"url":"https:\/\/dev.codekraft.it\/ravaglioli.it\/wp-content\/uploads\/brb_media\/00522214_tyre-tread-measuring-system-ravws101_102-im-2510-m001-04-en-2024-01.pdf","title":"Tyre tread measuring system RAVWS101 102 IM 2510 M001 04 en 2024 01","mpn":"","thumbnail":"https:\/\/dev.codekraft.it\/ravaglioli.it\/wp-content\/uploads\/brb_media\/00522214_tyre-tread-measuring-system-ravws101_102-im-2510-m001-04-en-2024-01-pdf-106x150.png","description":""},{"id":147823,"url":"https:\/\/dev.codekraft.it\/ravaglioli.it\/wp-content\/uploads\/brb_media\/00522216_tyre-tread-measuring-system-ravws101_102-im-2510-m001-04-fr-2024-01.pdf","title":"Tyre tread measuring system RAVWS101 102 IM 2510 M001 04 fr 2024 01","mpn":"","thumbnail":"https:\/\/dev.codekraft.it\/ravaglioli.it\/wp-content\/uploads\/brb_media\/00522216_tyre-tread-measuring-system-ravws101_102-im-2510-m001-04-fr-2024-01-pdf-106x150.png","description":""},{"id":147824,"url":"https:\/\/dev.codekraft.it\/ravaglioli.it\/wp-content\/uploads\/brb_media\/00522217_tyre-tread-measuring-system-ravws101_102-im-2510-m001-04-it-2024-01.pdf","title":"Tyre tread measuring system RAVWS101 102 IM 2510 M001 04 it 2024 01","mpn":"","thumbnail":"https:\/\/dev.codekraft.it\/ravaglioli.it\/wp-content\/uploads\/brb_media\/00522217_tyre-tread-measuring-system-ravws101_102-im-2510-m001-04-it-2024-01-pdf-106x150.png","description":""},{"id":147825,"url":"https:\/\/dev.codekraft.it\/ravaglioli.it\/wp-content\/uploads\/brb_media\/00522215_tyre-tread-measuring-system-ravws101_102-im-2510-m001-04-es-2024-01.pdf","title":"Tyre tread measuring system RAVWS101 102 IM 2510 M001 04 es 2024 01","mpn":"","thumbnail":"https:\/\/dev.codekraft.it\/ravaglioli.it\/wp-content\/uploads\/brb_media\/00522215_tyre-tread-measuring-system-ravws101_102-im-2510-m001-04-es-2024-01-pdf-106x150.png","description":""}],"brb_media_safety_datasheets":"","brb_media_spare_parts":[],"_cdmm_p_id":"503660","_company":"Ravaglioli","_gtin":"4057612819373","accessories":[{"id":152593,"mpn":"SWS102A2","name":"Kamera","description":"Mit automatischer Fahrzeug- und Kennzeichenerkennung, komplett mit Farblichtsignal f\u00fcr die Fahrzeugf\u00fchrung","thumbnail":"https:\/\/dev.codekraft.it\/ravaglioli.it\/wp-content\/uploads\/brb_media\/00522208_tyre-tread-measuring-system-sws102a2-camera-set-di-150x150.png","url":"https:\/\/dev.codekraft.it\/ravaglioli.it\/de\/product\/kamera\/"},{"id":152437,"mpn":"SWS102A3","name":"Farblichtsignal","description":"Kabelgebunden, f\u00fcr die Fahrzeugf\u00fchrung","thumbnail":"","url":"https:\/\/dev.codekraft.it\/ravaglioli.it\/de\/product\/farblichtsignal\/"},{"id":152734,"mpn":"SWS101PULAUTO","name":"Luftfiltereinheit","description":"","thumbnail":"","url":"https:\/\/dev.codekraft.it\/ravaglioli.it\/de\/product\/luftfiltereinheit\/"},{"id":152599,"mpn":"SWS102A2UA","name":"Kamera","description":"Mit automatischer Fahrzeug- und Kennzeichenerkennung (USA-CANADA-UAE-CINA)","thumbnail":"https:\/\/dev.codekraft.it\/ravaglioli.it\/wp-content\/uploads\/brb_media\/00506616_sws102a2-150x150.png","url":"https:\/\/dev.codekraft.it\/ravaglioli.it\/de\/product\/kamera-2\/"},{"id":152587,"mpn":"SWS101TARATORE","name":"Kalibriervorrichtung","description":"Kalibrierkit f\u00fcr Reifenprofilmessger\u00e4t","thumbnail":"","url":"https:\/\/dev.codekraft.it\/ravaglioli.it\/de\/product\/kalibriervorrichtung\/"},{"id":155722,"mpn":"TEq-Link","name":"Software f\u00fcr Werkstattkonnektivit\u00e4t TEq-Link","description":"Software zum Anschluss von Ger\u00e4ten in der Werkstatt und zur \u00dcberwachung ihrer Nutzung, zur Verwaltung der vorbeugenden Wartung, zum Versand von Berichten per E-Mail und vieles mehr.","thumbnail":"https:\/\/dev.codekraft.it\/ravaglioli.it\/wp-content\/uploads\/brb_media\/00409445_teq-link-logo-01-mi-150x150.png","url":"https:\/\/dev.codekraft.it\/ravaglioli.it\/de\/product\/software-fur-werkstattkonnektivitat-teq-link\/"},{"id":155758,"mpn":"STDA158","name":"Wi-Fi-Antenne","description":"Wheelalignment-On, inkl. USB-Stick","thumbnail":"https:\/\/dev.codekraft.it\/ravaglioli.it\/wp-content\/uploads\/brb_media\/00528348_wheel-aligner-stda158-mi-150x150.png","url":"https:\/\/dev.codekraft.it\/ravaglioli.it\/de\/product\/wi-fi-antenne-2\/"}],"components":[],"delivery":[],"package":[],"related":[],"similar":[{"id":157024,"mpn":"RAVWS101I","name":"Reifenprofilmessger\u00e4t RAVWS101I","description":"Komplette Stand-alone-Version, inkl. Konsole, Unterflur","thumbnail":"https:\/\/dev.codekraft.it\/ravaglioli.it\/wp-content\/uploads\/brb_media\/00522224_tyre-tread-measuring-system-ws101i_102i-mi-02-150x150.png","url":"https:\/\/dev.codekraft.it\/ravaglioli.it\/de\/product\/reifenprofilmessgerat-ravws101i\/"}],"page_logo_src":"https:\/\/dev.codekraft.it\/ravaglioli.it\/wp-content\/uploads\/2026\/04\/rav-negative-logo-1.png","lang":"de","translations":{"de":157036,"en":157035,"fr":157037,"it":157038,"es":157039,"ru":157040},"pll_sync_post":[],"_links":{"self":[{"href":"https:\/\/dev.codekraft.it\/ravaglioli.it\/wp-json\/wp\/v2\/product\/157036","targetHints":{"allow":["GET"]}}],"collection":[{"href":"https:\/\/dev.codekraft.it\/ravaglioli.it\/wp-json\/wp\/v2\/product"}],"about":[{"href":"https:\/\/dev.codekraft.it\/ravaglioli.it\/wp-json\/wp\/v2\/types\/product"}],"wp:featuredmedia":[{"embeddable":true,"href":"https:\/\/dev.codekraft.it\/ravaglioli.it\/wp-json\/wp\/v2\/media\/147843"}],"wp:attachment":[{"href":"https:\/\/dev.codekraft.it\/ravaglioli.it\/wp-json\/wp\/v2\/media?parent=157036"}],"wp:term":[{"taxonomy":"product_brand","embeddable":true,"href":"https:\/\/dev.codekraft.it\/ravaglioli.it\/wp-json\/wp\/v2\/product_brand?post=157036"},{"taxonomy":"product_cat","embeddable":true,"href":"https:\/\/dev.codekraft.it\/ravaglioli.it\/wp-json\/wp\/v2\/product_cat?post=157036"},{"taxonomy":"product_tag","embeddable":true,"href":"https:\/\/dev.codekraft.it\/ravaglioli.it\/wp-json\/wp\/v2\/product_tag?post=157036"},{"taxonomy":"product_approvals","embeddable":true,"href":"https:\/\/dev.codekraft.it\/ravaglioli.it\/wp-json\/wp\/v2\/product_approvals?post=157036"},{"taxonomy":"product_application","embeddable":true,"href":"https:\/\/dev.codekraft.it\/ravaglioli.it\/wp-json\/wp\/v2\/product_application?post=157036"}],"curies":[{"name":"wp","href":"https:\/\/api.w.org\/{rel}","templated":true}]}}