{"id":157009,"date":"2025-10-30T14:31:10","date_gmt":"2025-10-30T14:31:10","guid":{"rendered":"https:\/\/dev.codekraft.it\/ravaglioli.it\/product\/geometrie-ccd-ravtd6000twsr\/"},"modified":"2025-10-30T14:31:10","modified_gmt":"2025-10-30T14:31:10","slug":"geometrie-ccd-ravtd6000twsr","status":"publish","type":"product","link":"https:\/\/dev.codekraft.it\/ravaglioli.it\/fr\/product\/geometrie-ccd-ravtd6000twsr\/","title":{"rendered":"G\u00e9om\u00e9trie CCD RAVTD6000TWSR"},"content":{"rendered":"<p>Appareils de g\u00e9om\u00e9trie de roues pour camions \u00e9quip\u00e9s de capteurs CCD avec transmission des donn\u00e9es via Bluetooth et aliment\u00e9s par batteries \u00e0 charge rapide. L&#8217;op\u00e9rateur peut b\u00e9n\u00e9ficier d&#8217;une grande mobilit\u00e9 entre plusieurs postes de travail gr\u00e2ce au contr\u00f4le de toutes les proc\u00e9dures de diagnostic via la tablette.<\/p>\n<ul>\n<li>Commodit\u00e9 \u00e0 port\u00e9e de main : toutes les op\u00e9rations peuvent \u00eatre contr\u00f4l\u00e9es via une tablette de 11,6\u201d que l&#8217;op\u00e9rateur peut prendre avec lui ou placer sur le pont \u00e9l\u00e9vateur.<\/li>\n<li>Portabilit\u00e9 sans compromis : les nouveaux d\u00e9tecteurs CCD, l\u00e9gers et compacts, offrent une commodit\u00e9 maximale.<\/li>\n<li>Technologie smart : logiciel avec graphisme actualis\u00e9, interface utilisateur intuitive, animations et aides au r\u00e9glage, pour un travail rapide et efficace.<\/li>\n<\/ul>\n<ul>\n<li>Les trois LED sur les d\u00e9tecteurs facilitent la proc\u00e9dure lors du diagnostic.<\/li>\n<li>Les docks de recharge rapide pour la batterie des d\u00e9tecteurs sont situ\u00e9s sur les c\u00f4t\u00e9s de la console, ce qui les rend accessibles et faciles \u00e0 utiliser.<\/li>\n<li>Transmission \u00e0 rayons infrarouges entre les d\u00e9tecteurs ; efficace m\u00eame dans des conditions d&#8217;\u00e9clairage critiques.<\/li>\n<li>La console mont\u00e9e sur roulettes contient les supports de recharge pour les d\u00e9tecteurs et la tablette.<\/li>\n<li>D\u00e9tecteurs surbaiss\u00e9s, parfaits pour les camions et autobus.<\/li>\n<li>Transmission Bluetooth entre les d\u00e9tecteurs CCD et la tablette.<\/li>\n<\/ul>\n<ul>\n<li>Caract\u00e9ristiques de la tablette :\n<ul>\n<li>R\u00e9sistante \u00e0 la poussi\u00e8re et \u00e0 l&#8217;eau (IP65)<\/li>\n<li>R\u00e9sistante aux chutes jusqu&#8217;\u00e0 1,2 m<\/li>\n<li>8 Go de m\u00e9moire<\/li>\n<li>\u00c9cran 1 820 x 1 080<\/li>\n<li>Dot\u00e9e d&#8217;aimants adh\u00e9sifs<\/li>\n<li>Poids inf\u00e9rieur \u00e0 800 g<\/li>\n<li>Wi-Fi 802.11 ac\/a\/b\/g\/n + Bluetooth<\/li>\n<\/ul>\n<\/li>\n<li>Le programme Movie simplifie la phase de r\u00e9glage, gr\u00e2ce \u00e0 une animation 3D qui guide l&#8217;op\u00e9rateur au cours de la proc\u00e9dure.<\/li>\n<li>Permet de mesurer rapidement et facilement les v\u00e9hicules \u00e0 essieux multiples. La proc\u00e9dure est guid\u00e9e et facile \u00e0 ex\u00e9cuter, m\u00eame pour les op\u00e9rateurs moins exp\u00e9riment\u00e9s.<\/li>\n<li>Programme de gestion et d&#8217;affichage des donn\u00e9es sous Microsoft Windows.<\/li>\n<li>Base de donn\u00e9es internationale avec fiches techniques de v\u00e9hicules et possibilit\u00e9 de cr\u00e9er une base de donn\u00e9es clients pour enregistrer les interventions.<\/li>\n<li>Les d\u00e9tecteurs avec clavier offrent une commande \u00e0 distance simple et intuitive, sans qu&#8217;il soit n\u00e9cessaire d&#8217;acc\u00e9der \u00e0 la tablette.<\/li>\n<\/ul>\n","protected":false},"excerpt":{"rendered":"<p>G\u00e9om\u00e9trie roues 6 CCD pour camions, avec capteurs surbaiss\u00e9s | incl. cabine ouverte, LCD tablette Windows 11,6\u2033, pousse pedale et blocage de frein | 1 x 230 V \/ 50 &#8211; 60 Hz<\/p>\n","protected":false},"featured_media":156977,"template":"","meta":[],"product_brand":[],"product_cat":[57878],"product_tag":[58377,58360,58343,63078],"product_approvals":[],"product_application":[],"class_list":{"0":"post-157009","1":"product","2":"type-product","3":"status-publish","4":"has-post-thumbnail","6":"product_cat-geometries-des-roues-fr","7":"product_tag-buses-fr","8":"product_tag-trucks-fr","9":"product_tag-motor-homes-fr","10":"product_tag-remorques-fr","12":"first","13":"instock","14":"shipping-taxable","15":"product-type-simple"},"approvals":[],"application":[],"brb_media_brochure":[{"id":156978,"url":"https:\/\/dev.codekraft.it\/ravaglioli.it\/wp-content\/uploads\/brb_media\/00524352_wheel-aligner-ravtd6000twsr-de-2024-04-screen.pdf","title":"wheel aligner ravtd6000twsr de 2024 04 screen","mpn":"","thumbnail":"https:\/\/dev.codekraft.it\/ravaglioli.it\/wp-content\/uploads\/brb_media\/00524352_wheel-aligner-ravtd6000twsr-de-2024-04-screen-pdf-106x150.png","description":""},{"id":156979,"url":"https:\/\/dev.codekraft.it\/ravaglioli.it\/wp-content\/uploads\/brb_media\/00524353_wheel-aligner-ravtd6000twsr-en-2024-04-screen.pdf","title":"wheel aligner ravtd6000twsr en 2024 04 screen","mpn":"","thumbnail":"https:\/\/dev.codekraft.it\/ravaglioli.it\/wp-content\/uploads\/brb_media\/00524353_wheel-aligner-ravtd6000twsr-en-2024-04-screen-pdf-106x150.png","description":""},{"id":156980,"url":"https:\/\/dev.codekraft.it\/ravaglioli.it\/wp-content\/uploads\/brb_media\/00524354_wheel-aligner-ravtd6000twsr-fr-2024-04-screen.pdf","title":"wheel aligner ravtd6000twsr fr 2024 04 screen","mpn":"","thumbnail":"https:\/\/dev.codekraft.it\/ravaglioli.it\/wp-content\/uploads\/brb_media\/00524354_wheel-aligner-ravtd6000twsr-fr-2024-04-screen-pdf-106x150.png","description":""},{"id":156981,"url":"https:\/\/dev.codekraft.it\/ravaglioli.it\/wp-content\/uploads\/brb_media\/00524355_wheel-aligner-ravtd6000twsr-it-2024-04-screen.pdf","title":"wheel aligner ravtd6000twsr it 2024 04 screen","mpn":"","thumbnail":"https:\/\/dev.codekraft.it\/ravaglioli.it\/wp-content\/uploads\/brb_media\/00524355_wheel-aligner-ravtd6000twsr-it-2024-04-screen-pdf-106x150.png","description":""},{"id":156982,"url":"https:\/\/dev.codekraft.it\/ravaglioli.it\/wp-content\/uploads\/brb_media\/00524356_wheel-aligner-ravtd6000twsr-es-2024-04-screen.pdf","title":"wheel aligner ravtd6000twsr es 2024 04 screen","mpn":"","thumbnail":"https:\/\/dev.codekraft.it\/ravaglioli.it\/wp-content\/uploads\/brb_media\/00524356_wheel-aligner-ravtd6000twsr-es-2024-04-screen-pdf-106x150.png","description":""},{"id":156983,"url":"https:\/\/dev.codekraft.it\/ravaglioli.it\/wp-content\/uploads\/brb_media\/00524357_wheel-aligner-ravtd6000twsr-ru-2024-04-screen.pdf","title":"wheel aligner ravtd6000twsr ru 2024 04 screen","mpn":"","thumbnail":"https:\/\/dev.codekraft.it\/ravaglioli.it\/wp-content\/uploads\/brb_media\/00524357_wheel-aligner-ravtd6000twsr-ru-2024-04-screen-pdf-106x150.png","description":""},{"id":156984,"url":"https:\/\/dev.codekraft.it\/ravaglioli.it\/wp-content\/uploads\/brb_media\/00528355_wheel-aligner-accessories-ravtd6000-de-screen.pdf","title":"wheel aligner accessories ravtd6000 de screen","mpn":"","thumbnail":"https:\/\/dev.codekraft.it\/ravaglioli.it\/wp-content\/uploads\/brb_media\/00528355_wheel-aligner-accessories-ravtd6000-de-screen-pdf-106x150.png","description":""},{"id":156985,"url":"https:\/\/dev.codekraft.it\/ravaglioli.it\/wp-content\/uploads\/brb_media\/00528356_wheel-aligner-accessories-ravtd6000-en-screen.pdf","title":"wheel aligner accessories ravtd6000 en screen","mpn":"","thumbnail":"https:\/\/dev.codekraft.it\/ravaglioli.it\/wp-content\/uploads\/brb_media\/00528356_wheel-aligner-accessories-ravtd6000-en-screen-pdf-106x150.png","description":""},{"id":156986,"url":"https:\/\/dev.codekraft.it\/ravaglioli.it\/wp-content\/uploads\/brb_media\/00528357_wheel-aligner-accessories-ravtd6000-fr-screen.pdf","title":"wheel aligner accessories ravtd6000 fr screen","mpn":"","thumbnail":"https:\/\/dev.codekraft.it\/ravaglioli.it\/wp-content\/uploads\/brb_media\/00528357_wheel-aligner-accessories-ravtd6000-fr-screen-pdf-106x150.png","description":""},{"id":156987,"url":"https:\/\/dev.codekraft.it\/ravaglioli.it\/wp-content\/uploads\/brb_media\/00528358_wheel-aligner-accessories-ravtd6000-it-screen.pdf","title":"wheel aligner accessories ravtd6000 it screen","mpn":"","thumbnail":"https:\/\/dev.codekraft.it\/ravaglioli.it\/wp-content\/uploads\/brb_media\/00528358_wheel-aligner-accessories-ravtd6000-it-screen-pdf-106x150.png","description":""},{"id":156988,"url":"https:\/\/dev.codekraft.it\/ravaglioli.it\/wp-content\/uploads\/brb_media\/00528359_wheel-aligner-accessories-ravtd6000-es-screen.pdf","title":"wheel aligner accessories ravtd6000 es screen","mpn":"","thumbnail":"https:\/\/dev.codekraft.it\/ravaglioli.it\/wp-content\/uploads\/brb_media\/00528359_wheel-aligner-accessories-ravtd6000-es-screen-pdf-106x150.png","description":""},{"id":156989,"url":"https:\/\/dev.codekraft.it\/ravaglioli.it\/wp-content\/uploads\/brb_media\/00528360_wheel-aligner-accessories-ravtd6000-ru-screen.pdf","title":"wheel aligner accessories ravtd6000 ru screen","mpn":"","thumbnail":"https:\/\/dev.codekraft.it\/ravaglioli.it\/wp-content\/uploads\/brb_media\/00528360_wheel-aligner-accessories-ravtd6000-ru-screen-pdf-106x150.png","description":""}],"brb_media_drawing":[{"id":147788,"url":"https:\/\/dev.codekraft.it\/ravaglioli.it\/wp-content\/uploads\/brb_media\/00521917_wheel-aligners-ravtd6000-td-it-2024-01.pdf","title":"Wheel Aligners RAVTD6000 TD it 2024 01","mpn":"","thumbnail":"https:\/\/dev.codekraft.it\/ravaglioli.it\/wp-content\/uploads\/brb_media\/00521917_wheel-aligners-ravtd6000-td-it-2024-01-pdf-150x106.png","description":""}],"brb_media_manuals":[{"id":156992,"url":"https:\/\/dev.codekraft.it\/ravaglioli.it\/wp-content\/uploads\/brb_media\/00539874_wheel-aligner-rotr51hd-spaba6hd-ravtd600-im-2025-m364-00_vsg_00_rev00_multi-2023-11.pdf","title":"Wheel Aligner ROTR51HD SPABA6HD RAVTD600 IM 2025 M364 00 VSG 00 rev00 multi 2023 11","mpn":"","thumbnail":"https:\/\/dev.codekraft.it\/ravaglioli.it\/wp-content\/uploads\/brb_media\/00539874_wheel-aligner-rotr51hd-spaba6hd-ravtd600-im-2025-m364-00_vsg_00_rev00_multi-2023-11-pdf-106x150.png","description":""}],"brb_media_safety_datasheets":"","brb_media_spare_parts":[],"_cdmm_p_id":"503607","_company":"Ravaglioli","_gtin":"5063084701602","accessories":[{"id":155200,"mpn":"STDA30E","name":"Griffes de roue Camion | \u00e0 4 points | \u00d8 de jante 12 &#8211; 28\u2033, \u00d8 des min pneus 700 mm","description":"Griffes PL \u00e0 4 points \u00e0 centrage automatique et avec blocage rapide et attelage des t\u00eates mobile | incl. de longues onglets amovibles | 1 jeu \/ 2 pi\u00e8ces","thumbnail":"https:\/\/dev.codekraft.it\/ravaglioli.it\/wp-content\/uploads\/brb_media\/00528314_wheel-aligner-stda30e-mi-150x150.png","url":"https:\/\/dev.codekraft.it\/ravaglioli.it\/fr\/product\/griffes-de-roue-camion-a-4-points-o-de-jante-12-28%e2%80%b3-o-des-min-pneus-700-mm\/"},{"id":152040,"mpn":"STDA48E","name":"Griffes de roue Camion | \u00e0 4 points | \u00d8 de jante 12 &#8211; 28\u2033, \u00d8 des pneus 780 &#8211; 1220 mm","description":"Griffes PL autocentreuses \u00e0 4 points, avec blocage rapide et attelage des t\u00eates mobile | incl. des pointes en m\u00e9tal | 1 jeu \/ 2 pi\u00e8ces","thumbnail":"https:\/\/dev.codekraft.it\/ravaglioli.it\/wp-content\/uploads\/brb_media\/00528313_wheel-aligners-stda48e-mi-150x150.png","url":"https:\/\/dev.codekraft.it\/ravaglioli.it\/fr\/product\/griffes-de-roue-camion-a-4-points-o-de-jante-12-28%e2%80%b3-o-des-pneus-780-1220-mm\/"},{"id":155224,"mpn":"STDA92","name":"Griffes de roue Camion | \u00e0 3 punti | \u00d8 des pneus 890 &#8211; 1290 mm","description":"Graffe autocarro speciali, con bloccaggio rapido, per evitare la compensazione, in appoggio su flangia cerchio | 1 jeu \/ 2 pi\u00e8ces","thumbnail":"https:\/\/dev.codekraft.it\/ravaglioli.it\/wp-content\/uploads\/brb_media\/00528305_wheel-aligners-stda92-mi-01-150x150.png","url":"https:\/\/dev.codekraft.it\/ravaglioli.it\/fr\/product\/griffes-de-roue-camion-a-3-punti-o-des-pneus-890-1290-mm\/"},{"id":153618,"mpn":"STDA55","name":"Bras de blocage rapide STDA55","description":"Pour transformation des griffes PL \u00e0 4 points STDA30E en griffes en appui STDA48E | incl. ongles metalliques en appui | \u00d8 des pneus 780 - 1220 mm | 1 jeu \/ 2 pi\u00e8ces","thumbnail":"https:\/\/dev.codekraft.it\/ravaglioli.it\/wp-content\/uploads\/brb_media\/00528325_wheel-aligner-stda55-mi-150x150.png","url":"https:\/\/dev.codekraft.it\/ravaglioli.it\/fr\/product\/bras-de-blocage-rapide-stda55\/"},{"id":153474,"mpn":"STDA92A1","name":"Rallonges 200 mm","description":"Pour griffe de roue de camion STDA92 | 1 jeu \/ 6 pi\u00e8ces","thumbnail":"https:\/\/dev.codekraft.it\/ravaglioli.it\/wp-content\/uploads\/brb_media\/00528329_wheel-aligner-stda92a1-mi-150x150.png","url":"https:\/\/dev.codekraft.it\/ravaglioli.it\/fr\/product\/rallonges-200-mm-2\/"},{"id":155194,"mpn":"STDA29L","name":"Plateaux pivotants de train roulant pour poids lourds","description":"Capacit\u00e9 de charge 2 x 4500 kg | 1 jeu \/ 2 pi\u00e8ces","thumbnail":"https:\/\/dev.codekraft.it\/ravaglioli.it\/wp-content\/uploads\/brb_media\/00528311_wheel-aligners-stda29l-mi-150x150.png","url":"https:\/\/dev.codekraft.it\/ravaglioli.it\/fr\/product\/plateaux-pivotants-de-train-roulant-pour-poids-lourds\/"},{"id":153264,"mpn":"STDA44L","name":"Goniom\u00e8tres pour plateaux pivotants de poids lourds STDA29L","description":"Echelle gradu\u00e9e pour aligneurs de roue | 1 jeu \/ 2 pi\u00e8ces","thumbnail":"https:\/\/dev.codekraft.it\/ravaglioli.it\/wp-content\/uploads\/brb_media\/00528323_wheel-aligner-stda44l-mi-150x150.png","url":"https:\/\/dev.codekraft.it\/ravaglioli.it\/fr\/product\/goniometres-pour-plateaux-pivotants-de-poids-lourds-stda29l\/"},{"id":154869,"mpn":"STDA23\/BTH","name":"Jauge de hauteur et de niveau","description":"Jauge de hauteur et de niveau (option)","thumbnail":"https:\/\/dev.codekraft.it\/ravaglioli.it\/wp-content\/uploads\/brb_media\/00528316_wheel-aligner-stda23-bth-mi-150x150.png","url":"https:\/\/dev.codekraft.it\/ravaglioli.it\/fr\/product\/jauge-de-hauteur-et-de-niveau\/"},{"id":153528,"mpn":"STDA163","name":"Outil d&#039;\u00e9talonnage Standard | pour s\u00e9rie WS et WD","description":"Syst\u00e8me d'\u00e9talonnage, seulement pour s\u00e9rie WS et WD, remplace STDA14","thumbnail":"https:\/\/dev.codekraft.it\/ravaglioli.it\/wp-content\/uploads\/brb_media\/00513153_wheel-aligner-stda163-mi-150x150.png","url":"https:\/\/dev.codekraft.it\/ravaglioli.it\/fr\/product\/outil-detalonnage-standard-pour-serie-ws-et-wd\/"},{"id":152390,"mpn":"STDA139","name":"Si\u00e8ge pour emplacement plateaux pivottants","description":"Pour PL","thumbnail":"https:\/\/dev.codekraft.it\/ravaglioli.it\/wp-content\/uploads\/brb_media\/00528334_wheel-aligner-stda139-mi-150x150.png","url":"https:\/\/dev.codekraft.it\/ravaglioli.it\/fr\/product\/siege-pour-emplacement-plateaux-pivottants\/"},{"id":152606,"mpn":"STDA142","name":"Kit access point pour application tablet","description":"Point d'acc\u00e8s Wi-Fi | STDA141 requis","thumbnail":"https:\/\/dev.codekraft.it\/ravaglioli.it\/wp-content\/uploads\/brb_media\/00528338_wheel-aligner-stda142-mi-150x150.png","url":"https:\/\/dev.codekraft.it\/ravaglioli.it\/fr\/product\/kit-access-point-pour-application-tablet\/"},{"id":155723,"mpn":"TEq-Link","name":"Logiciel de connectivit\u00e9 interne atelier TEq-Link","description":"Logiciel permettant de connecter des \u00e9quipements dans l'atelier et de surveiller leur utilisation, de g\u00e9rer la maintenance pr\u00e9ventive, d'envoyer des rapports par courrier \u00e9lectronique et bien plus encore.","thumbnail":"https:\/\/dev.codekraft.it\/ravaglioli.it\/wp-content\/uploads\/brb_media\/00409445_teq-link-logo-01-mi-150x150.png","url":"https:\/\/dev.codekraft.it\/ravaglioli.it\/fr\/product\/logiciel-de-connectivite-interne-atelier-teq-link\/"},{"id":154875,"mpn":"STDA141","name":"Token Aligner Connect","description":"Affichage \u00e0 distance sur appareil mobile | pour utilisation de l'app de visualisation pour tablet et smartphone","thumbnail":"https:\/\/dev.codekraft.it\/ravaglioli.it\/wp-content\/uploads\/brb_media\/00528337_wheel-aligner-stda141-mi-150x150.png","url":"https:\/\/dev.codekraft.it\/ravaglioli.it\/fr\/product\/token-aligner-connect-3\/"},{"id":153564,"mpn":"STDAWISHBONE","name":"Token","description":"Activation le programme de r\u00e9glage de suspension \u00e0 double triangulation \u00ab Double Wishbone \u00bb","thumbnail":"https:\/\/dev.codekraft.it\/ravaglioli.it\/wp-content\/uploads\/brb_media\/00528351_wheel-aligner-stdawishbone-mi-150x150.png","url":"https:\/\/dev.codekraft.it\/ravaglioli.it\/fr\/product\/token-3\/"},{"id":155310,"mpn":"STDA159","name":"Kit VL\/VU pour g\u00e9om\u00e9tries des roues","description":"Kit de conversion de la g\u00e9om\u00e9trie truck\u00a06CCD en g\u00e9om\u00e9trie VL\/VU","thumbnail":"https:\/\/dev.codekraft.it\/ravaglioli.it\/wp-content\/uploads\/brb_media\/00489168_wheel-aligner-acc-stda159-back-mi-150x150.png","url":"https:\/\/dev.codekraft.it\/ravaglioli.it\/fr\/product\/kit-vl-vu-pour-geometries-des-roues\/"},{"id":155648,"mpn":"STDA49N","name":"Sous-ch\u00e2ssis pour la mesure de remorque","description":"","thumbnail":"https:\/\/dev.codekraft.it\/ravaglioli.it\/wp-content\/uploads\/brb_media\/00528324_wheel-aligner-stda49n-mi-150x150.png","url":"https:\/\/dev.codekraft.it\/ravaglioli.it\/fr\/product\/sous-chassis-pour-la-mesure-de-remorque\/"},{"id":155678,"mpn":"STDAShoot","name":"Token","description":"Cl\u00e9 virtuelle pour la consultation de la base de donn\u00e9es en ligne sur demande du Bureau f\u00e9d\u00e9ral allemand des v\u00e9hicules motoris\u00e9s et des conducteurs (KBA) | incl. 200 requ\u00eates","thumbnail":"https:\/\/dev.codekraft.it\/ravaglioli.it\/wp-content\/uploads\/brb_media\/00510471_wheel-aligners-shootgo-mi-150x150.png","url":"https:\/\/dev.codekraft.it\/ravaglioli.it\/fr\/product\/token-17\/"},{"id":154899,"mpn":"STDAS200","name":"Cr\u00e9dit de requ\u00eate de base de donn\u00e9es Shoot &amp; Go 200","description":"Pack de cr\u00e9dits pour consulter la base de donn\u00e9es en ligne sur demande KBA (Bureau f\u00e9d\u00e9ral allemand des v\u00e9hicules motoris\u00e9s et des conducteurs) | 200 requ\u00eates","thumbnail":"https:\/\/dev.codekraft.it\/ravaglioli.it\/wp-content\/uploads\/brb_media\/00510471_wheel-aligners-shootgo-mi-150x150.png","url":"https:\/\/dev.codekraft.it\/ravaglioli.it\/fr\/product\/credit-de-requete-de-base-de-donnees-shoot-go-200\/"},{"id":155236,"mpn":"STDAS500","name":"Cr\u00e9dit de requ\u00eate de base de donn\u00e9es Shoot &amp; Go 500","description":"Pack de cr\u00e9dits pour consulter la base de donn\u00e9es en ligne sur demande KBA (Bureau f\u00e9d\u00e9ral allemand des v\u00e9hicules motoris\u00e9s et des conducteurs) | 500 requ\u00eates","thumbnail":"https:\/\/dev.codekraft.it\/ravaglioli.it\/wp-content\/uploads\/brb_media\/00510471_wheel-aligners-shootgo-mi-150x150.png","url":"https:\/\/dev.codekraft.it\/ravaglioli.it\/fr\/product\/credit-de-requete-de-base-de-donnees-shoot-go-500\/"},{"id":157417,"mpn":"STDAS350","name":"Cr\u00e9dit de requ\u00eate de base de donn\u00e9es Shoot &amp; Go 350","description":"Pack de cr\u00e9dits pour consulter la base de donn\u00e9es en ligne sur demande KBA (Bureau f\u00e9d\u00e9ral allemand des v\u00e9hicules motoris\u00e9s et des conducteurs) | 350 requ\u00eates","thumbnail":"https:\/\/dev.codekraft.it\/ravaglioli.it\/wp-content\/uploads\/brb_media\/00510471_wheel-aligners-shootgo-mi-150x150.png","url":"https:\/\/dev.codekraft.it\/ravaglioli.it\/fr\/product\/credit-de-requete-de-base-de-donnees-shoot-go-350\/"}],"components":[],"delivery":[{"id":155753,"mpn":"10479","name":"Pousse pedale de frein","description":"","thumbnail":"https:\/\/dev.codekraft.it\/ravaglioli.it\/wp-content\/uploads\/brb_media\/00509913_wheel-aligner-10479-mi-150x150.png","url":"https:\/\/dev.codekraft.it\/ravaglioli.it\/fr\/product\/pousse-pedale-de-frein\/"},{"id":155747,"mpn":"STDA161","name":"Bloque volant","description":"Blocage volant en mat\u00e9riau plastique avec protections en caoutchouc antid\u00e9rapant pour volant et si\u00e8ge","thumbnail":"https:\/\/dev.codekraft.it\/ravaglioli.it\/wp-content\/uploads\/brb_media\/00509908_wheel-aligner-stda161-mi-150x150.png","url":"https:\/\/dev.codekraft.it\/ravaglioli.it\/fr\/product\/bloque-volant\/"}],"package":[],"related":[],"similar":[{"id":157003,"mpn":"RAV.TD600.701596","name":"G\u00e9om\u00e9trie CCD RAVTD6000TWSR.3","description":"G\u00e9om\u00e9trie roues 6 CCD pour camions, avec capteurs surbaiss\u00e9s | incl. griffes \u00e0 3 points (2 x STDA92), 2 plateaux pivotants (STDA29L), cabine ouverte, LCD tablette Windows 11,6\u2033, pousse pedale et blocage de frein | 1 x 230 V \/ 50 - 60 Hz","thumbnail":"https:\/\/dev.codekraft.it\/ravaglioli.it\/wp-content\/uploads\/brb_media\/00523552_wheel-aligners-ravtd6000-front-mi-150x150.png","url":"https:\/\/dev.codekraft.it\/ravaglioli.it\/fr\/product\/geometrie-ccd-ravtd6000twsr-3\/"}],"page_logo_src":"https:\/\/dev.codekraft.it\/ravaglioli.it\/wp-content\/uploads\/2026\/04\/rav-negative-logo-1.png","lang":"fr","translations":{"fr":157009,"en":157007,"de":157008,"it":157010,"es":157011,"ru":157012},"pll_sync_post":[],"_links":{"self":[{"href":"https:\/\/dev.codekraft.it\/ravaglioli.it\/wp-json\/wp\/v2\/product\/157009","targetHints":{"allow":["GET"]}}],"collection":[{"href":"https:\/\/dev.codekraft.it\/ravaglioli.it\/wp-json\/wp\/v2\/product"}],"about":[{"href":"https:\/\/dev.codekraft.it\/ravaglioli.it\/wp-json\/wp\/v2\/types\/product"}],"wp:featuredmedia":[{"embeddable":true,"href":"https:\/\/dev.codekraft.it\/ravaglioli.it\/wp-json\/wp\/v2\/media\/156977"}],"wp:attachment":[{"href":"https:\/\/dev.codekraft.it\/ravaglioli.it\/wp-json\/wp\/v2\/media?parent=157009"}],"wp:term":[{"taxonomy":"product_brand","embeddable":true,"href":"https:\/\/dev.codekraft.it\/ravaglioli.it\/wp-json\/wp\/v2\/product_brand?post=157009"},{"taxonomy":"product_cat","embeddable":true,"href":"https:\/\/dev.codekraft.it\/ravaglioli.it\/wp-json\/wp\/v2\/product_cat?post=157009"},{"taxonomy":"product_tag","embeddable":true,"href":"https:\/\/dev.codekraft.it\/ravaglioli.it\/wp-json\/wp\/v2\/product_tag?post=157009"},{"taxonomy":"product_approvals","embeddable":true,"href":"https:\/\/dev.codekraft.it\/ravaglioli.it\/wp-json\/wp\/v2\/product_approvals?post=157009"},{"taxonomy":"product_application","embeddable":true,"href":"https:\/\/dev.codekraft.it\/ravaglioli.it\/wp-json\/wp\/v2\/product_application?post=157009"}],"curies":[{"name":"wp","href":"https:\/\/api.w.org\/{rel}","templated":true}]}}