{"id":156972,"date":"2025-09-08T09:00:23","date_gmt":"2025-09-08T08:00:23","guid":{"rendered":"https:\/\/dev.codekraft.it\/ravaglioli.it\/product\/cric-de-fond-de-fosse-ke200m\/"},"modified":"2025-09-08T09:00:23","modified_gmt":"2025-09-08T08:00:23","slug":"cric-de-fond-de-fosse-ke200m","status":"publish","type":"product","link":"https:\/\/dev.codekraft.it\/ravaglioli.it\/fr\/product\/cric-de-fond-de-fosse-ke200m\/","title":{"rendered":"Cric de fond de fosse KE200M"},"content":{"rendered":"<p>Les ponts \u00e9l\u00e9vateurs de fosse KE captivent par leur s\u00e9curit\u00e9 tr\u00e8s bien con\u00e7ue associ\u00e9e \u00e0 un confort de fonctionnement ergonomique &#8211; sans compromis.<\/p>\n<p>KE200M &#8211; Avec la suspension transversale int\u00e9gr\u00e9e pour un travail de pr\u00e9cision optimale<\/p>\n<ul>\n<li>Op\u00e9ration brevet\u00e9e des deux c\u00f4t\u00e9s (en option)<\/li>\n<li>Vitesse de levage 30 % plus rapide (en option)<\/li>\n<li>Ergonomie optimale<\/li>\n<\/ul>\n<ul>\n<li>Op\u00e9ration brevet\u00e9e des deux c\u00f4t\u00e9s (en option) &#8211; Le temps n\u00e9cessaire pour recevoir un v\u00e9hicule est r\u00e9duit au minimum, plus la peine de quitter la fosse.<\/li>\n<li>Moteur pneumatique double action (en option) &#8211; garantit une vitesse de levage 30 % plus \u00e9lev\u00e9e.<\/li>\n<li>Le moteur pneumatique enti\u00e8rement couvert facilite l\u2019entretien et r\u00e9duit le risque de blessures (en option).<\/li>\n<li>Le plateau \u00e0 outils int\u00e9gr\u00e9 am\u00e8ne l\u2019outil au m\u00e9canicien, et pas le contraire.<\/li>\n<li>Les poulies du ch\u00e2ssis sur roulement \u00e0 aiguilles permettent de d\u00e9placer le pont librement dans la fosse. Tous les ch\u00e2ssis M et X s\u2019abaissent automatiquement une fois charg\u00e9s, avec une charge sup\u00e9rieure \u00e0 0,8 t.<\/li>\n<\/ul>\n<ul>\n<li>Ergonomie dans la couleur &#8211; Toutes les commandes de fonctionnement portent la couleur rouge, ce qui \u00e9vite ainsi toute op\u00e9ration incorrecte.<\/li>\n<li>Ch\u00e2ssis ergonomique &#8211; Le nouveau ch\u00e2ssis con\u00e7u rapproche le m\u00e9canicien du pont, et ainsi du v\u00e9hicule.<\/li>\n<li>Finition de surface \u00e0 2 couches &#8211; processus de rev\u00eatement opulent pour une protection parfaite contre la corrosion.<\/li>\n<li>Design fin &#8211; Gr\u00e2ce au r\u00e9glage lat\u00e9ral complet, la m\u00e9thode de construction au sol assure une libert\u00e9 de mouvement maximum.<\/li>\n<li>Le retour automatique hydraulique-pneumatique permet au piston de revenir rapidement avec ou sans charge.<\/li>\n<li>T\u00eates de cylindre extr\u00eamement longues &#8211; Absorption optimale des forces lat\u00e9rales assur\u00e9e.<\/li>\n<li>Groupe de levage enti\u00e8rement hydraulique &#8211; Les tiges de piston sont asperg\u00e9es d\u2019huile \u00e0 chaque mouvement de levage\/d\u2019abaissement &#8211; aucune rouille sur la paroi de cylindre et la tige de piston !<\/li>\n<li>Vitesse de levage lente et variable en continu &#8211; important pour lever d\u00e9licatement et d\u00e9ployer les unit\u00e9s de puissance.<\/li>\n<li>Le pont rapide hydraulique-pneumatique assure un d\u00e9marrage rapide des tiges de piston jusqu\u2019au point de levage.<\/li>\n<li>Op\u00e9ration par p\u00e9dales &#8211; les mains peuvent librement travailler sur le v\u00e9hicule.<\/li>\n<\/ul>\n","protected":false},"excerpt":{"rendered":"<p>20\/15 t, levage de 1200 mm, hydropneumatique, vitesse normale<\/p>\n","protected":false},"featured_media":147437,"template":"","meta":[],"product_brand":[],"product_cat":[58262],"product_tag":[58377,58360,58343,58326],"product_approvals":[],"product_application":[],"class_list":{"0":"post-156972","1":"product","2":"type-product","3":"status-publish","4":"has-post-thumbnail","6":"product_cat-crics-de-fosse-fr","7":"product_tag-buses-fr","8":"product_tag-trucks-fr","9":"product_tag-motor-homes-fr","10":"product_tag-light-commercial-fr","12":"first","13":"instock","14":"shipping-taxable","15":"product-type-simple"},"approvals":[],"application":[],"brb_media_brochure":[{"id":147420,"url":"https:\/\/dev.codekraft.it\/ravaglioli.it\/wp-content\/uploads\/brb_media\/00520168_pit-lifts-ke150x_200m-ke10-kea23-br-multi-2023-12.pdf","title":"Pit Lifts KE150X 200M KE10 KEA23 BR multi 2023 12","mpn":"","thumbnail":"https:\/\/dev.codekraft.it\/ravaglioli.it\/wp-content\/uploads\/brb_media\/00520168_pit-lifts-ke150x_200m-ke10-kea23-br-multi-2023-12-pdf-106x150.png","description":""}],"brb_media_drawing":"","brb_media_manuals":[{"id":147421,"url":"https:\/\/dev.codekraft.it\/ravaglioli.it\/wp-content\/uploads\/brb_media\/00520167_pit-lifts-om-dc-ke150x-ke200m-118779-rev-b-it-2018-01.pdf","title":"Pit lifts OM DC KE150X KE200M 118779 Rev B it 2018 01","mpn":"","thumbnail":"https:\/\/dev.codekraft.it\/ravaglioli.it\/wp-content\/uploads\/brb_media\/00520167_pit-lifts-om-dc-ke150x-ke200m-118779-rev-b-it-2018-01-pdf-106x150.png","description":""}],"brb_media_safety_datasheets":"","brb_media_spare_parts":[],"_cdmm_p_id":"503446","_company":"Ravaglioli","_gtin":"4057612813876","accessories":[{"id":152528,"mpn":"SJA1","name":"Support pour cric de fosse","description":"En option pour crics de fosse, suspendu","thumbnail":"https:\/\/dev.codekraft.it\/ravaglioli.it\/wp-content\/uploads\/brb_media\/00507097_sja1-01-150x150.png","url":"https:\/\/dev.codekraft.it\/ravaglioli.it\/fr\/product\/support-pour-cric-de-fosse\/"}],"components":[],"delivery":[],"package":[],"related":[],"similar":[{"id":156966,"mpn":"KE150X","name":"Cric de fond de fosse KE150X","description":"15\/15 t, levage de 1200 mm, hydropneumatique, vitesse normale","thumbnail":"https:\/\/dev.codekraft.it\/ravaglioli.it\/wp-content\/uploads\/brb_media\/00520152_pit-jacks-ke150x-mi-01.png","url":"https:\/\/dev.codekraft.it\/ravaglioli.it\/fr\/product\/cric-de-fond-de-fosse-ke150x\/"}],"page_logo_src":"https:\/\/dev.codekraft.it\/ravaglioli.it\/wp-content\/uploads\/2026\/04\/rav-negative-logo-1.png","lang":"fr","translations":{"fr":156972,"en":156970,"de":156971,"it":156973,"es":156974,"ru":156975},"pll_sync_post":[],"_links":{"self":[{"href":"https:\/\/dev.codekraft.it\/ravaglioli.it\/wp-json\/wp\/v2\/product\/156972","targetHints":{"allow":["GET"]}}],"collection":[{"href":"https:\/\/dev.codekraft.it\/ravaglioli.it\/wp-json\/wp\/v2\/product"}],"about":[{"href":"https:\/\/dev.codekraft.it\/ravaglioli.it\/wp-json\/wp\/v2\/types\/product"}],"wp:featuredmedia":[{"embeddable":true,"href":"https:\/\/dev.codekraft.it\/ravaglioli.it\/wp-json\/wp\/v2\/media\/147437"}],"wp:attachment":[{"href":"https:\/\/dev.codekraft.it\/ravaglioli.it\/wp-json\/wp\/v2\/media?parent=156972"}],"wp:term":[{"taxonomy":"product_brand","embeddable":true,"href":"https:\/\/dev.codekraft.it\/ravaglioli.it\/wp-json\/wp\/v2\/product_brand?post=156972"},{"taxonomy":"product_cat","embeddable":true,"href":"https:\/\/dev.codekraft.it\/ravaglioli.it\/wp-json\/wp\/v2\/product_cat?post=156972"},{"taxonomy":"product_tag","embeddable":true,"href":"https:\/\/dev.codekraft.it\/ravaglioli.it\/wp-json\/wp\/v2\/product_tag?post=156972"},{"taxonomy":"product_approvals","embeddable":true,"href":"https:\/\/dev.codekraft.it\/ravaglioli.it\/wp-json\/wp\/v2\/product_approvals?post=156972"},{"taxonomy":"product_application","embeddable":true,"href":"https:\/\/dev.codekraft.it\/ravaglioli.it\/wp-json\/wp\/v2\/product_application?post=156972"}],"curies":[{"name":"wp","href":"https:\/\/api.w.org\/{rel}","templated":true}]}}