{"id":156968,"date":"2025-09-08T09:01:34","date_gmt":"2025-09-08T08:01:34","guid":{"rendered":"https:\/\/dev.codekraft.it\/ravaglioli.it\/product\/gato-de-foso-desplazable-ke150x\/"},"modified":"2025-09-08T09:01:34","modified_gmt":"2025-09-08T08:01:34","slug":"gato-de-foso-desplazable-ke150x","status":"publish","type":"product","link":"https:\/\/dev.codekraft.it\/ravaglioli.it\/es\/product\/gato-de-foso-desplazable-ke150x\/","title":{"rendered":"Gato de foso, desplazable KE150X"},"content":{"rendered":"<p>Los elevadores de fosa KE cautivan por su dise\u00f1o de seguridad concebido de manera sobresaliente combinado con un uso ergon\u00f3mico y c\u00f3modo &#8211; sin compromisos. Esto significa que establecemos est\u00e1ndares para moderna tecnolog\u00eda de elevaci\u00f3n.<\/p>\n<p>KE150X &#8211; Dise\u00f1o de chasis cl\u00e1sico para m\u00e1xima flexibilidad<\/p>\n<ul>\n<li>Uso patentado en ambos lados (opcional)<\/li>\n<li>Velocidad de elevaci\u00f3n 30\u00a0% m\u00e1s r\u00e1pida (opcional)<\/li>\n<li>\u00d3ptima Ergonom\u00eda<\/li>\n<\/ul>\n<ul>\n<li>Uso patentado en ambos lados (opcional) &#8211; El tiempo necesario para acomodar un veh\u00edculo se reduce al m\u00ednimo, ya no necesario dejar la fosa.<\/li>\n<li>Motor de aire de doble accionamiento (opcional) &#8211; permite una velocidad de elevaci\u00f3n un 30\u00a0% m\u00e1s alta.<\/li>\n<li>El motor de aire totalmente cubierto facilita la limpieza y reduce el riesgo de lesiones (opcional).<\/li>\n<li>La bandeja de herramientas integrada lleva la herramienta al mec\u00e1nico, no al contrario.<\/li>\n<li>Las poleas de chasis montadas en rodamientos de agujas permiten que el elevador sea movido sin esfuerzo por la fosa. Todos los chasis M y X bajan autom\u00e1ticamente cuando est\u00e1n cargados con una carga que supera las 0,8 t.<\/li>\n<\/ul>\n<ul>\n<li>Ergo crom\u00e1tico &#8211; Todos los controles de funcionamiento est\u00e1n marcados con color rojo y as\u00ed evitan eficazmente un uso incorrecto.<\/li>\n<li>Chasis ergon\u00f3mico &#8211; El chasis dise\u00f1ado recientemente lleva al mec\u00e1nico m\u00e1s cerca del elevador, y por lo tanto m\u00e1s cerca del veh\u00edculo.<\/li>\n<li>Acabado superficial en 2 capas &#8211; Proceso recubrimiento opulento para una perfecta protecci\u00f3n contra la corrosi\u00f3n.<\/li>\n<li>Dise\u00f1o esbelto &#8211; Con el beneficio de completo ajuste lateral, el m\u00e9todo de construcci\u00f3n a nivel del suelo permite m\u00e1xima libertad de movimiento.<\/li>\n<li>El retorno autom\u00e1tico hidr\u00e1ulico-neum\u00e1tico permite que el pist\u00f3n retorne r\u00e1pidamente con o sin carga.<\/li>\n<li>Cabezales de cilindro extra-largos &#8211; Garantizan \u00f3ptima absorci\u00f3n de fuerzas laterales.<\/li>\n<li>Unidad de elevaci\u00f3n totalmente hidr\u00e1ulica &#8211; Los v\u00e1stagos de pist\u00f3n se roc\u00edan con aceite con cada movimiento de elevaci\u00f3n\/descenso &#8211; \u00a1Sin \u00f3xido en la pared de cilindro ni el v\u00e1stago de pist\u00f3n!<\/li>\n<li>Velocidad de elevaci\u00f3n infinitamente variable &#8211; importante para una elevaci\u00f3n delicada y para el despliegue de unidades de potencia.<\/li>\n<li>El r\u00e1pido elevador hidr\u00e1ulico-neum\u00e1tico asegura una r\u00e1pida puesta en marcha de los v\u00e1stagos de pist\u00f3n hasta el punto de elevaci\u00f3n.<\/li>\n<li>Funcionamiento por pedales de pie &#8211; las manos quedan libres para realizar el trabajo en el veh\u00edculo.<\/li>\n<\/ul>\n","protected":false},"excerpt":{"rendered":"<p>15\/15 t, elevador de 1200 mm, hidroneum\u00e1tico, velocidad normal<\/p>\n","protected":false},"featured_media":147419,"template":"","meta":[],"product_brand":[],"product_cat":[74],"product_tag":[58383,58366,58349,58332],"product_approvals":[],"product_application":[],"class_list":{"0":"post-156968","1":"product","2":"type-product","3":"status-publish","4":"has-post-thumbnail","6":"product_cat-uncategorized-es","7":"product_tag-buses-es","8":"product_tag-trucks-es","9":"product_tag-motor-homes-es","10":"product_tag-light-commercial-es","12":"first","13":"instock","14":"shipping-taxable","15":"product-type-simple"},"approvals":[],"application":[],"brb_media_brochure":[{"id":147420,"url":"https:\/\/dev.codekraft.it\/ravaglioli.it\/wp-content\/uploads\/brb_media\/00520168_pit-lifts-ke150x_200m-ke10-kea23-br-multi-2023-12.pdf","title":"Pit Lifts KE150X 200M KE10 KEA23 BR multi 2023 12","mpn":"","thumbnail":"https:\/\/dev.codekraft.it\/ravaglioli.it\/wp-content\/uploads\/brb_media\/00520168_pit-lifts-ke150x_200m-ke10-kea23-br-multi-2023-12-pdf-106x150.png","description":""}],"brb_media_drawing":"","brb_media_manuals":[{"id":147421,"url":"https:\/\/dev.codekraft.it\/ravaglioli.it\/wp-content\/uploads\/brb_media\/00520167_pit-lifts-om-dc-ke150x-ke200m-118779-rev-b-it-2018-01.pdf","title":"Pit lifts OM DC KE150X KE200M 118779 Rev B it 2018 01","mpn":"","thumbnail":"https:\/\/dev.codekraft.it\/ravaglioli.it\/wp-content\/uploads\/brb_media\/00520167_pit-lifts-om-dc-ke150x-ke200m-118779-rev-b-it-2018-01-pdf-106x150.png","description":""}],"brb_media_safety_datasheets":"","brb_media_spare_parts":[],"_cdmm_p_id":"503445","_company":"Ravaglioli","_gtin":"4057612813852","accessories":[],"components":[],"delivery":[],"package":[],"related":[],"similar":[{"id":156974,"mpn":"KE200M","name":"Gato de foso, desplazable KE200M","description":"20\/15 t, elevador de 1200 mm, hidroneum\u00e1tico, velocidad normal","thumbnail":"https:\/\/dev.codekraft.it\/ravaglioli.it\/wp-content\/uploads\/brb_media\/00520153_pit-jacks-ke200m-mi-01.png","url":"https:\/\/dev.codekraft.it\/ravaglioli.it\/es\/product\/gato-de-foso-desplazable-ke200m\/"}],"page_logo_src":"https:\/\/dev.codekraft.it\/ravaglioli.it\/wp-content\/uploads\/2026\/04\/rav-negative-logo-1.png","lang":"es","translations":{"es":156968,"en":156964,"de":156965,"fr":156966,"it":156967,"ru":156969},"pll_sync_post":[],"_links":{"self":[{"href":"https:\/\/dev.codekraft.it\/ravaglioli.it\/wp-json\/wp\/v2\/product\/156968","targetHints":{"allow":["GET"]}}],"collection":[{"href":"https:\/\/dev.codekraft.it\/ravaglioli.it\/wp-json\/wp\/v2\/product"}],"about":[{"href":"https:\/\/dev.codekraft.it\/ravaglioli.it\/wp-json\/wp\/v2\/types\/product"}],"wp:featuredmedia":[{"embeddable":true,"href":"https:\/\/dev.codekraft.it\/ravaglioli.it\/wp-json\/wp\/v2\/media\/147419"}],"wp:attachment":[{"href":"https:\/\/dev.codekraft.it\/ravaglioli.it\/wp-json\/wp\/v2\/media?parent=156968"}],"wp:term":[{"taxonomy":"product_brand","embeddable":true,"href":"https:\/\/dev.codekraft.it\/ravaglioli.it\/wp-json\/wp\/v2\/product_brand?post=156968"},{"taxonomy":"product_cat","embeddable":true,"href":"https:\/\/dev.codekraft.it\/ravaglioli.it\/wp-json\/wp\/v2\/product_cat?post=156968"},{"taxonomy":"product_tag","embeddable":true,"href":"https:\/\/dev.codekraft.it\/ravaglioli.it\/wp-json\/wp\/v2\/product_tag?post=156968"},{"taxonomy":"product_approvals","embeddable":true,"href":"https:\/\/dev.codekraft.it\/ravaglioli.it\/wp-json\/wp\/v2\/product_approvals?post=156968"},{"taxonomy":"product_application","embeddable":true,"href":"https:\/\/dev.codekraft.it\/ravaglioli.it\/wp-json\/wp\/v2\/product_application?post=156968"}],"curies":[{"name":"wp","href":"https:\/\/api.w.org\/{rel}","templated":true}]}}