{"id":156967,"date":"2025-09-08T09:00:59","date_gmt":"2025-09-08T08:00:59","guid":{"rendered":"https:\/\/dev.codekraft.it\/ravaglioli.it\/product\/sollevatore-da-fossa-carrellato-ke150x\/"},"modified":"2025-09-08T09:00:59","modified_gmt":"2025-09-08T08:00:59","slug":"sollevatore-da-fossa-carrellato-ke150x","status":"publish","type":"product","link":"https:\/\/dev.codekraft.it\/ravaglioli.it\/it\/product\/sollevatore-da-fossa-carrellato-ke150x\/","title":{"rendered":"Sollevatore da fossa, carrellato KE150X"},"content":{"rendered":"<p>I sollevatori da fossa KE conquistano per la loro concezione di sicurezza eccezionale e per il comfort di funzionamento ergonomico, senza compromessi. Questo significa che definiamo gli standard per la moderna tecnologia di sollevamento.<\/p>\n<p>KE150X &#8211; Telaio dal design classico per la massima flessibilit\u00e0<\/p>\n<ul>\n<li>Funzionamento brevettato bilaterale (opzionale)<\/li>\n<li>Velocit\u00e0 di sollevamento aumentata del 30% (opzionale)<\/li>\n<li>Ergonomia ottimale<\/li>\n<\/ul>\n<ul>\n<li>Funzionamento brevettato bilaterale (opzionale) &#8211; Il tempo necessario per il sollevamento di un veicolo \u00e8 ridotto al minimo, non \u00e8 pi\u00f9 necessario lasciare la fossa.<\/li>\n<li>Motore pneumatico a doppio effetto (opzionale) &#8211; consente una velocit\u00e0 di sollevamento superiore del 30%.<\/li>\n<li>Il motore pneumatico completamente coperto facilita la pulizia e riduce il rischio di lesioni (opzionale).<\/li>\n<li>Il ripiano integrato con alloggiamenti porta-utensili permette al meccanico di accedere comodamente all&#8217;utensile, non viceversa.<\/li>\n<li>I cuscinetti a rullini montati nelle rotelle del telaio consentono di spostare il sollevatore senza sforzo all&#8217;interno della fossa. Tutti i telai M e X si abbassano automaticamente quando vengono caricati con un carico superiore a 0,8 t.<\/li>\n<\/ul>\n<ul>\n<li>Codificazione di Sicurezza Cromatica Ergonomica &#8211; Tutti i comandi operativi sono contrassegnati e codificati con il colore rosso, questo per prevenire efficacemente errori durante l\u2019operativit\u00e0.<\/li>\n<li>Telaio ergonomico &#8211; Il telaio di nuova concezione favorisce l&#8217;avvicinamento del meccanico al sollevatore e quindi al veicolo.<\/li>\n<li>Finitura della superficie a 2 strati &#8211; Processo di rivestimento ottimale per una protezione perfetta contro la corrosione.<\/li>\n<li>Design Ultrasottile &#8211; Grazie alla regolazione laterale completa, il metodo di costruzione a livello del suolo consente la massima libert\u00e0 di movimento.<\/li>\n<li>Il ritorno automatico idraulico-pneumatico permette un rapido ritorno del pistone con o senza carico.<\/li>\n<li>Testate del cilindro extralunghe &#8211; Garantiscono un assorbimento ottimale delle forze laterali.<\/li>\n<li>Unit\u00e0 di sollevamento completamente idraulica &#8211; Le bielle vengono cosparse di olio ad ogni movimento di sollevamento\/abbassamento &#8211; nessuna formazione di ruggine sulla parete del cilindro e sulle bielle!<\/li>\n<li>Velocit\u00e0 di sollevamento controllato di precisione &#8211; fondamentale per sollevare delicatamente e in modo controllato, utilissimo per l\u2018installazione di unit\u00e0 motrici.<\/li>\n<li>Il sollevamento rapido idraulico-pneumatico consente un rapido accostamento del pistone al punto di sollevamento.<\/li>\n<li>Funzionamento con comando a pedale &#8211; le mani rimangono libere per eseguire i lavori sul veicolo.<\/li>\n<\/ul>\n","protected":false},"excerpt":{"rendered":"<p>15\/15 t, sollevamento 1200 mm, idropneumatico, velocit\u00e0 normale<\/p>\n","protected":false},"featured_media":147419,"template":"","meta":[],"product_brand":[],"product_cat":[30],"product_tag":[58380,58363,58346,58329],"product_approvals":[],"product_application":[],"class_list":{"0":"post-156967","1":"product","2":"type-product","3":"status-publish","4":"has-post-thumbnail","6":"product_cat-uncategorized-it","7":"product_tag-buses-it","8":"product_tag-trucks-it","9":"product_tag-motor-homes-it","10":"product_tag-light-commercial-it","12":"first","13":"instock","14":"shipping-taxable","15":"product-type-simple"},"approvals":[],"application":[],"brb_media_brochure":[{"id":147420,"url":"https:\/\/dev.codekraft.it\/ravaglioli.it\/wp-content\/uploads\/brb_media\/00520168_pit-lifts-ke150x_200m-ke10-kea23-br-multi-2023-12.pdf","title":"Pit Lifts KE150X 200M KE10 KEA23 BR multi 2023 12","mpn":"","thumbnail":"https:\/\/dev.codekraft.it\/ravaglioli.it\/wp-content\/uploads\/brb_media\/00520168_pit-lifts-ke150x_200m-ke10-kea23-br-multi-2023-12-pdf-106x150.png","description":""}],"brb_media_drawing":"","brb_media_manuals":[{"id":147421,"url":"https:\/\/dev.codekraft.it\/ravaglioli.it\/wp-content\/uploads\/brb_media\/00520167_pit-lifts-om-dc-ke150x-ke200m-118779-rev-b-it-2018-01.pdf","title":"Pit lifts OM DC KE150X KE200M 118779 Rev B it 2018 01","mpn":"","thumbnail":"https:\/\/dev.codekraft.it\/ravaglioli.it\/wp-content\/uploads\/brb_media\/00520167_pit-lifts-om-dc-ke150x-ke200m-118779-rev-b-it-2018-01-pdf-106x150.png","description":""}],"brb_media_safety_datasheets":"","brb_media_spare_parts":[],"_cdmm_p_id":"503445","_company":"Ravaglioli","_gtin":"4057612813852","accessories":[],"components":[],"delivery":[],"package":[],"related":[],"similar":[{"id":156973,"mpn":"KE200M","name":"Sollevatore da fossa, carrellato KE200M","description":"20\/15 t, sollevamento 1200 mm, idropneumatico, velocit\u00e0 normale","thumbnail":"https:\/\/dev.codekraft.it\/ravaglioli.it\/wp-content\/uploads\/brb_media\/00520153_pit-jacks-ke200m-mi-01.png","url":"https:\/\/dev.codekraft.it\/ravaglioli.it\/it\/product\/sollevatore-da-fossa-carrellato-ke200m\/"}],"page_logo_src":"https:\/\/dev.codekraft.it\/ravaglioli.it\/wp-content\/uploads\/2026\/04\/rav-negative-logo-1.png","lang":"it","translations":{"it":156967,"en":156964,"de":156965,"fr":156966,"es":156968,"ru":156969},"pll_sync_post":[],"_links":{"self":[{"href":"https:\/\/dev.codekraft.it\/ravaglioli.it\/wp-json\/wp\/v2\/product\/156967","targetHints":{"allow":["GET"]}}],"collection":[{"href":"https:\/\/dev.codekraft.it\/ravaglioli.it\/wp-json\/wp\/v2\/product"}],"about":[{"href":"https:\/\/dev.codekraft.it\/ravaglioli.it\/wp-json\/wp\/v2\/types\/product"}],"wp:featuredmedia":[{"embeddable":true,"href":"https:\/\/dev.codekraft.it\/ravaglioli.it\/wp-json\/wp\/v2\/media\/147419"}],"wp:attachment":[{"href":"https:\/\/dev.codekraft.it\/ravaglioli.it\/wp-json\/wp\/v2\/media?parent=156967"}],"wp:term":[{"taxonomy":"product_brand","embeddable":true,"href":"https:\/\/dev.codekraft.it\/ravaglioli.it\/wp-json\/wp\/v2\/product_brand?post=156967"},{"taxonomy":"product_cat","embeddable":true,"href":"https:\/\/dev.codekraft.it\/ravaglioli.it\/wp-json\/wp\/v2\/product_cat?post=156967"},{"taxonomy":"product_tag","embeddable":true,"href":"https:\/\/dev.codekraft.it\/ravaglioli.it\/wp-json\/wp\/v2\/product_tag?post=156967"},{"taxonomy":"product_approvals","embeddable":true,"href":"https:\/\/dev.codekraft.it\/ravaglioli.it\/wp-json\/wp\/v2\/product_approvals?post=156967"},{"taxonomy":"product_application","embeddable":true,"href":"https:\/\/dev.codekraft.it\/ravaglioli.it\/wp-json\/wp\/v2\/product_application?post=156967"}],"curies":[{"name":"wp","href":"https:\/\/api.w.org\/{rel}","templated":true}]}}