{"id":156965,"date":"2025-09-08T08:40:20","date_gmt":"2025-09-08T07:40:20","guid":{"rendered":"https:\/\/dev.codekraft.it\/ravaglioli.it\/product\/grubenheber-bodenfahrbar-ke150x\/"},"modified":"2025-09-08T08:40:20","modified_gmt":"2025-09-08T07:40:20","slug":"grubenheber-bodenfahrbar-ke150x","status":"publish","type":"product","link":"https:\/\/dev.codekraft.it\/ravaglioli.it\/de\/product\/grubenheber-bodenfahrbar-ke150x\/","title":{"rendered":"Grubenheber, bodenfahrbar KE150X"},"content":{"rendered":"<p>KE Grubenheber \u00fcberzeugen durch ein \u00fcberdurchschnittlich durchdachtes Sicherheitskonzept, verbunden mit einem ergonomischen Bedienkomfort &#8211; ohne Kompromisse.<\/p>\n<p>KE150X &#8211; Klassische Fahrgestell-Bauweise f\u00fcr maximale Flexibilit\u00e4t<\/p>\n<ul>\n<li>Patentierte beidseitige Bedienung (optional)<\/li>\n<li>30 % schnellere Hubgeschwindigkeit (optional)<\/li>\n<li>Optimale Ergonomie<\/li>\n<\/ul>\n<ul>\n<li>Patentierte beidseitige Bedienung (optional) &#8211; Der Zeitbedarf zur Aufnahme eines Fahrzeuges wird auf ein Minimum reduziert, die Grube muss nicht mehr verlassen werden.<\/li>\n<li>Doppelt wirkender Luftmotor (optional) &#8211; erm\u00f6glicht eine um 30 % erh\u00f6hte Hubgeschwindigkeit.<\/li>\n<li>Vollst\u00e4ndig abgedeckter Luftmotor erleichtert die Reinigung und reduziert das Verletzungsrisiko (optional).<\/li>\n<li>Integrierte Werkzeugablage bringt das Werkzeug zum Mechaniker und nicht umgekehrt.<\/li>\n<li>Nadelgelagerte Fahrgestellrollen erlauben ein m\u00fcheloses Verschieben des Hebers innerhalb der Grube. Alle M- und X-Fahrgestelle senken sich ab 0,8 t Last automatisch ab.<\/li>\n<\/ul>\n<ul>\n<li>Farbergonomie &#8211; Alle Bedienelemente sind farblich mit der Farbe Rot gekennzeichnet und verhindern dadurch wirksam Fehlbedienungen.<\/li>\n<li>Ergonomische Fahrgestelle &#8211; Die neu gestalteten Fahrgestelle bringen den Mechaniker n\u00e4her zum Heber und damit n\u00e4her zum Fahrzeug.<\/li>\n<li>2-Schicht-Lackierung &#8211; Aufw\u00e4ndiges Lackierverfahren f\u00fcr einen perfekten Korrosionsschutz.<\/li>\n<li>Schlanke Bauweise &#8211; Unter Ausnutzung der vollen Querverfahrbarkeit schafft die bodenebene Bauweise maximale Bewegungsfreiheit.<\/li>\n<li>Hydraulisch-pneumatische Zwangsr\u00fcckf\u00fchrung erm\u00f6glicht ein schnelles R\u00fcckfahren des Stempels mit und ohne Last.<\/li>\n<li>Extra lange Zylinderf\u00fchrung &#8211; Garantiert eine optimale Aufnahme von Seitenkr\u00e4ften.<\/li>\n<li>Vollhydraulische Hubeinheit &#8211; bei jeder Hub- bzw. Senkbewegung wird die Kolbenstangen mit \u00d6l benetzt &#8211; kein Rost an der Zylinderwand und Kolbenstange!<\/li>\n<li>Stufenloser Feinhub &#8211; wichtig zum feinf\u00fchligen Anheben sowie beim Einsetzen von Aggregaten.<\/li>\n<li>Hydraulisch-pneumatischer Schnellhub sorgt f\u00fcr ein rasches Anfahren der Kolbenstange bis zum Lastaufnahmepunkt.<\/li>\n<li>Bedienung \u00fcber Fu\u00dftasten &#8211; die H\u00e4nde bleiben frei um Arbeiten am Fahrzeug durchzuf\u00fchren.<\/li>\n<\/ul>\n","protected":false},"excerpt":{"rendered":"<p>15\/15 t, 1200 mm Hub,\u00a0hydropneumatisch, Geschwindigkeit Normal<\/p>\n","protected":false},"featured_media":147419,"template":"","meta":[],"product_brand":[],"product_cat":[58258],"product_tag":[58374,58357,58323,58340],"product_approvals":[],"product_application":[],"class_list":{"0":"post-156965","1":"product","2":"type-product","3":"status-publish","4":"has-post-thumbnail","6":"product_cat-grubenheber-de","7":"product_tag-buses-de","8":"product_tag-trucks-de","9":"product_tag-light-commercial-de","10":"product_tag-motor-homes-de","12":"first","13":"instock","14":"shipping-taxable","15":"product-type-simple"},"approvals":[],"application":[],"brb_media_brochure":[{"id":147420,"url":"https:\/\/dev.codekraft.it\/ravaglioli.it\/wp-content\/uploads\/brb_media\/00520168_pit-lifts-ke150x_200m-ke10-kea23-br-multi-2023-12.pdf","title":"Pit Lifts KE150X 200M KE10 KEA23 BR multi 2023 12","mpn":"","thumbnail":"https:\/\/dev.codekraft.it\/ravaglioli.it\/wp-content\/uploads\/brb_media\/00520168_pit-lifts-ke150x_200m-ke10-kea23-br-multi-2023-12-pdf-106x150.png","description":""}],"brb_media_drawing":"","brb_media_manuals":[{"id":147421,"url":"https:\/\/dev.codekraft.it\/ravaglioli.it\/wp-content\/uploads\/brb_media\/00520167_pit-lifts-om-dc-ke150x-ke200m-118779-rev-b-it-2018-01.pdf","title":"Pit lifts OM DC KE150X KE200M 118779 Rev B it 2018 01","mpn":"","thumbnail":"https:\/\/dev.codekraft.it\/ravaglioli.it\/wp-content\/uploads\/brb_media\/00520167_pit-lifts-om-dc-ke150x-ke200m-118779-rev-b-it-2018-01-pdf-106x150.png","description":""}],"brb_media_safety_datasheets":"","brb_media_spare_parts":[],"_cdmm_p_id":"503445","_company":"Ravaglioli","_gtin":"4057612813852","accessories":[],"components":[],"delivery":[],"package":[],"related":[],"similar":[{"id":156971,"mpn":"KE200M","name":"Grubenheber, bodenfahrbar KE200M","description":"20\/15 t, 1200 mm Hub,\u00a0hydropneumatisch, Geschwindigkeit Normal","thumbnail":"https:\/\/dev.codekraft.it\/ravaglioli.it\/wp-content\/uploads\/brb_media\/00520153_pit-jacks-ke200m-mi-01.png","url":"https:\/\/dev.codekraft.it\/ravaglioli.it\/de\/product\/grubenheber-bodenfahrbar-ke200m\/"}],"page_logo_src":"https:\/\/dev.codekraft.it\/ravaglioli.it\/wp-content\/uploads\/2026\/04\/rav-negative-logo-1.png","lang":"de","translations":{"de":156965,"en":156964,"fr":156966,"it":156967,"es":156968,"ru":156969},"pll_sync_post":[],"_links":{"self":[{"href":"https:\/\/dev.codekraft.it\/ravaglioli.it\/wp-json\/wp\/v2\/product\/156965","targetHints":{"allow":["GET"]}}],"collection":[{"href":"https:\/\/dev.codekraft.it\/ravaglioli.it\/wp-json\/wp\/v2\/product"}],"about":[{"href":"https:\/\/dev.codekraft.it\/ravaglioli.it\/wp-json\/wp\/v2\/types\/product"}],"wp:featuredmedia":[{"embeddable":true,"href":"https:\/\/dev.codekraft.it\/ravaglioli.it\/wp-json\/wp\/v2\/media\/147419"}],"wp:attachment":[{"href":"https:\/\/dev.codekraft.it\/ravaglioli.it\/wp-json\/wp\/v2\/media?parent=156965"}],"wp:term":[{"taxonomy":"product_brand","embeddable":true,"href":"https:\/\/dev.codekraft.it\/ravaglioli.it\/wp-json\/wp\/v2\/product_brand?post=156965"},{"taxonomy":"product_cat","embeddable":true,"href":"https:\/\/dev.codekraft.it\/ravaglioli.it\/wp-json\/wp\/v2\/product_cat?post=156965"},{"taxonomy":"product_tag","embeddable":true,"href":"https:\/\/dev.codekraft.it\/ravaglioli.it\/wp-json\/wp\/v2\/product_tag?post=156965"},{"taxonomy":"product_approvals","embeddable":true,"href":"https:\/\/dev.codekraft.it\/ravaglioli.it\/wp-json\/wp\/v2\/product_approvals?post=156965"},{"taxonomy":"product_application","embeddable":true,"href":"https:\/\/dev.codekraft.it\/ravaglioli.it\/wp-json\/wp\/v2\/product_application?post=156965"}],"curies":[{"name":"wp","href":"https:\/\/api.w.org\/{rel}","templated":true}]}}