{"id":156962,"date":"2025-11-20T10:26:31","date_gmt":"2025-11-20T10:26:31","guid":{"rendered":"https:\/\/dev.codekraft.it\/ravaglioli.it\/product\/elevador-de-2-columnas-kpc32\/"},"modified":"2025-11-20T10:26:31","modified_gmt":"2025-11-20T10:26:31","slug":"elevador-de-2-columnas-kpc32","status":"publish","type":"product","link":"https:\/\/dev.codekraft.it\/ravaglioli.it\/es\/product\/elevador-de-2-columnas-kpc32\/","title":{"rendered":"Elevador de 2 columnas KPC32"},"content":{"rendered":"<p>Legend Series &#8211; From History to the Future<\/p>\n<ul>\n<li>Dise\u00f1o moderno: perfil de las columnas recto y lineal con carro interior<\/li>\n<li>ADN innovador: componentes de alta calidad de larga duraci\u00f3n y testados durante 20000 ciclos<\/li>\n<li>Aprovechamiento \u00f3ptimo del espacio: m\u00e1xima ergonom\u00eda gracias a los salvapies electr\u00f3nicos<\/li>\n<\/ul>\n<p>Nacida de los elevadores de 2 columnas m\u00e1s demandados, la Legend Series re\u00fane los conocimientos de ingenier\u00eda de Ravaglioli para darles forma en un paquete innovador. Mirando hacia el futuro, pero siempre haciendo honor al pasado, Ravaglioli se ha fijado un importante objetivo: que el rendimiento y el dise\u00f1o vayan de la mano.<\/p>\n<ul>\n<li>Base de dimensiones reducidas que reduce el espacio ocupado en la zona de trabajo.<\/li>\n<li>Un juego con dos placas permite la instalaci\u00f3n de elevadores incluso sobre hormig\u00f3n con caracter\u00edsticas de calidad inferiores a las exigidas.<\/li>\n<\/ul>\n<ul>\n<li>Capacidad: 3,2 t<\/li>\n<li>Mantenimiento rutinario m\u00ednimo: Las piezas de trabajo est\u00e1n dise\u00f1adas para facilitar la sustituci\u00f3n o el mantenimiento, lo que reduce el coste de propiedad y el riesgo de fallos en los componentes cruciales para la seguridad.<\/li>\n<li>Seguridad y calidad garantizadas a lo largo del tiempo: El elevador est\u00e1 equipado con componentes de primera calidad que garantizan la durabilidad y la m\u00e1xima seguridad para el operario.<\/li>\n<\/ul>\n<ul>\n<li>Sincronizaci\u00f3n electr\u00f3nica.<\/li>\n<li>Brazos cortos de 3 secciones y brazos largos de 2 secciones con taco telesc\u00f3pico de goma de montaje r\u00e1pido.<\/li>\n<li>Protecci\u00f3n de goma de gran tama\u00f1o.<\/li>\n<li>Carros internos montados sobre gu\u00edas de deslizamiento lubricadas, protegidas del entorno exterior, que garantizan una mayor vida \u00fatil de los elementos de deslizamiento.<\/li>\n<li>La nueva geometr\u00eda de la columna facilita la r\u00e1pida sustituci\u00f3n de las tuercas.<\/li>\n<li>La geometr\u00eda de los brazos est\u00e1 dise\u00f1ada para elevar desde utilitarios hasta berlinas de gran distancia entre ejes.<\/li>\n<li>Equipado con un sistema ac\u00fastico de aviso anti-aplaste y salvapie &#8211; Sin salvapies mec\u00e1nicos.<\/li>\n<li>Componentes premium:\n<ul>\n<li>Polea de aluminio con funci\u00f3n de refrigeraci\u00f3n.<\/li>\n<li>Rodamientos de larga duraci\u00f3n.<\/li>\n<li>Tuerca de carga de bronce un 50 % m\u00e1s larga.<\/li>\n<li>Motores con carcasa reforzada y refrigerada.<\/li>\n<li>Trabado firme y autom\u00e1tico del brazo.<\/li>\n<\/ul>\n<\/li>\n<\/ul>\n","protected":false},"excerpt":{"rendered":"<p>3,2 t, electromec\u00e1nico, base ahorra-espacio, columnas sim\u00e9tricos, brazos de apoyo asim\u00e9tricos, brazos largos de 2 secciones, brazos cortos de 3 secciones<\/p>\n","protected":false},"featured_media":147410,"template":"","meta":[],"product_brand":[],"product_cat":[57902],"product_tag":[58296,63163,58332],"product_approvals":[],"product_application":[],"class_list":{"0":"post-156962","1":"product","2":"type-product","3":"status-publish","4":"has-post-thumbnail","6":"product_cat-elevadores-de-2-columnas-es","7":"product_tag-passenger-cars-es","8":"product_tag-quickship-es","9":"product_tag-light-commercial-es","11":"first","12":"instock","13":"shipping-taxable","14":"product-type-simple"},"approvals":[],"application":[],"brb_media_brochure":[{"id":156947,"url":"https:\/\/dev.codekraft.it\/ravaglioli.it\/wp-content\/uploads\/brb_media\/00539849_two-post-lift-kpc-kps-br-de-2025-03-screen.pdf","title":"Two post lift KPC KPS BR de 2025 03 screen","mpn":"","thumbnail":"https:\/\/dev.codekraft.it\/ravaglioli.it\/wp-content\/uploads\/brb_media\/00539849_two-post-lift-kpc-kps-br-de-2025-03-screen-pdf-106x150.png","description":""},{"id":156948,"url":"https:\/\/dev.codekraft.it\/ravaglioli.it\/wp-content\/uploads\/brb_media\/00539850_two-post-lift-kpc-kps-br-en-2025-03-screen.pdf","title":"Two post lift KPC KPS BR en 2025 03 screen","mpn":"","thumbnail":"https:\/\/dev.codekraft.it\/ravaglioli.it\/wp-content\/uploads\/brb_media\/00539850_two-post-lift-kpc-kps-br-en-2025-03-screen-pdf-106x150.png","description":""},{"id":156949,"url":"https:\/\/dev.codekraft.it\/ravaglioli.it\/wp-content\/uploads\/brb_media\/00539851_two-post-lift-kpc-kps-br-fr-2025-03-screen.pdf","title":"Two post lift KPC KPS BR fr 2025 03 screen","mpn":"","thumbnail":"https:\/\/dev.codekraft.it\/ravaglioli.it\/wp-content\/uploads\/brb_media\/00539851_two-post-lift-kpc-kps-br-fr-2025-03-screen-pdf-106x150.png","description":""},{"id":156950,"url":"https:\/\/dev.codekraft.it\/ravaglioli.it\/wp-content\/uploads\/brb_media\/00539852_two-post-lift-kpc-kps-br-it-2025-03-screen.pdf","title":"Two post lift KPC KPS BR it 2025 03 screen","mpn":"","thumbnail":"https:\/\/dev.codekraft.it\/ravaglioli.it\/wp-content\/uploads\/brb_media\/00539852_two-post-lift-kpc-kps-br-it-2025-03-screen-pdf-106x150.png","description":""},{"id":156951,"url":"https:\/\/dev.codekraft.it\/ravaglioli.it\/wp-content\/uploads\/brb_media\/00539853_two-post-lift-kpc-kps-br-es-2025-03-screen.pdf","title":"Two post lift KPC KPS BR es 2025 03 screen","mpn":"","thumbnail":"https:\/\/dev.codekraft.it\/ravaglioli.it\/wp-content\/uploads\/brb_media\/00539853_two-post-lift-kpc-kps-br-es-2025-03-screen-pdf-106x150.png","description":""},{"id":156952,"url":"https:\/\/dev.codekraft.it\/ravaglioli.it\/wp-content\/uploads\/brb_media\/00539854_two-post-lift-kpc-kps-br-ru-2025-03-screen.pdf","title":"Two post lift KPC KPS BR ru 2025 03 screen","mpn":"","thumbnail":"https:\/\/dev.codekraft.it\/ravaglioli.it\/wp-content\/uploads\/brb_media\/00539854_two-post-lift-kpc-kps-br-ru-2025-03-screen-pdf-106x150.png","description":""}],"brb_media_drawing":[{"id":156956,"url":"https:\/\/dev.codekraft.it\/ravaglioli.it\/wp-content\/uploads\/brb_media\/00539848_2-post-lift-kpc32-td-0474-0709-2-00-en-2022-08.pdf","title":"2 post lift KPC32 TD 0474 0709 2 00 en 2022 08","mpn":"","thumbnail":"https:\/\/dev.codekraft.it\/ravaglioli.it\/wp-content\/uploads\/brb_media\/00539848_2-post-lift-kpc32-td-0474-0709-2-00-en-2022-08-pdf-150x107.png","description":""},{"id":156957,"url":"https:\/\/dev.codekraft.it\/ravaglioli.it\/wp-content\/uploads\/brb_media\/00550032_2-post-lifts-kpc32-td-load-diagram-047407091-2023-04.pdf","title":"2 Post Lifts KPC32 TD load diagram 047407091 2023 04","mpn":"","thumbnail":"https:\/\/dev.codekraft.it\/ravaglioli.it\/wp-content\/uploads\/brb_media\/00550032_2-post-lifts-kpc32-td-load-diagram-047407091-2023-04-pdf-150x106.png","description":""}],"brb_media_manuals":[{"id":149933,"url":"https:\/\/dev.codekraft.it\/ravaglioli.it\/wp-content\/uploads\/brb_media\/00535682_2-post-lifts-symmetrical_lifts-p-united_im-0473m0120-rev2-zuffa-multi-2024-12.pdf","title":"2 post lifts symmetrical lifts p united im 0473m0120 rev2 zuffa multi 2024 12","mpn":"","thumbnail":"https:\/\/dev.codekraft.it\/ravaglioli.it\/wp-content\/uploads\/brb_media\/00535682_2-post-lifts-symmetrical_lifts-p-united_im-0473m0120-rev2-zuffa-multi-2024-12-pdf-106x150.png","description":""}],"brb_media_safety_datasheets":"","brb_media_spare_parts":[],"_cdmm_p_id":"503440","_company":"Ravaglioli","_gtin":"5063084198709","accessories":[{"id":154702,"mpn":"VSG.2CALL.902641","name":"Bandejas para herramientas","description":"Magn\u00e9tico | 1 juego \/ 2 piezas","thumbnail":"https:\/\/dev.codekraft.it\/ravaglioli.it\/wp-content\/uploads\/brb_media\/00509504_2-post-lift-vsg2call902641-mi-150x150.png","url":"https:\/\/dev.codekraft.it\/ravaglioli.it\/es\/product\/bandejas-para-herramientas\/"},{"id":155971,"mpn":"VSG.2CALL.901071","name":"Extensiones de adaptadores para elevadores electromec\u00e1nicos","description":"4 x 89 mm, 4 x 127 mm, incl. 2 soportes para montaje en los pilares | 1 juego \/ 8 piezas","thumbnail":"https:\/\/dev.codekraft.it\/ravaglioli.it\/wp-content\/uploads\/brb_media\/00508736_2-post-lift-vsg2call901071-mi-150x150.png","url":"https:\/\/dev.codekraft.it\/ravaglioli.it\/es\/product\/extensiones-de-adaptadores-para-elevadores-electromecanicos\/"},{"id":155977,"mpn":"VSG.2CALL.901248","name":"Extensiones de adaptadores","description":"4 x 200 mm, incl. soporte para montaje en los pilares | 1 juego \/ 4 pieza","thumbnail":"https:\/\/dev.codekraft.it\/ravaglioli.it\/wp-content\/uploads\/brb_media\/00505099_2-post-lift-vsg2call901248-mi-150x150.png","url":"https:\/\/dev.codekraft.it\/ravaglioli.it\/es\/product\/extensiones-de-adaptadores\/"},{"id":156001,"mpn":"VSG.2CELM.901927","name":"C\u00e1ncamo para el desplazamiento de las columnas","description":"3,5 t - 4,2 t | Facilita la instalaci\u00f3n del elevador, reutilizable para otras instalaciones | 1 juego","thumbnail":"https:\/\/dev.codekraft.it\/ravaglioli.it\/wp-content\/uploads\/brb_media\/00512726_2-post-lift-vsg2celm901927-mi-01-150x150.png","url":"https:\/\/dev.codekraft.it\/ravaglioli.it\/es\/product\/cancamo-para-el-desplazamiento-de-las-columnas-2\/"},{"id":155983,"mpn":"VSG.2CALL.901163","name":"Juego de adaptadores","description":"Juego de adaptadores para tacos para levantamiento del chasis \u00d8 120 mm (1 juego con 2 unidades), para plataforma giratoria","thumbnail":"https:\/\/dev.codekraft.it\/ravaglioli.it\/wp-content\/uploads\/brb_media\/00524050_2-post-lift-fj6353-1-mi-150x150.png","url":"https:\/\/dev.codekraft.it\/ravaglioli.it\/es\/product\/juego-de-adaptadores\/"},{"id":154690,"mpn":"VSG.2CALL.902818","name":"Juego de rampitas","description":"Altura de rampa 60 mm, para veh\u00edculos extremadamente bajos | 1 juego \/ 2 piezas","thumbnail":"https:\/\/dev.codekraft.it\/ravaglioli.it\/wp-content\/uploads\/brb_media\/00509501_2-post-lift-vsg2call902818-mi-150x150.png","url":"https:\/\/dev.codekraft.it\/ravaglioli.it\/es\/product\/juego-de-rampitas\/"},{"id":154696,"mpn":"VSG.2CALL.902085","name":"Soportes de alineaci\u00f3n de ruedas","description":"1 juego \/ 4 piezas","thumbnail":"https:\/\/dev.codekraft.it\/ravaglioli.it\/wp-content\/uploads\/brb_media\/00509503_2-post-lift-vsg2call902085-mi-150x150.png","url":"https:\/\/dev.codekraft.it\/ravaglioli.it\/es\/product\/soportes-de-alineacion-de-ruedas\/"},{"id":156613,"mpn":"VSG.2CALL.902511","name":"Soporte para herramientas","description":"Soporte ergon\u00f3mico para destornillador neum\u00e1tico","thumbnail":"https:\/\/dev.codekraft.it\/ravaglioli.it\/wp-content\/uploads\/brb_media\/00511003_2-post-lift-vsg2call902511-mi-150x150.png","url":"https:\/\/dev.codekraft.it\/ravaglioli.it\/es\/product\/soporte-para-herramientas\/"},{"id":157045,"mpn":"VSG.2CALL.902276","name":"Juego de tacos","description":"Placa de soporte, almohadilla de goma, ajustable - para posicionamiento r\u00e1pida en 4 alturas | 4 niveles | 1 juego \/ 4 piezas","thumbnail":"https:\/\/dev.codekraft.it\/ravaglioli.it\/wp-content\/uploads\/brb_media\/00533780_2-post-lift-VSG-2CALL-902276-MI-01-150x150.png","url":"https:\/\/dev.codekraft.it\/ravaglioli.it\/es\/product\/juego-de-tacos\/"}],"components":[],"delivery":[],"package":[],"related":[],"similar":[],"page_logo_src":"https:\/\/dev.codekraft.it\/ravaglioli.it\/wp-content\/uploads\/2026\/04\/rav-negative-logo-1.png","lang":"es","translations":{"es":156962,"en":156955,"de":156959,"fr":156960,"it":156961,"ru":156963},"pll_sync_post":[],"_links":{"self":[{"href":"https:\/\/dev.codekraft.it\/ravaglioli.it\/wp-json\/wp\/v2\/product\/156962","targetHints":{"allow":["GET"]}}],"collection":[{"href":"https:\/\/dev.codekraft.it\/ravaglioli.it\/wp-json\/wp\/v2\/product"}],"about":[{"href":"https:\/\/dev.codekraft.it\/ravaglioli.it\/wp-json\/wp\/v2\/types\/product"}],"wp:featuredmedia":[{"embeddable":true,"href":"https:\/\/dev.codekraft.it\/ravaglioli.it\/wp-json\/wp\/v2\/media\/147410"}],"wp:attachment":[{"href":"https:\/\/dev.codekraft.it\/ravaglioli.it\/wp-json\/wp\/v2\/media?parent=156962"}],"wp:term":[{"taxonomy":"product_brand","embeddable":true,"href":"https:\/\/dev.codekraft.it\/ravaglioli.it\/wp-json\/wp\/v2\/product_brand?post=156962"},{"taxonomy":"product_cat","embeddable":true,"href":"https:\/\/dev.codekraft.it\/ravaglioli.it\/wp-json\/wp\/v2\/product_cat?post=156962"},{"taxonomy":"product_tag","embeddable":true,"href":"https:\/\/dev.codekraft.it\/ravaglioli.it\/wp-json\/wp\/v2\/product_tag?post=156962"},{"taxonomy":"product_approvals","embeddable":true,"href":"https:\/\/dev.codekraft.it\/ravaglioli.it\/wp-json\/wp\/v2\/product_approvals?post=156962"},{"taxonomy":"product_application","embeddable":true,"href":"https:\/\/dev.codekraft.it\/ravaglioli.it\/wp-json\/wp\/v2\/product_application?post=156962"}],"curies":[{"name":"wp","href":"https:\/\/api.w.org\/{rel}","templated":true}]}}