{"id":156961,"date":"2025-11-20T10:26:31","date_gmt":"2025-11-20T10:26:31","guid":{"rendered":"https:\/\/dev.codekraft.it\/ravaglioli.it\/product\/ponte-sollevatore-a-2-colonne-kpc32\/"},"modified":"2025-11-20T10:26:31","modified_gmt":"2025-11-20T10:26:31","slug":"ponte-sollevatore-a-2-colonne-kpc32","status":"publish","type":"product","link":"https:\/\/dev.codekraft.it\/ravaglioli.it\/it\/product\/ponte-sollevatore-a-2-colonne-kpc32\/","title":{"rendered":"Ponte sollevatore a 2 colonne KPC32"},"content":{"rendered":"<p>Legend Series &#8211; From History to the Future<\/p>\n<ul>\n<li>Design moderno: profilo delle colonne pulito e lineare con carrello interno<\/li>\n<li>DNA innovativo: componenti di alta qualit\u00e0 e a lunga durata, testati per 20000 cicli<\/li>\n<li>Ottimizzazione spazi: massima ergonomia grazie ai salva piedi elettronici<\/li>\n<\/ul>\n<p>La Legend Serie, erede dei ponti sollevatori a 2 colonne leader di mercato, consolida le competenze ingegneristiche di Ravaglioli in una forma innovativa.Con lo sguardo rivolto al futuro, ma sempre nel rispetto della tradizione, Ravaglioli si \u00e8 posta un obiettivo importante: coniugare prestazioni e design.<\/p>\n<ul>\n<li>Base di dimensioni ridotte che riducono l\u2019ingombro dell\u2019area di lavoro.<\/li>\n<li>Un set con due piastre, permette l\u2019installazione dei ponti sollevatori anche su qualit\u00e0 di calcestruzzo inferiori a quelli richiesti.<\/li>\n<\/ul>\n<ul>\n<li>Portata: 3,2 ton<\/li>\n<li>Manutenzione di routine ridotta al minimo: I componenti sono progettati per una manutenzione o una sostituzione agevoli, riducendo il costo di esercizio e il rischio di errori sui componenti critici per la sicurezza.<\/li>\n<li>Sicurezza e qualit\u00e0 garantite nel tempo: Il ponte \u00e8 dotato di componenti di alta qualit\u00e0, che garantiscono lunga durata e massima sicurezza per l\u2019operatore.<\/li>\n<\/ul>\n<ul>\n<li>Sincronizzazione elettronica.<\/li>\n<li>I carrelli interni scorrono su apposite guide lubrificate e sono protette dall\u2019ambiente esterno, a garanzia di una maggiore durata degli elementi scorrevoli.<\/li>\n<li>Bracci corti a 3 stadi e bracci lunghi a 2 stadi con tampone in gomma telescopico a montaggio rapido.<\/li>\n<li>Ampia protezione in gomma.<\/li>\n<li>La nuova geometria della colonna consente la rapida sostituzione della chiocciola.<\/li>\n<li>La geometria dei bracci \u00e8 stata progettata per sollevare dalla city car alla berlina a passo lungo.<\/li>\n<li>Sistema acustico per la protezione dei piedi &#8211; Nessun salvapiedi meccanico.<\/li>\n<li>Qualit\u00e0 elevata dei componenti:\n<ul>\n<li>Puleggia in alluminio con funzione di raffreddamento.<\/li>\n<li>Cuscinetti a lunga durata.<\/li>\n<li>Chiocciola portante in bronzo pi\u00f9 lungo del 50%.<\/li>\n<li>Motori con carcassa dissipante rinforzata.<\/li>\n<li>Solido sistema di arresto bracci automatico.<\/li>\n<\/ul>\n<\/li>\n<\/ul>\n","protected":false},"excerpt":{"rendered":"<p>3,2 t, elettromeccanico, base salva-spazio, colonne simmetriche, bracci di supporto asimmetrici, bracci lunghi a 2 stadi, bracci corti a 3 stadi<\/p>\n","protected":false},"featured_media":147410,"template":"","meta":[],"product_brand":[],"product_cat":[57888],"product_tag":[58293,58329,63160],"product_approvals":[],"product_application":[],"class_list":{"0":"post-156961","1":"product","2":"type-product","3":"status-publish","4":"has-post-thumbnail","6":"product_cat-ponti-sollevatori-a-2-colonne-it","7":"product_tag-passenger-cars-it","8":"product_tag-light-commercial-it","9":"product_tag-quickship-it","11":"first","12":"instock","13":"shipping-taxable","14":"product-type-simple"},"approvals":[],"application":[],"brb_media_brochure":[{"id":156947,"url":"https:\/\/dev.codekraft.it\/ravaglioli.it\/wp-content\/uploads\/brb_media\/00539849_two-post-lift-kpc-kps-br-de-2025-03-screen.pdf","title":"Two post lift KPC KPS BR de 2025 03 screen","mpn":"","thumbnail":"https:\/\/dev.codekraft.it\/ravaglioli.it\/wp-content\/uploads\/brb_media\/00539849_two-post-lift-kpc-kps-br-de-2025-03-screen-pdf-106x150.png","description":""},{"id":156948,"url":"https:\/\/dev.codekraft.it\/ravaglioli.it\/wp-content\/uploads\/brb_media\/00539850_two-post-lift-kpc-kps-br-en-2025-03-screen.pdf","title":"Two post lift KPC KPS BR en 2025 03 screen","mpn":"","thumbnail":"https:\/\/dev.codekraft.it\/ravaglioli.it\/wp-content\/uploads\/brb_media\/00539850_two-post-lift-kpc-kps-br-en-2025-03-screen-pdf-106x150.png","description":""},{"id":156949,"url":"https:\/\/dev.codekraft.it\/ravaglioli.it\/wp-content\/uploads\/brb_media\/00539851_two-post-lift-kpc-kps-br-fr-2025-03-screen.pdf","title":"Two post lift KPC KPS BR fr 2025 03 screen","mpn":"","thumbnail":"https:\/\/dev.codekraft.it\/ravaglioli.it\/wp-content\/uploads\/brb_media\/00539851_two-post-lift-kpc-kps-br-fr-2025-03-screen-pdf-106x150.png","description":""},{"id":156950,"url":"https:\/\/dev.codekraft.it\/ravaglioli.it\/wp-content\/uploads\/brb_media\/00539852_two-post-lift-kpc-kps-br-it-2025-03-screen.pdf","title":"Two post lift KPC KPS BR it 2025 03 screen","mpn":"","thumbnail":"https:\/\/dev.codekraft.it\/ravaglioli.it\/wp-content\/uploads\/brb_media\/00539852_two-post-lift-kpc-kps-br-it-2025-03-screen-pdf-106x150.png","description":""},{"id":156951,"url":"https:\/\/dev.codekraft.it\/ravaglioli.it\/wp-content\/uploads\/brb_media\/00539853_two-post-lift-kpc-kps-br-es-2025-03-screen.pdf","title":"Two post lift KPC KPS BR es 2025 03 screen","mpn":"","thumbnail":"https:\/\/dev.codekraft.it\/ravaglioli.it\/wp-content\/uploads\/brb_media\/00539853_two-post-lift-kpc-kps-br-es-2025-03-screen-pdf-106x150.png","description":""},{"id":156952,"url":"https:\/\/dev.codekraft.it\/ravaglioli.it\/wp-content\/uploads\/brb_media\/00539854_two-post-lift-kpc-kps-br-ru-2025-03-screen.pdf","title":"Two post lift KPC KPS BR ru 2025 03 screen","mpn":"","thumbnail":"https:\/\/dev.codekraft.it\/ravaglioli.it\/wp-content\/uploads\/brb_media\/00539854_two-post-lift-kpc-kps-br-ru-2025-03-screen-pdf-106x150.png","description":""}],"brb_media_drawing":[{"id":156956,"url":"https:\/\/dev.codekraft.it\/ravaglioli.it\/wp-content\/uploads\/brb_media\/00539848_2-post-lift-kpc32-td-0474-0709-2-00-en-2022-08.pdf","title":"2 post lift KPC32 TD 0474 0709 2 00 en 2022 08","mpn":"","thumbnail":"https:\/\/dev.codekraft.it\/ravaglioli.it\/wp-content\/uploads\/brb_media\/00539848_2-post-lift-kpc32-td-0474-0709-2-00-en-2022-08-pdf-150x107.png","description":""},{"id":156957,"url":"https:\/\/dev.codekraft.it\/ravaglioli.it\/wp-content\/uploads\/brb_media\/00550032_2-post-lifts-kpc32-td-load-diagram-047407091-2023-04.pdf","title":"2 Post Lifts KPC32 TD load diagram 047407091 2023 04","mpn":"","thumbnail":"https:\/\/dev.codekraft.it\/ravaglioli.it\/wp-content\/uploads\/brb_media\/00550032_2-post-lifts-kpc32-td-load-diagram-047407091-2023-04-pdf-150x106.png","description":""}],"brb_media_manuals":[{"id":149933,"url":"https:\/\/dev.codekraft.it\/ravaglioli.it\/wp-content\/uploads\/brb_media\/00535682_2-post-lifts-symmetrical_lifts-p-united_im-0473m0120-rev2-zuffa-multi-2024-12.pdf","title":"2 post lifts symmetrical lifts p united im 0473m0120 rev2 zuffa multi 2024 12","mpn":"","thumbnail":"https:\/\/dev.codekraft.it\/ravaglioli.it\/wp-content\/uploads\/brb_media\/00535682_2-post-lifts-symmetrical_lifts-p-united_im-0473m0120-rev2-zuffa-multi-2024-12-pdf-106x150.png","description":""}],"brb_media_safety_datasheets":"","brb_media_spare_parts":[],"_cdmm_p_id":"503440","_company":"Ravaglioli","_gtin":"5063084198709","accessories":[{"id":154701,"mpn":"VSG.2CALL.902641","name":"Vaschette portautensili","description":"Magnetiche | 1 set \/ 2 pezzi","thumbnail":"https:\/\/dev.codekraft.it\/ravaglioli.it\/wp-content\/uploads\/brb_media\/00509504_2-post-lift-vsg2call902641-mi-150x150.png","url":"https:\/\/dev.codekraft.it\/ravaglioli.it\/it\/product\/vaschette-portautensili\/"},{"id":155970,"mpn":"VSG.2CALL.901071","name":"Distanziali per tamponi per sollevatori elettromeccanico","description":"4 x 89 mm, 4 x 127 mm, incl. 2 staffe per il montaggio sui pilastri | 1 set \/ 8 pezzi","thumbnail":"https:\/\/dev.codekraft.it\/ravaglioli.it\/wp-content\/uploads\/brb_media\/00508736_2-post-lift-vsg2call901071-mi-150x150.png","url":"https:\/\/dev.codekraft.it\/ravaglioli.it\/it\/product\/distanziali-per-tamponi-per-sollevatori-elettromeccanico\/"},{"id":155976,"mpn":"VSG.2CALL.901248","name":"Distanziali per tamponi","description":"4 x 200 mm, incl. staffa per il montaggio sui pilastri | 1 set \/ 4 pezzi","thumbnail":"https:\/\/dev.codekraft.it\/ravaglioli.it\/wp-content\/uploads\/brb_media\/00505099_2-post-lift-vsg2call901248-mi-150x150.png","url":"https:\/\/dev.codekraft.it\/ravaglioli.it\/it\/product\/distanziali-per-tamponi\/"},{"id":156000,"mpn":"VSG.2CELM.901927","name":"Golfare per movimentazione colonne","description":"3,5 t - 4,2 t | Agevola installazione del ponte sollevatore, riutilizzabile per altre installazioni | 1 set","thumbnail":"https:\/\/dev.codekraft.it\/ravaglioli.it\/wp-content\/uploads\/brb_media\/00512726_2-post-lift-vsg2celm901927-mi-01-150x150.png","url":"https:\/\/dev.codekraft.it\/ravaglioli.it\/it\/product\/golfare-per-movimentazione-colonne-2\/"},{"id":155982,"mpn":"VSG.2CALL.901163","name":"Kit adattatori","description":"Kit adattatori per tamponi per presa telaio \u00d8 120 mm (1 set, 2 pz), per piattaforma girevole","thumbnail":"https:\/\/dev.codekraft.it\/ravaglioli.it\/wp-content\/uploads\/brb_media\/00524050_2-post-lift-fj6353-1-mi-150x150.png","url":"https:\/\/dev.codekraft.it\/ravaglioli.it\/it\/product\/kit-adattatori\/"},{"id":154689,"mpn":"VSG.2CALL.902818","name":"Kit rampe innalzamento veicolo","description":"Altezza rampa 60 mm, per veicoli estremamente bassi | 1 set \/ 2 pezzi","thumbnail":"https:\/\/dev.codekraft.it\/ravaglioli.it\/wp-content\/uploads\/brb_media\/00509501_2-post-lift-vsg2call902818-mi-150x150.png","url":"https:\/\/dev.codekraft.it\/ravaglioli.it\/it\/product\/kit-rampe-innalzamento-veicolo\/"},{"id":154695,"mpn":"VSG.2CALL.902085","name":"Kit cavalletti per assetto","description":"1 set \/ 4 pezzi","thumbnail":"https:\/\/dev.codekraft.it\/ravaglioli.it\/wp-content\/uploads\/brb_media\/00509503_2-post-lift-vsg2call902085-mi-150x150.png","url":"https:\/\/dev.codekraft.it\/ravaglioli.it\/it\/product\/kit-cavalletti-per-assetto\/"},{"id":156612,"mpn":"VSG.2CALL.902511","name":"Supporto per utensili","description":"Supporto ergonomico per avvitatore pneumatico","thumbnail":"https:\/\/dev.codekraft.it\/ravaglioli.it\/wp-content\/uploads\/brb_media\/00511003_2-post-lift-vsg2call902511-mi-150x150.png","url":"https:\/\/dev.codekraft.it\/ravaglioli.it\/it\/product\/supporto-per-utensili\/"},{"id":157044,"mpn":"VSG.2CALL.902276","name":"Kit tamponi","description":"Piastra di supporto, tampone in gomma, regolabile - per posizionamento rapido in 4 altezze | a 4 stadi | 1 set \/ 4 pezzi","thumbnail":"https:\/\/dev.codekraft.it\/ravaglioli.it\/wp-content\/uploads\/brb_media\/00533780_2-post-lift-VSG-2CALL-902276-MI-01-150x150.png","url":"https:\/\/dev.codekraft.it\/ravaglioli.it\/it\/product\/kit-tamponi\/"}],"components":[],"delivery":[],"package":[],"related":[],"similar":[],"page_logo_src":"https:\/\/dev.codekraft.it\/ravaglioli.it\/wp-content\/uploads\/2026\/04\/rav-negative-logo-1.png","lang":"it","translations":{"it":156961,"en":156955,"de":156959,"fr":156960,"es":156962,"ru":156963},"pll_sync_post":[],"_links":{"self":[{"href":"https:\/\/dev.codekraft.it\/ravaglioli.it\/wp-json\/wp\/v2\/product\/156961","targetHints":{"allow":["GET"]}}],"collection":[{"href":"https:\/\/dev.codekraft.it\/ravaglioli.it\/wp-json\/wp\/v2\/product"}],"about":[{"href":"https:\/\/dev.codekraft.it\/ravaglioli.it\/wp-json\/wp\/v2\/types\/product"}],"wp:featuredmedia":[{"embeddable":true,"href":"https:\/\/dev.codekraft.it\/ravaglioli.it\/wp-json\/wp\/v2\/media\/147410"}],"wp:attachment":[{"href":"https:\/\/dev.codekraft.it\/ravaglioli.it\/wp-json\/wp\/v2\/media?parent=156961"}],"wp:term":[{"taxonomy":"product_brand","embeddable":true,"href":"https:\/\/dev.codekraft.it\/ravaglioli.it\/wp-json\/wp\/v2\/product_brand?post=156961"},{"taxonomy":"product_cat","embeddable":true,"href":"https:\/\/dev.codekraft.it\/ravaglioli.it\/wp-json\/wp\/v2\/product_cat?post=156961"},{"taxonomy":"product_tag","embeddable":true,"href":"https:\/\/dev.codekraft.it\/ravaglioli.it\/wp-json\/wp\/v2\/product_tag?post=156961"},{"taxonomy":"product_approvals","embeddable":true,"href":"https:\/\/dev.codekraft.it\/ravaglioli.it\/wp-json\/wp\/v2\/product_approvals?post=156961"},{"taxonomy":"product_application","embeddable":true,"href":"https:\/\/dev.codekraft.it\/ravaglioli.it\/wp-json\/wp\/v2\/product_application?post=156961"}],"curies":[{"name":"wp","href":"https:\/\/api.w.org\/{rel}","templated":true}]}}