{"id":156960,"date":"2025-11-20T10:26:31","date_gmt":"2025-11-20T10:26:31","guid":{"rendered":"https:\/\/dev.codekraft.it\/ravaglioli.it\/product\/pont-elevateur-a-2-colonnes-kpc32\/"},"modified":"2025-11-20T10:26:31","modified_gmt":"2025-11-20T10:26:31","slug":"pont-elevateur-a-2-colonnes-kpc32","status":"publish","type":"product","link":"https:\/\/dev.codekraft.it\/ravaglioli.it\/fr\/product\/pont-elevateur-a-2-colonnes-kpc32\/","title":{"rendered":"Pont \u00e9l\u00e9vateur \u00e0 2 colonnes KPC32"},"content":{"rendered":"<p>Legend Series &#8211; From History to the Future<\/p>\n<ul>\n<li>Design moderne : profil des colonnes \u00e9pur\u00e9 et lin\u00e9aire avec chariot interne<\/li>\n<li>ADN innovant : des composants durables de haute qualit\u00e9, test\u00e9s pour 20000 cycles<\/li>\n<li>Optimisation des espaces : ergonomie maximale gr\u00e2ce aux garde-pieds \u00e9lectroniques<\/li>\n<\/ul>\n<p>Issue des ponts \u00e9l\u00e9vateurs \u00e0 2 colonnes les plus vendus, la Legend Series consolide les connaissances en ing\u00e9nierie de Ravaglioli et les transforme en un ensemble innovant. Tourn\u00e9e vers l\u2019avenir tout en honorant le pass\u00e9, Ravaglioli s\u2019est fix\u00e9 un objectif important : unir performances et design.<\/p>\n<ul>\n<li>Base de dimensions r\u00e9duites, pour un encombrement moindre de la zone de travail.<\/li>\n<li>Un jeu de deux plaques permet d\u2019installer les ponts \u00e9l\u00e9vateurs m\u00eame sur des sols en b\u00e9ton de qualit\u00e9 inf\u00e9rieure \u00e0 celle requise.<\/li>\n<\/ul>\n<ul>\n<li>Port\u00e9e : 3,2 t<\/li>\n<li>Entretien courant minimum : Les pi\u00e8ces de fonctionnement sont con\u00e7ues pour \u00eatre facilement remplac\u00e9es ou entretenues, ce qui r\u00e9duit le co\u00fbt de maintenance et le risque d\u2019erreur sur les composants critiques de s\u00e9curit\u00e9.<\/li>\n<li>S\u00e9curit\u00e9 et qualit\u00e9 garanties dans le temps : Le pont \u00e9l\u00e9vateur est \u00e9quip\u00e9 de composants de qualit\u00e9 sup\u00e9rieure qui garantissent durabilit\u00e9 et s\u00e9curit\u00e9 maximale pour l\u2019op\u00e9rateur.<\/li>\n<\/ul>\n<ul>\n<li>Synchronisation \u00e9lectronique.<\/li>\n<li>Bras courts \u00e0 3 sections et bras longs \u00e0 2 sections avec tampon en caoutchouc t\u00e9lescopique \u00e0 montage rapide.<\/li>\n<li>Grande protection en caoutchouc.<\/li>\n<li>Chariots internes circulant sur des guides de coulissement lubrifi\u00e9s, prot\u00e9g\u00e9s de l\u2019environnement ext\u00e9rieur, qui assurent une plus longue dur\u00e9e de vie des \u00e9l\u00e9ments de coulissement.<\/li>\n<li>La nouvelle structure de la colonne facilite les interventions et permet des changements rapides de composants.<\/li>\n<li>La g\u00e9om\u00e9trie des bras a \u00e9t\u00e9 con\u00e7ue pour le levage des voitures urbaines jusqu\u2019aux berlines \u00e0 empattement long.<\/li>\n<li>\u00c9quip\u00e9 d\u2019un syst\u00e8me sonore anti-\u00e9crasement des pieds &#8211; Sans garde-pieds m\u00e9caniques.<\/li>\n<li>Qualit\u00e9 sup\u00e9rieure des composants\u00a0:\n<ul>\n<li>Poulie en aluminium avec fonction de refroidissement.<\/li>\n<li>Roulements \u00e0 longue dur\u00e9e de vie.<\/li>\n<li>\u00c9crou porteur en bronze 50 % plus long.<\/li>\n<li>Moteurs avec carter de refroidissement renforc\u00e9.<\/li>\n<li>Robuste verrouillage automatique des bras.<\/li>\n<\/ul>\n<\/li>\n<\/ul>\n","protected":false},"excerpt":{"rendered":"<p>3,2 t, \u00e9lectrom\u00e9canique, base peu encombrante, colonnes sym\u00e9triques, bras de support asym\u00e9triques, bras longs \u00e0 2 sections, bras courts \u00e0 3 sections<\/p>\n","protected":false},"featured_media":147410,"template":"","meta":[],"product_brand":[],"product_cat":[57874],"product_tag":[63157,58326,58290],"product_approvals":[],"product_application":[],"class_list":{"0":"post-156960","1":"product","2":"type-product","3":"status-publish","4":"has-post-thumbnail","6":"product_cat-ponts-elevateurs-a-2-colonnes-fr","7":"product_tag-quickship-fr","8":"product_tag-light-commercial-fr","9":"product_tag-passenger-cars-fr","11":"first","12":"instock","13":"shipping-taxable","14":"product-type-simple"},"approvals":[],"application":[],"brb_media_brochure":[{"id":156947,"url":"https:\/\/dev.codekraft.it\/ravaglioli.it\/wp-content\/uploads\/brb_media\/00539849_two-post-lift-kpc-kps-br-de-2025-03-screen.pdf","title":"Two post lift KPC KPS BR de 2025 03 screen","mpn":"","thumbnail":"https:\/\/dev.codekraft.it\/ravaglioli.it\/wp-content\/uploads\/brb_media\/00539849_two-post-lift-kpc-kps-br-de-2025-03-screen-pdf-106x150.png","description":""},{"id":156948,"url":"https:\/\/dev.codekraft.it\/ravaglioli.it\/wp-content\/uploads\/brb_media\/00539850_two-post-lift-kpc-kps-br-en-2025-03-screen.pdf","title":"Two post lift KPC KPS BR en 2025 03 screen","mpn":"","thumbnail":"https:\/\/dev.codekraft.it\/ravaglioli.it\/wp-content\/uploads\/brb_media\/00539850_two-post-lift-kpc-kps-br-en-2025-03-screen-pdf-106x150.png","description":""},{"id":156949,"url":"https:\/\/dev.codekraft.it\/ravaglioli.it\/wp-content\/uploads\/brb_media\/00539851_two-post-lift-kpc-kps-br-fr-2025-03-screen.pdf","title":"Two post lift KPC KPS BR fr 2025 03 screen","mpn":"","thumbnail":"https:\/\/dev.codekraft.it\/ravaglioli.it\/wp-content\/uploads\/brb_media\/00539851_two-post-lift-kpc-kps-br-fr-2025-03-screen-pdf-106x150.png","description":""},{"id":156950,"url":"https:\/\/dev.codekraft.it\/ravaglioli.it\/wp-content\/uploads\/brb_media\/00539852_two-post-lift-kpc-kps-br-it-2025-03-screen.pdf","title":"Two post lift KPC KPS BR it 2025 03 screen","mpn":"","thumbnail":"https:\/\/dev.codekraft.it\/ravaglioli.it\/wp-content\/uploads\/brb_media\/00539852_two-post-lift-kpc-kps-br-it-2025-03-screen-pdf-106x150.png","description":""},{"id":156951,"url":"https:\/\/dev.codekraft.it\/ravaglioli.it\/wp-content\/uploads\/brb_media\/00539853_two-post-lift-kpc-kps-br-es-2025-03-screen.pdf","title":"Two post lift KPC KPS BR es 2025 03 screen","mpn":"","thumbnail":"https:\/\/dev.codekraft.it\/ravaglioli.it\/wp-content\/uploads\/brb_media\/00539853_two-post-lift-kpc-kps-br-es-2025-03-screen-pdf-106x150.png","description":""},{"id":156952,"url":"https:\/\/dev.codekraft.it\/ravaglioli.it\/wp-content\/uploads\/brb_media\/00539854_two-post-lift-kpc-kps-br-ru-2025-03-screen.pdf","title":"Two post lift KPC KPS BR ru 2025 03 screen","mpn":"","thumbnail":"https:\/\/dev.codekraft.it\/ravaglioli.it\/wp-content\/uploads\/brb_media\/00539854_two-post-lift-kpc-kps-br-ru-2025-03-screen-pdf-106x150.png","description":""}],"brb_media_drawing":[{"id":156956,"url":"https:\/\/dev.codekraft.it\/ravaglioli.it\/wp-content\/uploads\/brb_media\/00539848_2-post-lift-kpc32-td-0474-0709-2-00-en-2022-08.pdf","title":"2 post lift KPC32 TD 0474 0709 2 00 en 2022 08","mpn":"","thumbnail":"https:\/\/dev.codekraft.it\/ravaglioli.it\/wp-content\/uploads\/brb_media\/00539848_2-post-lift-kpc32-td-0474-0709-2-00-en-2022-08-pdf-150x107.png","description":""},{"id":156957,"url":"https:\/\/dev.codekraft.it\/ravaglioli.it\/wp-content\/uploads\/brb_media\/00550032_2-post-lifts-kpc32-td-load-diagram-047407091-2023-04.pdf","title":"2 Post Lifts KPC32 TD load diagram 047407091 2023 04","mpn":"","thumbnail":"https:\/\/dev.codekraft.it\/ravaglioli.it\/wp-content\/uploads\/brb_media\/00550032_2-post-lifts-kpc32-td-load-diagram-047407091-2023-04-pdf-150x106.png","description":""}],"brb_media_manuals":[{"id":149933,"url":"https:\/\/dev.codekraft.it\/ravaglioli.it\/wp-content\/uploads\/brb_media\/00535682_2-post-lifts-symmetrical_lifts-p-united_im-0473m0120-rev2-zuffa-multi-2024-12.pdf","title":"2 post lifts symmetrical lifts p united im 0473m0120 rev2 zuffa multi 2024 12","mpn":"","thumbnail":"https:\/\/dev.codekraft.it\/ravaglioli.it\/wp-content\/uploads\/brb_media\/00535682_2-post-lifts-symmetrical_lifts-p-united_im-0473m0120-rev2-zuffa-multi-2024-12-pdf-106x150.png","description":""}],"brb_media_safety_datasheets":"","brb_media_spare_parts":[],"_cdmm_p_id":"503440","_company":"Ravaglioli","_gtin":"5063084198709","accessories":[{"id":154700,"mpn":"VSG.2CALL.902641","name":"Bac pour les outils","description":"Aimant\u00e9es | ensemble de plateaux | 1 jeu \/ 4 pi\u00e8ces","thumbnail":"https:\/\/dev.codekraft.it\/ravaglioli.it\/wp-content\/uploads\/brb_media\/00509504_2-post-lift-vsg2call902641-mi-150x150.png","url":"https:\/\/dev.codekraft.it\/ravaglioli.it\/fr\/product\/bac-pour-les-outils\/"},{"id":155969,"mpn":"VSG.2CALL.901071","name":"Entretoises pour tampons pour \u00e9l\u00e9vateurs \u00e9lectrom\u00e9caniques","description":"4 x 89 mm, 4 x 127 mm, y compris 2 supports pour le montage sur les colonnes | 1 jeu \/ 8 pi\u00e8ces","thumbnail":"https:\/\/dev.codekraft.it\/ravaglioli.it\/wp-content\/uploads\/brb_media\/00508736_2-post-lift-vsg2call901071-mi-150x150.png","url":"https:\/\/dev.codekraft.it\/ravaglioli.it\/fr\/product\/entretoises-pour-tampons-pour-elevateurs-electromecaniques\/"},{"id":155975,"mpn":"VSG.2CALL.901248","name":"Entretoises pour tampons","description":"4 x 200 mm, y compris support pour le montage sur les colonnes | 1 jeu \/ 4 pi\u00e8ces","thumbnail":"https:\/\/dev.codekraft.it\/ravaglioli.it\/wp-content\/uploads\/brb_media\/00505099_2-post-lift-vsg2call901248-mi-150x150.png","url":"https:\/\/dev.codekraft.it\/ravaglioli.it\/fr\/product\/entretoises-pour-tampons\/"},{"id":155999,"mpn":"VSG.2CELM.901927","name":"Anneau pour le d\u00e9placement des colonnes","description":"3,5 t - 4,2 t | Facilite l'installation du pont \u00e9l\u00e9vateur ; r\u00e9utilisable pour d'autres installations | 1 jeu","thumbnail":"https:\/\/dev.codekraft.it\/ravaglioli.it\/wp-content\/uploads\/brb_media\/00512726_2-post-lift-vsg2celm901927-mi-01-150x150.png","url":"https:\/\/dev.codekraft.it\/ravaglioli.it\/fr\/product\/anneau-pour-le-deplacement-des-colonnes-2\/"},{"id":155981,"mpn":"VSG.2CALL.901163","name":"Kit adaptateurs","description":"Kit adaptateurs pour tampons pour prise chassis \u00d8 120 mm (1 jeu, 2 pi\u00e8ces), pour plateau tournant","thumbnail":"https:\/\/dev.codekraft.it\/ravaglioli.it\/wp-content\/uploads\/brb_media\/00524050_2-post-lift-fj6353-1-mi-150x150.png","url":"https:\/\/dev.codekraft.it\/ravaglioli.it\/fr\/product\/kit-adaptateurs\/"},{"id":154688,"mpn":"VSG.2CALL.902818","name":"Kit de supports pour rehausser les v\u00e9hicules","description":"Hauteur de rampe 60 mm, pour v\u00e9hicules extr\u00eamement bas | 1 jeu \/ 2 pi\u00e8ces","thumbnail":"https:\/\/dev.codekraft.it\/ravaglioli.it\/wp-content\/uploads\/brb_media\/00509501_2-post-lift-vsg2call902818-mi-150x150.png","url":"https:\/\/dev.codekraft.it\/ravaglioli.it\/fr\/product\/kit-de-supports-pour-rehausser-les-vehicules\/"},{"id":154694,"mpn":"VSG.2CALL.902085","name":"Kit de supports pour le contr\u00f4le de g\u00e9om\u00e9trie","description":"1 jeu \/ 4 pi\u00e8ces","thumbnail":"https:\/\/dev.codekraft.it\/ravaglioli.it\/wp-content\/uploads\/brb_media\/00509503_2-post-lift-vsg2call902085-mi-150x150.png","url":"https:\/\/dev.codekraft.it\/ravaglioli.it\/fr\/product\/kit-de-supports-pour-le-controle-de-geometrie\/"},{"id":156611,"mpn":"VSG.2CALL.902511","name":"Support d&#039;outil","description":"Support pour outillage pneumatique, ergonomique","thumbnail":"https:\/\/dev.codekraft.it\/ravaglioli.it\/wp-content\/uploads\/brb_media\/00511003_2-post-lift-vsg2call902511-mi-150x150.png","url":"https:\/\/dev.codekraft.it\/ravaglioli.it\/fr\/product\/support-doutil\/"},{"id":157043,"mpn":"VSG.2CALL.902276","name":"Kit tampons","description":"Plaque de support, patin en caoutchouc, r\u00e9glable - pour un positionnement rapide sur 4 hauteurs | 4 \u00e9tages  | 1 jeu \/ 4 pi\u00e8ces","thumbnail":"https:\/\/dev.codekraft.it\/ravaglioli.it\/wp-content\/uploads\/brb_media\/00533780_2-post-lift-VSG-2CALL-902276-MI-01-150x150.png","url":"https:\/\/dev.codekraft.it\/ravaglioli.it\/fr\/product\/kit-tampons\/"}],"components":[],"delivery":[],"package":[],"related":[],"similar":[],"page_logo_src":"https:\/\/dev.codekraft.it\/ravaglioli.it\/wp-content\/uploads\/2026\/04\/rav-negative-logo-1.png","lang":"fr","translations":{"fr":156960,"en":156955,"de":156959,"it":156961,"es":156962,"ru":156963},"pll_sync_post":[],"_links":{"self":[{"href":"https:\/\/dev.codekraft.it\/ravaglioli.it\/wp-json\/wp\/v2\/product\/156960","targetHints":{"allow":["GET"]}}],"collection":[{"href":"https:\/\/dev.codekraft.it\/ravaglioli.it\/wp-json\/wp\/v2\/product"}],"about":[{"href":"https:\/\/dev.codekraft.it\/ravaglioli.it\/wp-json\/wp\/v2\/types\/product"}],"wp:featuredmedia":[{"embeddable":true,"href":"https:\/\/dev.codekraft.it\/ravaglioli.it\/wp-json\/wp\/v2\/media\/147410"}],"wp:attachment":[{"href":"https:\/\/dev.codekraft.it\/ravaglioli.it\/wp-json\/wp\/v2\/media?parent=156960"}],"wp:term":[{"taxonomy":"product_brand","embeddable":true,"href":"https:\/\/dev.codekraft.it\/ravaglioli.it\/wp-json\/wp\/v2\/product_brand?post=156960"},{"taxonomy":"product_cat","embeddable":true,"href":"https:\/\/dev.codekraft.it\/ravaglioli.it\/wp-json\/wp\/v2\/product_cat?post=156960"},{"taxonomy":"product_tag","embeddable":true,"href":"https:\/\/dev.codekraft.it\/ravaglioli.it\/wp-json\/wp\/v2\/product_tag?post=156960"},{"taxonomy":"product_approvals","embeddable":true,"href":"https:\/\/dev.codekraft.it\/ravaglioli.it\/wp-json\/wp\/v2\/product_approvals?post=156960"},{"taxonomy":"product_application","embeddable":true,"href":"https:\/\/dev.codekraft.it\/ravaglioli.it\/wp-json\/wp\/v2\/product_application?post=156960"}],"curies":[{"name":"wp","href":"https:\/\/api.w.org\/{rel}","templated":true}]}}