{"id":156915,"date":"2025-10-30T14:31:23","date_gmt":"2025-10-30T14:31:23","guid":{"rendered":"https:\/\/dev.codekraft.it\/ravaglioli.it\/product\/scherenhebebuhne-rav650n-2-55isi-230-400-v-3-ph-60-hz\/"},"modified":"2026-01-14T23:25:44","modified_gmt":"2026-01-14T23:25:44","slug":"scherenhebebuhne-rav650n-2-55isi-230-400-v-3-ph-60-hz","status":"publish","type":"product","link":"https:\/\/dev.codekraft.it\/ravaglioli.it\/de\/product\/scherenhebebuhne-rav650n-2-55isi-230-400-v-3-ph-60-hz\/","title":{"rendered":"Scherenhebeb\u00fchne RAV650N.2.55ISI 230-400 V &#8211; 3 Ph &#8211; 60 Hz"},"content":{"rendered":"<p>RAV600N Serie &#8211; One Lift for Double Solutions: Neue Geometrie der Hebeb\u00fchne, und vereinfachte Fundamente. Hebeb\u00fchne mit langen Fahrschienen, sehr robust gebaut f\u00fcr maximale Stabilit\u00e4t auch bei Arbeiten an gro\u00dfen Fahrzeugen.<\/p>\n<ul>\n<li>Gro\u00dfe Vielseitigkeit: dieselbe Hebeb\u00fchne kann sowohl als Unterflurausf\u00fchrung als auch auf dem Boden aufliegend verwendet werden<\/li>\n<li>Einfacher Einbau: einfache Erstellung der Grube<\/li>\n<li>Vielseitig einsetzbar: geeignet f\u00fcr s\u00e4mtliche Arbeiten an verschiedenen Fahrzeugtypen<\/li>\n<\/ul>\n<ul>\n<li>Breite Abrollsicherungen f\u00fcr ein sicheres Arbeiten rund um die Hebeb\u00fchne.<\/li>\n<li>Integrierter Radfreiheber mit komplett glatter Aufnahmefl\u00e4che.<\/li>\n<li>Vorgebohrte Fixierl\u00f6cher f\u00fcr die Halterungen der 3D-Achmessk\u00f6pfe.<\/li>\n<li>Die hydraulische Synchronisation der Bewegungen der Fahrschienen ist unabh\u00e4ngig von der Lastverteilung und wird durch ein patentiertes hydraulisches Ausgleichsventil gew\u00e4hrleistet.<\/li>\n<li>Mechanische St\u00fctzvorrichtung mit automatischer Verriegelung und pneumatischer Entriegelung, um eine maximale Sicherheit im aufgehobenen Zustand zu garantieren.<\/li>\n<li>Gelenkbolzen mit selbstschmierenden Buchsen, die keiner Wartung bed\u00fcrfen.<\/li>\n<li>Neue Geometrie der Hebeb\u00fchne und vereinfachte Fundamente.<\/li>\n<li>Grundrahmen mit Nivelliervorrichtungen f\u00fcr ein einfacheres Aufstellen.<\/li>\n<li>Gr\u00f6\u00dfere Hubh\u00f6he.<\/li>\n<\/ul>\n<ul>\n<li>Alle Hebeb\u00fchnen werden in Unterflur-Version geliefert &#8211;\u00a0Der Rampenaufr\u00fcstsatz (siehe Zubeh\u00f6r) erm\u00f6glicht\u00a0die Umr\u00fcstung auf\u00a0die \u00dcberflur-Version.<\/li>\n<li>Offene Aussparung f\u00fcr Drehteller: Kantenlose Fahrschienen, die die Positionierung der Drehteller auf der gesamten Fl\u00e4che der Aussparung selbst erm\u00f6glichen &#8211; Ideal um an schmalen Fahrzeugen zu arbeiten.<\/li>\n<li>Verbessertes Gleiten der Traverse: Werksseitig montierte verzinkte Achsheberf\u00fchrung f\u00fcr eine optimale und schnelle Verstellung des Achshebers.<\/li>\n<\/ul>\n","protected":false},"excerpt":{"rendered":"<p>5,0 t, elektrohydraulisch, Plattforml\u00e4nge 5500 mm, mit integriertem Radfreiheber und Fahrschienen zur Achsvermessung, Unterflur | 3 x 230\/400 V \/ 60 Hz<\/p>\n","protected":false},"featured_media":147159,"template":"","meta":[],"product_brand":[],"product_cat":[58164],"product_tag":[58287,58323],"product_approvals":[],"product_application":[],"class_list":{"0":"post-156915","1":"product","2":"type-product","3":"status-publish","4":"has-post-thumbnail","6":"product_cat-scheren-hebebuhnen-de","7":"product_tag-passenger-cars-de","8":"product_tag-light-commercial-de","10":"first","11":"instock","12":"shipping-taxable","13":"product-type-simple"},"approvals":[],"application":[],"brb_media_brochure":[{"id":155708,"url":"https:\/\/dev.codekraft.it\/ravaglioli.it\/wp-content\/uploads\/brb_media\/00522257_scissor-lift-600-series-br-de-2024-01-screen.pdf","title":"Scissor lift 600 series BR de 2024 01 screen","mpn":"","thumbnail":"https:\/\/dev.codekraft.it\/ravaglioli.it\/wp-content\/uploads\/brb_media\/00522257_scissor-lift-600-series-br-de-2024-01-screen-pdf-106x150.png","description":""},{"id":155709,"url":"https:\/\/dev.codekraft.it\/ravaglioli.it\/wp-content\/uploads\/brb_media\/00522258_scissor-lift-600-series-br-en-2024-01-screen.pdf","title":"Scissor lift 600 series BR en 2024 01 screen","mpn":"","thumbnail":"https:\/\/dev.codekraft.it\/ravaglioli.it\/wp-content\/uploads\/brb_media\/00522258_scissor-lift-600-series-br-en-2024-01-screen-pdf-106x150.png","description":""},{"id":155710,"url":"https:\/\/dev.codekraft.it\/ravaglioli.it\/wp-content\/uploads\/brb_media\/00522259_scissor-lift-600-series-br-fr-2024-01-screen.pdf","title":"Scissor lift 600 series BR fr 2024 01 screen","mpn":"","thumbnail":"https:\/\/dev.codekraft.it\/ravaglioli.it\/wp-content\/uploads\/brb_media\/00522259_scissor-lift-600-series-br-fr-2024-01-screen-pdf-106x150.png","description":""},{"id":155711,"url":"https:\/\/dev.codekraft.it\/ravaglioli.it\/wp-content\/uploads\/brb_media\/00522260_scissor-lift-600-series-br-it-2024-01-screen.pdf","title":"Scissor lift 600 series BR it 2024 01 screen","mpn":"","thumbnail":"https:\/\/dev.codekraft.it\/ravaglioli.it\/wp-content\/uploads\/brb_media\/00522260_scissor-lift-600-series-br-it-2024-01-screen-pdf-106x150.png","description":""},{"id":155712,"url":"https:\/\/dev.codekraft.it\/ravaglioli.it\/wp-content\/uploads\/brb_media\/00522261_scissor-lift-600-series-br-es-2024-01-screen.pdf","title":"Scissor lift 600 series BR es 2024 01 screen","mpn":"","thumbnail":"https:\/\/dev.codekraft.it\/ravaglioli.it\/wp-content\/uploads\/brb_media\/00522261_scissor-lift-600-series-br-es-2024-01-screen-pdf-106x150.png","description":""},{"id":155713,"url":"https:\/\/dev.codekraft.it\/ravaglioli.it\/wp-content\/uploads\/brb_media\/00522262_scissor-lift-600-series-br-ru-2024-01-screen.pdf","title":"Scissor lift 600 series BR ru 2024 01 screen","mpn":"","thumbnail":"https:\/\/dev.codekraft.it\/ravaglioli.it\/wp-content\/uploads\/brb_media\/00522262_scissor-lift-600-series-br-ru-2024-01-screen-pdf-106x150.png","description":""}],"brb_media_drawing":[{"id":147189,"url":"https:\/\/dev.codekraft.it\/ravaglioli.it\/wp-content\/uploads\/brb_media\/00512670_scissor-lift-rav650n255isi-td-059207430-it-2021-06.pdf","title":"Scissor Lift RAV650N255ISI TD 059207430 it 2021 06","mpn":"","thumbnail":"https:\/\/dev.codekraft.it\/ravaglioli.it\/wp-content\/uploads\/brb_media\/00512670_scissor-lift-rav650n255isi-td-059207430-it-2021-06-pdf-107x150.png","description":""}],"brb_media_manuals":[{"id":147168,"url":"https:\/\/dev.codekraft.it\/ravaglioli.it\/wp-content\/uploads\/brb_media\/00512653_scissor-lifts-rav635n_640n_650n_660n_1_2_1-55_2-55_3-46_5-46_5-55_6-46_6-55_si_isi_lb_dc-im-0592-m001-0-multi-2023-06.pdf","title":"Scissor Lifts RAV635N 640N 650N 660N 1 2 1 55 2 55 3 46 5 46 5 55 6 46 6 55 SI ISI LB DC IM 0592 M001 0 multi 2023 06","mpn":"","thumbnail":"https:\/\/dev.codekraft.it\/ravaglioli.it\/wp-content\/uploads\/brb_media\/00512653_scissor-lifts-rav635n_640n_650n_660n_1_2_1-55_2-55_3-46_5-46_5-55_6-46_6-55_si_isi_lb_dc-im-0592-m001-0-multi-2023-06-pdf-106x150.png","description":""}],"brb_media_safety_datasheets":"","brb_media_spare_parts":[],"_cdmm_p_id":"503232","_company":"Ravaglioli","_gtin":"5063084193520","accessories":[{"id":153389,"mpn":"S600NA12","name":"Rampenaufr\u00fcstsatz","description":"1350 mm, Bodenrampen | zum \u00dcberfluraufbau von Hebeb\u00fchnen der Serie 600N mit Radfreiheber | 1 Satz \/ 2 St\u00fcck","thumbnail":"https:\/\/dev.codekraft.it\/ravaglioli.it\/wp-content\/uploads\/brb_media\/00509679_s600na12-mi-150x150.png","url":"https:\/\/dev.codekraft.it\/ravaglioli.it\/de\/product\/rampenaufrustsatz\/"},{"id":153413,"mpn":"S600NA13","name":"Rampenaufr\u00fcstsatz 1800 mm, Bodenrampen","description":"Zum \u00dcberfluraufbau von Hebeb\u00fchnen der Serie 600N mit Radfreiheber | 1 Satz \/ 2 St\u00fcck","thumbnail":"https:\/\/dev.codekraft.it\/ravaglioli.it\/wp-content\/uploads\/brb_media\/00509679_s600na12-mi-150x150.png","url":"https:\/\/dev.codekraft.it\/ravaglioli.it\/de\/product\/rampenaufrustsatz-1800-mm-bodenrampen\/"},{"id":153401,"mpn":"S600NA18","name":"Rampenaufr\u00fcstsatz 1560 mm, H\u00e4ngerampen","description":"Zum \u00dcberfluraufbau von Hebeb\u00fchnen der Serie 600N mit Radfreiheber | 1 Satz \/ 2 St\u00fcck","thumbnail":"","url":"https:\/\/dev.codekraft.it\/ravaglioli.it\/de\/product\/rampenaufrustsatz-1560-mm-hangerampen\/"},{"id":153425,"mpn":"S600NA20","name":"Rampenaufr\u00fcstsatz 2000 mm","description":"Zum \u00dcberfluraufbau von Hebeb\u00fchnen der Serie 600N mit Radfreiheber | 1 Satz \/ 2 St\u00fcck","thumbnail":"","url":"https:\/\/dev.codekraft.it\/ravaglioli.it\/de\/product\/rampenaufrustsatz-2000-mm\/"},{"id":152154,"mpn":"S650.1SIC\/D\/2","name":"Schlauchverl\u00e4ngerung","description":"Bedienaggregat in Auffahrrichtung rechts positioniert | Meterware","thumbnail":"","url":"https:\/\/dev.codekraft.it\/ravaglioli.it\/de\/product\/schlauchverlangerung\/"},{"id":156794,"mpn":"S650.1SIC\/D\/5","name":"Schlauchverl\u00e4ngerung","description":"5 m, Bedienaggregat in Auffahrrichtung rechts positioniert | geeignet f\u00fcr RAV.640N1.193278, RAV.640N2.193117, RAV.640N1.193391, RAV.650N1.193742, RAV.650N2.193858, RAV.650N2.193520, RAV.650N2.193667, RAV.660N2.193360 und RAV.650N2.193384","thumbnail":"","url":"https:\/\/dev.codekraft.it\/ravaglioli.it\/de\/product\/schlauchverlangerung-16\/"},{"id":155926,"mpn":"S650.1SIC\/S\/2","name":"Schlauchverl\u00e4ngerung","description":"2 m, Bedienaggregat in Auffahrrichtung links positioniert","thumbnail":"","url":"https:\/\/dev.codekraft.it\/ravaglioli.it\/de\/product\/schlauchverlangerung-11\/"},{"id":156800,"mpn":"S650.1SIC\/S\/5","name":"Schlauchverl\u00e4ngerung","description":"5 m, Bedienaggregat in Auffahrrichtung links positioniert | geeignet f\u00fcr RAV.640N1.193278, RAV.640N2.193117, RAV.640N1.193391, RAV.650N1.193742, RAV.650N2.193858, RAV.650N2.193520, RAV.650N2.193667, RAV.660N2.193360 und RAV.650N2.193384","thumbnail":"","url":"https:\/\/dev.codekraft.it\/ravaglioli.it\/de\/product\/schlauchverlangerung-17\/"},{"id":152196,"mpn":"S510A1","name":"Schlauchabdeckung 1 m","description":"F\u00fcr die Bodenmontage von Hebeb\u00fchnen","thumbnail":"","url":"https:\/\/dev.codekraft.it\/ravaglioli.it\/de\/product\/schlauchabdeckung-1-m\/"},{"id":153197,"mpn":"S505A7","name":"Gummikl\u00f6tze","description":"20 mm | geeignet f\u00fcr RAV.640N1.193391, RAV.650N1.193742, RAV.650N2.193858, RAV.650N2.193520, RAV.650N2.193667, RAV.650N6.193964, RAV.650N5.193902, RAV.660N2.193360, RAV.650N5.193018, RAV.650N6.193025, RAV.640N5.193049, RAV.640N4.192998, RAV.640N3.192981, RAV.650N2.193384 und RAV.650N5.193919 | 1 Satz \/ 4 St\u00fcck","thumbnail":"https:\/\/dev.codekraft.it\/ravaglioli.it\/wp-content\/uploads\/brb_media\/00509683_s505a7-mi-150x150.png","url":"https:\/\/dev.codekraft.it\/ravaglioli.it\/de\/product\/gummiklotze-2\/"},{"id":153209,"mpn":"S505A6","name":"Gummikl\u00f6tze","description":"40 mm | geeignet f\u00fcr RAV.640N1.193391, RAV.650N1.193742, RAV.650N2.193858, RAV.650N2.193520, RAV.650N2.193667, RAV.650N6.193964, RAV.650N5.193902, RAV.660N2.193360, RAV.650N5.193018, RAV.650N6.193025, RAV.640N5.193049, RAV.640N4.192998, RAV.640N3.192981, RAV.650N2.193384 und RAV.650N5.193919 | 1 Satz \/ 4 St\u00fcck","thumbnail":"https:\/\/dev.codekraft.it\/ravaglioli.it\/wp-content\/uploads\/brb_media\/00509684_s505a6-mi-150x150.png","url":"https:\/\/dev.codekraft.it\/ravaglioli.it\/de\/product\/gummiklotze-4\/"},{"id":153215,"mpn":"S505A9","name":"Gummikl\u00f6tze","description":"60 mm | geeignet f\u00fcr RAV.640N1.193391, RAV.650N1.193742, RAV.650N6.193964, RAV.660N2.193360, RAV.650N6.193025, RAV.640N5.193049 und RAV.640N4.192998 | 1 Satz \/ 4 St\u00fcck","thumbnail":"https:\/\/dev.codekraft.it\/ravaglioli.it\/wp-content\/uploads\/brb_media\/00509685_s505a9-mi-150x150.png","url":"https:\/\/dev.codekraft.it\/ravaglioli.it\/de\/product\/gummiklotze-5\/"},{"id":153191,"mpn":"S505A5","name":"Gummikl\u00f6tze","description":"120 mm | geeignet f\u00fcr RAV.640N1.193391, RAV.650N1.193742, RAV.650N2.193858, RAV.650N2.193520, RAV.650N2.193667, RAV.650N6.193964, RAV.650N5.193902, RAV.660N2.193360, RAV.650N5.193018, RAV.650N6.193025, RAV.640N5.193049, RAV.640N4.192998, RAV.640N3.192981, RAV.650N2.193384 und RAV.650N5.193919 | 1 Satz \/ 4 St\u00fcck","thumbnail":"https:\/\/dev.codekraft.it\/ravaglioli.it\/wp-content\/uploads\/brb_media\/00509685_s505a9-mi-150x150.png","url":"https:\/\/dev.codekraft.it\/ravaglioli.it\/de\/product\/gummiklotze\/"},{"id":153203,"mpn":"S505A1","name":"Gummikl\u00f6tze","description":"200 mm | geeignet f\u00fcr RAV.640N1.193391, RAV.650N1.193742, RAV.650N2.193858, RAV.650N2.193520, RAV.650N2.193667, RAV.650N6.193964, RAV.650N5.193902, RAV.660N2.193360, RAV.650N5.193018, RAV.650N6.193025, RAV.640N5.193049, RAV.640N4.192998, RAV.640N3.192981, RAV.650N2.193384 et RAV.650N5.193919 | 1 Satz \/ 4 St\u00fcck","thumbnail":"https:\/\/dev.codekraft.it\/ravaglioli.it\/wp-content\/uploads\/brb_media\/00507088_s505a1-150x150.png","url":"https:\/\/dev.codekraft.it\/ravaglioli.it\/de\/product\/gummiklotze-3\/"},{"id":152190,"mpn":"S505A2","name":"Traversen f\u00fcr XS30-CAT","description":"F\u00fcr Gel\u00e4ndewagen | 1 Satz \/ 2 St\u00fcck","thumbnail":"https:\/\/dev.codekraft.it\/ravaglioli.it\/wp-content\/uploads\/brb_media\/00509455_scissor-lift-s505a2-mi-150x150.png","url":"https:\/\/dev.codekraft.it\/ravaglioli.it\/de\/product\/traversen-fur-xs30-cat\/"},{"id":153341,"mpn":"S650A5","name":"\u00dcberfahrrampen-Kit","description":"1350 mm, Bodenrampen | f\u00fcr Serie 600N mit Radfreiheber | 1 Paar","thumbnail":"","url":"https:\/\/dev.codekraft.it\/ravaglioli.it\/de\/product\/uberfahrrampen-kit\/"},{"id":153365,"mpn":"S600NA17","name":"\u00dcberfahrrampen-Kit 1800 mm","description":"Zus\u00e4tzliche Rampen zum \u00dcberfahren der B\u00fchne, f\u00fcr Serie 600N mit Radfreiheber | 1 Paar","thumbnail":"","url":"https:\/\/dev.codekraft.it\/ravaglioli.it\/de\/product\/uberfahrrampen-kit-1800-mm\/"},{"id":153353,"mpn":"S600NA8","name":"\u00dcberfahrrampen-Kit 1560 mm, H\u00e4ngerampen","description":"Zus\u00e4tzliche Rampen zum \u00dcberfahren der B\u00fchne, f\u00fcr Serie 600N mit Radfreiheber | 1 Paar","thumbnail":"","url":"https:\/\/dev.codekraft.it\/ravaglioli.it\/de\/product\/uberfahrrampen-kit-1560-mm-hangerampen\/"},{"id":153377,"mpn":"S600NA4","name":"\u00dcberfahrrampen-Kit","description":"2000 mm, H\u00e4ngerampen | f\u00fcr Serie 600N mit Radfreiheber | 1 Paar","thumbnail":"","url":"https:\/\/dev.codekraft.it\/ravaglioli.it\/de\/product\/uberfahrrampen-kit-2\/"},{"id":153047,"mpn":"S650NA5","name":"Drehtellerabdeckungen f\u00fcr Fahrschienenbreite 650 mm","description":"Zum vollst\u00e4ndigen Verschlie\u00dfen der Drehtelleraussparung | geeignet f\u00fcr RAV.650N2.193797, RAV.650N2.193858, RAV.650N2.193520, RAV.650N2.193667, RAV.650N5.193902, RAV.650N5.193018, RAV.640N5.193049, RAV.650N2.193384 und RAV.650N5.193919 | 1 Satz \/ 2 St\u00fcck","thumbnail":"https:\/\/dev.codekraft.it\/ravaglioli.it\/wp-content\/uploads\/brb_media\/00509673_scissor-lift-600-series-spacers-to-completely-close-turntables-recess-di-01-150x150.png","url":"https:\/\/dev.codekraft.it\/ravaglioli.it\/de\/product\/drehtellerabdeckungen-fur-fahrschienenbreite-650-mm\/"},{"id":153774,"mpn":"S640A2","name":"Zusatzschiene f\u00fcr Dreiradfahrzeuge","description":"F\u00fcr alle elektrohydraulischen Scheren-Hebeb\u00fchnen","thumbnail":"","url":"https:\/\/dev.codekraft.it\/ravaglioli.it\/de\/product\/zusatzschiene-fur-dreiradfahrzeuge\/"},{"id":153485,"mpn":"S611A4","name":"Steuerpultabdeckung f\u00fcr elektrohydraulischen Scheren-Hebeb\u00fchnen","description":"Zum Schutz des Bedienfeldes | f\u00fcr alle Modelle","thumbnail":"https:\/\/dev.codekraft.it\/ravaglioli.it\/wp-content\/uploads\/brb_media\/00507090_s611a4-150x150.png","url":"https:\/\/dev.codekraft.it\/ravaglioli.it\/de\/product\/steuerpultabdeckung-fur-elektrohydraulischen-scheren-hebebuhnen\/"}],"components":[],"delivery":[{"id":156891,"mpn":"S600NA1","name":"LED-Beleuchtungs-Kit 4-fach, 24 V, 4800 mm","description":"F\u00fcr alle elektrohydraulischen Scheren-Hebeb\u00fchnen","thumbnail":"https:\/\/dev.codekraft.it\/ravaglioli.it\/wp-content\/uploads\/brb_media\/00509677_vars600na1-mi-01-150x150.png","url":"https:\/\/dev.codekraft.it\/ravaglioli.it\/de\/product\/led-beleuchtungs-kit-4-fach-24-v-4800-mm\/"}],"package":[],"related":[],"similar":[{"id":156261,"mpn":"RAV.650N1.193728","name":"Scherenhebeb\u00fchne RAV650N.1.55I","description":"5,0 t, elektrohydraulisch, mit ebenen Fahrbahnen, Plattforml\u00e4nge 5500 mm, Unterflur","thumbnail":"https:\/\/dev.codekraft.it\/ravaglioli.it\/wp-content\/uploads\/brb_media\/00512644_scissor-lift-rav600n-series-mi-150x150.png","url":"https:\/\/dev.codekraft.it\/ravaglioli.it\/de\/product\/scherenhebebuhne-rav650n-1-55i\/"},{"id":156301,"mpn":"RAV.650N2.193797","name":"Scherenhebeb\u00fchne RAV650N.2.55I","description":"5,0 t, elektrohydraulisch, Plattforml\u00e4nge 5500 mm, mit Fahrschienen zur Achsvermessung, Unterflur","thumbnail":"https:\/\/dev.codekraft.it\/ravaglioli.it\/wp-content\/uploads\/brb_media\/00512644_scissor-lift-rav600n-series-mi-150x150.png","url":"https:\/\/dev.codekraft.it\/ravaglioli.it\/de\/product\/scherenhebebuhne-rav650n-2-55i\/"},{"id":156268,"mpn":"RAV.650N1.193742","name":"Scherenhebeb\u00fchne RAV650N.1.55ISI","description":"5,0 t, elektrohydraulisch, mit ebenen Fahrbahnen, Plattforml\u00e4nge 5500 mm, mit integriertem Radfreiheber, Unterflur","thumbnail":"https:\/\/dev.codekraft.it\/ravaglioli.it\/wp-content\/uploads\/brb_media\/00512645_scissor-lift-rav600n-series-with-wheel-free-lift-mi-01-150x150.png","url":"https:\/\/dev.codekraft.it\/ravaglioli.it\/de\/product\/scherenhebebuhne-rav650n-1-55isi\/"},{"id":156307,"mpn":"RAV.650N2.193858","name":"Scherenhebeb\u00fchne RAV650N.2.55ISI 230 V &#8211; 50 Hz","description":"5,0 t, elektrohydraulisch, Plattforml\u00e4nge 5500 mm, mit integriertem Radfreiheber und Fahrschienen zur Achsvermessung, Unterflur | 230 V \/ 50 Hz","thumbnail":"https:\/\/dev.codekraft.it\/ravaglioli.it\/wp-content\/uploads\/brb_media\/00512645_scissor-lift-rav600n-series-with-wheel-free-lift-mi-01-150x150.png","url":"https:\/\/dev.codekraft.it\/ravaglioli.it\/de\/product\/scherenhebebuhne-rav650n-2-55isi-230-v-50-hz\/"},{"id":156375,"mpn":"RAV.650N6.193964","name":"Scherenhebeb\u00fchne RAV650N.6.55ISI","description":"5,0 t, elektrohydraulisch, Plattforml\u00e4nge 5500 mm, mit Gelenkspieltester und integriertem Radfreiheber, Unterflur","thumbnail":"https:\/\/dev.codekraft.it\/ravaglioli.it\/wp-content\/uploads\/brb_media\/00509672_scissor-lift-600-series-play-detector-di-01-150x150.png","url":"https:\/\/dev.codekraft.it\/ravaglioli.it\/de\/product\/scherenhebebuhne-rav650n-6-55isi\/"},{"id":156341,"mpn":"RAV.650N5.193902","name":"Scherenhebeb\u00fchne RAV650N.5.55ISI","description":"5,0 t, elektrohydraulisch, Plattforml\u00e4nge 5500 mm, mit Gelenkspieltester, integriertem Radfreiheber und Fahrschienen zur Achsvermessung, Unterflur","thumbnail":"https:\/\/dev.codekraft.it\/ravaglioli.it\/wp-content\/uploads\/brb_media\/00509672_scissor-lift-600-series-play-detector-di-01-150x150.png","url":"https:\/\/dev.codekraft.it\/ravaglioli.it\/de\/product\/scherenhebebuhne-rav650n-5-55isi\/"},{"id":156921,"mpn":"RAV.650N2.193667","name":"Scherenhebeb\u00fchne RAV650N.2.55ISIQ","description":"5,0 t, elektrohydraulisch, Plattforml\u00e4nge 5500 mm, mit integriertem Radfreiheber, Fahrschienen zur Achsvermessung und TEq-Link, Unterflur","thumbnail":"https:\/\/dev.codekraft.it\/ravaglioli.it\/wp-content\/uploads\/brb_media\/00512645_scissor-lift-rav600n-series-with-wheel-free-lift-mi-01-150x150.png","url":"https:\/\/dev.codekraft.it\/ravaglioli.it\/de\/product\/scherenhebebuhne-rav650n-2-55isiq\/"}],"page_logo_src":"https:\/\/dev.codekraft.it\/ravaglioli.it\/wp-content\/uploads\/2026\/04\/rav-negative-logo-1.png","lang":"de","translations":{"de":156915,"en":156914,"fr":156916,"it":156917,"es":156918,"ru":156919},"pll_sync_post":[],"_links":{"self":[{"href":"https:\/\/dev.codekraft.it\/ravaglioli.it\/wp-json\/wp\/v2\/product\/156915","targetHints":{"allow":["GET"]}}],"collection":[{"href":"https:\/\/dev.codekraft.it\/ravaglioli.it\/wp-json\/wp\/v2\/product"}],"about":[{"href":"https:\/\/dev.codekraft.it\/ravaglioli.it\/wp-json\/wp\/v2\/types\/product"}],"wp:featuredmedia":[{"embeddable":true,"href":"https:\/\/dev.codekraft.it\/ravaglioli.it\/wp-json\/wp\/v2\/media\/147159"}],"wp:attachment":[{"href":"https:\/\/dev.codekraft.it\/ravaglioli.it\/wp-json\/wp\/v2\/media?parent=156915"}],"wp:term":[{"taxonomy":"product_brand","embeddable":true,"href":"https:\/\/dev.codekraft.it\/ravaglioli.it\/wp-json\/wp\/v2\/product_brand?post=156915"},{"taxonomy":"product_cat","embeddable":true,"href":"https:\/\/dev.codekraft.it\/ravaglioli.it\/wp-json\/wp\/v2\/product_cat?post=156915"},{"taxonomy":"product_tag","embeddable":true,"href":"https:\/\/dev.codekraft.it\/ravaglioli.it\/wp-json\/wp\/v2\/product_tag?post=156915"},{"taxonomy":"product_approvals","embeddable":true,"href":"https:\/\/dev.codekraft.it\/ravaglioli.it\/wp-json\/wp\/v2\/product_approvals?post=156915"},{"taxonomy":"product_application","embeddable":true,"href":"https:\/\/dev.codekraft.it\/ravaglioli.it\/wp-json\/wp\/v2\/product_application?post=156915"}],"curies":[{"name":"wp","href":"https:\/\/api.w.org\/{rel}","templated":true}]}}