{"id":156791,"date":"2025-10-30T14:31:24","date_gmt":"2025-10-30T14:31:24","guid":{"rendered":"https:\/\/dev.codekraft.it\/ravaglioli.it\/product\/elevador-de-columna-movil-rav308h-6ws\/"},"modified":"2026-01-14T23:15:32","modified_gmt":"2026-01-14T23:15:32","slug":"elevador-de-columna-movil-rav308h-6ws","status":"publish","type":"product","link":"https:\/\/dev.codekraft.it\/ravaglioli.it\/es\/product\/elevador-de-columna-movil-rav308h-6ws\/","title":{"rendered":"Elevador de columna m\u00f3vil RAV308H.6WS"},"content":{"rendered":"<p>Columnas m\u00f3viles para elevar diferentes veh\u00edculos &#8211;\u00a0Acceso perfecto al veh\u00edculo. Facilitan los servicio de frenos y ruedas.<\/p>\n<ul>\n<li>La doble protecci\u00f3n de carga garantiza la seguridad<\/li>\n<li>Uso intuitivo<\/li>\n<li>La carretilla elevadora puede cambiar de posici\u00f3n r\u00e1pidamente<\/li>\n<\/ul>\n<ul>\n<li>Controles posibles desde cada columna<\/li>\n<li>Todas las columnas son iguales<\/li>\n<li>Configuraci\u00f3n de los juegos: 4-6-8<\/li>\n<li>Seguridad mec\u00e1nica de todo el sistema y del estacionamiento<\/li>\n<li>Comunicaci\u00f3n entre columnas por v\u00eda Wireless 2.4 GHz<\/li>\n<li>Selecci\u00f3n autom\u00e1tica del canal de transmisi\u00f3n con su indicaci\u00f3n en el display<\/li>\n<\/ul>\n<ul>\n<li>Sin cables<\/li>\n<li>3 modos de funcionamiento:\n<ul>\n<li>All: Funcionamiento simult\u00e1neo de todas las columnas<\/li>\n<li>Group: Funcionamiento simult\u00e1neo por pareja de columnas seleccionadas<\/li>\n<li>Single: Funcionamiento individual por columna<\/li>\n<\/ul>\n<\/li>\n<li>Posibilidad de seleccionar desfases prestablecidos entre dos o m\u00e1s pares de columnas, manteniendo luego el subsiguiente control de sincronizaci\u00f3n<\/li>\n<li>Instalaciones el\u00e9ctricas modulares para facilitar sucesivas variaciones en la configuraci\u00f3n (ej. paso de 4 a 6 u 8 columnas, utilizo de dos set de 4 columnas obtenidos separando un set de 8 columnas).<\/li>\n<li>2 bater\u00edas\u00a0de tipo gel (2 x 12 V \/ 100,0 Ah) por columna, sin mantenimiento &#8211; 20 ciclos completos con plena carga<\/li>\n<li>Indicaci\u00f3n del estado de la carga:\n<ul>\n<li>led amarillo: aconsejable recargar las bater\u00edas, posibilidad de 5 ciclos todav\u00eda<\/li>\n<li>led rojo: necesario obligatoriamente recargar las bater\u00edas, solo es posible bajar el veh\u00edculo<\/li>\n<\/ul>\n<\/li>\n<li>Cargador de bater\u00edas\u00a0con cable de carga de 10 m incluido en cada columna\n<ul>\n<li>Funci\u00f3n exclusiva de carga de bater\u00edas, no de alimentaci\u00f3n<\/li>\n<li>Posibilidad de recarga durante el funcionamiento<\/li>\n<li>Tiempo de recarga 10 horas<\/li>\n<\/ul>\n<\/li>\n<li>Sincronizaci\u00f3n de desnivel al alcanzar una diferencia m\u00e1xima de 30 mm &#8211; Placa de control en conformidad con el est\u00e1ndar ISO 13849<\/li>\n<\/ul>\n","protected":false},"excerpt":{"rendered":"<p>6 x 8,5 t, electrohidr\u00e1ulico, inal\u00e1mbrico, alimentado por bater\u00eda<\/p>\n","protected":false},"featured_media":156781,"template":"","meta":[],"product_brand":[],"product_cat":[58246],"product_tag":[58383,58366,58349,58332],"product_approvals":[],"product_application":[],"class_list":{"0":"post-156791","1":"product","2":"type-product","3":"status-publish","4":"has-post-thumbnail","6":"product_cat-elevadores-de-columna-moviles-es","7":"product_tag-buses-es","8":"product_tag-trucks-es","9":"product_tag-motor-homes-es","10":"product_tag-light-commercial-es","12":"first","13":"instock","14":"shipping-taxable","15":"product-type-simple"},"approvals":[],"application":[],"brb_media_brochure":[{"id":147005,"url":"https:\/\/dev.codekraft.it\/ravaglioli.it\/wp-content\/uploads\/brb_media\/00511561_mobile-column-lifts-rav_305_307_308_hws-br-multi.pdf","title":"Mobile column lifts rav 305 307 308 hws br multi","mpn":"","thumbnail":"https:\/\/dev.codekraft.it\/ravaglioli.it\/wp-content\/uploads\/brb_media\/00511561_mobile-column-lifts-rav_305_307_308_hws-br-multi-pdf-106x150.png","description":""}],"brb_media_drawing":"","brb_media_manuals":[{"id":156768,"url":"https:\/\/dev.codekraft.it\/ravaglioli.it\/wp-content\/uploads\/brb_media\/00550009_mobile-column-lifts-rav307h_4_6_8ws_varsc-rav308h_4_6_8ws_varsc-rav307h_4_6_8ws_ls-rav308h_4_6_8ws_ls-rav307hl_4_6_8ws-rav308hl_4_6_8ws-im-0526-m002-4-rev3-multi-2024-06.pdf","title":"Mobile Column Lifts RAV307H 4 6 8WS VARSC RAV308H 4 6 8WS VARSC RAV307H 4 6 8WS LS RAV308H 4 6 8WS LS RAV307HL 4 6 8WS RAV308HL 4 6 8WS IM 0526 M002 4 REV3 multi 2024 06","mpn":"","thumbnail":"https:\/\/dev.codekraft.it\/ravaglioli.it\/wp-content\/uploads\/brb_media\/00550009_mobile-column-lifts-rav307h_4_6_8ws_varsc-rav308h_4_6_8ws_varsc-rav307h_4_6_8ws_ls-rav308h_4_6_8ws_ls-rav307hl_4_6_8ws-rav308hl_4_6_8ws-im-0526-m002-4-rev3-multi-2024-06-pdf-106x150.png","description":""}],"brb_media_safety_datasheets":"","brb_media_spare_parts":[],"_cdmm_p_id":"503204","_company":"Ravaglioli","_gtin":"4057612816136","accessories":[{"id":155434,"mpn":"S260A1","name":"Caballete de apoyo","description":"7500 kg, 1330 - 2030 mm, altura ajustable en pasos de 7 x 100 mm, 2 ruedas, soporte en U | Gris (RAL 7040)","thumbnail":"https:\/\/dev.codekraft.it\/ravaglioli.it\/wp-content\/uploads\/brb_media\/00535518_mobile-columns-s260a1-mi-150x150.png","url":"https:\/\/dev.codekraft.it\/ravaglioli.it\/es\/product\/caballete-de-apoyo-3\/"},{"id":152048,"mpn":"S270A1","name":"Caballete de apoyo","description":"10000 kg, 1235 - 2040 mm, altura regulable en 6 pasos de 100 mm, adicionalmente con parte superior ajustable sin escalonamiento (115 mm), 2 ruedas, soporte en U y soporte de prisma (intercambiables) | Gris (RAL 7040)","thumbnail":"https:\/\/dev.codekraft.it\/ravaglioli.it\/wp-content\/uploads\/brb_media\/00535519_mobile-columns-s270a1-mi-150x150.png","url":"https:\/\/dev.codekraft.it\/ravaglioli.it\/es\/product\/caballete-de-apoyo\/"},{"id":152278,"mpn":"S270A2","name":"Caballete de apoyo","description":"10000 kg, 1235 - 2040 mm, altura regulable en 6 pasos de 100 mm, adicionalmente con parte superior ajustable sin escalonamiento (115 mm), 3 ruedas el\u00e1sticas, soporte en U y soporte de prisma (intercambiables), premontado | Gris (RAL 7040)","thumbnail":"https:\/\/dev.codekraft.it\/ravaglioli.it\/wp-content\/uploads\/brb_media\/00535520_mobile-columns-s270a2-mi-150x150.png","url":"https:\/\/dev.codekraft.it\/ravaglioli.it\/es\/product\/caballete-de-apoyo-2\/"},{"id":153452,"mpn":"S270A9","name":"Extensi\u00f3n de la horquilla de la rueda 150 mm","description":"Extensiones para elevador de ruedas ajustable (1 por columna) | 1 juego","thumbnail":"","url":"https:\/\/dev.codekraft.it\/ravaglioli.it\/es\/product\/extension-de-la-horquilla-de-la-rueda-150-mm\/"}],"components":[],"delivery":[],"package":[],"related":[],"similar":[{"id":156785,"mpn":"RAV308H.4WS","name":"Elevador de columna m\u00f3vil RAV308H.4WS","description":"4 x 8,5 t, electrohidr\u00e1ulico, inal\u00e1mbrico, alimentado por bater\u00eda","thumbnail":"https:\/\/dev.codekraft.it\/ravaglioli.it\/wp-content\/uploads\/brb_media\/00522570_mobile-column-lift-rav308h-mi-150x150.png","url":"https:\/\/dev.codekraft.it\/ravaglioli.it\/es\/product\/elevador-de-columna-movil-rav308h-4ws\/"},{"id":156764,"mpn":"RAV305H.4WS","name":"Elevador de columna m\u00f3vil RAV305H.4WS","description":"4 x 5,5 t, electrohidr\u00e1ulico, inal\u00e1mbrico, alimentado por bater\u00eda","thumbnail":"https:\/\/dev.codekraft.it\/ravaglioli.it\/wp-content\/uploads\/brb_media\/00511564_mobile-column-lift-rav305-307-bus-mi-150x150.png","url":"https:\/\/dev.codekraft.it\/ravaglioli.it\/es\/product\/elevador-de-columna-movil-rav305h-4ws\/"},{"id":156772,"mpn":"RAV307H.4WS","name":"Elevador de columna m\u00f3vil RAV307H.4WS","description":"4 x 7,5 t, electrohidr\u00e1ulico, inal\u00e1mbrico, alimentado por bater\u00eda","thumbnail":"https:\/\/dev.codekraft.it\/ravaglioli.it\/wp-content\/uploads\/brb_media\/00526503_mobile-column-lift-rav307h-mi-150x150.png","url":"https:\/\/dev.codekraft.it\/ravaglioli.it\/es\/product\/elevador-de-columna-movil-rav307h-4ws\/"},{"id":156778,"mpn":"RAV307H.6WS","name":"Elevador de columna m\u00f3vil RAV307H.6WS","description":"6 x 7,5 t, electrohidr\u00e1ulico, inal\u00e1mbrico, alimentado por bater\u00eda","thumbnail":"https:\/\/dev.codekraft.it\/ravaglioli.it\/wp-content\/uploads\/brb_media\/00526503_mobile-column-lift-rav307h-mi-150x150.png","url":"https:\/\/dev.codekraft.it\/ravaglioli.it\/es\/product\/elevador-de-columna-movil-rav307h-6ws\/"}],"page_logo_src":"https:\/\/dev.codekraft.it\/ravaglioli.it\/wp-content\/uploads\/2026\/04\/rav-negative-logo-1.png","lang":"es","translations":{"es":156791,"en":156787,"de":156788,"fr":156789,"it":156790,"ru":156792},"pll_sync_post":[],"_links":{"self":[{"href":"https:\/\/dev.codekraft.it\/ravaglioli.it\/wp-json\/wp\/v2\/product\/156791","targetHints":{"allow":["GET"]}}],"collection":[{"href":"https:\/\/dev.codekraft.it\/ravaglioli.it\/wp-json\/wp\/v2\/product"}],"about":[{"href":"https:\/\/dev.codekraft.it\/ravaglioli.it\/wp-json\/wp\/v2\/types\/product"}],"wp:featuredmedia":[{"embeddable":true,"href":"https:\/\/dev.codekraft.it\/ravaglioli.it\/wp-json\/wp\/v2\/media\/156781"}],"wp:attachment":[{"href":"https:\/\/dev.codekraft.it\/ravaglioli.it\/wp-json\/wp\/v2\/media?parent=156791"}],"wp:term":[{"taxonomy":"product_brand","embeddable":true,"href":"https:\/\/dev.codekraft.it\/ravaglioli.it\/wp-json\/wp\/v2\/product_brand?post=156791"},{"taxonomy":"product_cat","embeddable":true,"href":"https:\/\/dev.codekraft.it\/ravaglioli.it\/wp-json\/wp\/v2\/product_cat?post=156791"},{"taxonomy":"product_tag","embeddable":true,"href":"https:\/\/dev.codekraft.it\/ravaglioli.it\/wp-json\/wp\/v2\/product_tag?post=156791"},{"taxonomy":"product_approvals","embeddable":true,"href":"https:\/\/dev.codekraft.it\/ravaglioli.it\/wp-json\/wp\/v2\/product_approvals?post=156791"},{"taxonomy":"product_application","embeddable":true,"href":"https:\/\/dev.codekraft.it\/ravaglioli.it\/wp-json\/wp\/v2\/product_application?post=156791"}],"curies":[{"name":"wp","href":"https:\/\/api.w.org\/{rel}","templated":true}]}}