{"id":156761,"date":"2025-10-30T14:31:24","date_gmt":"2025-10-30T14:31:24","guid":{"rendered":"https:\/\/dev.codekraft.it\/ravaglioli.it\/product\/radgreifanlage-rav305h-4ws\/"},"modified":"2026-01-14T23:08:48","modified_gmt":"2026-01-14T23:08:48","slug":"radgreifanlage-rav305h-4ws","status":"publish","type":"product","link":"https:\/\/dev.codekraft.it\/ravaglioli.it\/de\/product\/radgreifanlage-rav305h-4ws\/","title":{"rendered":"Radgreifanlage RAV305H.4WS"},"content":{"rendered":"<p>Hebeb\u00f6cke zum Anheben verschiedener Fahrzeuge &#8211;\u00a0Idealer Zugang am Fahrzeug. Perfekt geeignet f\u00fcr Wartungs- und Reparaturarbeiten an den R\u00e4dern.<\/p>\n<ul>\n<li>Doppelte Lastsicherung sorgt f\u00fcr Sicherheit<\/li>\n<li>Intuitive Bedienung<\/li>\n<li>Schneller Positionswechsel durch Gabelstapler m\u00f6glich<\/li>\n<\/ul>\n<ul>\n<li>Steuerbar von jeder S\u00e4ule aus<\/li>\n<li>Alle Hebeb\u00f6cke sind gleich<\/li>\n<li>Ausf\u00fchrung: zu 4-6-8 Hebeb\u00f6cken<\/li>\n<li>Mechanische Sicherheitsklinken bzw. Parkstellung<\/li>\n<li>Kabellose Verbindung 2,4 GHz<\/li>\n<li>Automatische Kopplung der Verbindung mit Displayanzeige<\/li>\n<\/ul>\n<ul>\n<li>Kabellose Verbindung<\/li>\n<li>3 Betriebsmodi:\n<ul>\n<li>All: Gleichzeitige Funktion aller Hebeb\u00f6cke<\/li>\n<li>Group: Erm\u00f6glicht die Hebeb\u00f6cke paarweise zu fahren<\/li>\n<li>Single: Erm\u00f6glicht\u00a0die Hebeb\u00f6cke einzeln zu fahren<\/li>\n<\/ul>\n<\/li>\n<li>M\u00f6glichkeit, vorbestimmte Differenzen zwischen 2 oder mehreren S\u00e4ulenpaaren zu selektieren unter Aufrechterhaltung der darauffolgenden Gleichlaufkontrolle<\/li>\n<li>Modularelektroanlangen\u00a0zur Gew\u00e4hrleistung darauffolgender Konfigurations\u00e4nderungen (\u00dcbergang von 4 auf 6 oder 8 S\u00e4ulen, Betrieb mit 2 S\u00e4tzen zu 4 S\u00e4ulen, erzielt durch Trennung 1 Satzes zu 8 S\u00e4ulen\u00a0&#8230;)<\/li>\n<li>2 wartungsfreie Gel-Batterien (2 x 12 V \/ 55,0 Ah) in jeder S\u00e4ule &#8211; 20 Zyklen mit voller Last<\/li>\n<li>LEDs f\u00fcr Batterieladung:\n<ul>\n<li>LED gelb: Batterieaufladung empfohlen, 5 Senkzyklen noch m\u00f6glich<\/li>\n<li>LED rot: Batterieaufladung\u00a0notwendig, 1 Senkzyklus noch m\u00f6glich<\/li>\n<\/ul>\n<\/li>\n<li>Batterieladeger\u00e4t mit 10 m Ladekabel in jeder S\u00e4ule\n<ul>\n<li>Batteriekabel nur mit Ladefunktion, keine Speisefunktion<\/li>\n<li>Batterien k\u00f6nnen auch w\u00e4hrend des Betriebs geladen werden<\/li>\n<li>Ladezeit ca. 10 Stunden<\/li>\n<\/ul>\n<\/li>\n<li>Gleichlaufregelung bei max. 30 mm Unterschied &#8211; Steuerplatine gem\u00e4\u00df ISO &#8211; Standard 13849<\/li>\n<\/ul>\n","protected":false},"excerpt":{"rendered":"<p>4 x 5,5 t, elektrohydraulisch, kabellos, akkubetrieben<\/p>\n","protected":false},"featured_media":147004,"template":"","meta":[],"product_brand":[],"product_cat":[58234],"product_tag":[58374,58357,58323,58340],"product_approvals":[],"product_application":[],"class_list":{"0":"post-156761","1":"product","2":"type-product","3":"status-publish","4":"has-post-thumbnail","6":"product_cat-radgreifanlagen-de","7":"product_tag-buses-de","8":"product_tag-trucks-de","9":"product_tag-light-commercial-de","10":"product_tag-motor-homes-de","12":"first","13":"instock","14":"shipping-taxable","15":"product-type-simple"},"approvals":[],"application":[],"brb_media_brochure":[{"id":147005,"url":"https:\/\/dev.codekraft.it\/ravaglioli.it\/wp-content\/uploads\/brb_media\/00511561_mobile-column-lifts-rav_305_307_308_hws-br-multi.pdf","title":"Mobile column lifts rav 305 307 308 hws br multi","mpn":"","thumbnail":"https:\/\/dev.codekraft.it\/ravaglioli.it\/wp-content\/uploads\/brb_media\/00511561_mobile-column-lifts-rav_305_307_308_hws-br-multi-pdf-106x150.png","description":""}],"brb_media_drawing":"","brb_media_manuals":"","brb_media_safety_datasheets":"","brb_media_spare_parts":[],"_cdmm_p_id":"503199","_company":"Ravaglioli","_gtin":"4057612815979","accessories":[{"id":155431,"mpn":"S260A1","name":"Abst\u00fctzbock","description":"7500 kg, 1330 - 2030 mm, in 7 x 100-mm-Schritten h\u00f6henverstellbar, 2 Rollen, U-Aufnahme | Grau (RAL 7040)","thumbnail":"https:\/\/dev.codekraft.it\/ravaglioli.it\/wp-content\/uploads\/brb_media\/00535518_mobile-columns-s260a1-mi-150x150.png","url":"https:\/\/dev.codekraft.it\/ravaglioli.it\/de\/product\/abstutzbock-3\/"},{"id":152045,"mpn":"S270A1","name":"Abst\u00fctzbock","description":"10000 kg, 1235 - 2040 mm, in 6 x 100-mm-Schritten h\u00f6henverstellbar, stufenlos verstellbares Oberteil (115 mm), 2 Rollen, U-Aufnahme und Prisma-Aufnahme (wechselbar) | Grau (RAL 7040)","thumbnail":"https:\/\/dev.codekraft.it\/ravaglioli.it\/wp-content\/uploads\/brb_media\/00535519_mobile-columns-s270a1-mi-150x150.png","url":"https:\/\/dev.codekraft.it\/ravaglioli.it\/de\/product\/abstutzbock\/"},{"id":152275,"mpn":"S270A2","name":"Abst\u00fctzbock","description":"10000 kg, 1235 - 2040 mm, in 6 x 100-mm-Schritten h\u00f6henverstellbar, stufenlos verstellbares Oberteil (115 mm), 3 federnde Rollen, U-Aufnahme und Prisma-Aufnahme (wechselbar), fertig montiert | Grau (RAL 7040)","thumbnail":"https:\/\/dev.codekraft.it\/ravaglioli.it\/wp-content\/uploads\/brb_media\/00535520_mobile-columns-s270a2-mi-150x150.png","url":"https:\/\/dev.codekraft.it\/ravaglioli.it\/de\/product\/abstutzbock-2\/"},{"id":153449,"mpn":"S270A9","name":"Radgabelverl\u00e4ngerungen 150 mm","description":"Verl\u00e4ngerungen f\u00fcr verstellbare Radgreifer (1 pro S\u00e4ule) | 1 Satz","thumbnail":"","url":"https:\/\/dev.codekraft.it\/ravaglioli.it\/de\/product\/radgabelverlangerungen-150-mm\/"}],"components":[],"delivery":[],"package":[],"related":[],"similar":[],"page_logo_src":"https:\/\/dev.codekraft.it\/ravaglioli.it\/wp-content\/uploads\/2026\/04\/rav-negative-logo-1.png","lang":"de","translations":{"de":156761,"en":156760,"fr":156762,"it":156763,"es":156764,"ru":156765},"pll_sync_post":[],"_links":{"self":[{"href":"https:\/\/dev.codekraft.it\/ravaglioli.it\/wp-json\/wp\/v2\/product\/156761","targetHints":{"allow":["GET"]}}],"collection":[{"href":"https:\/\/dev.codekraft.it\/ravaglioli.it\/wp-json\/wp\/v2\/product"}],"about":[{"href":"https:\/\/dev.codekraft.it\/ravaglioli.it\/wp-json\/wp\/v2\/types\/product"}],"wp:featuredmedia":[{"embeddable":true,"href":"https:\/\/dev.codekraft.it\/ravaglioli.it\/wp-json\/wp\/v2\/media\/147004"}],"wp:attachment":[{"href":"https:\/\/dev.codekraft.it\/ravaglioli.it\/wp-json\/wp\/v2\/media?parent=156761"}],"wp:term":[{"taxonomy":"product_brand","embeddable":true,"href":"https:\/\/dev.codekraft.it\/ravaglioli.it\/wp-json\/wp\/v2\/product_brand?post=156761"},{"taxonomy":"product_cat","embeddable":true,"href":"https:\/\/dev.codekraft.it\/ravaglioli.it\/wp-json\/wp\/v2\/product_cat?post=156761"},{"taxonomy":"product_tag","embeddable":true,"href":"https:\/\/dev.codekraft.it\/ravaglioli.it\/wp-json\/wp\/v2\/product_tag?post=156761"},{"taxonomy":"product_approvals","embeddable":true,"href":"https:\/\/dev.codekraft.it\/ravaglioli.it\/wp-json\/wp\/v2\/product_approvals?post=156761"},{"taxonomy":"product_application","embeddable":true,"href":"https:\/\/dev.codekraft.it\/ravaglioli.it\/wp-json\/wp\/v2\/product_application?post=156761"}],"curies":[{"name":"wp","href":"https:\/\/api.w.org\/{rel}","templated":true}]}}