{"id":156748,"date":"2025-08-05T09:52:25","date_gmt":"2025-08-05T08:52:25","guid":{"rendered":"https:\/\/dev.codekraft.it\/ravaglioli.it\/product\/pont-elevateur-a-2-verins-rav1125\/"},"modified":"2026-01-14T23:06:17","modified_gmt":"2026-01-14T23:06:17","slug":"pont-elevateur-a-2-verins-rav1125","status":"publish","type":"product","link":"https:\/\/dev.codekraft.it\/ravaglioli.it\/fr\/product\/pont-elevateur-a-2-verins-rav1125\/","title":{"rendered":"Pont \u00e9l\u00e9vateur \u00e0 2 v\u00e9rins RAV1125"},"content":{"rendered":"<ul>\n<li>Synchronisation parfaite des\u00a0pistons, m\u00eame en presence de\u00a0differences dans la r\u00e9partition\u00a0de la charge.<\/li>\n<li>Equip\u00e9 avec vannes de s\u00e9curit\u00e9\u00a0contre les surcharges et les\u00a0ruptures de tuyaux.<\/li>\n<li>Contr\u00f4le constant de la vitesse\u00a0de descente.<\/li>\n<li>Dispositifs de s\u00e9curit\u00e9\u00a0m\u00e9caniques, hydrauliques et\u00a0\u00e9lectriques conformes aux\u00a0R\u00e9glementations Europ\u00e9ennes.<\/li>\n<\/ul>\n<ul>\n<li>Maintenance free cylinders :\u00a0Chaque colonne est \u00e9quipp\u00e9e d\u2019un v\u00e9rin concu\u00a0pour un fonctionnement sans entretien<\/li>\n<li>Double joint :\u00a0Traverse avec jonction double\u00a0pour \u00e9liminer toute vibration<\/li>\n<li>Safe &#8211; Mechanical lock :\u00a0Dispositif de soutien m\u00e9canique avec\u00a0enclenchement automatique pour\u00a0garantir la s\u00e9curit\u00e9 totale pendant le\u00a0stationnement.<\/li>\n<li>Hard chrome columns :\u00a0Colonne en acier chrom\u00e9 \u00e0 garantie\u00a0d\u2019une longue dur\u00e9e de vie<\/li>\n<li>Maintenance free guides :\u00a0Guidage des colonnes en bain d\u2019huile,\u00a0ne necessitant d\u2019aucun entretien<\/li>\n<\/ul>\n<ul>\n<li>Chassis d\u2019encastrement en acier avec\u00a0enveloppe etanche en plastique<\/li>\n<li>El\u00e9vateur avec plateaux de levage au profil extra bas avec une hauteur de seulement 60 mm<\/li>\n<li>Plateaux r\u00e9glables en longueur<\/li>\n<\/ul>\n","protected":false},"excerpt":{"rendered":"<p>3,5 t, avec support de poutre plate, extensible dans le sens de la marche<\/p>\n","protected":false},"featured_media":156739,"template":"","meta":[],"product_brand":[],"product_cat":[58206],"product_tag":[58290],"product_approvals":[],"product_application":[],"class_list":{"0":"post-156748","1":"product","2":"type-product","3":"status-publish","4":"has-post-thumbnail","6":"product_cat-ponts-elevateurs-a-pistons-encastres-fr","7":"product_tag-passenger-cars-fr","9":"first","10":"instock","11":"shipping-taxable","12":"product-type-simple"},"approvals":[],"application":[],"brb_media_brochure":[{"id":146957,"url":"https:\/\/dev.codekraft.it\/ravaglioli.it\/wp-content\/uploads\/brb_media\/00511154_in-ground-lifts-rav_1110_1125_1155-br.pdf","title":"In Ground Lifts RAV 1110 1125 1155 BR","mpn":"","thumbnail":"https:\/\/dev.codekraft.it\/ravaglioli.it\/wp-content\/uploads\/brb_media\/00511154_in-ground-lifts-rav_1110_1125_1155-br-pdf-106x150.png","description":""}],"brb_media_drawing":"","brb_media_manuals":"","brb_media_safety_datasheets":"","brb_media_spare_parts":[],"_cdmm_p_id":"503115","_company":"Ravaglioli","_gtin":"4057612815436","accessories":[],"components":[],"delivery":[],"package":[],"related":[],"similar":[{"id":156716,"mpn":"RAV1110NK","name":"Pont \u00e9l\u00e9vateur \u00e0 2 v\u00e9rins RAV1110NK","description":"3,5 t, avec bras pivotants et syst\u00e8me de plateaux tournants embo\u00eetables r\u00e9glables en hauteur, hauteur de pivotement inf\u00e9rieure 95 mm","thumbnail":"https:\/\/dev.codekraft.it\/ravaglioli.it\/wp-content\/uploads\/brb_media\/00522237_inground-lift-rav1110nk-mi-01-150x150.png","url":"https:\/\/dev.codekraft.it\/ravaglioli.it\/fr\/product\/pont-elevateur-a-2-verins-rav1110nk\/"},{"id":156725,"mpn":"RAV1110LR","name":"Pont \u00e9l\u00e9vateur \u00e0 2 v\u00e9rins RAV1110LR","description":"3,5 t, avec bras pivotants tr\u00e8s plats et syst\u00e8me de plateaux tournants enfichables r\u00e9glables en hauteur, hauteur de pivotement inf\u00e9rieure 80 mm","thumbnail":"https:\/\/dev.codekraft.it\/ravaglioli.it\/wp-content\/uploads\/brb_media\/00522235_inground-lift-rav1110lk_lr-mi-01-150x150.png","url":"https:\/\/dev.codekraft.it\/ravaglioli.it\/fr\/product\/pont-elevateur-a-2-verins-rav1110lr\/"},{"id":156734,"mpn":"RAV1155LIKTA","name":"Pont \u00e9l\u00e9vateur \u00e0 2 v\u00e9rins RAV1155LIKTA","description":"5,5 t, pour voitures et camionnettes - \u00e9galement avec empattement long, avec deux bras longs extensibles 2 fois et deux bras longs extensibles 3 fois","thumbnail":"https:\/\/dev.codekraft.it\/ravaglioli.it\/wp-content\/uploads\/brb_media\/00522254_inground-lift-rav1155likta-pi-01-150x150.png","url":"https:\/\/dev.codekraft.it\/ravaglioli.it\/fr\/product\/pont-elevateur-a-2-verins-rav1155likta\/"},{"id":156756,"mpn":"RAV1125M","name":"Pont \u00e9l\u00e9vateur \u00e0 2 v\u00e9rins RAV1125M","description":"3,5 t, avec support de poutre plate, extensible dans le sens de la marche et d\u00e9pla\u00e7able transversalement","thumbnail":"https:\/\/dev.codekraft.it\/ravaglioli.it\/wp-content\/uploads\/brb_media\/00522242_inground-lift-rav1125m-mi-01-150x150.png","url":"https:\/\/dev.codekraft.it\/ravaglioli.it\/fr\/product\/pont-elevateur-a-2-verins-rav1125m\/"}],"page_logo_src":"https:\/\/dev.codekraft.it\/ravaglioli.it\/wp-content\/uploads\/2026\/04\/rav-negative-logo-1.png","lang":"fr","translations":{"fr":156748,"en":156738,"de":156747,"it":156749,"es":156750,"ru":156751},"pll_sync_post":[],"_links":{"self":[{"href":"https:\/\/dev.codekraft.it\/ravaglioli.it\/wp-json\/wp\/v2\/product\/156748","targetHints":{"allow":["GET"]}}],"collection":[{"href":"https:\/\/dev.codekraft.it\/ravaglioli.it\/wp-json\/wp\/v2\/product"}],"about":[{"href":"https:\/\/dev.codekraft.it\/ravaglioli.it\/wp-json\/wp\/v2\/types\/product"}],"wp:featuredmedia":[{"embeddable":true,"href":"https:\/\/dev.codekraft.it\/ravaglioli.it\/wp-json\/wp\/v2\/media\/156739"}],"wp:attachment":[{"href":"https:\/\/dev.codekraft.it\/ravaglioli.it\/wp-json\/wp\/v2\/media?parent=156748"}],"wp:term":[{"taxonomy":"product_brand","embeddable":true,"href":"https:\/\/dev.codekraft.it\/ravaglioli.it\/wp-json\/wp\/v2\/product_brand?post=156748"},{"taxonomy":"product_cat","embeddable":true,"href":"https:\/\/dev.codekraft.it\/ravaglioli.it\/wp-json\/wp\/v2\/product_cat?post=156748"},{"taxonomy":"product_tag","embeddable":true,"href":"https:\/\/dev.codekraft.it\/ravaglioli.it\/wp-json\/wp\/v2\/product_tag?post=156748"},{"taxonomy":"product_approvals","embeddable":true,"href":"https:\/\/dev.codekraft.it\/ravaglioli.it\/wp-json\/wp\/v2\/product_approvals?post=156748"},{"taxonomy":"product_application","embeddable":true,"href":"https:\/\/dev.codekraft.it\/ravaglioli.it\/wp-json\/wp\/v2\/product_application?post=156748"}],"curies":[{"name":"wp","href":"https:\/\/api.w.org\/{rel}","templated":true}]}}